{"id":247441,"date":"2021-07-23T16:10:53","date_gmt":"2021-09-07T14:00:12","guid":{"rendered":"https:\/\/fumaiolo.com\/product\/gnocchi-tricolore\/"},"modified":"2021-10-27T15:31:10","modified_gmt":"2021-10-27T13:31:10","slug":"gnocchi-tricolore","status":"publish","type":"product","link":"https:\/\/fumaiolo.com\/es\/prodotto\/gnocchi-tricolore\/","title":{"rendered":"Gnocchi tricolore"},"content":{"rendered":"<p>El formato tradicional de los gnocchi pero con un toque de fantas\u00eda. Si desea dar un toque de alegr\u00eda a sus platos y, tal vez, hacer felices a sus peque\u00f1os invitados, los Gnocchi tricolor de Fumaiolo son la opci\u00f3n perfecta. Masa obtenida de las fragantes patatas de los Apeninos y con un toque de color gracias al nabo rojo y a las espinacas; suaves y delicados, perfectos tanto para las salsas m\u00e1s sencillas como para las m\u00e1s elaboradas.<\/p>\n<h2 class=\"olivier\" style=\"color: #f9bb2d\"><strong>Preparaci\u00f3n<\/strong><\/h2>\n<div class=\"text\">\n<p class=\"p1\">Vierta el producto, todav\u00eda congelado, en abundante agua hirviendo con sal. Vierta el producto, todav\u00eda congelado, en abundante agua hirviendo con sal.<\/p>\n<\/div>\n<p>&nbsp;<\/p>\n","protected":false},"excerpt":{"rendered":"<p>El formato tradicional de los gnocchi pero con un toque de fantas\u00eda. Si desea dar un toque de alegr\u00eda a sus platos y, tal vez, hacer felices a sus peque\u00f1os invitados, los Gnocchi tricolor de Fumaiolo son la opci\u00f3n perfecta. Masa obtenida de las fragantes patatas de los Apeninos y con un toque de color [&hellip;]<\/p>\n","protected":false},"featured_media":247442,"comment_status":"closed","ping_status":"closed","template":"","meta":{"_et_pb_use_builder":"","_et_pb_old_content":"","_et_gb_content_width":"","wp_mapbox_gl_js_media":[]},"product_cat":[264,265],"product_tag":[],"class_list":["post-247441","product","type-product","status-publish","has-post-thumbnail","hentry","product_cat-gnocchi-es","product_cat-la-pasta-es"],"acf":[],"_links":{"self":[{"href":"https:\/\/fumaiolo.com\/es\/wp-json\/wp\/v2\/product\/247441","targetHints":{"allow":["GET"]}}],"collection":[{"href":"https:\/\/fumaiolo.com\/es\/wp-json\/wp\/v2\/product"}],"about":[{"href":"https:\/\/fumaiolo.com\/es\/wp-json\/wp\/v2\/types\/product"}],"replies":[{"embeddable":true,"href":"https:\/\/fumaiolo.com\/es\/wp-json\/wp\/v2\/comments?post=247441"}],"wp:featuredmedia":[{"embeddable":true,"href":"https:\/\/fumaiolo.com\/es\/wp-json\/wp\/v2\/media\/247442"}],"wp:attachment":[{"href":"https:\/\/fumaiolo.com\/es\/wp-json\/wp\/v2\/media?parent=247441"}],"wp:term":[{"taxonomy":"product_cat","embeddable":true,"href":"https:\/\/fumaiolo.com\/es\/wp-json\/wp\/v2\/product_cat?post=247441"},{"taxonomy":"product_tag","embeddable":true,"href":"https:\/\/fumaiolo.com\/es\/wp-json\/wp\/v2\/product_tag?post=247441"}],"curies":[{"name":"wp","href":"https:\/\/api.w.org\/{rel}","templated":true}]}}