{"id":247420,"date":"2021-07-23T16:45:22","date_gmt":"2021-09-07T13:18:37","guid":{"rendered":"https:\/\/fumaiolo.com\/product\/tagliatelle\/"},"modified":"2021-09-15T16:39:54","modified_gmt":"2021-09-15T14:39:54","slug":"tagliatelle-2","status":"publish","type":"product","link":"https:\/\/fumaiolo.com\/es\/prodotto\/tagliatelle-2\/","title":{"rendered":"Tagliatelle ES"},"content":{"rendered":"<p>Protagonistas indiscutibles de la mesa en la regi\u00f3n de Roma\u00f1a, los Tagliatelle son la combinaci\u00f3n ideal para realizar el rago\u00fbt de carne: la absorben y mantienen firmemente anclada gracias a su porosidad. Se prestan a muchas combinaciones exquisitas.<\/p>\n<h2 class=\"olivier\" style=\"color: #373737\"><strong>Preparaci\u00f3n<\/strong><\/h2>\n<div class=\"text\">\n<p class=\"p1\">Vierta el producto, todav\u00eda congelado, en abundante agua hirviendo con sal. <span class=\"s1\">La pasta<\/span>se cocina cuando llega a la superficie y la ebullici\u00f3n comienza de nuevo.<\/p>\n<\/div>\n<p>&nbsp;<\/p>\n","protected":false},"excerpt":{"rendered":"<p>Protagonistas indiscutibles de la mesa en la regi\u00f3n de Roma\u00f1a, los Tagliatelle son la combinaci\u00f3n ideal para realizar el rago\u00fbt de carne: la absorben y mantienen firmemente anclada gracias a su porosidad. Se prestan a muchas combinaciones exquisitas. Preparaci\u00f3n Vierta el producto, todav\u00eda congelado, en abundante agua hirviendo con sal. La pastase cocina cuando llega [&hellip;]<\/p>\n","protected":false},"featured_media":254844,"comment_status":"closed","ping_status":"closed","template":"","meta":{"_et_pb_use_builder":"","_et_pb_old_content":"","_et_gb_content_width":"","wp_mapbox_gl_js_media":[]},"product_cat":[265,296,301],"product_tag":[],"class_list":["post-247420","product","type-product","status-publish","has-post-thumbnail","hentry","product_cat-la-pasta-es","product_cat-pasta-lunga-es","product_cat-tagliatelle-es"],"acf":[],"_links":{"self":[{"href":"https:\/\/fumaiolo.com\/es\/wp-json\/wp\/v2\/product\/247420","targetHints":{"allow":["GET"]}}],"collection":[{"href":"https:\/\/fumaiolo.com\/es\/wp-json\/wp\/v2\/product"}],"about":[{"href":"https:\/\/fumaiolo.com\/es\/wp-json\/wp\/v2\/types\/product"}],"replies":[{"embeddable":true,"href":"https:\/\/fumaiolo.com\/es\/wp-json\/wp\/v2\/comments?post=247420"}],"wp:featuredmedia":[{"embeddable":true,"href":"https:\/\/fumaiolo.com\/es\/wp-json\/wp\/v2\/media\/254844"}],"wp:attachment":[{"href":"https:\/\/fumaiolo.com\/es\/wp-json\/wp\/v2\/media?parent=247420"}],"wp:term":[{"taxonomy":"product_cat","embeddable":true,"href":"https:\/\/fumaiolo.com\/es\/wp-json\/wp\/v2\/product_cat?post=247420"},{"taxonomy":"product_tag","embeddable":true,"href":"https:\/\/fumaiolo.com\/es\/wp-json\/wp\/v2\/product_tag?post=247420"}],"curies":[{"name":"wp","href":"https:\/\/api.w.org\/{rel}","templated":true}]}}