{"id":247375,"date":"2021-07-23T17:15:29","date_gmt":"2021-09-07T12:13:41","guid":{"rendered":"https:\/\/fumaiolo.com\/product\/piadina-light-intera\/"},"modified":"2021-09-15T16:38:35","modified_gmt":"2021-09-15T14:38:35","slug":"piadina-light-intera-2","status":"publish","type":"product","link":"https:\/\/fumaiolo.com\/es\/prodotto\/piadina-light-intera-2\/","title":{"rendered":"Piadina light Intera ES"},"content":{"rendered":"<p>La circunferencia m\u00e1s famosa del mundo, crujiente por fuera y suave por dentro, es la reina de la mesa en Roma\u00f1a. La compa\u00f1era por excelencia de las carnes y los quesos curados, tambi\u00e9n se presta perfectamente a los maridajes \u201cgourmet\u201d.<\/p>\n<h2 class=\"olivier\" style=\"color: #373737\"><strong>Preparaci\u00f3n<\/strong><\/h2>\n<div class=\"text\">\n<div class=\"offset-1 col-11 col-md-8\">\n<div class=\"text\">\n<div class=\"offset-1 col-11 col-md-8\">\n<div class=\"text\">\n<p class=\"p1\">Calentar en una fuente o en una sart\u00e9n sin engrasar. Ideal para embutidos y como sustituto del pan.<\/p>\n<\/div>\n<\/div>\n<\/div>\n<\/div>\n<\/div>\n<p>&nbsp;<\/p>\n","protected":false},"excerpt":{"rendered":"<p>La circunferencia m\u00e1s famosa del mundo, crujiente por fuera y suave por dentro, es la reina de la mesa en Roma\u00f1a. La compa\u00f1era por excelencia de las carnes y los quesos curados, tambi\u00e9n se presta perfectamente a los maridajes \u201cgourmet\u201d. Preparaci\u00f3n Calentar en una fuente o en una sart\u00e9n sin engrasar. Ideal para embutidos y [&hellip;]<\/p>\n","protected":false},"featured_media":254570,"comment_status":"closed","ping_status":"closed","template":"","meta":{"_et_pb_use_builder":"","_et_pb_old_content":"","_et_gb_content_width":"","wp_mapbox_gl_js_media":[]},"product_cat":[280],"product_tag":[],"class_list":["post-247375","product","type-product","status-publish","has-post-thumbnail","hentry","product_cat-piadina-es"],"acf":[],"_links":{"self":[{"href":"https:\/\/fumaiolo.com\/es\/wp-json\/wp\/v2\/product\/247375","targetHints":{"allow":["GET"]}}],"collection":[{"href":"https:\/\/fumaiolo.com\/es\/wp-json\/wp\/v2\/product"}],"about":[{"href":"https:\/\/fumaiolo.com\/es\/wp-json\/wp\/v2\/types\/product"}],"replies":[{"embeddable":true,"href":"https:\/\/fumaiolo.com\/es\/wp-json\/wp\/v2\/comments?post=247375"}],"wp:featuredmedia":[{"embeddable":true,"href":"https:\/\/fumaiolo.com\/es\/wp-json\/wp\/v2\/media\/254570"}],"wp:attachment":[{"href":"https:\/\/fumaiolo.com\/es\/wp-json\/wp\/v2\/media?parent=247375"}],"wp:term":[{"taxonomy":"product_cat","embeddable":true,"href":"https:\/\/fumaiolo.com\/es\/wp-json\/wp\/v2\/product_cat?post=247375"},{"taxonomy":"product_tag","embeddable":true,"href":"https:\/\/fumaiolo.com\/es\/wp-json\/wp\/v2\/product_tag?post=247375"}],"curies":[{"name":"wp","href":"https:\/\/api.w.org\/{rel}","templated":true}]}}