{"id":247351,"date":"2021-07-23T17:24:26","date_gmt":"2021-09-07T10:28:52","guid":{"rendered":"https:\/\/fumaiolo.com\/product\/piadina-integrale\/"},"modified":"2021-10-27T15:46:17","modified_gmt":"2021-10-27T13:46:17","slug":"piadina-integrale","status":"publish","type":"product","link":"https:\/\/fumaiolo.com\/es\/prodotto\/piadina-integrale\/","title":{"rendered":"Piadina integrale"},"content":{"rendered":"<p>Los amantes de los sabores aut\u00e9nticos, limpios y \u00e1speros, deben probar la <span class=\"s1\">Piadina Integrale Fumaiolo<\/span>, una versi\u00f3n r\u00fastica e incluso m\u00e1s ligera de la piadina. Sabrosa y adecuada para una dieta centrada en el bienestar.<\/p>\n<h2 class=\"olivier\" style=\"color: #373737\"><strong>Preparaci\u00f3n<\/strong><\/h2>\n<div class=\"text\">\n<div class=\"offset-1 col-11 col-md-8\">\n<div class=\"text\">\n<div class=\"offset-1 col-11 col-md-8\">\n<div class=\"text\">\n<p class=\"p1\">Calentar en una fuente o en una sart\u00e9n sin engrasar. Ideal para embutidos y como sustituto del pan.<\/p>\n<\/div>\n<\/div>\n<\/div>\n<\/div>\n<\/div>\n<p>&nbsp;<\/p>\n","protected":false},"excerpt":{"rendered":"<p>Los amantes de los sabores aut\u00e9nticos, limpios y \u00e1speros, deben probar la Piadina Integrale Fumaiolo, una versi\u00f3n r\u00fastica e incluso m\u00e1s ligera de la piadina. Sabrosa y adecuada para una dieta centrada en el bienestar. Preparaci\u00f3n Calentar en una fuente o en una sart\u00e9n sin engrasar. Ideal para embutidos y como sustituto del pan. &nbsp;<\/p>\n","protected":false},"featured_media":254114,"comment_status":"closed","ping_status":"closed","template":"","meta":{"_et_pb_use_builder":"","_et_pb_old_content":"","_et_gb_content_width":"","wp_mapbox_gl_js_media":[]},"product_cat":[280,281],"product_tag":[],"class_list":["post-247351","product","type-product","status-publish","has-post-thumbnail","hentry","product_cat-piadina-es","product_cat-piadina-trancio-es"],"acf":[],"_links":{"self":[{"href":"https:\/\/fumaiolo.com\/es\/wp-json\/wp\/v2\/product\/247351","targetHints":{"allow":["GET"]}}],"collection":[{"href":"https:\/\/fumaiolo.com\/es\/wp-json\/wp\/v2\/product"}],"about":[{"href":"https:\/\/fumaiolo.com\/es\/wp-json\/wp\/v2\/types\/product"}],"replies":[{"embeddable":true,"href":"https:\/\/fumaiolo.com\/es\/wp-json\/wp\/v2\/comments?post=247351"}],"wp:featuredmedia":[{"embeddable":true,"href":"https:\/\/fumaiolo.com\/es\/wp-json\/wp\/v2\/media\/254114"}],"wp:attachment":[{"href":"https:\/\/fumaiolo.com\/es\/wp-json\/wp\/v2\/media?parent=247351"}],"wp:term":[{"taxonomy":"product_cat","embeddable":true,"href":"https:\/\/fumaiolo.com\/es\/wp-json\/wp\/v2\/product_cat?post=247351"},{"taxonomy":"product_tag","embeddable":true,"href":"https:\/\/fumaiolo.com\/es\/wp-json\/wp\/v2\/product_tag?post=247351"}],"curies":[{"name":"wp","href":"https:\/\/api.w.org\/{rel}","templated":true}]}}