{"id":247342,"date":"2021-07-23T17:43:40","date_gmt":"2021-09-07T10:22:54","guid":{"rendered":"https:\/\/fumaiolo.com\/product\/piadina-10-cereali\/"},"modified":"2021-10-27T15:50:12","modified_gmt":"2021-10-27T13:50:12","slug":"piadina-10-cereali","status":"publish","type":"product","link":"https:\/\/fumaiolo.com\/es\/prodotto\/piadina-10-cereali\/","title":{"rendered":"Piadina 10 cereali"},"content":{"rendered":"<p>La harina de diez cereales, preparada por un molino artesanal espec\u00edficamente para Fumaiolo, confiere a la piadina un sabor \u00fanico, una fragancia especial y un aroma particular. Para bienestar y sabor concentrados.<\/p>\n<h2 class=\"olivier\" style=\"color: #373737\"><strong>Preparaci\u00f3n<\/strong><\/h2>\n<div class=\"text\">\n<div class=\"offset-1 col-11 col-md-8\">\n<div class=\"text\">\n<div class=\"offset-1 col-11 col-md-8\">\n<div class=\"text\">\n<p class=\"p1\">Calentar en una fuente o en una sart\u00e9n sin engrasar. Ideal para embutidos y como sustituto del pan.<\/p>\n<\/div>\n<\/div>\n<\/div>\n<\/div>\n<\/div>\n<p>&nbsp;<\/p>\n","protected":false},"excerpt":{"rendered":"<p>La harina de diez cereales, preparada por un molino artesanal espec\u00edficamente para Fumaiolo, confiere a la piadina un sabor \u00fanico, una fragancia especial y un aroma particular. Para bienestar y sabor concentrados. Preparaci\u00f3n Calentar en una fuente o en una sart\u00e9n sin engrasar. Ideal para embutidos y como sustituto del pan. &nbsp;<\/p>\n","protected":false},"featured_media":254119,"comment_status":"closed","ping_status":"closed","template":"","meta":{"_et_pb_use_builder":"","_et_pb_old_content":"","_et_gb_content_width":"","wp_mapbox_gl_js_media":[]},"product_cat":[280,281],"product_tag":[],"class_list":["post-247342","product","type-product","status-publish","has-post-thumbnail","hentry","product_cat-piadina-es","product_cat-piadina-trancio-es"],"acf":[],"_links":{"self":[{"href":"https:\/\/fumaiolo.com\/es\/wp-json\/wp\/v2\/product\/247342","targetHints":{"allow":["GET"]}}],"collection":[{"href":"https:\/\/fumaiolo.com\/es\/wp-json\/wp\/v2\/product"}],"about":[{"href":"https:\/\/fumaiolo.com\/es\/wp-json\/wp\/v2\/types\/product"}],"replies":[{"embeddable":true,"href":"https:\/\/fumaiolo.com\/es\/wp-json\/wp\/v2\/comments?post=247342"}],"wp:featuredmedia":[{"embeddable":true,"href":"https:\/\/fumaiolo.com\/es\/wp-json\/wp\/v2\/media\/254119"}],"wp:attachment":[{"href":"https:\/\/fumaiolo.com\/es\/wp-json\/wp\/v2\/media?parent=247342"}],"wp:term":[{"taxonomy":"product_cat","embeddable":true,"href":"https:\/\/fumaiolo.com\/es\/wp-json\/wp\/v2\/product_cat?post=247342"},{"taxonomy":"product_tag","embeddable":true,"href":"https:\/\/fumaiolo.com\/es\/wp-json\/wp\/v2\/product_tag?post=247342"}],"curies":[{"name":"wp","href":"https:\/\/api.w.org\/{rel}","templated":true}]}}