{"id":247335,"date":"2021-07-23T17:45:58","date_gmt":"2021-09-07T10:17:02","guid":{"rendered":"https:\/\/fumaiolo.com\/product\/piadina-al-farro\/"},"modified":"2021-10-27T15:53:25","modified_gmt":"2021-10-27T13:53:25","slug":"piadina-al-farro","status":"publish","type":"product","link":"https:\/\/fumaiolo.com\/es\/prodotto\/piadina-al-farro\/","title":{"rendered":"Piadina al farro"},"content":{"rendered":"<p>Un producto ligero, rico en amino\u00e1cidos y prote\u00ednas esenciales, con un sabor arom\u00e1tico. La Piadina al Farro Fumaiolo es una sabrosa alternativa a la masa tradicional.<\/p>\n<h2 class=\"olivier\" style=\"color: #373737\"><strong>Preparaci\u00f3n<\/strong><\/h2>\n<div class=\"text\">\n<div class=\"offset-1 col-11 col-md-8\">\n<div class=\"text\">\n<div class=\"offset-1 col-11 col-md-8\">\n<div class=\"text\">\n<p class=\"p1\">Calentar en una fuente o en una sart\u00e9n sin engrasar. Ideal para embutidos y como sustituto del pan.<\/p>\n<\/div>\n<\/div>\n<\/div>\n<\/div>\n<\/div>\n<p>&nbsp;<\/p>\n","protected":false},"excerpt":{"rendered":"<p>Un producto ligero, rico en amino\u00e1cidos y prote\u00ednas esenciales, con un sabor arom\u00e1tico. La Piadina al Farro Fumaiolo es una sabrosa alternativa a la masa tradicional. Preparaci\u00f3n Calentar en una fuente o en una sart\u00e9n sin engrasar. Ideal para embutidos y como sustituto del pan. &nbsp;<\/p>\n","protected":false},"featured_media":254094,"comment_status":"closed","ping_status":"closed","template":"","meta":{"_et_pb_use_builder":"","_et_pb_old_content":"","_et_gb_content_width":"","wp_mapbox_gl_js_media":[]},"product_cat":[280,281],"product_tag":[],"class_list":["post-247335","product","type-product","status-publish","has-post-thumbnail","hentry","product_cat-piadina-es","product_cat-piadina-trancio-es"],"acf":[],"_links":{"self":[{"href":"https:\/\/fumaiolo.com\/es\/wp-json\/wp\/v2\/product\/247335","targetHints":{"allow":["GET"]}}],"collection":[{"href":"https:\/\/fumaiolo.com\/es\/wp-json\/wp\/v2\/product"}],"about":[{"href":"https:\/\/fumaiolo.com\/es\/wp-json\/wp\/v2\/types\/product"}],"replies":[{"embeddable":true,"href":"https:\/\/fumaiolo.com\/es\/wp-json\/wp\/v2\/comments?post=247335"}],"wp:featuredmedia":[{"embeddable":true,"href":"https:\/\/fumaiolo.com\/es\/wp-json\/wp\/v2\/media\/254094"}],"wp:attachment":[{"href":"https:\/\/fumaiolo.com\/es\/wp-json\/wp\/v2\/media?parent=247335"}],"wp:term":[{"taxonomy":"product_cat","embeddable":true,"href":"https:\/\/fumaiolo.com\/es\/wp-json\/wp\/v2\/product_cat?post=247335"},{"taxonomy":"product_tag","embeddable":true,"href":"https:\/\/fumaiolo.com\/es\/wp-json\/wp\/v2\/product_tag?post=247335"}],"curies":[{"name":"wp","href":"https:\/\/api.w.org\/{rel}","templated":true}]}}