{"id":246989,"date":"2021-07-26T09:26:24","date_gmt":"2021-09-03T14:59:32","guid":{"rendered":"https:\/\/fumaiolo.com\/product\/tortelli-di-patate-sulla-lastra\/"},"modified":"2021-10-27T16:09:48","modified_gmt":"2021-10-27T14:09:48","slug":"tortelli-di-patate-sulla-lastra","status":"publish","type":"product","link":"https:\/\/fumaiolo.com\/es\/prodotto\/tortelli-di-patate-sulla-lastra\/","title":{"rendered":"Tortelli di Patate sulla lastra"},"content":{"rendered":"<p>Tiernos y de sabor suave, los Tortelli sulla Lastra Fumaiolo rellenos de patatas son perfectos para acompa\u00f1ar embutidos y quesos.<\/p>\n<h2 class=\"olivier\" style=\"color: #373737\"><strong>Preparaci\u00f3n<\/strong><\/h2>\n<div class=\"text\">\n<div class=\"offset-1 col-11 col-md-8\">\n<div class=\"text\">\n<div class=\"offset-1 col-11 col-md-8\">\n<div class=\"text\">\n<p class=\"p1\">Todav\u00eda congelados, cali\u00e9ntelos en una sart\u00e9n antiadherente o una tostadora, o fr\u00edalos en abundante aceite caliente.<\/p>\n<\/div>\n<\/div>\n<\/div>\n<\/div>\n<\/div>\n<p>&nbsp;<\/p>\n","protected":false},"excerpt":{"rendered":"<p>Tiernos y de sabor suave, los Tortelli sulla Lastra Fumaiolo rellenos de patatas son perfectos para acompa\u00f1ar embutidos y quesos. Preparaci\u00f3n Todav\u00eda congelados, cali\u00e9ntelos en una sart\u00e9n antiadherente o una tostadora, o fr\u00edalos en abundante aceite caliente. &nbsp;<\/p>\n","protected":false},"featured_media":255181,"comment_status":"closed","ping_status":"closed","template":"","meta":{"_et_pb_use_builder":"off","_et_pb_old_content":"","_et_gb_content_width":"","wp_mapbox_gl_js_media":[]},"product_cat":[269],"product_tag":[],"class_list":["post-246989","product","type-product","status-publish","has-post-thumbnail","hentry","product_cat-tortelli-sulla-lastra-es"],"acf":[],"_links":{"self":[{"href":"https:\/\/fumaiolo.com\/es\/wp-json\/wp\/v2\/product\/246989","targetHints":{"allow":["GET"]}}],"collection":[{"href":"https:\/\/fumaiolo.com\/es\/wp-json\/wp\/v2\/product"}],"about":[{"href":"https:\/\/fumaiolo.com\/es\/wp-json\/wp\/v2\/types\/product"}],"replies":[{"embeddable":true,"href":"https:\/\/fumaiolo.com\/es\/wp-json\/wp\/v2\/comments?post=246989"}],"wp:featuredmedia":[{"embeddable":true,"href":"https:\/\/fumaiolo.com\/es\/wp-json\/wp\/v2\/media\/255181"}],"wp:attachment":[{"href":"https:\/\/fumaiolo.com\/es\/wp-json\/wp\/v2\/media?parent=246989"}],"wp:term":[{"taxonomy":"product_cat","embeddable":true,"href":"https:\/\/fumaiolo.com\/es\/wp-json\/wp\/v2\/product_cat?post=246989"},{"taxonomy":"product_tag","embeddable":true,"href":"https:\/\/fumaiolo.com\/es\/wp-json\/wp\/v2\/product_tag?post=246989"}],"curies":[{"name":"wp","href":"https:\/\/api.w.org\/{rel}","templated":true}]}}