{"id":246979,"date":"2021-07-26T09:29:23","date_gmt":"2021-09-03T14:49:47","guid":{"rendered":"https:\/\/fumaiolo.com\/product\/tortelli-al-tartufo-sulla-lastra\/"},"modified":"2021-10-27T16:25:59","modified_gmt":"2021-10-27T14:25:59","slug":"tortelli-al-tartufo-sulla-lastra","status":"publish","type":"product","link":"https:\/\/fumaiolo.com\/es\/prodotto\/tortelli-al-tartufo-sulla-lastra\/","title":{"rendered":"Tortelli al Tartufo sulla lastra"},"content":{"rendered":"<p><span class=\"s1\">Delicia t\u00edpica del Apenino toscano-roma\u00f1o, <\/span><span class=\"s2\">los Tortelli al Tartufo sulla Lastra combinan la suavidad de las patatas con el sabor pleno y fragante de la reina del bosque, la trufa.<\/span><\/p>\n<h2 class=\"olivier\" style=\"color: #373737\"><strong>Preparaci\u00f3n<\/strong><\/h2>\n<div class=\"text\">\n<div class=\"offset-1 col-11 col-md-8\">\n<div class=\"text\">\n<div class=\"offset-1 col-11 col-md-8\">\n<div class=\"text\">\n<p class=\"p1\">Todav\u00eda congelados, cali\u00e9ntelos en una sart\u00e9n antiadherente o una tostadora, o fr\u00edalos en abundante aceite caliente.<\/p>\n<\/div>\n<\/div>\n<\/div>\n<\/div>\n<\/div>\n<p>&nbsp;<\/p>\n","protected":false},"excerpt":{"rendered":"<p>Delicia t\u00edpica del Apenino toscano-roma\u00f1o, los Tortelli al Tartufo sulla Lastra combinan la suavidad de las patatas con el sabor pleno y fragante de la reina del bosque, la trufa. Preparaci\u00f3n Todav\u00eda congelados, cali\u00e9ntelos en una sart\u00e9n antiadherente o una tostadora, o fr\u00edalos en abundante aceite caliente. &nbsp;<\/p>\n","protected":false},"featured_media":255176,"comment_status":"closed","ping_status":"closed","template":"","meta":{"_et_pb_use_builder":"","_et_pb_old_content":"","_et_gb_content_width":"","wp_mapbox_gl_js_media":[]},"product_cat":[269],"product_tag":[],"class_list":["post-246979","product","type-product","status-publish","has-post-thumbnail","hentry","product_cat-tortelli-sulla-lastra-es"],"acf":[],"_links":{"self":[{"href":"https:\/\/fumaiolo.com\/es\/wp-json\/wp\/v2\/product\/246979","targetHints":{"allow":["GET"]}}],"collection":[{"href":"https:\/\/fumaiolo.com\/es\/wp-json\/wp\/v2\/product"}],"about":[{"href":"https:\/\/fumaiolo.com\/es\/wp-json\/wp\/v2\/types\/product"}],"replies":[{"embeddable":true,"href":"https:\/\/fumaiolo.com\/es\/wp-json\/wp\/v2\/comments?post=246979"}],"wp:featuredmedia":[{"embeddable":true,"href":"https:\/\/fumaiolo.com\/es\/wp-json\/wp\/v2\/media\/255176"}],"wp:attachment":[{"href":"https:\/\/fumaiolo.com\/es\/wp-json\/wp\/v2\/media?parent=246979"}],"wp:term":[{"taxonomy":"product_cat","embeddable":true,"href":"https:\/\/fumaiolo.com\/es\/wp-json\/wp\/v2\/product_cat?post=246979"},{"taxonomy":"product_tag","embeddable":true,"href":"https:\/\/fumaiolo.com\/es\/wp-json\/wp\/v2\/product_tag?post=246979"}],"curies":[{"name":"wp","href":"https:\/\/api.w.org\/{rel}","templated":true}]}}