{"id":246962,"date":"2021-07-26T09:58:06","date_gmt":"2021-09-03T10:46:02","guid":{"rendered":"https:\/\/fumaiolo.com\/product\/sugo-di-carne-surgelato\/"},"modified":"2021-10-27T16:59:04","modified_gmt":"2021-10-27T14:59:04","slug":"sugo-di-carne-surgelato","status":"publish","type":"product","link":"https:\/\/fumaiolo.com\/es\/prodotto\/sugo-di-carne-surgelato\/","title":{"rendered":"Sugo di carne surgelato"},"content":{"rendered":"<p>Toda la calidad de la receta tradicional en un envase pr\u00e1ctico, listo para el consumo.<\/p>\n<h2 class=\"olivier\" style=\"color: #373737\"><strong>Preparaci\u00f3n<\/strong><\/h2>\n<div class=\"text\">\n<div class=\"offset-1 col-11 col-md-8\">\n<div class=\"text\">\n<div class=\"offset-1 col-11 col-md-8\">\n<div class=\"text\">\n<p class=\"p1\">Descongele a temperatura ambiente o en el microondas perforando primero la pel\u00edcula superior.<\/p>\n<\/div>\n<\/div>\n<\/div>\n<\/div>\n<\/div>\n<p>&nbsp;<\/p>\n","protected":false},"excerpt":{"rendered":"<p>Toda la calidad de la receta tradicional en un envase pr\u00e1ctico, listo para el consumo. Preparaci\u00f3n Descongele a temperatura ambiente o en el microondas perforando primero la pel\u00edcula superior. &nbsp;<\/p>\n","protected":false},"featured_media":255046,"comment_status":"closed","ping_status":"closed","template":"","meta":{"_et_pb_use_builder":"","_et_pb_old_content":"","_et_gb_content_width":"","wp_mapbox_gl_js_media":[]},"product_cat":[257],"product_tag":[],"class_list":["post-246962","product","type-product","status-publish","has-post-thumbnail","hentry","product_cat-sughi-es"],"acf":[],"_links":{"self":[{"href":"https:\/\/fumaiolo.com\/es\/wp-json\/wp\/v2\/product\/246962","targetHints":{"allow":["GET"]}}],"collection":[{"href":"https:\/\/fumaiolo.com\/es\/wp-json\/wp\/v2\/product"}],"about":[{"href":"https:\/\/fumaiolo.com\/es\/wp-json\/wp\/v2\/types\/product"}],"replies":[{"embeddable":true,"href":"https:\/\/fumaiolo.com\/es\/wp-json\/wp\/v2\/comments?post=246962"}],"wp:featuredmedia":[{"embeddable":true,"href":"https:\/\/fumaiolo.com\/es\/wp-json\/wp\/v2\/media\/255046"}],"wp:attachment":[{"href":"https:\/\/fumaiolo.com\/es\/wp-json\/wp\/v2\/media?parent=246962"}],"wp:term":[{"taxonomy":"product_cat","embeddable":true,"href":"https:\/\/fumaiolo.com\/es\/wp-json\/wp\/v2\/product_cat?post=246962"},{"taxonomy":"product_tag","embeddable":true,"href":"https:\/\/fumaiolo.com\/es\/wp-json\/wp\/v2\/product_tag?post=246962"}],"curies":[{"name":"wp","href":"https:\/\/api.w.org\/{rel}","templated":true}]}}