{"id":246945,"date":"2021-07-26T10:00:33","date_gmt":"2021-09-03T10:17:08","guid":{"rendered":"https:\/\/fumaiolo.com\/product\/salsiccia-di-suino-sottolio\/"},"modified":"2021-09-15T16:37:06","modified_gmt":"2021-09-15T14:37:06","slug":"salsiccia-di-suino-sottolio-2","status":"publish","type":"product","link":"https:\/\/fumaiolo.com\/es\/prodotto\/salsiccia-di-suino-sottolio-2\/","title":{"rendered":"Salsiccia di Suino sottolio ES"},"content":{"rendered":"<p>Fumaiolo selecciona la mejor carne de cerdo para llevar a su mesa un producto suculento, respetando la elaboraci\u00f3n artesanal de la regi\u00f3n de Roma\u00f1a. As\u00ed es como se obtiene la Salsiccia Fumaiolo de gran calidad, que le permitir\u00e1 redescubrir sabores y olores de anta\u00f1o.<br \/>\n&nbsp;<\/p>\n<h2 class=\"olivier\" style=\"color: #373737\"><strong>Preparaci\u00f3n<\/strong><\/h2>\n<div class=\"text\">\n<div class=\"offset-1 col-11 col-md-8\">\n<div class=\"text\">\n<div class=\"offset-1 col-11 col-md-8\">\n<div class=\"text\">\n<p class=\"p1\">El producto escurrido est\u00e1 listo para el consumo.<\/p>\n<\/div>\n<\/div>\n<\/div>\n<\/div>\n<\/div>\n","protected":false},"excerpt":{"rendered":"<p>Fumaiolo selecciona la mejor carne de cerdo para llevar a su mesa un producto suculento, respetando la elaboraci\u00f3n artesanal de la regi\u00f3n de Roma\u00f1a. As\u00ed es como se obtiene la Salsiccia Fumaiolo de gran calidad, que le permitir\u00e1 redescubrir sabores y olores de anta\u00f1o. &nbsp; Preparaci\u00f3n El producto escurrido est\u00e1 listo para el consumo.<\/p>\n","protected":false},"featured_media":254149,"comment_status":"closed","ping_status":"closed","template":"","meta":{"_et_pb_use_builder":"off","_et_pb_old_content":"Fumaiolo selecciona la mejor carne de cerdo para llevar a su mesa un producto suculento, respetando la elaboraci\u00f3n artesanal de la regi\u00f3n de Roma\u00f1a. As\u00ed es como se obtiene la Salsiccia Fumaiolo de gran calidad, que le permitir\u00e1 redescubrir sabores y olores de anta\u00f1o.\r\n<h2 class=\"olivier\" style=\"color: #373737\"><strong>Preparaci\u00f3n<\/strong><\/h2>\r\n<div class=\"text\">\r\n<div class=\"offset-1 col-11 col-md-8\">\r\n<div class=\"text\">\r\n<div class=\"offset-1 col-11 col-md-8\">\r\n<div class=\"text\">\r\n<p class=\"p1\">El producto escurrido est\u00e1 listo para el consumo.<\/p>\r\n\r\n<\/div>\r\n<\/div>\r\n<\/div>\r\n<\/div>\r\n<\/div>","_et_gb_content_width":"","wp_mapbox_gl_js_media":[]},"product_cat":[254],"product_tag":[],"class_list":["post-246945","product","type-product","status-publish","has-post-thumbnail","hentry","product_cat-sottoli-es"],"acf":[],"_links":{"self":[{"href":"https:\/\/fumaiolo.com\/es\/wp-json\/wp\/v2\/product\/246945","targetHints":{"allow":["GET"]}}],"collection":[{"href":"https:\/\/fumaiolo.com\/es\/wp-json\/wp\/v2\/product"}],"about":[{"href":"https:\/\/fumaiolo.com\/es\/wp-json\/wp\/v2\/types\/product"}],"replies":[{"embeddable":true,"href":"https:\/\/fumaiolo.com\/es\/wp-json\/wp\/v2\/comments?post=246945"}],"wp:featuredmedia":[{"embeddable":true,"href":"https:\/\/fumaiolo.com\/es\/wp-json\/wp\/v2\/media\/254149"}],"wp:attachment":[{"href":"https:\/\/fumaiolo.com\/es\/wp-json\/wp\/v2\/media?parent=246945"}],"wp:term":[{"taxonomy":"product_cat","embeddable":true,"href":"https:\/\/fumaiolo.com\/es\/wp-json\/wp\/v2\/product_cat?post=246945"},{"taxonomy":"product_tag","embeddable":true,"href":"https:\/\/fumaiolo.com\/es\/wp-json\/wp\/v2\/product_tag?post=246945"}],"curies":[{"name":"wp","href":"https:\/\/api.w.org\/{rel}","templated":true}]}}