{"id":250634,"date":"2021-10-04T12:15:49","date_gmt":"2021-10-04T10:15:49","guid":{"rendered":"https:\/\/fumaiolo.com\/private-labeling-es\/"},"modified":"2021-11-15T15:57:26","modified_gmt":"2021-11-15T14:57:26","slug":"private-labeling-es","status":"publish","type":"page","link":"https:\/\/fumaiolo.com\/es\/private-labeling-es\/","title":{"rendered":"Private Labeling"},"content":{"rendered":"<p>[et_pb_section fb_built=\u00bb1&#8243; fullwidth=\u00bbon\u00bb _builder_version=\u00bb4.9.10&#8243; _module_preset=\u00bbdefault\u00bb custom_margin=\u00bb-80px||||false|false\u00bb locked=\u00bboff\u00bb global_colors_info=\u00bb{}\u00bb][et_pb_fullwidth_slider _builder_version=\u00bb4.11.4&#8243; _module_preset=\u00bbdefault\u00bb header_level=\u00bbh1&#8243; header_font=\u00bb|800||on|||||\u00bb header_text_align=\u00bbleft\u00bb header_font_size=\u00bb40px\u00bb body_font=\u00bb|700|||||||\u00bb body_text_align=\u00bbleft\u00bb body_font_size=\u00bb20px\u00bb body_line_height=\u00bb1.5em\u00bb button_alignment=\u00bbleft\u00bb custom_padding_tablet=\u00bb160px||||false|false\u00bb custom_padding_phone=\u00bb130px||||false|false\u00bb custom_padding_last_edited=\u00bbon|tablet\u00bb locked=\u00bboff\u00bb global_colors_info=\u00bb{}\u00bb][et_pb_slide heading=\u00bbPrivate Labeling\u00bb use_bg_overlay=\u00bbon\u00bb bg_overlay_color=\u00bbrgba(0,0,0,0.2)\u00bb alignment=\u00bbbottom\u00bb _builder_version=\u00bb4.11.4&#8243; _module_preset=\u00bbdefault\u00bb header_font_size=\u00bb80px\u00bb background_color=\u00bbRGBA(0,0,0,0)\u00bb background_enable_color=\u00bbon\u00bb background_image=\u00bbhttps:\/\/fumaiolo.com\/wp-content\/uploads\/2021\/11\/pasta-fresca.jpg\u00bb background_enable_image=\u00bbon\u00bb background_position=\u00bbbottom_center\u00bb header_font_size_tablet=\u00bb\u00bb header_font_size_phone=\u00bb40px\u00bb header_font_size_last_edited=\u00bbon|desktop\u00bb locked=\u00bboff\u00bb global_colors_info=\u00bb{}\u00bb sticky_transition=\u00bbon\u00bb]<\/p>\n<p>\n            <span>Elegir a Fumaiolo como socio significa asegurarse productos de calidad y varias opciones ventajosas en t\u00e9rminos de estrategia comercial. <\/span>\n          <\/p>\n<p>[\/et_pb_slide][\/et_pb_fullwidth_slider][\/et_pb_section][et_pb_section fb_built=\u00bb1&#8243; custom_padding_last_edited=\u00bbon|tablet\u00bb _builder_version=\u00bb4.9.10&#8243; _module_preset=\u00bbdefault\u00bb custom_margin_tablet=\u00bb||0px||false|false\u00bb custom_margin_phone=\u00bb||50px||false|false\u00bb custom_margin_last_edited=\u00bbon|phone\u00bb custom_padding=\u00bb||0px||false|false\u00bb custom_padding_tablet=\u00bb||0px||false|false\u00bb custom_padding_phone=\u00bb\u00bb global_colors_info=\u00bb{}\u00bb][et_pb_row _builder_version=\u00bb4.10.8&#8243; _module_preset=\u00bbdefault\u00bb global_colors_info=\u00bb{}\u00bb][et_pb_column type=\u00bb4_4&#8243; _builder_version=\u00bb4.10.8&#8243; _module_preset=\u00bbdefault\u00bb global_colors_info=\u00bb{}\u00bb][et_pb_text _builder_version=\u00bb4.10.8&#8243; _module_preset=\u00bbdefault\u00bb header_3_font=\u00bb|800||on|||||\u00bb header_3_font_size=\u00bb26px\u00bb text_orientation=\u00bbcenter\u00bb global_colors_info=\u00bb{}\u00bb]<\/p>\n<h3 class=\"olivier\">Packaging<\/h3>\n<div class=\"contenuto\">\n<p>\n              <span>Fumaiolo envasa sus productos en bolsas transparentes, bandejas y cajas de diversos formatos. Sin embargo, tambi\u00e9n est\u00e1 a disposici\u00f3n de los clientes para crear envases personalizados.<\/span>\n            <\/p>\n<\/p><\/div>\n<p>[\/et_pb_text][et_pb_image src=\u00bbhttps:\/\/fumaiolo.com\/wp-content\/uploads\/2021\/09\/pack.png\u00bb title_text=\u00bbpack\u00bb _builder_version=\u00bb4.10.8&#8243; _module_preset=\u00bbdefault\u00bb global_colors_info=\u00bb{}\u00bb][\/et_pb_image][\/et_pb_column][\/et_pb_row][et_pb_row column_structure=\u00bb1_2,1_2&#8243; use_custom_gutter=\u00bbon\u00bb gutter_width=\u00bb2&#8243; make_equal=\u00bbon\u00bb _builder_version=\u00bb4.10.8&#8243; _module_preset=\u00bbdefault\u00bb width=\u00bb90%\u00bb max_width=\u00bb1200px\u00bb custom_margin=\u00bb||||false|false\u00bb custom_css_main_element=\u00bbdisplay: flex;\u00bb locked=\u00bboff\u00bb global_colors_info=\u00bb{}\u00bb custom_css_main_element_last_edited=\u00bbon|tablet\u00bb custom_css_main_element_phone=\u00bbdisplay:block;||\u00bb custom_css_main_element_tablet=\u00bbdisplay: flex;\u00bb][et_pb_column type=\u00bb1_2&#8243; _builder_version=\u00bb4.9.10&#8243; _module_preset=\u00bbdefault\u00bb custom_padding=\u00bb|0px|||false|false\u00bb custom_padding_tablet=\u00bb|10px|||false|false\u00bb custom_padding_phone=\u00bb|0px|||false|false\u00bb custom_padding_last_edited=\u00bbon|desktop\u00bb global_colors_info=\u00bb{}\u00bb][et_pb_cta title=\u00bbBUENO Y GENUINO\u00bb button_url=\u00bbhttps:\/\/fumaiolo.com\/es\/come-lo-facciamo\/\u00bb button_text=\u00bbC\u00d3MO LO HACEMOS\u00bb _builder_version=\u00bb4.11.2&#8243; _module_preset=\u00bbdefault\u00bb header_font=\u00bb|800||on|||||\u00bb header_text_color=\u00bb#FFFFFF\u00bb background_color=\u00bbrgba(0,0,0,0.6)\u00bb background_image=\u00bbhttps:\/\/fumaiolo.com\/wp-content\/uploads\/2021\/09\/ingredienti.jpg\u00bb background_position=\u00bbtop_center\u00bb background_blend=\u00bbmultiply\u00bb text_orientation=\u00bbleft\u00bb min_height=\u00bb350px\u00bb custom_margin=\u00bb||||false|false\u00bb link_option_url=\u00bb\/come-lo-facciamo\/\u00bb border_radii=\u00bbon|8px|8px|8px|8px\u00bb locked=\u00bboff\u00bb global_colors_info=\u00bb{}\u00bb background__hover_enabled=\u00bboff|desktop\u00bb background_color__hover=\u00bbrgba(0,0,0,0.6)\u00bb background_enable_color__hover=\u00bbon\u00bb]<\/p>\n<p>Los productos Fumaiolo, elaborados con materias primas certificadas, congelados en origen y sin conservantes naturales, llevan el verdadero sabor de la tradici\u00f3n a su hogar.<\/p>\n<p>[\/et_pb_cta][\/et_pb_column][et_pb_column type=\u00bb1_2&#8243; _builder_version=\u00bb4.9.10&#8243; _module_preset=\u00bbdefault\u00bb custom_padding=\u00bb|||0px|false|false\u00bb custom_padding_tablet=\u00bb|||10px|false|false\u00bb custom_padding_phone=\u00bb|||0px|false|false\u00bb custom_padding_last_edited=\u00bbon|tablet\u00bb global_colors_info=\u00bb{}\u00bb][et_pb_cta title=\u00bbPRODUCTOS PREMIUM\u00bb button_url=\u00bb\/wp-content\/catalogo.pdf\u00bb button_text=\u00bbCAT\u00c1LOGO\u00bb _builder_version=\u00bb4.11.4&#8243; _module_preset=\u00bbdefault\u00bb header_font=\u00bb|800||on|||||\u00bb header_text_color=\u00bb#FFFFFF\u00bb background_color=\u00bbrgba(0,0,0,0.4)\u00bb background_image=\u00bbhttps:\/\/fumaiolo.com\/wp-content\/uploads\/2021\/09\/sicurezza.jpg\u00bb background_position=\u00bbtop_center\u00bb background_blend=\u00bbmultiply\u00bb text_orientation=\u00bbleft\u00bb min_height=\u00bb350px\u00bb custom_margin=\u00bb||||false|false\u00bb hover_enabled=\u00bb0&#8243; border_radii=\u00bbon|8px|8px|8px|8px\u00bb locked=\u00bboff\u00bb global_colors_info=\u00bb{}\u00bb background__hover_enabled=\u00bboff|desktop\u00bb background_color__hover=\u00bbrgba(0,0,0,0.6)\u00bb background_enable_color__hover=\u00bbon\u00bb sticky_enabled=\u00bb0&#8243;]<\/p>\n<p>\n            <span>La empresa sigue de cerca a los consumidores y las tendencias del mercado: toda la gama de productos de Fumaiolo encaja perfectamente en las l\u00edneas m\u00e1s estructuradas de las marcas comerciales.<\/span>\n          <\/p>\n<p>[\/et_pb_cta][\/et_pb_column][\/et_pb_row][et_pb_row _builder_version=\u00bb4.10.8&#8243; _module_preset=\u00bbdefault\u00bb global_colors_info=\u00bb{}\u00bb][et_pb_column type=\u00bb4_4&#8243; _builder_version=\u00bb4.10.8&#8243; _module_preset=\u00bbdefault\u00bb global_colors_info=\u00bb{}\u00bb][et_pb_text _builder_version=\u00bb4.11.2&#8243; _module_preset=\u00bbdefault\u00bb header_3_font=\u00bb|800||on|||||\u00bb header_3_font_size=\u00bb26px\u00bb text_orientation=\u00bbcenter\u00bb global_colors_info=\u00bb{}\u00bb]<\/p>\n<h3 class=\"olivier\">POSIBLES OPCIONES<\/h3>\n<div class=\"contenuto\">\n<p>\n              <span>La empresa ofrece a sus clientes varias opciones ventajosas en t\u00e9rminos de estrategia comercial: personalizaci\u00f3n de las recetas, elecci\u00f3n del formato, elecci\u00f3n del envase, servicio de etiquetado privado. <\/span>\n            <\/p>\n<p>La calidad absoluta de los productos es el punto clave que une estos servicios.<\/p>\n<\/p><\/div>\n<p>[\/et_pb_text][\/et_pb_column][\/et_pb_row][et_pb_row column_structure=\u00bb1_4,3_4&#8243; use_custom_gutter=\u00bbon\u00bb gutter_width=\u00bb2&#8243; make_equal=\u00bbon\u00bb _builder_version=\u00bb4.10.8&#8243; _module_preset=\u00bbdefault\u00bb custom_padding=\u00bb0px||0px|||\u00bb global_colors_info=\u00bb{}\u00bb][et_pb_column type=\u00bb1_4&#8243; _builder_version=\u00bb4.10.8&#8243; _module_preset=\u00bbdefault\u00bb custom_css_main_element=\u00bbmax-width:15%;\u00bb global_colors_info=\u00bb{}\u00bb][et_pb_image src=\u00bbhttps:\/\/fumaiolo.com\/wp-content\/uploads\/2021\/09\/1.jpg\u00bb title_text=\u00bb1&#8243; align=\u00bbright\u00bb _builder_version=\u00bb4.10.8&#8243; _module_preset=\u00bbdefault\u00bb module_alignment=\u00bbright\u00bb global_colors_info=\u00bb{}\u00bb][\/et_pb_image][\/et_pb_column][et_pb_column type=\u00bb3_4&#8243; _builder_version=\u00bb4.10.8&#8243; _module_preset=\u00bbdefault\u00bb custom_css_main_element=\u00bbmax-width:85%; margin:auto;\u00bb global_colors_info=\u00bb{}\u00bb][et_pb_text _builder_version=\u00bb4.10.8&#8243; _module_preset=\u00bbdefault\u00bb header_3_font=\u00bb|800||on|||||\u00bb header_3_font_size=\u00bb26px\u00bb header_4_font=\u00bb|800|||||||\u00bb custom_margin=\u00bb10px||20px||false|false\u00bb global_colors_info=\u00bb{}\u00bb]<\/p>\n<h4>NUESTROS PRODUCTOS, SU ETIQUETA<\/h4>\n<p>\n            <span>Los productos Fumaiolo pueden ser etiquetados directamente con la etiqueta de la marca.<\/span>\n          <\/p>\n<p>[\/et_pb_text][\/et_pb_column][\/et_pb_row][et_pb_row column_structure=\u00bb1_4,3_4&#8243; use_custom_gutter=\u00bbon\u00bb gutter_width=\u00bb2&#8243; make_equal=\u00bbon\u00bb _builder_version=\u00bb4.10.8&#8243; _module_preset=\u00bbdefault\u00bb custom_padding=\u00bb0px||0px|||\u00bb global_colors_info=\u00bb{}\u00bb][et_pb_column type=\u00bb1_4&#8243; _builder_version=\u00bb4.10.8&#8243; _module_preset=\u00bbdefault\u00bb custom_css_main_element=\u00bbmax-width:15%;\u00bb global_colors_info=\u00bb{}\u00bb][et_pb_image src=\u00bbhttps:\/\/fumaiolo.com\/wp-content\/uploads\/2021\/09\/2.jpg\u00bb title_text=\u00bb2&#8243; align=\u00bbright\u00bb _builder_version=\u00bb4.10.8&#8243; _module_preset=\u00bbdefault\u00bb module_alignment=\u00bbright\u00bb global_colors_info=\u00bb{}\u00bb][\/et_pb_image][\/et_pb_column][et_pb_column type=\u00bb3_4&#8243; _builder_version=\u00bb4.10.8&#8243; _module_preset=\u00bbdefault\u00bb custom_css_main_element=\u00bbmax-width:85%; margin:auto;\u00bb global_colors_info=\u00bb{}\u00bb][et_pb_text _builder_version=\u00bb4.10.8&#8243; _module_preset=\u00bbdefault\u00bb header_3_font=\u00bb|800||on|||||\u00bb header_3_font_size=\u00bb26px\u00bb header_4_font=\u00bb|800|||||||\u00bb custom_margin=\u00bb10px||20px||false|false\u00bb global_colors_info=\u00bb{}\u00bb]<\/p>\n<h4>NUESTROS PRODUCTOS, SUS ENVASES<\/h4>\n<p>\n            <span>Los productos pueden envasarse en diferentes formatos, elaborados seg\u00fan las especificaciones del cliente.<\/span>\n          <\/p>\n<p>[\/et_pb_text][\/et_pb_column][\/et_pb_row][et_pb_row column_structure=\u00bb1_4,3_4&#8243; use_custom_gutter=\u00bbon\u00bb gutter_width=\u00bb2&#8243; make_equal=\u00bbon\u00bb _builder_version=\u00bb4.10.8&#8243; _module_preset=\u00bbdefault\u00bb custom_padding=\u00bb0px||0px|||\u00bb global_colors_info=\u00bb{}\u00bb][et_pb_column type=\u00bb1_4&#8243; _builder_version=\u00bb4.10.8&#8243; _module_preset=\u00bbdefault\u00bb custom_css_main_element=\u00bbmax-width:15%;\u00bb global_colors_info=\u00bb{}\u00bb][et_pb_image src=\u00bbhttps:\/\/fumaiolo.com\/wp-content\/uploads\/2021\/09\/3.jpg\u00bb title_text=\u00bb3&#8243; align=\u00bbright\u00bb _builder_version=\u00bb4.10.8&#8243; _module_preset=\u00bbdefault\u00bb module_alignment=\u00bbright\u00bb global_colors_info=\u00bb{}\u00bb][\/et_pb_image][\/et_pb_column][et_pb_column type=\u00bb3_4&#8243; _builder_version=\u00bb4.10.8&#8243; _module_preset=\u00bbdefault\u00bb custom_css_main_element=\u00bbmax-width:85%; margin:auto;\u00bb global_colors_info=\u00bb{}\u00bb][et_pb_text _builder_version=\u00bb4.10.8&#8243; _module_preset=\u00bbdefault\u00bb header_3_font=\u00bb|800||on|||||\u00bb header_3_font_size=\u00bb26px\u00bb header_4_font=\u00bb|800|||||||\u00bb custom_margin=\u00bb10px||20px||false|false\u00bb global_colors_info=\u00bb{}\u00bb]<\/p>\n<h4>NUESTRA CALIDAD, SU RECETA<\/h4>\n<p>\n            <span>En el laboratorio de Fumaiolo, es posible reproducir fielmente las recetas ya proporcionadas por los clientes.<\/span>\n          <\/p>\n<p>[\/et_pb_text][\/et_pb_column][\/et_pb_row][et_pb_row column_structure=\u00bb1_4,3_4&#8243; use_custom_gutter=\u00bbon\u00bb gutter_width=\u00bb2&#8243; make_equal=\u00bbon\u00bb _builder_version=\u00bb4.10.8&#8243; _module_preset=\u00bbdefault\u00bb custom_padding=\u00bb0px||0px|||\u00bb global_colors_info=\u00bb{}\u00bb][et_pb_column type=\u00bb1_4&#8243; _builder_version=\u00bb4.10.8&#8243; _module_preset=\u00bbdefault\u00bb custom_css_main_element=\u00bbmax-width:15%;\u00bb global_colors_info=\u00bb{}\u00bb][et_pb_image src=\u00bbhttps:\/\/fumaiolo.com\/wp-content\/uploads\/2021\/09\/4.jpg\u00bb title_text=\u00bb4&#8243; align=\u00bbright\u00bb _builder_version=\u00bb4.10.8&#8243; _module_preset=\u00bbdefault\u00bb module_alignment=\u00bbright\u00bb global_colors_info=\u00bb{}\u00bb][\/et_pb_image][\/et_pb_column][et_pb_column type=\u00bb3_4&#8243; _builder_version=\u00bb4.10.8&#8243; _module_preset=\u00bbdefault\u00bb custom_css_main_element=\u00bbmax-width:85%; margin:auto;\u00bb global_colors_info=\u00bb{}\u00bb][et_pb_text _builder_version=\u00bb4.10.8&#8243; _module_preset=\u00bbdefault\u00bb header_3_font=\u00bb|800||on|||||\u00bb header_3_font_size=\u00bb26px\u00bb header_4_font=\u00bb|800|||||||\u00bb custom_margin=\u00bb10px||20px||false|false\u00bb global_colors_info=\u00bb{}\u00bb]<\/p>\n<h4>USTED ELIGE EL SABOR, NOSOTROS LO PRODUCIMOS<\/h4>\n<p>\n            <span>Gracias a la experiencia del personal, es posible crear nuevas recetas que satisfagan los deseos de los clientes.<\/span>\n          <\/p>\n<p>[\/et_pb_text][\/et_pb_column][\/et_pb_row][et_pb_row column_structure=\u00bb1_2,1_2&#8243; use_custom_gutter=\u00bbon\u00bb gutter_width=\u00bb2&#8243; make_equal=\u00bbon\u00bb _builder_version=\u00bb4.10.8&#8243; _module_preset=\u00bbdefault\u00bb width=\u00bb90%\u00bb max_width=\u00bb1200px\u00bb custom_margin=\u00bb||||false|false\u00bb custom_css_main_element=\u00bbdisplay: flex;\u00bb locked=\u00bboff\u00bb global_colors_info=\u00bb{}\u00bb custom_css_main_element_last_edited=\u00bbon|tablet\u00bb custom_css_main_element_phone=\u00bbdisplay:block;||\u00bb custom_css_main_element_tablet=\u00bbdisplay: flex;\u00bb][et_pb_column type=\u00bb1_2&#8243; _builder_version=\u00bb4.9.10&#8243; _module_preset=\u00bbdefault\u00bb custom_padding=\u00bb|0px|||false|false\u00bb custom_padding_tablet=\u00bb|10px|||false|false\u00bb custom_padding_phone=\u00bb|0px|||false|false\u00bb custom_padding_last_edited=\u00bbon|desktop\u00bb global_colors_info=\u00bb{}\u00bb][et_pb_cta title=\u00bbPARA LOS RESTAURADORES\u00bb button_url=\u00bbhttps:\/\/fumaiolo.com\/es\/food-service\/\u00bb button_text=\u00bbHORECA\u00bb _builder_version=\u00bb4.10.8&#8243; _module_preset=\u00bbdefault\u00bb header_font=\u00bb|800||on|||||\u00bb header_text_color=\u00bb#FFFFFF\u00bb background_color=\u00bbrgba(0,0,0,0.6)\u00bb background_image=\u00bbhttps:\/\/fumaiolo.com\/wp-content\/uploads\/2021\/09\/horeca-test.jpg\u00bb background_position=\u00bbtop_center\u00bb background_blend=\u00bbmultiply\u00bb text_orientation=\u00bbleft\u00bb min_height=\u00bb350px\u00bb custom_margin=\u00bb||||false|false\u00bb link_option_url=\u00bb\/food-service\/\u00bb border_radii=\u00bbon|8px|8px|8px|8px\u00bb locked=\u00bboff\u00bb global_colors_info=\u00bb{}\u00bb background__hover_enabled=\u00bboff|desktop\u00bb background_color__hover=\u00bbrgba(0,0,0,0.6)\u00bb background_enable_color__hover=\u00bbon\u00bb]<\/p>\n<p>\n            <span>La pasta fresca Fumaiolo se congela sin pasteurizar y con tecnolog\u00eda IQF (congelaci\u00f3n r\u00e1pida individual): esto permite a los profesionales de la restauraci\u00f3n utilizar s\u00f3lo las cantidades de producto que necesitan, evitando el desperdicio de materias primas y controlando f\u00e1cilmente los costes de los alimentos.<\/span>\n          <\/p>\n<p>[\/et_pb_cta][\/et_pb_column][et_pb_column type=\u00bb1_2&#8243; _builder_version=\u00bb4.9.10&#8243; _module_preset=\u00bbdefault\u00bb custom_padding=\u00bb|||0px|false|false\u00bb custom_padding_tablet=\u00bb|||10px|false|false\u00bb custom_padding_phone=\u00bb|||0px|false|false\u00bb custom_padding_last_edited=\u00bbon|tablet\u00bb global_colors_info=\u00bb{}\u00bb][et_pb_cta title=\u00bbPARA LA DISTRIBUCI\u00d3N A GRAN ESCALA\u00bb button_url=\u00bbhttps:\/\/fumaiolo.com\/es\/gdo\/\u00bb button_text=\u00bbBUSINESS\u00bb _builder_version=\u00bb4.10.8&#8243; _module_preset=\u00bbdefault\u00bb header_font=\u00bb|800||on|||||\u00bb header_text_color=\u00bb#FFFFFF\u00bb background_color=\u00bbrgba(0,0,0,0.4)\u00bb background_image=\u00bbhttps:\/\/fumaiolo.com\/wp-content\/uploads\/2021\/07\/Fumaiolo-pasta-fresca-surgelata-prodotti-tortelli-lastra-1.jpg\u00bb background_position=\u00bbtop_center\u00bb background_blend=\u00bbmultiply\u00bb text_orientation=\u00bbleft\u00bb min_height=\u00bb350px\u00bb custom_margin=\u00bb||||false|false\u00bb link_option_url=\u00bb\/gdo\/\u00bb border_radii=\u00bbon|8px|8px|8px|8px\u00bb locked=\u00bboff\u00bb global_colors_info=\u00bb{}\u00bb background__hover_enabled=\u00bboff|desktop\u00bb background_color__hover=\u00bbrgba(0,0,0,0.6)\u00bb background_enable_color__hover=\u00bbon\u00bb]<\/p>\n<p>\n            <span>Fumaiolo ha situado la gran distribuci\u00f3n en el centro de sus planes de expansi\u00f3n. De hecho, la calidad de los productos se combina con la experiencia y los conocimientos t\u00e9cnicos de una empresa madura, dispuesta a garantizar un servicio puntual en t\u00e9rminos de suministro y asistencia.<\/span>\n          <\/p>\n<p>[\/et_pb_cta][\/et_pb_column][\/et_pb_row][\/et_pb_section][et_pb_section fb_built=\u00bb1&#8243; _builder_version=\u00bb4.10.8&#8243; _module_preset=\u00bbdefault\u00bb background_color=\u00bbRGBA(0,0,0,0)\u00bb transform_translate=\u00bb0px|200px\u00bb transform_translate_linked=\u00bboff\u00bb positioning=\u00bbfixed\u00bb position_origin_a=\u00bbbottom_right\u00bb position_origin_f=\u00bbcenter_right\u00bb position_origin_r=\u00bbtop_right\u00bb horizontal_offset=\u00bb0px\u00bb z_index=\u00bb1000&#8243; custom_padding=\u00bb0px||0px|||\u00bb locked=\u00bboff\u00bb global_colors_info=\u00bb{}\u00bb][et_pb_row _builder_version=\u00bb4.10.8&#8243; _module_preset=\u00bbdefault\u00bb background_color=\u00bbRGBA(0,0,0,0)\u00bb z_index=\u00bb1000&#8243; max_width=\u00bb250px\u00bb max_width_tablet=\u00bb\u00bb max_width_phone=\u00bb180px\u00bb max_width_last_edited=\u00bbon|phone\u00bb module_alignment=\u00bbright\u00bb custom_padding=\u00bb0px||0px|||\u00bb global_colors_info=\u00bb{}\u00bb][et_pb_column type=\u00bb4_4&#8243; _builder_version=\u00bb4.10.8&#8243; _module_preset=\u00bbdefault\u00bb global_colors_info=\u00bb{}\u00bb][et_pb_text _builder_version=\u00bb4.10.8&#8243; _module_preset=\u00bbdefault\u00bb text_text_color=\u00bb#FFFFFF\u00bb text_line_height=\u00bb1.8em\u00bb link_text_color=\u00bb#FFFFFF\u00bb link_line_height=\u00bb1.8em\u00bb header_6_font=\u00bb|800||on|||||\u00bb header_6_text_color=\u00bb#FFFFFF\u00bb header_6_font_size=\u00bb26px\u00bb background_color=\u00bb#fab500&#8243; z_index=\u00bb1000&#8243; max_width=\u00bb250px\u00bb max_width_tablet=\u00bb\u00bb max_width_phone=\u00bb180px\u00bb max_width_last_edited=\u00bbon|phone\u00bb module_alignment=\u00bbright\u00bb custom_padding=\u00bb20px||20px|20px|true|false\u00bb text_font_size_tablet=\u00bb\u00bb text_font_size_phone=\u00bb13px\u00bb text_font_size_last_edited=\u00bbon|phone\u00bb link_font_size_tablet=\u00bb\u00bb link_font_size_phone=\u00bb13px\u00bb link_font_size_last_edited=\u00bbon|phone\u00bb header_6_font_size_tablet=\u00bb\u00bb header_6_font_size_phone=\u00bb20px\u00bb header_6_font_size_last_edited=\u00bbon|phone\u00bb border_radii=\u00bboff|10px|||10px\u00bb box_shadow_style=\u00bbpreset1&#8243; box_shadow_color=\u00bbrgba(0,0,0,0.15)\u00bb global_colors_info=\u00bb{}\u00bb]<\/p>\n<h6>CONTACTAR CON NOSOTROS<\/h6>\n<p>          <a href=\"tel:00390543910380\">+39 0543 910380<\/a><\/p>\n<p>          <a href=\"mailto:info@fumaiolo.com\">info@fumaiolo.com<\/a>[\/et_pb_text][\/et_pb_column][\/et_pb_row][\/et_pb_section]<\/p>\n","protected":false},"excerpt":{"rendered":"<p>Elegir a Fumaiolo como socio significa asegurarse productos de calidad y varias opciones ventajosas en t\u00e9rminos de estrategia comercial. Packaging Fumaiolo envasa sus productos en bolsas transparentes, bandejas y cajas de diversos formatos. Sin embargo, tambi\u00e9n est\u00e1 a disposici\u00f3n de los clientes para crear envases personalizados. Los productos Fumaiolo, elaborados con materias primas certificadas, congelados [&hellip;]<\/p>\n","protected":false},"author":2,"featured_media":0,"parent":0,"menu_order":0,"comment_status":"closed","ping_status":"closed","template":"","meta":{"_et_pb_use_builder":"on","_et_pb_old_content":"","_et_gb_content_width":"","wp_mapbox_gl_js_media":[],"footnotes":""},"class_list":["post-250634","page","type-page","status-publish","hentry"],"acf":[],"_links":{"self":[{"href":"https:\/\/fumaiolo.com\/es\/wp-json\/wp\/v2\/pages\/250634","targetHints":{"allow":["GET"]}}],"collection":[{"href":"https:\/\/fumaiolo.com\/es\/wp-json\/wp\/v2\/pages"}],"about":[{"href":"https:\/\/fumaiolo.com\/es\/wp-json\/wp\/v2\/types\/page"}],"author":[{"embeddable":true,"href":"https:\/\/fumaiolo.com\/es\/wp-json\/wp\/v2\/users\/2"}],"replies":[{"embeddable":true,"href":"https:\/\/fumaiolo.com\/es\/wp-json\/wp\/v2\/comments?post=250634"}],"version-history":[{"count":16,"href":"https:\/\/fumaiolo.com\/es\/wp-json\/wp\/v2\/pages\/250634\/revisions"}],"predecessor-version":[{"id":253983,"href":"https:\/\/fumaiolo.com\/es\/wp-json\/wp\/v2\/pages\/250634\/revisions\/253983"}],"wp:attachment":[{"href":"https:\/\/fumaiolo.com\/es\/wp-json\/wp\/v2\/media?parent=250634"}],"curies":[{"name":"wp","href":"https:\/\/api.w.org\/{rel}","templated":true}]}}