{"id":248538,"date":"2021-09-16T11:44:11","date_gmt":"2021-09-16T09:44:11","guid":{"rendered":"https:\/\/fumaiolo.com\/tortelli-sulla-lastra-es\/"},"modified":"2021-11-12T17:43:44","modified_gmt":"2021-11-12T16:43:44","slug":"tortelli-sulla-lastra","status":"publish","type":"page","link":"https:\/\/fumaiolo.com\/es\/tortelli-sulla-lastra\/","title":{"rendered":"Tortelli sulla lastra"},"content":{"rendered":"<p>[et_pb_section fb_built=\u00bb1&#8243; fullwidth=\u00bbon\u00bb _builder_version=\u00bb4.9.7&#8243; _module_preset=\u00bbdefault\u00bb custom_margin=\u00bb-75px||||false|false\u00bb global_colors_info=\u00bb{}\u00bb][et_pb_fullwidth_slider _builder_version=\u00bb4.11.4&#8243; _module_preset=\u00bbdefault\u00bb header_level=\u00bbh1&#8243; header_font=\u00bb|800||on|||||\u00bb header_text_align=\u00bbleft\u00bb header_font_size=\u00bb80px\u00bb body_font=\u00bb|700|||||||\u00bb body_text_align=\u00bbleft\u00bb body_font_size=\u00bb20px\u00bb body_line_height=\u00bb1.5em\u00bb background_enable_image=\u00bboff\u00bb button_alignment=\u00bbleft\u00bb custom_padding=\u00bb130px||||false|false\u00bb hover_enabled=\u00bb0&#8243; global_colors_info=\u00bb{}\u00bb sticky_enabled=\u00bb0&#8243;][et_pb_slide heading=\u00bbTORTELLI SULLA LASTRA\u00bb use_bg_overlay=\u00bbon\u00bb bg_overlay_color=\u00bbrgba(0,0,0,0.2)\u00bb _builder_version=\u00bb4.11.4&#8243; _module_preset=\u00bbdefault\u00bb background_color=\u00bbRGBA(0,0,0,0)\u00bb background_enable_color=\u00bbon\u00bb background_image=\u00bbhttps:\/\/fumaiolo.com\/wp-content\/uploads\/2021\/11\/tortelli-lastra.jpg\u00bb background_enable_image=\u00bbon\u00bb hover_enabled=\u00bb0&#8243; header_font_size_tablet=\u00bb\u00bb header_font_size_phone=\u00bb50px\u00bb header_font_size_last_edited=\u00bbon|phone\u00bb global_colors_info=\u00bb{}\u00bb sticky_transition=\u00bbon\u00bb title_text=\u00bbtortelli-lastra\u00bb sticky_enabled=\u00bb0&#8243;]<\/p>\n<p>\n            <span>Manjar t\u00edpico del Alto Valle del Savio, los Tortelli sulla Lastra Fumaiolo son fragantes y suaves rellenos encerrados entre dos finas capas de hojaldre, para una comida completa, sana y genuina. Tambi\u00e9n son perfectos como aperitivos.<\/span>\n          <\/p>\n<p>[\/et_pb_slide][\/et_pb_fullwidth_slider][\/et_pb_section][et_pb_section fb_built=\u00bb1&#8243; _builder_version=\u00bb4.9.7&#8243; _module_preset=\u00bbdefault\u00bb custom_padding=\u00bb||0px|||\u00bb global_colors_info=\u00bb{}\u00bb][et_pb_row column_structure=\u00bb1_5,1_5,1_5,1_5,1_5&#8243; use_custom_gutter=\u00bbon\u00bb gutter_width=\u00bb1&#8243; custom_padding_last_edited=\u00bbon|tablet\u00bb module_class=\u00bbcategoria-home\u00bb _builder_version=\u00bb4.10.6&#8243; _module_preset=\u00bbdefault\u00bb background_color=\u00bb#f7f7f7&#8243; width=\u00bb90%\u00bb max_width=\u00bb1200px\u00bb custom_margin=\u00bb15px|auto|8px|auto||\u00bb custom_margin_tablet=\u00bb|||auto|false|false\u00bb custom_margin_phone=\u00bb\u00bb custom_margin_last_edited=\u00bbon|tablet\u00bb custom_padding=\u00bb|||50px|false|false\u00bb custom_padding_tablet=\u00bb|||0px|false|false\u00bb custom_padding_phone=\u00bb20px|20px|0px|20px|false|false\u00bb custom_css_main_element=\u00bbdisplay:flex !important;\u00bb border_radii=\u00bbon|8px|8px|8px|8px\u00bb global_module=\u00bb241641&#8243; saved_tabs=\u00bball\u00bb global_colors_info=\u00bb{}\u00bb][et_pb_column type=\u00bb1_5&#8243; _builder_version=\u00bb4.9.10&#8243; _module_preset=\u00bbdefault\u00bb global_colors_info=\u00bb{}\u00bb][et_pb_blurb title=\u00bbPasta\u00bb url=\u00bbhttps:\/\/fumaiolo.com\/es\/la-pasta\/\u00bb image=\u00bbhttps:\/\/fumaiolo.com\/wp-content\/uploads\/2021\/07\/tortellino.png\u00bb icon_placement=\u00bbleft\u00bb image_max_width=\u00bb60px\u00bb title_tablet=\u00bbPasta\u00bb title_phone=\u00bb \u00bb title_last_edited=\u00bbon|tablet\u00bb icon_placement_tablet=\u00bbtop\u00bb icon_placement_phone=\u00bb\u00bb icon_placement_last_edited=\u00bbon|tablet\u00bb image_max_width_tablet=\u00bb\u00bb image_max_width_phone=\u00bb\u00bb image_max_width_last_edited=\u00bbon|phone\u00bb _builder_version=\u00bb4.10.7&#8243; _module_preset=\u00bbdefault\u00bb header_font=\u00bb|600|||||||\u00bb header_font_size=\u00bb16px\u00bb body_font=\u00bb|||on|||||\u00bb custom_margin_tablet=\u00bb||||false|false\u00bb custom_margin_phone=\u00bb15px||||false|false\u00bb custom_margin_last_edited=\u00bbon|tablet\u00bb custom_padding=\u00bb||||false|false\u00bb link_option_url=\u00bbhttps:\/\/fumaiolo.com\/es\/la-pasta\/\u00bb header_text_align_tablet=\u00bbcenter\u00bb header_text_align_phone=\u00bb\u00bb header_text_align_last_edited=\u00bbon|tablet\u00bb body_text_align_tablet=\u00bbcenter\u00bb body_text_align_phone=\u00bb\u00bb body_text_align_last_edited=\u00bbon|tablet\u00bb text_orientation_tablet=\u00bbcenter\u00bb text_orientation_phone=\u00bb\u00bb text_orientation_last_edited=\u00bbon|tablet\u00bb module_alignment_tablet=\u00bbcenter\u00bb module_alignment_phone=\u00bb\u00bb module_alignment_last_edited=\u00bbon|tablet\u00bb custom_css_blurb_title=\u00bbmargin-top:20px;||\u00bb global_colors_info=\u00bb{}\u00bb custom_css_blurb_title_last_edited=\u00bbon|desktop\u00bb custom_css_blurb_image_last_edited=\u00bbon|phone\u00bb custom_css_blurb_title_tablet=\u00bbmargin-top:-11px\u00bb custom_css_blurb_title_phone=\u00bbmargin-top:-11px\u00bb][\/et_pb_blurb][\/et_pb_column][et_pb_column type=\u00bb1_5&#8243; _builder_version=\u00bb4.9.7&#8243; _module_preset=\u00bbdefault\u00bb global_colors_info=\u00bb{}\u00bb][et_pb_blurb title=\u00bbPiadina\u00bb url=\u00bbhttps:\/\/fumaiolo.com\/es\/la-piadina\/\u00bb image=\u00bbhttps:\/\/fumaiolo.com\/wp-content\/uploads\/2021\/07\/piadina.png\u00bb icon_placement=\u00bbleft\u00bb image_max_width=\u00bb48px\u00bb title_tablet=\u00bbPIADINA\u00bb title_phone=\u00bb \u00bb title_last_edited=\u00bbon|tablet\u00bb icon_placement_tablet=\u00bbtop\u00bb icon_placement_phone=\u00bb\u00bb icon_placement_last_edited=\u00bbon|tablet\u00bb image_max_width_tablet=\u00bb\u00bb image_max_width_phone=\u00bb\u00bb image_max_width_last_edited=\u00bbon|phone\u00bb _builder_version=\u00bb4.10.7&#8243; _module_preset=\u00bbdefault\u00bb header_font=\u00bb|600|||||||\u00bb header_text_align=\u00bbleft\u00bb header_font_size=\u00bb16px\u00bb body_font=\u00bb|||on|||||\u00bb body_text_align=\u00bbleft\u00bb custom_margin_tablet=\u00bb\u00bb custom_margin_phone=\u00bb15px||||false|false\u00bb custom_margin_last_edited=\u00bbon|phone\u00bb link_option_url=\u00bbhttps:\/\/fumaiolo.com\/es\/la-piadina\/\u00bb header_text_align_tablet=\u00bbcenter\u00bb header_text_align_phone=\u00bb\u00bb header_text_align_last_edited=\u00bbon|tablet\u00bb body_text_align_tablet=\u00bbcenter\u00bb body_text_align_phone=\u00bb\u00bb body_text_align_last_edited=\u00bbon|tablet\u00bb text_orientation_tablet=\u00bbcenter\u00bb text_orientation_phone=\u00bb\u00bb text_orientation_last_edited=\u00bbon|tablet\u00bb module_alignment_tablet=\u00bbcenter\u00bb module_alignment_phone=\u00bb\u00bb module_alignment_last_edited=\u00bbon|tablet\u00bb custom_css_blurb_image=\u00bbmargin-left:auto;||margin-right: auto;||\u00bb custom_css_blurb_title=\u00bbmargin-top:20px;|| \u00bb global_colors_info=\u00bb{}\u00bb custom_css_blurb_image_last_edited=\u00bbon|tablet\u00bb custom_css_blurb_image_tablet=\u00bbmargin-left:auto;||margin-right: auto;||display:inline-block;||vertical-align:top;||margin-bottom:0;\u00bb custom_css_blurb_title_last_edited=\u00bbon|desktop\u00bb custom_css_blurb_image_phone=\u00bbmargin-left:auto;||margin-right: auto;||display:inline-block;||vertical-align:top;||margin-bottom:0;\u00bb custom_css_blurb_title_tablet=\u00bbmargin-top:20px;|| \u00bb custom_css_blurb_title_phone=\u00bbmargin-top:20px;|| \u00ab][\/et_pb_blurb][\/et_pb_column][et_pb_column type=\u00bb1_5&#8243; _builder_version=\u00bb4.9.7&#8243; _module_preset=\u00bbdefault\u00bb global_colors_info=\u00bb{}\u00bb][et_pb_blurb title=\u00bbTortelli sulla lastra\u00bb url=\u00bbhttps:\/\/fumaiolo.com\/es\/tortelli-sulla-lastra\/\u00bb image=\u00bbhttps:\/\/fumaiolo.com\/wp-content\/uploads\/2021\/07\/tortello-sulla-lastra.png\u00bb icon_placement=\u00bbleft\u00bb image_max_width=\u00bb60px\u00bb title_tablet=\u00bbTORTELLI SULLA LASTRA\u00bb title_phone=\u00bb \u00bb title_last_edited=\u00bbon|tablet\u00bb icon_placement_tablet=\u00bbtop\u00bb icon_placement_phone=\u00bb\u00bb icon_placement_last_edited=\u00bbon|tablet\u00bb image_max_width_tablet=\u00bb\u00bb image_max_width_phone=\u00bb\u00bb image_max_width_last_edited=\u00bbon|phone\u00bb _builder_version=\u00bb4.10.7&#8243; _module_preset=\u00bbdefault\u00bb header_font=\u00bb|600|||||||\u00bb header_font_size=\u00bb16px\u00bb body_font=\u00bb|||on|||||\u00bb module_alignment=\u00bbcenter\u00bb custom_margin=\u00bb|25px|||false|false\u00bb custom_margin_tablet=\u00bb|0px|||false|false\u00bb custom_margin_phone=\u00bb15px||||false|false\u00bb custom_margin_last_edited=\u00bbon|phone\u00bb link_option_url=\u00bbhttps:\/\/fumaiolo.com\/es\/tortelli-sulla-lastra\/\u00bb header_text_align_tablet=\u00bbcenter\u00bb header_text_align_phone=\u00bb\u00bb header_text_align_last_edited=\u00bbon|tablet\u00bb body_text_align_tablet=\u00bbcenter\u00bb body_text_align_phone=\u00bb\u00bb body_text_align_last_edited=\u00bbon|tablet\u00bb text_orientation_tablet=\u00bbcenter\u00bb text_orientation_phone=\u00bb\u00bb text_orientation_last_edited=\u00bbon|tablet\u00bb module_alignment_tablet=\u00bbcenter\u00bb module_alignment_phone=\u00bb\u00bb module_alignment_last_edited=\u00bbon|tablet\u00bb custom_css_blurb_image=\u00bbmargin-left:auto;||margin-right: auto;||\u00bb custom_css_blurb_title=\u00bbmargin-top:18px;\u00bb global_colors_info=\u00bb{}\u00bb custom_css_blurb_title_last_edited=\u00bbon|tablet\u00bb custom_css_blurb_image_last_edited=\u00bbon|tablet\u00bb custom_css_blurb_image_tablet=\u00bbmargin-left:auto;||margin-right: auto;||display:inline-block;||vertical-align:top;||margin-bottom:0;\u00bb custom_css_blurb_title_tablet=\u00bbmargin-top:18px;\u00bb custom_css_blurb_title_phone=\u00bbmargin-top:18px;\u00bb custom_css_blurb_image_phone=\u00bbmargin-left:auto;||margin-right: auto;||display:inline-block;||vertical-align:top;||margin-bottom:0;\u00bb][\/et_pb_blurb][\/et_pb_column][et_pb_column type=\u00bb1_5&#8243; _builder_version=\u00bb4.9.7&#8243; _module_preset=\u00bbdefault\u00bb global_colors_info=\u00bb{}\u00bb][et_pb_blurb title=\u00bbLas salsas\u00bb url=\u00bbhttps:\/\/fumaiolo.com\/es\/las-salsas\/\u00bb image=\u00bbhttps:\/\/fumaiolo.com\/wp-content\/uploads\/2021\/07\/sughi.png\u00bb icon_placement=\u00bbleft\u00bb image_max_width=\u00bb46px\u00bb title_tablet=\u00bbLas salsas\u00bb title_phone=\u00bb \u00bb title_last_edited=\u00bbon|tablet\u00bb icon_placement_tablet=\u00bbtop\u00bb icon_placement_phone=\u00bb\u00bb icon_placement_last_edited=\u00bbon|tablet\u00bb image_max_width_tablet=\u00bb\u00bb image_max_width_phone=\u00bb\u00bb image_max_width_last_edited=\u00bbon|phone\u00bb _builder_version=\u00bb4.10.7&#8243; _module_preset=\u00bbdefault\u00bb header_font=\u00bb|600|||||||\u00bb header_font_size=\u00bb16px\u00bb body_font=\u00bb|||on|||||\u00bb module_alignment=\u00bbcenter\u00bb custom_margin_tablet=\u00bb\u00bb custom_margin_phone=\u00bb15px||||false|false\u00bb custom_margin_last_edited=\u00bbon|phone\u00bb link_option_url=\u00bbhttps:\/\/fumaiolo.com\/es\/las-salsas\/\u00bb header_text_align_tablet=\u00bbcenter\u00bb header_text_align_phone=\u00bb\u00bb header_text_align_last_edited=\u00bbon|tablet\u00bb body_text_align_tablet=\u00bbcenter\u00bb body_text_align_phone=\u00bb\u00bb body_text_align_last_edited=\u00bbon|tablet\u00bb text_orientation_tablet=\u00bbcenter\u00bb text_orientation_phone=\u00bb\u00bb text_orientation_last_edited=\u00bbon|tablet\u00bb module_alignment_tablet=\u00bbcenter\u00bb module_alignment_phone=\u00bb\u00bb module_alignment_last_edited=\u00bbon|tablet\u00bb custom_css_blurb_image=\u00bbmargin-left:auto;||margin-right: auto;||\u00bb custom_css_blurb_title=\u00bbmargin-top:20px\u00bb global_colors_info=\u00bb{}\u00bb custom_css_blurb_title_last_edited=\u00bbon|tablet\u00bb custom_css_blurb_title_tablet=\u00bbmargin-top:18px\u00bb custom_css_blurb_image_last_edited=\u00bbon|tablet\u00bb custom_css_blurb_image_tablet=\u00bbmargin-left:auto;||margin-right: auto;||display:inline-block;||vertical-align:top;||margin-bottom: 0;\u00bb custom_css_blurb_title_phone=\u00bbmargin-top:18px\u00bb custom_css_blurb_image_phone=\u00bbmargin-left:auto;||margin-right: auto;||display:inline-block;||vertical-align:top;||margin-bottom: 0;\u00bb][\/et_pb_blurb][\/et_pb_column][et_pb_column type=\u00bb1_5&#8243; _builder_version=\u00bb4.9.7&#8243; _module_preset=\u00bbdefault\u00bb global_colors_info=\u00bb{}\u00bb][et_pb_blurb title=\u00bbConservas\u00bb url=\u00bbhttps:\/\/fumaiolo.com\/es\/conservas\/\u00bb image=\u00bbhttps:\/\/fumaiolo.com\/wp-content\/uploads\/2021\/07\/sottoli.png\u00bb icon_placement=\u00bbleft\u00bb image_max_width=\u00bb44px\u00bb title_tablet=\u00bbConservas\u00bb title_phone=\u00bb \u00bb title_last_edited=\u00bbon|tablet\u00bb icon_placement_tablet=\u00bbtop\u00bb icon_placement_phone=\u00bb\u00bb icon_placement_last_edited=\u00bbon|tablet\u00bb image_max_width_tablet=\u00bb\u00bb image_max_width_phone=\u00bb\u00bb image_max_width_last_edited=\u00bbon|phone\u00bb _builder_version=\u00bb4.10.7&#8243; _module_preset=\u00bbdefault\u00bb header_font=\u00bb|600|||||||\u00bb header_font_size=\u00bb16px\u00bb body_font=\u00bb|||on|||||\u00bb module_alignment=\u00bbcenter\u00bb custom_margin_tablet=\u00bb\u00bb custom_margin_phone=\u00bb15px||||false|false\u00bb custom_margin_last_edited=\u00bbon|phone\u00bb link_option_url=\u00bbhttps:\/\/fumaiolo.com\/es\/conservas\/\u00bb header_text_align_tablet=\u00bbcenter\u00bb header_text_align_phone=\u00bb\u00bb header_text_align_last_edited=\u00bbon|tablet\u00bb body_text_align_tablet=\u00bbcenter\u00bb body_text_align_phone=\u00bb\u00bb body_text_align_last_edited=\u00bbon|tablet\u00bb text_orientation_tablet=\u00bbcenter\u00bb text_orientation_phone=\u00bb\u00bb text_orientation_last_edited=\u00bbon|tablet\u00bb module_alignment_tablet=\u00bbcenter\u00bb module_alignment_phone=\u00bb\u00bb module_alignment_last_edited=\u00bbon|tablet\u00bb custom_css_blurb_image=\u00bbmargin-left:auto;||margin-right: auto;||\u00bb custom_css_blurb_title=\u00bbmargin-top:20px\u00bb global_colors_info=\u00bb{}\u00bb custom_css_blurb_image_last_edited=\u00bbon|tablet\u00bb custom_css_blurb_image_tablet=\u00bbmargin-left:auto;||margin-right: auto;||display:inline-block;||vertical-align:top;||margin-bottom:0&#8243; custom_css_blurb_title_last_edited=\u00bbon|tablet\u00bb custom_css_blurb_title_tablet=\u00bbmargin-top:18px\u00bb custom_css_blurb_image_phone=\u00bbmargin-left:auto;||margin-right: auto;||display:inline-block;||vertical-align:top;||margin-bottom:0&#8243; custom_css_blurb_title_phone=\u00bbmargin-top:18px\u00bb][\/et_pb_blurb][\/et_pb_column][\/et_pb_row][\/et_pb_section][et_pb_section fb_built=\u00bb1&#8243; _builder_version=\u00bb4.9.7&#8243; _module_preset=\u00bbdefault\u00bb global_colors_info=\u00bb{}\u00bb][et_pb_row column_structure=\u00bb1_5,3_5,1_5&#8243; use_custom_gutter=\u00bbon\u00bb gutter_width=\u00bb2&#8243; custom_padding_last_edited=\u00bbon|tablet\u00bb _builder_version=\u00bb4.9.10&#8243; _module_preset=\u00bbdefault\u00bb width=\u00bb90%\u00bb max_width=\u00bb1200px\u00bb module_alignment=\u00bbcenter\u00bb custom_margin=\u00bb||||false|false\u00bb custom_margin_tablet=\u00bb||||false|false\u00bb custom_margin_phone=\u00bb\u00bb custom_margin_last_edited=\u00bbon|tablet\u00bb custom_padding=\u00bb|||20px|false|false\u00bb custom_padding_tablet=\u00bb|||0px|false|false\u00bb custom_padding_phone=\u00bb\u00bb locked=\u00bboff\u00bb global_colors_info=\u00bb{}\u00bb custom_css_main_element_last_edited=\u00bbon|tablet\u00bb custom_css_main_element_tablet=\u00bbdisplay:flex;||position:relative;\u00bb custom_css_main_element_phone=\u00bb ||\u00bb][et_pb_column type=\u00bb1_5&#8243; disabled_on=\u00bboff|on|off\u00bb _builder_version=\u00bb4.9.10&#8243; _module_preset=\u00bbdefault\u00bb scroll_blur=\u00bb0|40|60|84|10px|0px|1px\u00bb global_colors_info=\u00bb{}\u00bb][et_pb_image src=\u00bbhttps:\/\/fumaiolo.com\/wp-content\/uploads\/2021\/07\/tortello-sulla-lastra.png\u00bb title_text=\u00bbtortello sulla lastra\u00bb align=\u00bbcenter\u00bb align_tablet=\u00bbcenter\u00bb align_phone=\u00bbcenter\u00bb align_last_edited=\u00bbon|phone\u00bb module_class=\u00bbpasta\u00bb _builder_version=\u00bb4.11.4&#8243; _module_preset=\u00bbdefault\u00bb height=\u00bb73px\u00bb custom_margin=\u00bb-15px|||-200px|false|false\u00bb custom_margin_tablet=\u00bb-15px||30px|0px|false|false\u00bb custom_margin_phone=\u00bb\u00bb custom_margin_last_edited=\u00bbon|tablet\u00bb scroll_vertical_motion=\u00bb0|63|63|100|1|0|-1&#8243; scroll_fade=\u00bb23|71|100|100|0|100|0%\u00bb scroll_scaling=\u00bb0|66|100|100|30%|100|30%\u00bb global_colors_info=\u00bb{}\u00bb][\/et_pb_image][\/et_pb_column][et_pb_column type=\u00bb3_5&#8243; _builder_version=\u00bb4.9.7&#8243; _module_preset=\u00bbdefault\u00bb global_colors_info=\u00bb{}\u00bb][et_pb_text content_tablet=\u00bb<\/p>\n<p>TORTELLI<\/p>\n<p>        \u00bb content_phone=\u00bb<\/p>\n<p>TORTELLI<\/p>\n<p>        \u00bb content_last_edited=\u00bboff|desktop\u00bb _builder_version=\u00bb4.11.4&#8243; _module_preset=\u00bbdefault\u00bb text_font=\u00bb|800|||||||\u00bb text_text_color=\u00bb#f9bb2d\u00bb text_font_size=\u00bb43px\u00bb text_line_height=\u00bb1em\u00bb header_font=\u00bb|800|||||||\u00bb header_text_align=\u00bbleft\u00bb background_color=\u00bb#FFFFFF\u00bb module_alignment=\u00bbleft\u00bb custom_margin=\u00bb5px|||-150px|false|false\u00bb custom_margin_tablet=\u00bb-30px|||0px|false|false\u00bb custom_margin_phone=\u00bb|0px||0px|false|false\u00bb custom_margin_last_edited=\u00bbon|tablet\u00bb custom_padding=\u00bb0px||0px||false|false\u00bb custom_padding_tablet=\u00bb0px||0px||false|false\u00bb custom_padding_phone=\u00bb||||false|false\u00bb custom_padding_last_edited=\u00bbon|tablet\u00bb mix_blend_mode=\u00bbluminosity\u00bb scroll_blur=\u00bb0|41|100|100|10px|0px|3px\u00bb text_text_color_tablet=\u00bb#f9bb2d\u00bb text_text_color_phone=\u00bb#f9bb2d\u00bb text_text_color_last_edited=\u00bbon|desktop\u00bb text_font_size_tablet=\u00bb\u00bb text_font_size_phone=\u00bb40px\u00bb text_font_size_last_edited=\u00bbon|phone\u00bb text_letter_spacing_tablet=\u00bb0px\u00bb text_letter_spacing_phone=\u00bb-3px\u00bb text_letter_spacing_last_edited=\u00bbon|phone\u00bb header_text_align_tablet=\u00bb\u00bb header_text_align_phone=\u00bbcenter\u00bb header_text_align_last_edited=\u00bbon|phone\u00bb text_orientation_tablet=\u00bbcenter\u00bb text_orientation_phone=\u00bbcenter\u00bb text_orientation_last_edited=\u00bbon|phone\u00bb module_alignment_tablet=\u00bb\u00bb module_alignment_phone=\u00bbcenter\u00bb module_alignment_last_edited=\u00bbon|phone\u00bb global_colors_info=\u00bb{}\u00bb custom_css_main_element_last_edited=\u00bbon|phone\u00bb custom_css_main_element_tablet=\u00bbtext-align:left;\u00bb custom_css_main_element_phone=\u00bb-||\u00bb]<\/p>\n<p>TORTELLI SULLA LASTRA<\/p>\n<p>[\/et_pb_text][\/et_pb_column][et_pb_column type=\u00bb1_5&#8243; disabled_on=\u00bboff|on|off\u00bb _builder_version=\u00bb4.9.10&#8243; _module_preset=\u00bbdefault\u00bb global_colors_info=\u00bb{}\u00bb][\/et_pb_column][\/et_pb_row][et_pb_row _builder_version=\u00bb4.11.4&#8243; _module_preset=\u00bbdefault\u00bb global_colors_info=\u00bb{}\u00bb][et_pb_column type=\u00bb4_4&#8243; _builder_version=\u00bb4.11.4&#8243; _module_preset=\u00bbdefault\u00bb global_colors_info=\u00bb{}\u00bb][et_pb_text _builder_version=\u00bb4.11.4&#8243; _module_preset=\u00bbdefault\u00bb header_3_font=\u00bb|800||on|||||\u00bb global_colors_info=\u00bb{}\u00bb]<\/p>\n<p>Cultura, tradici\u00f3n, sencillez: estas son las caracter\u00edsticas que distinguen a los tortelli de la losa de Fumaiolo.<br \/>Dos capas de pasteler\u00eda elaboradas con unos pocos ingredientes sencillos encierran suaves \u00abcompensaciones\u00bb con los sabores t\u00edpicos de Roma\u00f1a.<br \/>Rellenos de patatas, espinacas, queso o setas, los tortelli destacan por su practicidad y flexibilidad.<br \/>El origen antiguo de su nombre proviene de la \u00ablosa\u00bb, la piedra refractaria en la que se cocinaban, un instrumento utilizado principalmente por los pueblos n\u00f3madas.<br \/>De hecho, seg\u00fan los documentos antiguos \u00abfue importada por las poblaciones b\u00e1rbaras procedentes de Oriente tras la ca\u00edda del Imperio Romano\u00bb.<\/p>\n<h3><\/h3>\n<h3><\/h3>\n<h3>IDEAL COMO APERITIVO O TENTEMPI\u00c9<\/h3>\n<p>Que vous ayez envie d&#8217;un plat principal, d&#8217;un en-cas ou d&#8217;un ap\u00e9ritif savoureux, les tortelli sulla lastra sont parfaits en toute occasion et \u00e0 tout moment de la journ\u00e9e.<br \/>Une suggestion pour une version originale et savoureuse? En plus de la cuisson classique sur la dalle, essayez la version po\u00eal\u00e9e! Plongez les tortelli dans une bonne quantit\u00e9 d&#8217;huile chaude et laissez-vous emporter par leur go\u00fbt inimitable.<\/p>\n<p>[\/et_pb_text][\/et_pb_column][\/et_pb_row][et_pb_row use_custom_gutter=\u00bbon\u00bb gutter_width=\u00bb2&#8243; module_class=\u00bbquattrocolonne\u00bb _builder_version=\u00bb4.9.10&#8243; _module_preset=\u00bbdefault\u00bb width=\u00bb90%\u00bb max_width=\u00bb1200px\u00bb custom_margin_tablet=\u00bb\u00bb custom_margin_phone=\u00bb-100px||||false|false\u00bb custom_margin_last_edited=\u00bbon|phone\u00bb custom_padding=\u00bb0px||||false|false\u00bb global_colors_info=\u00bb{}\u00bb][et_pb_column type=\u00bb4_4&#8243; _builder_version=\u00bb4.9.7&#8243; _module_preset=\u00bbdefault\u00bb global_colors_info=\u00bb{}\u00bb][et_pb_shop type=\u00bbproduct_category\u00bb include_categories=\u00bb36&#8243; icon_hover_color=\u00bbRGBA(0,0,0,0)\u00bb hover_overlay_color=\u00bbrgba(255,255,255,0.17)\u00bb _builder_version=\u00bb4.10.7&#8243; _module_preset=\u00bbdefault\u00bb title_font=\u00bb|700||on|||||\u00bb title_text_align=\u00bbcenter\u00bb border_color_all_image=\u00bb#FFFFFF\u00bb global_colors_info=\u00bb{}\u00bb][\/et_pb_shop][\/et_pb_column][\/et_pb_row][\/et_pb_section]<\/p>\n","protected":false},"excerpt":{"rendered":"<p>Manjar t\u00edpico del Alto Valle del Savio, los Tortelli sulla Lastra Fumaiolo son fragantes y suaves rellenos encerrados entre dos finas capas de hojaldre, para una comida completa, sana y genuina. Tambi\u00e9n son perfectos como aperitivos. TORTELLI SULLA LASTRACultura, tradici\u00f3n, sencillez: estas son las caracter\u00edsticas que distinguen a los tortelli de la losa de Fumaiolo.Dos [&hellip;]<\/p>\n","protected":false},"author":3,"featured_media":0,"parent":0,"menu_order":0,"comment_status":"closed","ping_status":"closed","template":"","meta":{"_et_pb_use_builder":"on","_et_pb_old_content":"","_et_gb_content_width":"","wp_mapbox_gl_js_media":[],"footnotes":""},"class_list":["post-248538","page","type-page","status-publish","hentry"],"acf":[],"_links":{"self":[{"href":"https:\/\/fumaiolo.com\/es\/wp-json\/wp\/v2\/pages\/248538","targetHints":{"allow":["GET"]}}],"collection":[{"href":"https:\/\/fumaiolo.com\/es\/wp-json\/wp\/v2\/pages"}],"about":[{"href":"https:\/\/fumaiolo.com\/es\/wp-json\/wp\/v2\/types\/page"}],"author":[{"embeddable":true,"href":"https:\/\/fumaiolo.com\/es\/wp-json\/wp\/v2\/users\/3"}],"replies":[{"embeddable":true,"href":"https:\/\/fumaiolo.com\/es\/wp-json\/wp\/v2\/comments?post=248538"}],"version-history":[{"count":9,"href":"https:\/\/fumaiolo.com\/es\/wp-json\/wp\/v2\/pages\/248538\/revisions"}],"predecessor-version":[{"id":253456,"href":"https:\/\/fumaiolo.com\/es\/wp-json\/wp\/v2\/pages\/248538\/revisions\/253456"}],"wp:attachment":[{"href":"https:\/\/fumaiolo.com\/es\/wp-json\/wp\/v2\/media?parent=248538"}],"curies":[{"name":"wp","href":"https:\/\/api.w.org\/{rel}","templated":true}]}}