{"id":248504,"date":"2021-09-16T11:43:11","date_gmt":"2021-09-16T09:43:11","guid":{"rendered":"https:\/\/fumaiolo.com\/territorio-es\/"},"modified":"2021-11-12T17:33:29","modified_gmt":"2021-11-12T16:33:29","slug":"territorio","status":"publish","type":"page","link":"https:\/\/fumaiolo.com\/es\/territorio\/","title":{"rendered":"TERRITORIO"},"content":{"rendered":"<p>[et_pb_section fb_built=\u00bb1&#8243; fullwidth=\u00bbon\u00bb _builder_version=\u00bb4.9.10&#8243; _module_preset=\u00bbdefault\u00bb positioning=\u00bbnone\u00bb overflow-x=\u00bbvisible\u00bb overflow-y=\u00bbvisible\u00bb custom_margin=\u00bb-80px||||false|false\u00bb locked=\u00bboff\u00bb global_colors_info=\u00bb{}\u00bb][et_pb_fullwidth_slider _builder_version=\u00bb4.11.2&#8243; _module_preset=\u00bbdefault\u00bb header_level=\u00bbh1&#8243; header_font=\u00bb|800||on|||||\u00bb header_text_align=\u00bbleft\u00bb header_font_size=\u00bb4vw\u00bb body_font=\u00bb|700|||||||\u00bb body_text_align=\u00bbleft\u00bb body_font_size=\u00bb20px\u00bb body_line_height=\u00bb1.5em\u00bb button_alignment=\u00bbleft\u00bb hover_enabled=\u00bb0&#8243; locked=\u00bboff\u00bb global_colors_info=\u00bb{}\u00bb sticky_enabled=\u00bb0&#8243;][et_pb_slide heading=\u00bbTERRITORIO\u00bb use_bg_overlay=\u00bbon\u00bb bg_overlay_color=\u00bbrgba(0,0,0,0.2)\u00bb alignment=\u00bbbottom\u00bb _builder_version=\u00bb4.11.2&#8243; _module_preset=\u00bbdefault\u00bb header_font_size=\u00bb80px\u00bb header_letter_spacing=\u00bb0px\u00bb background_color=\u00bbRGBA(0,0,0,0)\u00bb background_enable_color=\u00bbon\u00bb background_image=\u00bbhttps:\/\/fumaiolo.com\/wp-content\/uploads\/2021\/07\/Fumaiolo-pasta-fresca-surgelata-territorio-2.jpg\u00bb background_enable_image=\u00bbon\u00bb custom_padding_tablet=\u00bb130px||||false|false\u00bb custom_padding_phone=\u00bb140px||||false|false\u00bb custom_padding_last_edited=\u00bbon|tablet\u00bb hover_enabled=\u00bb0&#8243; header_font_size_tablet=\u00bb\u00bb header_font_size_phone=\u00bb40px\u00bb header_font_size_last_edited=\u00bbon|phone\u00bb locked=\u00bboff\u00bb global_colors_info=\u00bb{}\u00bb sticky_transition=\u00bbon\u00bb sticky_enabled=\u00bb0&#8243;]<\/p>\n<p><span>La empresa se encuentra en Alfero, un t\u00edpico pueblo de los Apeninos toscano-roma\u00f1oles, a 700 m sobre el nivel del mar.<\/span><\/p>\n<p>El nombre Fumaiolo no fue elegido al azar, de hecho rinde homenaje a la monta\u00f1a hom\u00f3nima, s\u00edmbolo del Valle del Savio, situada cerca de la planta, y al hermoso paisaje que la acoge.<\/p>\n<p>[\/et_pb_slide][\/et_pb_fullwidth_slider][\/et_pb_section][et_pb_section fb_built=\u00bb1&#8243; _builder_version=\u00bb4.9.9&#8243; _module_preset=\u00bbdefault\u00bb global_colors_info=\u00bb{}\u00bb][et_pb_row make_equal=\u00bbon\u00bb _builder_version=\u00bb4.9.10&#8243; _module_preset=\u00bbdefault\u00bb width=\u00bb90%\u00bb max_width=\u00bb1200px\u00bb custom_margin=\u00bb20px||||false|false\u00bb locked=\u00bboff\u00bb global_colors_info=\u00bb{}\u00bb][et_pb_column type=\u00bb4_4&#8243; _builder_version=\u00bb4.9.9&#8243; _module_preset=\u00bbdefault\u00bb custom_css_main_element=\u00bbmargin:auto;\u00bb global_colors_info=\u00bb{}\u00bb][et_pb_text _builder_version=\u00bb4.10.8&#8243; _module_preset=\u00bbdefault\u00bb header_font=\u00bb|800||on|||||\u00bb header_text_align=\u00bbcenter\u00bb header_font_size=\u00bb40px\u00bb header_2_font=\u00bb|800||on|||||\u00bb text_orientation=\u00bbcenter\u00bb header_2_text_align_tablet=\u00bb\u00bb header_2_text_align_phone=\u00bbleft\u00bb header_2_text_align_last_edited=\u00bbon|phone\u00bb text_orientation_tablet=\u00bb\u00bb text_orientation_phone=\u00bbleft\u00bb text_orientation_last_edited=\u00bbon|phone\u00bb locked=\u00bboff\u00bb global_colors_info=\u00bb{}\u00bb]<\/p>\n<h2 class=\"olivier\">UN LAZO INQUEBRANTABLE<\/h2>\n<p><span>\u00bfEligi\u00f3 Fumaiolo el fr\u00edo, o el fr\u00edo eligi\u00f3 a Fumaiolo? El aire puro del valle, los aromas del bosque, las aguas claras del cercano arroyo Alferello&#8230; cada elemento natural contribuye a dar a los productos de la explotaci\u00f3n la frescura y la autenticidad que siempre los han caracterizado. <\/span><\/p>\n<p>[\/et_pb_text][\/et_pb_column][\/et_pb_row][et_pb_row column_structure=\u00bb1_2,1_2&#8243; use_custom_gutter=\u00bbon\u00bb gutter_width=\u00bb2&#8243; make_equal=\u00bbon\u00bb _builder_version=\u00bb4.9.10&#8243; _module_preset=\u00bbdefault\u00bb width=\u00bb90%\u00bb max_width=\u00bb1200px\u00bb custom_margin=\u00bb||-225px||false|false\u00bb custom_css_main_element=\u00bbdisplay:flex;\u00bb locked=\u00bboff\u00bb global_colors_info=\u00bb{}\u00bb custom_css_main_element_last_edited=\u00bbon|tablet\u00bb custom_css_main_element_phone=\u00bbdisplay:block !important;\u00bb][et_pb_column type=\u00bb1_2&#8243; _builder_version=\u00bb4.9.10&#8243; _module_preset=\u00bbdefault\u00bb global_colors_info=\u00bb{}\u00bb][et_pb_cta title=\u00bbLA EMPRESA\u00bb button_url=\u00bbhttps:\/\/fumaiolo.com\/es\/quienes-somos\/\u00bb button_text=\u00bbFUMAIOLO\u00bb _builder_version=\u00bb4.10.8&#8243; _module_preset=\u00bbdefault\u00bb header_font=\u00bb|800||on|||||\u00bb header_text_color=\u00bb#FFFFFF\u00bb background_color=\u00bbrgba(0,0,0,0.4)\u00bb background_image=\u00bbhttps:\/\/fumaiolo.com\/wp-content\/uploads\/2021\/08\/Fumaiolo-news-solstenibilita-2-1.jpg\u00bb background_position=\u00bbtop_center\u00bb background_blend=\u00bbmultiply\u00bb text_orientation=\u00bbleft\u00bb module_alignment=\u00bbleft\u00bb min_height=\u00bb300px\u00bb custom_margin=\u00bb||||false|false\u00bb custom_margin_tablet=\u00bb|||10px|false|false\u00bb custom_margin_phone=\u00bb|||0px|false|false\u00bb custom_margin_last_edited=\u00bbon|phone\u00bb link_option_url=\u00bb\/azienda\/\u00bb border_radii=\u00bbon|8px|8px|8px|8px\u00bb locked=\u00bboff\u00bb global_colors_info=\u00bb{}\u00bb background__hover_enabled=\u00bbon|hover\u00bb background_color__hover=\u00bbrgba(0,0,0,0.6)\u00bb background_enable_color__hover=\u00bbon\u00bb]<\/p>\n<div>\n<p>Inmerso en el verdor de los Apeninos de la Toscana-Roma\u00f1a para ofrecerle productos elaborados con el agua y el aire m\u00e1s puros.<\/p>\n<\/div>\n<p>[\/et_pb_cta][\/et_pb_column][et_pb_column type=\u00bb1_2&#8243; _builder_version=\u00bb4.9.9&#8243; _module_preset=\u00bbdefault\u00bb global_colors_info=\u00bb{}\u00bb][et_pb_cta title=\u00bbC\u00d3MO LO HACEMOS\u00bb button_url=\u00bbhttps:\/\/fumaiolo.com\/es\/come-lo-facciamo\/\u00bb button_text=\u00bbNUESTROS VALORES\u00bb _builder_version=\u00bb4.10.8&#8243; _module_preset=\u00bbdefault\u00bb header_font=\u00bb|800||on|||||\u00bb header_text_color=\u00bb#FFFFFF\u00bb background_color=\u00bbrgba(0,0,0,0.4)\u00bb background_image=\u00bbhttps:\/\/fumaiolo.com\/wp-content\/uploads\/2021\/09\/ingredienti.jpg\u00bb background_position=\u00bbtop_center\u00bb background_blend=\u00bbmultiply\u00bb text_orientation=\u00bbleft\u00bb module_alignment=\u00bbleft\u00bb min_height=\u00bb300px\u00bb custom_margin=\u00bb||||false|false\u00bb custom_margin_tablet=\u00bb|||10px|false|false\u00bb custom_margin_phone=\u00bb|||0px|false|false\u00bb custom_margin_last_edited=\u00bbon|phone\u00bb link_option_url=\u00bb\/come-lo-facciamo\u00bb border_radii=\u00bbon|8px|8px|8px|8px\u00bb locked=\u00bboff\u00bb global_colors_info=\u00bb{}\u00bb background__hover_enabled=\u00bbon|hover\u00bb background_color__hover=\u00bbrgba(0,0,0,0.6)\u00bb background_enable_color__hover=\u00bbon\u00bb]<\/p>\n<p class=\"et_pb_module_header\"><span style=\"font-size: 16px\">Descubra nuestro compromiso con la b\u00fasqueda de las mejores materias primas italianas, la investigaci\u00f3n y la seguridad de los productos.<\/span><\/p>\n<p>[\/et_pb_cta][\/et_pb_column][\/et_pb_row][\/et_pb_section][et_pb_section fb_built=\u00bb1&#8243; _builder_version=\u00bb4.9.9&#8243; _module_preset=\u00bbdefault\u00bb background_enable_color=\u00bboff\u00bb use_background_color_gradient=\u00bbon\u00bb background_color_gradient_start=\u00bb#f9f9f9&#8243; background_color_gradient_end=\u00bbrgba(255,255,255,0)\u00bb custom_margin=\u00bb||||false|false\u00bb custom_padding=\u00bb200px||||false|false\u00bb global_colors_info=\u00bb{}\u00bb][et_pb_row column_structure=\u00bb1_3,1_3,1_3&#8243; use_custom_gutter=\u00bbon\u00bb make_equal=\u00bbon\u00bb _builder_version=\u00bb4.9.10&#8243; _module_preset=\u00bbdefault\u00bb width=\u00bb90%\u00bb width_tablet=\u00bb\u00bb width_phone=\u00bb100%\u00bb width_last_edited=\u00bbon|phone\u00bb max_width=\u00bb1200px\u00bb max_width_tablet=\u00bb\u00bb max_width_phone=\u00bb2560%\u00bb max_width_last_edited=\u00bbon|phone\u00bb module_alignment=\u00bbcenter\u00bb custom_margin=\u00bb-20px||||false|false\u00bb custom_margin_tablet=\u00bb-40px||||false|false\u00bb custom_margin_phone=\u00bb||||false|false\u00bb custom_margin_last_edited=\u00bbon|tablet\u00bb custom_padding=\u00bb||||false|false\u00bb module_alignment_tablet=\u00bb\u00bb module_alignment_phone=\u00bbcenter\u00bb module_alignment_last_edited=\u00bbon|phone\u00bb custom_css_main_element=\u00bbdisplay:flex;\u00bb global_colors_info=\u00bb{}\u00bb custom_css_main_element_last_edited=\u00bbon|tablet\u00bb custom_css_main_element_tablet=\u00bbdisplay:flex;\u00bb custom_css_main_element_phone=\u00bbdisplay:block;||width:100% !important;\u00bb][et_pb_column type=\u00bb1_3&#8243; _builder_version=\u00bb4.9.10&#8243; _module_preset=\u00bbdefault\u00bb custom_padding=\u00bb|10px|||false|false\u00bb global_colors_info=\u00bb{}\u00bb][et_pb_blurb title=\u00bb700 METROS DE ALTITUD\u00bb image=\u00bbhttps:\/\/fumaiolo.com\/wp-content\/uploads\/2021\/10\/metri-altezza.png\u00bb _builder_version=\u00bb4.10.8&#8243; _module_preset=\u00bbdefault\u00bb header_font=\u00bb|700|||||||\u00bb header_font_size=\u00bb18px\u00bb text_orientation=\u00bbcenter\u00bb custom_css_blurb_image=\u00bbwidth: 40%;\u00bb global_colors_info=\u00bb{}\u00bb]<\/p>\n<p><span>La zona goza de un microclima especial, fresco y seco.<\/span><\/p>\n<p>[\/et_pb_blurb][\/et_pb_column][et_pb_column type=\u00bb1_3&#8243; _builder_version=\u00bb4.9.10&#8243; _module_preset=\u00bbdefault\u00bb custom_padding=\u00bb|5px||5px|false|false\u00bb global_colors_info=\u00bb{}\u00bb][et_pb_blurb title=\u00bbNATURALEZA Y BIODIVERSIDAD\u00bb image=\u00bbhttps:\/\/fumaiolo.com\/wp-content\/uploads\/2021\/10\/biodiversita\u0300.png\u00bb _builder_version=\u00bb4.10.8&#8243; _module_preset=\u00bbdefault\u00bb header_font=\u00bb|700|||||||\u00bb header_font_size=\u00bb18px\u00bb text_orientation=\u00bbcenter\u00bb custom_css_blurb_image=\u00bbwidth:38%;\u00bb global_colors_info=\u00bb{}\u00bb]<\/p>\n<p><span>La flora es muy variada, desde los bosques de carpes hasta los de hayas. <\/span><\/p>\n<p>[\/et_pb_blurb][\/et_pb_column][et_pb_column type=\u00bb1_3&#8243; _builder_version=\u00bb4.9.10&#8243; _module_preset=\u00bbdefault\u00bb custom_padding=\u00bb|||10px|false|false\u00bb global_colors_info=\u00bb{}\u00bb][et_pb_blurb title=\u00bbAGUA PURA Y CRISTALINA\u00bb image=\u00bbhttps:\/\/fumaiolo.com\/wp-content\/uploads\/2021\/10\/acqua.png\u00bb _builder_version=\u00bb4.10.8&#8243; _module_preset=\u00bbdefault\u00bb header_font=\u00bb|700|||||||\u00bb header_font_size=\u00bb18px\u00bb text_orientation=\u00bbcenter\u00bb custom_css_blurb_image=\u00bbwidth: 36%;\u00bb global_colors_info=\u00bb{}\u00bb]<\/p>\n<p><span>El arroyo Alferello da lugar a la impresionante cascada de la Trucha.<\/span><\/p>\n<p>[\/et_pb_blurb][\/et_pb_column][\/et_pb_row][\/et_pb_section]<\/p>\n","protected":false},"excerpt":{"rendered":"<p>La empresa se encuentra en Alfero, un t\u00edpico pueblo de los Apeninos toscano-roma\u00f1oles, a 700 m sobre el nivel del mar. El nombre Fumaiolo no fue elegido al azar, de hecho rinde homenaje a la monta\u00f1a hom\u00f3nima, s\u00edmbolo del Valle del Savio, situada cerca de la planta, y al hermoso paisaje que la acoge.UN LAZO [&hellip;]<\/p>\n","protected":false},"author":3,"featured_media":0,"parent":0,"menu_order":0,"comment_status":"closed","ping_status":"closed","template":"","meta":{"_et_pb_use_builder":"on","_et_pb_old_content":"","_et_gb_content_width":"","wp_mapbox_gl_js_media":[],"footnotes":""},"class_list":["post-248504","page","type-page","status-publish","hentry"],"acf":[],"_links":{"self":[{"href":"https:\/\/fumaiolo.com\/es\/wp-json\/wp\/v2\/pages\/248504","targetHints":{"allow":["GET"]}}],"collection":[{"href":"https:\/\/fumaiolo.com\/es\/wp-json\/wp\/v2\/pages"}],"about":[{"href":"https:\/\/fumaiolo.com\/es\/wp-json\/wp\/v2\/types\/page"}],"author":[{"embeddable":true,"href":"https:\/\/fumaiolo.com\/es\/wp-json\/wp\/v2\/users\/3"}],"replies":[{"embeddable":true,"href":"https:\/\/fumaiolo.com\/es\/wp-json\/wp\/v2\/comments?post=248504"}],"version-history":[{"count":8,"href":"https:\/\/fumaiolo.com\/es\/wp-json\/wp\/v2\/pages\/248504\/revisions"}],"predecessor-version":[{"id":253420,"href":"https:\/\/fumaiolo.com\/es\/wp-json\/wp\/v2\/pages\/248504\/revisions\/253420"}],"wp:attachment":[{"href":"https:\/\/fumaiolo.com\/es\/wp-json\/wp\/v2\/media?parent=248504"}],"curies":[{"name":"wp","href":"https:\/\/api.w.org\/{rel}","templated":true}]}}