{"id":248304,"date":"2021-09-16T11:36:44","date_gmt":"2021-09-16T09:36:44","guid":{"rendered":"https:\/\/fumaiolo.com\/home-es\/"},"modified":"2021-11-12T17:51:45","modified_gmt":"2021-11-12T16:51:45","slug":"home","status":"publish","type":"page","link":"https:\/\/fumaiolo.com\/es\/","title":{"rendered":"Home ES"},"content":{"rendered":"<p>[et_pb_section fb_built=\u00bb1&#8243; fullwidth=\u00bbon\u00bb _builder_version=\u00bb4.9.7&#8243; _module_preset=\u00bbdefault\u00bb custom_margin=\u00bb-75px||||false|false\u00bb global_colors_info=\u00bb{}\u00bb][et_pb_fullwidth_slider _builder_version=\u00bb4.11.2&#8243; _module_preset=\u00bbdefault\u00bb header_level=\u00bbh1&#8243; header_font=\u00bb|800||on|||||\u00bb header_text_align=\u00bbleft\u00bb header_font_size=\u00bb80px\u00bb body_font=\u00bb|700|||||||\u00bb body_text_align=\u00bbleft\u00bb body_font_size=\u00bb20px\u00bb body_line_height=\u00bb1.5em\u00bb button_alignment=\u00bbleft\u00bb custom_padding_tablet=\u00bb\u00bb custom_padding_phone=\u00bb130px||||false|false\u00bb custom_padding_last_edited=\u00bbon|phone\u00bb auto=\u00bbon\u00bb auto_speed=\u00bb3500&#8243; header_font_size_tablet=\u00bb\u00bb header_font_size_phone=\u00bb20px\u00bb header_font_size_last_edited=\u00bbon|phone\u00bb global_colors_info=\u00bb{}\u00bb][et_pb_slide heading=\u00bbFumaiolo es bueno\u00bb use_bg_overlay=\u00bbon\u00bb bg_overlay_color=\u00bbrgba(0,0,0,0.2)\u00bb _builder_version=\u00bb4.11.2&#8243; _module_preset=\u00bbdefault\u00bb header_font_size=\u00bb80px\u00bb background_color=\u00bbRGBA(0,0,0,0)\u00bb background_enable_color=\u00bbon\u00bb background_image=\u00bbhttps:\/\/fumaiolo.com\/wp-content\/uploads\/2021\/09\/home-fumaiolo-1.jpg\u00bb background_enable_image=\u00bbon\u00bb background_position=\u00bbtop_center\u00bb header_font_size_tablet=\u00bb\u00bb header_font_size_phone=\u00bb40px\u00bb header_font_size_last_edited=\u00bbon|desktop\u00bb global_colors_info=\u00bb{}\u00bb sticky_transition=\u00bbon\u00bb]<\/p>\n<p>Aprobado por la Asociaci\u00f3n de Abuelas Italianas<\/p>\n<p>[\/et_pb_slide][et_pb_slide heading=\u00bbCOLD IS COOL\u00bb button_text=\u00bbFUMAIOLO\u00bb button_link=\u00bbhttps:\/\/fumaiolo.com\/es\/quienes-somos\/\u00bb use_bg_overlay=\u00bbon\u00bb bg_overlay_color=\u00bbrgba(0,0,0,0.2)\u00bb _builder_version=\u00bb4.11.2&#8243; _module_preset=\u00bbdefault\u00bb background_color=\u00bbRGBA(0,0,0,0)\u00bb background_enable_color=\u00bbon\u00bb background_image=\u00bbhttps:\/\/fumaiolo.com\/wp-content\/uploads\/2021\/09\/home-fumaiolo-2.jpg\u00bb background_enable_image=\u00bbon\u00bb background_position=\u00bbbottom_center\u00bb global_colors_info=\u00bb{}\u00bb sticky_transition=\u00bbon\u00bb]<\/p>\n<p>Naturalmente a prueba de abuelas: sin conservantes, s\u00f3lo el fr\u00edo<\/p>\n<p>[\/et_pb_slide][\/et_pb_fullwidth_slider][\/et_pb_section][et_pb_section fb_built=\u00bb1&#8243; _builder_version=\u00bb4.9.7&#8243; _module_preset=\u00bbdefault\u00bb custom_padding=\u00bb||0px|||\u00bb global_colors_info=\u00bb{}\u00bb][et_pb_row _builder_version=\u00bb4.10.6&#8243; _module_preset=\u00bbdefault\u00bb width=\u00bb90%\u00bb max_width=\u00bb900px\u00bb custom_margin=\u00bb20px||40px||false|false\u00bb global_colors_info=\u00bb{}\u00bb][et_pb_column type=\u00bb4_4&#8243; _builder_version=\u00bb4.9.7&#8243; _module_preset=\u00bbdefault\u00bb global_colors_info=\u00bb{}\u00bb][et_pb_text _builder_version=\u00bb4.10.7&#8243; _module_preset=\u00bbdefault\u00bb header_2_font=\u00bb|800||on|||||\u00bb text_orientation=\u00bbcenter\u00bb global_colors_info=\u00bb{}\u00bb]<\/p>\n<h2>REDESCUBRIR EL SABOR DE LA TRADICI\u00d3N<\/h2>\n<p>El Fumaiolo aporta sabores antiguos, ricos e intensos a la mesa.<\/p>\n<p>[\/et_pb_text][et_pb_button button_url=\u00bbhttps:\/\/fumaiolo.com\/es\/los-productos\/\u00bb button_text=\u00bbTODOS LOS PRODUCTOS\u00bb button_alignment=\u00bbcenter\u00bb _builder_version=\u00bb4.9.10&#8243; _module_preset=\u00bbdefault\u00bb global_colors_info=\u00bb{}\u00bb][\/et_pb_button][\/et_pb_column][\/et_pb_row][et_pb_row use_custom_gutter=\u00bbon\u00bb gutter_width=\u00bb2&#8243; _builder_version=\u00bb4.10.6&#8243; _module_preset=\u00bbdefault\u00bb width=\u00bb90%\u00bb max_width=\u00bb1200px\u00bb custom_margin=\u00bb||||false|false\u00bb custom_padding=\u00bb0px||0px||false|false\u00bb global_colors_info=\u00bb{}\u00bb][et_pb_column type=\u00bb4_4&#8243; _builder_version=\u00bb4.9.7&#8243; _module_preset=\u00bbdefault\u00bb global_colors_info=\u00bb{}\u00bb][et_pb_shop type=\u00bbproduct_category\u00bb posts_number=\u00bb4&#8243; include_categories=\u00bb265&#8243; columns_number=\u00bb4&#8243; icon_hover_color=\u00bbRGBA(0,0,0,0)\u00bb hover_overlay_color=\u00bbrgba(255,255,255,0.31)\u00bb _builder_version=\u00bb4.10.6&#8243; _module_preset=\u00bbdefault\u00bb title_font=\u00bb|700||on|||||\u00bb title_text_align=\u00bbcenter\u00bb custom_padding=\u00bb0px||0px||false|false\u00bb custom_css_product=\u00bbborder-radius:0px;\u00bb custom_css_overlay=\u00bbborder-radius:0px;\u00bb border_color_all=\u00bbRGBA(0,0,0,0)\u00bb border_radii_image=\u00bbon|10px|10px|10px|10px\u00bb border_color_all_image=\u00bbrgba(255,255,255,0)\u00bb global_colors_info=\u00bb{}\u00bb][\/et_pb_shop][\/et_pb_column][\/et_pb_row][et_pb_row column_structure=\u00bb1_5,1_5,1_5,1_5,1_5&#8243; use_custom_gutter=\u00bbon\u00bb gutter_width=\u00bb1&#8243; custom_padding_last_edited=\u00bbon|tablet\u00bb module_class=\u00bbcategoria-home\u00bb _builder_version=\u00bb4.10.6&#8243; _module_preset=\u00bbdefault\u00bb background_color=\u00bb#f7f7f7&#8243; width=\u00bb90%\u00bb max_width=\u00bb1200px\u00bb custom_margin=\u00bb15px|auto|8px|auto||\u00bb custom_margin_tablet=\u00bb|||auto|false|false\u00bb custom_margin_phone=\u00bb\u00bb custom_margin_last_edited=\u00bbon|tablet\u00bb custom_padding=\u00bb|||50px|false|false\u00bb custom_padding_tablet=\u00bb|||0px|false|false\u00bb custom_padding_phone=\u00bb20px|20px|0px|20px|false|false\u00bb custom_css_main_element=\u00bbdisplay:flex !important;\u00bb border_radii=\u00bbon|8px|8px|8px|8px\u00bb saved_tabs=\u00bball\u00bb global_colors_info=\u00bb{}\u00bb][et_pb_column type=\u00bb1_5&#8243; _builder_version=\u00bb4.9.10&#8243; _module_preset=\u00bbdefault\u00bb global_colors_info=\u00bb{}\u00bb][et_pb_blurb title=\u00bbLa pasta\u00bb url=\u00bbhttps:\/\/fumaiolo.com\/es\/la-pasta\/\u00bb image=\u00bbhttps:\/\/fumaiolo.com\/wp-content\/uploads\/2021\/07\/tortellino.png\u00bb icon_placement=\u00bbleft\u00bb image_max_width=\u00bb60px\u00bb title_tablet=\u00bbLa pasta\u00bb title_phone=\u00bb \u00bb title_last_edited=\u00bbon|tablet\u00bb icon_placement_tablet=\u00bbtop\u00bb icon_placement_phone=\u00bb\u00bb icon_placement_last_edited=\u00bbon|tablet\u00bb image_max_width_tablet=\u00bb\u00bb image_max_width_phone=\u00bb\u00bb image_max_width_last_edited=\u00bbon|phone\u00bb _builder_version=\u00bb4.10.7&#8243; _module_preset=\u00bbdefault\u00bb header_font=\u00bb|600|||||||\u00bb header_font_size=\u00bb16px\u00bb body_font=\u00bb|||on|||||\u00bb custom_margin_tablet=\u00bb||||false|false\u00bb custom_margin_phone=\u00bb15px||||false|false\u00bb custom_margin_last_edited=\u00bbon|tablet\u00bb custom_padding=\u00bb||||false|false\u00bb link_option_url=\u00bbhttps:\/\/fumaiolo.com\/es\/la-pasta\/\u00bb header_text_align_tablet=\u00bbcenter\u00bb header_text_align_phone=\u00bb\u00bb header_text_align_last_edited=\u00bbon|tablet\u00bb body_text_align_tablet=\u00bbcenter\u00bb body_text_align_phone=\u00bb\u00bb body_text_align_last_edited=\u00bbon|tablet\u00bb text_orientation_tablet=\u00bbcenter\u00bb text_orientation_phone=\u00bb\u00bb text_orientation_last_edited=\u00bbon|tablet\u00bb module_alignment_tablet=\u00bbcenter\u00bb module_alignment_phone=\u00bb\u00bb module_alignment_last_edited=\u00bbon|tablet\u00bb custom_css_blurb_title=\u00bbmargin-top:20px;||\u00bb global_colors_info=\u00bb{}\u00bb custom_css_blurb_title_last_edited=\u00bbon|desktop\u00bb custom_css_blurb_image_last_edited=\u00bbon|phone\u00bb custom_css_blurb_title_tablet=\u00bbmargin-top:-11px\u00bb custom_css_blurb_title_phone=\u00bbmargin-top:-11px\u00bb][\/et_pb_blurb][\/et_pb_column][et_pb_column type=\u00bb1_5&#8243; _builder_version=\u00bb4.9.7&#8243; _module_preset=\u00bbdefault\u00bb global_colors_info=\u00bb{}\u00bb][et_pb_blurb title=\u00bbLa piadina\u00bb url=\u00bbhttps:\/\/fumaiolo.com\/es\/la-piadina\/\u00bb image=\u00bbhttps:\/\/fumaiolo.com\/wp-content\/uploads\/2021\/07\/piadina.png\u00bb icon_placement=\u00bbleft\u00bb image_max_width=\u00bb48px\u00bb title_tablet=\u00bbLA PIADINA\u00bb title_phone=\u00bb \u00bb title_last_edited=\u00bbon|tablet\u00bb icon_placement_tablet=\u00bbtop\u00bb icon_placement_phone=\u00bb\u00bb icon_placement_last_edited=\u00bbon|tablet\u00bb image_max_width_tablet=\u00bb\u00bb image_max_width_phone=\u00bb\u00bb image_max_width_last_edited=\u00bbon|phone\u00bb _builder_version=\u00bb4.10.7&#8243; _module_preset=\u00bbdefault\u00bb header_font=\u00bb|600|||||||\u00bb header_text_align=\u00bbleft\u00bb header_font_size=\u00bb16px\u00bb body_font=\u00bb|||on|||||\u00bb body_text_align=\u00bbleft\u00bb custom_margin_tablet=\u00bb\u00bb custom_margin_phone=\u00bb15px||||false|false\u00bb custom_margin_last_edited=\u00bbon|phone\u00bb link_option_url=\u00bbhttps:\/\/fumaiolo.com\/es\/la-piadina\/\u00bb header_text_align_tablet=\u00bbcenter\u00bb header_text_align_phone=\u00bb\u00bb header_text_align_last_edited=\u00bbon|tablet\u00bb body_text_align_tablet=\u00bbcenter\u00bb body_text_align_phone=\u00bb\u00bb body_text_align_last_edited=\u00bbon|tablet\u00bb text_orientation_tablet=\u00bbcenter\u00bb text_orientation_phone=\u00bb\u00bb text_orientation_last_edited=\u00bbon|tablet\u00bb module_alignment_tablet=\u00bbcenter\u00bb module_alignment_phone=\u00bb\u00bb module_alignment_last_edited=\u00bbon|tablet\u00bb custom_css_blurb_image=\u00bbmargin-left:auto;||margin-right: auto;||\u00bb custom_css_blurb_title=\u00bbmargin-top:20px;|| \u00bb global_colors_info=\u00bb{}\u00bb custom_css_blurb_image_last_edited=\u00bbon|tablet\u00bb custom_css_blurb_image_tablet=\u00bbmargin-left:auto;||margin-right: auto;||display:inline-block;||vertical-align:top;||margin-bottom:0;\u00bb custom_css_blurb_title_last_edited=\u00bbon|desktop\u00bb custom_css_blurb_image_phone=\u00bbmargin-left:auto;||margin-right: auto;||display:inline-block;||vertical-align:top;||margin-bottom:0;\u00bb custom_css_blurb_title_tablet=\u00bbmargin-top:20px;|| \u00bb custom_css_blurb_title_phone=\u00bbmargin-top:20px;|| \u00ab][\/et_pb_blurb][\/et_pb_column][et_pb_column type=\u00bb1_5&#8243; _builder_version=\u00bb4.9.7&#8243; _module_preset=\u00bbdefault\u00bb global_colors_info=\u00bb{}\u00bb][et_pb_blurb title=\u00bbTortelli sulla lastra\u00bb url=\u00bbhttps:\/\/fumaiolo.com\/es\/tortelli-sulla-lastra\/\u00bb image=\u00bbhttps:\/\/fumaiolo.com\/wp-content\/uploads\/2021\/07\/tortello-sulla-lastra.png\u00bb icon_placement=\u00bbleft\u00bb image_max_width=\u00bb60px\u00bb title_tablet=\u00bbTORTELLI SULLA LASTRA\u00bb title_phone=\u00bb \u00bb title_last_edited=\u00bbon|tablet\u00bb icon_placement_tablet=\u00bbtop\u00bb icon_placement_phone=\u00bb\u00bb icon_placement_last_edited=\u00bbon|tablet\u00bb image_max_width_tablet=\u00bb\u00bb image_max_width_phone=\u00bb\u00bb image_max_width_last_edited=\u00bbon|phone\u00bb _builder_version=\u00bb4.10.7&#8243; _module_preset=\u00bbdefault\u00bb header_font=\u00bb|600|||||||\u00bb header_font_size=\u00bb16px\u00bb body_font=\u00bb|||on|||||\u00bb module_alignment=\u00bbcenter\u00bb custom_margin=\u00bb|25px|||false|false\u00bb custom_margin_tablet=\u00bb|0px|||false|false\u00bb custom_margin_phone=\u00bb15px||||false|false\u00bb custom_margin_last_edited=\u00bbon|phone\u00bb link_option_url=\u00bbhttps:\/\/fumaiolo.com\/es\/tortelli-sulla-lastra\/\u00bb header_text_align_tablet=\u00bbcenter\u00bb header_text_align_phone=\u00bb\u00bb header_text_align_last_edited=\u00bbon|tablet\u00bb body_text_align_tablet=\u00bbcenter\u00bb body_text_align_phone=\u00bb\u00bb body_text_align_last_edited=\u00bbon|tablet\u00bb text_orientation_tablet=\u00bbcenter\u00bb text_orientation_phone=\u00bb\u00bb text_orientation_last_edited=\u00bbon|tablet\u00bb module_alignment_tablet=\u00bbcenter\u00bb module_alignment_phone=\u00bb\u00bb module_alignment_last_edited=\u00bbon|tablet\u00bb custom_css_blurb_image=\u00bbmargin-left:auto;||margin-right: auto;||\u00bb custom_css_blurb_title=\u00bbmargin-top:18px;\u00bb global_colors_info=\u00bb{}\u00bb custom_css_blurb_title_last_edited=\u00bbon|tablet\u00bb custom_css_blurb_image_last_edited=\u00bbon|tablet\u00bb custom_css_blurb_image_tablet=\u00bbmargin-left:auto;||margin-right: auto;||display:inline-block;||vertical-align:top;||margin-bottom:0;\u00bb custom_css_blurb_title_tablet=\u00bbmargin-top:18px;\u00bb custom_css_blurb_title_phone=\u00bbmargin-top:18px;\u00bb custom_css_blurb_image_phone=\u00bbmargin-left:auto;||margin-right: auto;||display:inline-block;||vertical-align:top;||margin-bottom:0;\u00bb][\/et_pb_blurb][\/et_pb_column][et_pb_column type=\u00bb1_5&#8243; _builder_version=\u00bb4.9.7&#8243; _module_preset=\u00bbdefault\u00bb global_colors_info=\u00bb{}\u00bb][et_pb_blurb title=\u00bbLas salsas\u00bb url=\u00bbhttps:\/\/fumaiolo.com\/es\/las-salsas\/\u00bb image=\u00bbhttps:\/\/fumaiolo.com\/wp-content\/uploads\/2021\/07\/sughi.png\u00bb icon_placement=\u00bbleft\u00bb image_max_width=\u00bb46px\u00bb title_tablet=\u00bbLas salsas\u00bb title_phone=\u00bb \u00bb title_last_edited=\u00bbon|tablet\u00bb icon_placement_tablet=\u00bbtop\u00bb icon_placement_phone=\u00bb\u00bb icon_placement_last_edited=\u00bbon|tablet\u00bb image_max_width_tablet=\u00bb\u00bb image_max_width_phone=\u00bb\u00bb image_max_width_last_edited=\u00bbon|phone\u00bb _builder_version=\u00bb4.10.7&#8243; _module_preset=\u00bbdefault\u00bb header_font=\u00bb|600|||||||\u00bb header_font_size=\u00bb16px\u00bb body_font=\u00bb|||on|||||\u00bb module_alignment=\u00bbcenter\u00bb custom_margin_tablet=\u00bb\u00bb custom_margin_phone=\u00bb15px||||false|false\u00bb custom_margin_last_edited=\u00bbon|phone\u00bb link_option_url=\u00bbhttps:\/\/fumaiolo.com\/es\/las-salsas\/\u00bb header_text_align_tablet=\u00bbcenter\u00bb header_text_align_phone=\u00bb\u00bb header_text_align_last_edited=\u00bbon|tablet\u00bb body_text_align_tablet=\u00bbcenter\u00bb body_text_align_phone=\u00bb\u00bb body_text_align_last_edited=\u00bbon|tablet\u00bb text_orientation_tablet=\u00bbcenter\u00bb text_orientation_phone=\u00bb\u00bb text_orientation_last_edited=\u00bbon|tablet\u00bb module_alignment_tablet=\u00bbcenter\u00bb module_alignment_phone=\u00bb\u00bb module_alignment_last_edited=\u00bbon|tablet\u00bb custom_css_blurb_image=\u00bbmargin-left:auto;||margin-right: auto;||\u00bb custom_css_blurb_title=\u00bbmargin-top:20px\u00bb global_colors_info=\u00bb{}\u00bb custom_css_blurb_title_last_edited=\u00bbon|tablet\u00bb custom_css_blurb_title_tablet=\u00bbmargin-top:18px\u00bb custom_css_blurb_image_last_edited=\u00bbon|tablet\u00bb custom_css_blurb_image_tablet=\u00bbmargin-left:auto;||margin-right: auto;||display:inline-block;||vertical-align:top;||margin-bottom: 0;\u00bb custom_css_blurb_title_phone=\u00bbmargin-top:18px\u00bb custom_css_blurb_image_phone=\u00bbmargin-left:auto;||margin-right: auto;||display:inline-block;||vertical-align:top;||margin-bottom: 0;\u00bb][\/et_pb_blurb][\/et_pb_column][et_pb_column type=\u00bb1_5&#8243; _builder_version=\u00bb4.9.7&#8243; _module_preset=\u00bbdefault\u00bb global_colors_info=\u00bb{}\u00bb][et_pb_blurb title=\u00bbConservas\u00bb url=\u00bbhttps:\/\/fumaiolo.com\/es\/conservas\/\u00bb image=\u00bbhttps:\/\/fumaiolo.com\/wp-content\/uploads\/2021\/07\/sottoli.png\u00bb icon_placement=\u00bbleft\u00bb image_max_width=\u00bb44px\u00bb title_tablet=\u00bbConservas\u00bb title_phone=\u00bb \u00bb title_last_edited=\u00bbon|tablet\u00bb icon_placement_tablet=\u00bbtop\u00bb icon_placement_phone=\u00bb\u00bb icon_placement_last_edited=\u00bbon|tablet\u00bb image_max_width_tablet=\u00bb\u00bb image_max_width_phone=\u00bb\u00bb image_max_width_last_edited=\u00bbon|phone\u00bb _builder_version=\u00bb4.10.7&#8243; _module_preset=\u00bbdefault\u00bb header_font=\u00bb|600|||||||\u00bb header_font_size=\u00bb16px\u00bb body_font=\u00bb|||on|||||\u00bb module_alignment=\u00bbcenter\u00bb custom_margin_tablet=\u00bb\u00bb custom_margin_phone=\u00bb15px||||false|false\u00bb custom_margin_last_edited=\u00bbon|phone\u00bb link_option_url=\u00bbhttps:\/\/fumaiolo.com\/es\/conservas\/\u00bb header_text_align_tablet=\u00bbcenter\u00bb header_text_align_phone=\u00bb\u00bb header_text_align_last_edited=\u00bbon|tablet\u00bb body_text_align_tablet=\u00bbcenter\u00bb body_text_align_phone=\u00bb\u00bb body_text_align_last_edited=\u00bbon|tablet\u00bb text_orientation_tablet=\u00bbcenter\u00bb text_orientation_phone=\u00bb\u00bb text_orientation_last_edited=\u00bbon|tablet\u00bb module_alignment_tablet=\u00bbcenter\u00bb module_alignment_phone=\u00bb\u00bb module_alignment_last_edited=\u00bbon|tablet\u00bb custom_css_blurb_image=\u00bbmargin-left:auto;||margin-right: auto;||\u00bb custom_css_blurb_title=\u00bbmargin-top:20px\u00bb global_colors_info=\u00bb{}\u00bb custom_css_blurb_image_last_edited=\u00bbon|tablet\u00bb custom_css_blurb_image_tablet=\u00bbmargin-left:auto;||margin-right: auto;||display:inline-block;||vertical-align:top;||margin-bottom:0&#8243; custom_css_blurb_title_last_edited=\u00bbon|tablet\u00bb custom_css_blurb_title_tablet=\u00bbmargin-top:18px\u00bb custom_css_blurb_image_phone=\u00bbmargin-left:auto;||margin-right: auto;||display:inline-block;||vertical-align:top;||margin-bottom:0&#8243; custom_css_blurb_title_phone=\u00bbmargin-top:18px\u00bb][\/et_pb_blurb][\/et_pb_column][\/et_pb_row][\/et_pb_section][et_pb_section fb_built=\u00bb1&#8243; _builder_version=\u00bb4.9.7&#8243; _module_preset=\u00bbdefault\u00bb custom_padding=\u00bb0px|||||\u00bb hover_enabled=\u00bb0&#8243; global_colors_info=\u00bb{}\u00bb sticky_enabled=\u00bb0&#8243;][et_pb_row column_structure=\u00bb1_2,1_2&#8243; use_custom_gutter=\u00bbon\u00bb gutter_width=\u00bb2&#8243; make_equal=\u00bbon\u00bb _builder_version=\u00bb4.10.6&#8243; _module_preset=\u00bbdefault\u00bb width=\u00bb90%\u00bb max_width=\u00bb1200px\u00bb global_colors_info=\u00bb{}\u00bb][et_pb_column type=\u00bb1_2&#8243; _builder_version=\u00bb4.10.6&#8243; _module_preset=\u00bbdefault\u00bb background_color=\u00bbrgba(255,255,255,0.41)\u00bb background_image=\u00bbhttps:\/\/fumaiolo.com\/wp-content\/uploads\/2021\/06\/chi-siamo-2.jpg\u00bb background_position=\u00bbbottom_center\u00bb background_blend=\u00bbmultiply\u00bb border_radii=\u00bbon|8px|8px|8px|8px\u00bb global_colors_info=\u00bb{}\u00bb background__hover_enabled=\u00bbon|desktop\u00bb background_color__hover=\u00bbrgba(0,0,0,0.1)\u00bb background_enable_color__hover=\u00bbon\u00bb][et_pb_cta title=\u00bbEL FR\u00cdO ES GENUINO\u00bb button_url=\u00bbhttps:\/\/fumaiolo.com\/es\/quienes-somos\/\u00bb button_text=\u00bbQUIENES SOMOS\u00bb _builder_version=\u00bb4.11.4&#8243; _module_preset=\u00bbdefault\u00bb header_font=\u00bb|800||on|||||\u00bb header_text_color=\u00bb#FFFFFF\u00bb background_color=\u00bbRGBA(0,0,0,0)\u00bb text_orientation=\u00bbleft\u00bb link_option_url=\u00bbhttps:\/\/fumaiolo.com\/azienda\u00bb global_colors_info=\u00bb{}\u00bb]<\/p>\n<p>Fumaiolo ha optado por el fr\u00edo como \u00fanico m\u00e9todo de conservaci\u00f3n. En pocos minutos desde el final de la preparaci\u00f3n, el producto alcanza una temperatura de -18\u00b0C, favoreciendo la formaci\u00f3n de microcristales de agua que no da\u00f1an la estructura biol\u00f3gica del alimento, preservando las propiedades organol\u00e9pticas y nutricionales, la estructura y el sabor del producto original.<\/p>\n<p>[\/et_pb_cta][\/et_pb_column][et_pb_column type=\u00bb1_2&#8243; _builder_version=\u00bb4.9.7&#8243; _module_preset=\u00bbdefault\u00bb global_colors_info=\u00bb{}\u00bb][et_pb_cta title=\u00bbFumaiolo para Ho.Re.Ca\u00bb button_url=\u00bbhttps:\/\/fumaiolo.com\/es\/food-service\/\u00bb button_text=\u00bbFood Service\u00bb _builder_version=\u00bb4.11.4&#8243; _module_preset=\u00bbdefault\u00bb header_font=\u00bb|800||on|||||\u00bb header_text_color=\u00bb#FFFFFF\u00bb background_color=\u00bbrgba(0,0,0,0.4)\u00bb background_image=\u00bbhttps:\/\/fumaiolo.com\/wp-content\/uploads\/2021\/06\/gdo-2.jpg\u00bb background_blend=\u00bbmultiply\u00bb text_orientation=\u00bbleft\u00bb custom_margin=\u00bb||32px||false|false\u00bb border_radii=\u00bbon|8px|8px|8px|8px\u00bb global_colors_info=\u00bb{}\u00bb background__hover_enabled=\u00bbon|hover\u00bb background_color__hover=\u00bbrgba(0,0,0,0.6)\u00bb background_enable_color__hover=\u00bbon\u00bb]<\/p>\n<p>Productos de calidad y envases dise\u00f1ados espec\u00edficamente para evitar los residuos: estos son los valores fundamentales que garantizamos a la red de profesionales que conf\u00edan en nuestra experiencia, proporcionando asesoramiento y asistencia a los implicados en el sector.<\/p>\n<p>[\/et_pb_cta][et_pb_cta title=\u00bbFUMAIOLO PARA BUSINESS\u00bb button_url=\u00bbhttps:\/\/fumaiolo.com\/es\/gdo\/\u00bb button_text=\u00bbBusiness\u00bb _builder_version=\u00bb4.10.7&#8243; _module_preset=\u00bbdefault\u00bb header_font=\u00bb|800||on|||||\u00bb header_text_color=\u00bb#FFFFFF\u00bb background_color=\u00bbrgba(0,0,0,0.4)\u00bb background_image=\u00bbhttps:\/\/fumaiolo.com\/wp-content\/uploads\/2021\/06\/gdo.jpg\u00bb background_blend=\u00bbmultiply\u00bb text_orientation=\u00bbleft\u00bb custom_margin=\u00bb32px||||false|false\u00bb border_radii=\u00bbon|8px|8px|8px|8px\u00bb global_colors_info=\u00bb{}\u00bb background__hover_enabled=\u00bbon|hover\u00bb background_color__hover=\u00bbrgba(0,0,0,0.6)\u00bb background_enable_color__hover=\u00bbon\u00bb]<\/p>\n<p>Productos de calidad y envases dise\u00f1ados espec\u00edficamente para evitar los residuos: estos son los valores fundamentales que garantizamos a la red de profesionales que conf\u00edan en nuestra experiencia, proporcionando asesoramiento y asistencia a los implicados en el sector.<\/p>\n<p>[\/et_pb_cta][\/et_pb_column][\/et_pb_row][\/et_pb_section]<\/p>\n","protected":false},"excerpt":{"rendered":"<p>Aprobado por la Asociaci\u00f3n de Abuelas ItalianasNaturalmente a prueba de abuelas: sin conservantes, s\u00f3lo el fr\u00edoREDESCUBRIR EL SABOR DE LA TRADICI\u00d3N El Fumaiolo aporta sabores antiguos, ricos e intensos a la mesa.Fumaiolo ha optado por el fr\u00edo como \u00fanico m\u00e9todo de conservaci\u00f3n. En pocos minutos desde el final de la preparaci\u00f3n, el producto alcanza una [&hellip;]<\/p>\n","protected":false},"author":2,"featured_media":0,"parent":0,"menu_order":0,"comment_status":"closed","ping_status":"closed","template":"","meta":{"_et_pb_use_builder":"on","_et_pb_old_content":"","_et_gb_content_width":"","wp_mapbox_gl_js_media":[],"footnotes":""},"class_list":["post-248304","page","type-page","status-publish","hentry"],"acf":[],"_links":{"self":[{"href":"https:\/\/fumaiolo.com\/es\/wp-json\/wp\/v2\/pages\/248304","targetHints":{"allow":["GET"]}}],"collection":[{"href":"https:\/\/fumaiolo.com\/es\/wp-json\/wp\/v2\/pages"}],"about":[{"href":"https:\/\/fumaiolo.com\/es\/wp-json\/wp\/v2\/types\/page"}],"author":[{"embeddable":true,"href":"https:\/\/fumaiolo.com\/es\/wp-json\/wp\/v2\/users\/2"}],"replies":[{"embeddable":true,"href":"https:\/\/fumaiolo.com\/es\/wp-json\/wp\/v2\/comments?post=248304"}],"version-history":[{"count":16,"href":"https:\/\/fumaiolo.com\/es\/wp-json\/wp\/v2\/pages\/248304\/revisions"}],"predecessor-version":[{"id":253515,"href":"https:\/\/fumaiolo.com\/es\/wp-json\/wp\/v2\/pages\/248304\/revisions\/253515"}],"wp:attachment":[{"href":"https:\/\/fumaiolo.com\/es\/wp-json\/wp\/v2\/media?parent=248304"}],"curies":[{"name":"wp","href":"https:\/\/api.w.org\/{rel}","templated":true}]}}