{"id":248199,"date":"2021-09-16T11:31:22","date_gmt":"2021-09-16T09:31:22","guid":{"rendered":"https:\/\/fumaiolo.com\/come-lo-facciamo-es\/"},"modified":"2021-11-11T16:40:46","modified_gmt":"2021-11-11T15:40:46","slug":"come-lo-facciamo","status":"publish","type":"page","link":"https:\/\/fumaiolo.com\/es\/come-lo-facciamo\/","title":{"rendered":"C\u00d3MO LO HACEMOS"},"content":{"rendered":"<p>[et_pb_section fb_built=\u00bb1&#8243; fullwidth=\u00bbon\u00bb _builder_version=\u00bb4.9.10&#8243; _module_preset=\u00bbdefault\u00bb custom_margin=\u00bb-80px||||false|false\u00bb locked=\u00bboff\u00bb global_colors_info=\u00bb{}\u00bb][et_pb_fullwidth_slider _builder_version=\u00bb4.11.2&#8243; _module_preset=\u00bbdefault\u00bb header_level=\u00bbh1&#8243; header_font=\u00bb|800||on|||||\u00bb header_text_align=\u00bbleft\u00bb header_font_size=\u00bb40px\u00bb body_font=\u00bb|700|||||||\u00bb body_text_align=\u00bbleft\u00bb body_font_size=\u00bb20px\u00bb body_line_height=\u00bb1.5em\u00bb button_alignment=\u00bbleft\u00bb custom_padding_tablet=\u00bb160px||||false|false\u00bb custom_padding_phone=\u00bb130px||||false|false\u00bb custom_padding_last_edited=\u00bbon|tablet\u00bb locked=\u00bboff\u00bb global_colors_info=\u00bb{}\u00bb][et_pb_slide heading=\u00bbAUTENTICIDAD E INVESTIGACI\u00d3N CONTINUA\u00bb use_bg_overlay=\u00bbon\u00bb bg_overlay_color=\u00bbrgba(0,0,0,0.2)\u00bb alignment=\u00bbbottom\u00bb _builder_version=\u00bb4.11.2&#8243; _module_preset=\u00bbdefault\u00bb header_font_size=\u00bb80px\u00bb background_color=\u00bbRGBA(0,0,0,0)\u00bb background_enable_color=\u00bbon\u00bb background_image=\u00bbhttps:\/\/fumaiolo.com\/wp-content\/uploads\/2021\/07\/Fumaiolo-pasta-fresca-surgelata-valori.jpg\u00bb background_enable_image=\u00bbon\u00bb background_position=\u00bbbottom_center\u00bb header_font_size_tablet=\u00bb\u00bb header_font_size_phone=\u00bb40px\u00bb header_font_size_last_edited=\u00bbon|desktop\u00bb locked=\u00bboff\u00bb global_colors_info=\u00bb{}\u00bb sticky_transition=\u00bbon\u00bb]<\/p>\n<p>La investigaci\u00f3n de las materias primas, el conocimiento transmitido por la tradici\u00f3n, el respeto por el territorio y la atenci\u00f3n constante a la evoluci\u00f3n del mercado: estos son los aspectos fundamentales que caracterizan la actividad de Fumaiolo y gu\u00edan su crecimiento.<\/p>\n<p>[\/et_pb_slide][\/et_pb_fullwidth_slider][\/et_pb_section][et_pb_section fb_built=\u00bb1&#8243; custom_padding_last_edited=\u00bbon|tablet\u00bb _builder_version=\u00bb4.9.10&#8243; _module_preset=\u00bbdefault\u00bb custom_margin_tablet=\u00bb||0px||false|false\u00bb custom_margin_phone=\u00bb||50px||false|false\u00bb custom_margin_last_edited=\u00bbon|phone\u00bb custom_padding=\u00bb||0px||false|false\u00bb custom_padding_tablet=\u00bb||0px||false|false\u00bb custom_padding_phone=\u00bb\u00bb global_colors_info=\u00bb{}\u00bb][et_pb_row column_structure=\u00bb1_2,1_2&#8243; use_custom_gutter=\u00bbon\u00bb gutter_width=\u00bb2&#8243; make_equal=\u00bbon\u00bb _builder_version=\u00bb4.10.8&#8243; _module_preset=\u00bbdefault\u00bb width=\u00bb90%\u00bb max_width=\u00bb1200px\u00bb custom_margin=\u00bb||||false|false\u00bb custom_css_main_element=\u00bbdisplay: flex;\u00bb locked=\u00bboff\u00bb global_colors_info=\u00bb{}\u00bb custom_css_main_element_last_edited=\u00bbon|tablet\u00bb custom_css_main_element_phone=\u00bbdisplay:block;||\u00bb custom_css_main_element_tablet=\u00bbdisplay: flex;\u00bb][et_pb_column type=\u00bb1_2&#8243; _builder_version=\u00bb4.9.10&#8243; _module_preset=\u00bbdefault\u00bb custom_padding=\u00bb|0px|||false|false\u00bb custom_padding_tablet=\u00bb|10px|||false|false\u00bb custom_padding_phone=\u00bb|0px|||false|false\u00bb custom_padding_last_edited=\u00bbon|desktop\u00bb global_colors_info=\u00bb{}\u00bb][et_pb_cta title=\u00bbCADENA DE SUMINISTRO CORTA Y PROVEEDORES CERTIFICADOS\u00bb button_url=\u00bbhttps:\/\/fumaiolo.com\/es\/quienes-somos\/\u00bb button_text=\u00bbLA EMPRESA\u00bb _builder_version=\u00bb4.11.4&#8243; _module_preset=\u00bbdefault\u00bb header_font=\u00bb|800||on|||||\u00bb header_text_color=\u00bb#FFFFFF\u00bb background_color=\u00bbrgba(0,0,0,0.6)\u00bb background_image=\u00bbhttps:\/\/fumaiolo.com\/wp-content\/uploads\/2021\/09\/ingredienti.jpg\u00bb background_position=\u00bbtop_center\u00bb background_blend=\u00bbmultiply\u00bb text_orientation=\u00bbleft\u00bb min_height=\u00bb350px\u00bb custom_margin=\u00bb||||false|false\u00bb link_option_url=\u00bb\/azienda\/\u00bb border_radii=\u00bbon|8px|8px|8px|8px\u00bb locked=\u00bboff\u00bb global_colors_info=\u00bb{}\u00bb background__hover_enabled=\u00bboff|desktop\u00bb background_color__hover=\u00bbrgba(0,0,0,0.6)\u00bb background_enable_color__hover=\u00bbon\u00bb]<\/p>\n<p>Para los productos de Fumaiolo, se da prioridad a las materias primas italianas de cadena corta y certificadas, como la harina de espelta ecol\u00f3gica o numerosos productos con DOP, como el Grana Padano o la Mortadela.<\/p>\n<p>[\/et_pb_cta][\/et_pb_column][et_pb_column type=\u00bb1_2&#8243; _builder_version=\u00bb4.9.10&#8243; _module_preset=\u00bbdefault\u00bb custom_padding=\u00bb|||0px|false|false\u00bb custom_padding_tablet=\u00bb|||10px|false|false\u00bb custom_padding_phone=\u00bb|||0px|false|false\u00bb custom_padding_last_edited=\u00bbon|tablet\u00bb global_colors_info=\u00bb{}\u00bb][et_pb_cta title=\u00bbSEGURIDAD ALIMENTARIA Y DE LOS EMPLEADOS\u00bb _builder_version=\u00bb4.10.8&#8243; _module_preset=\u00bbdefault\u00bb header_font=\u00bb|800||on|||||\u00bb header_text_color=\u00bb#FFFFFF\u00bb background_color=\u00bbrgba(0,0,0,0.4)\u00bb background_image=\u00bbhttps:\/\/fumaiolo.com\/wp-content\/uploads\/2021\/09\/sicurezza.jpg\u00bb background_position=\u00bbtop_center\u00bb background_blend=\u00bbmultiply\u00bb text_orientation=\u00bbleft\u00bb min_height=\u00bb350px\u00bb custom_margin=\u00bb||||false|false\u00bb border_radii=\u00bbon|8px|8px|8px|8px\u00bb locked=\u00bboff\u00bb global_colors_info=\u00bb{}\u00bb background__hover_enabled=\u00bboff|desktop\u00bb background_color__hover=\u00bbrgba(0,0,0,0.6)\u00bb background_enable_color__hover=\u00bbon\u00bb]<\/p>\n<p><span>Para proteger la calidad de sus productos y la salud de sus empleados, Fumaiolo opera de acuerdo con los m\u00e1s estrictos protocolos de higiene y salud. De hecho, la empresa ha obtenido la certificaci\u00f3n <strong>IFS Food<\/strong>, una norma reconocida internacionalmente.<\/span><\/p>\n<p>[\/et_pb_cta][\/et_pb_column][\/et_pb_row][et_pb_row _builder_version=\u00bb4.10.8&#8243; _module_preset=\u00bbdefault\u00bb background_color=\u00bbrgba(84,84,84,0.75)\u00bb background_image=\u00bbhttps:\/\/fumaiolo.com\/wp-content\/uploads\/2021\/08\/Fumaiolo-ricette-spicchi-farciti-con-speck-brie-e-rucola.jpg\u00bb background_blend=\u00bboverlay\u00bb width=\u00bb90%\u00bb max_width=\u00bb1200px\u00bb custom_margin=\u00bb||||false|false\u00bb custom_padding=\u00bb100px||100px||false|false\u00bb border_radii=\u00bbon|10px|10px|10px|10px\u00bb global_colors_info=\u00bb{}\u00bb][et_pb_column type=\u00bb4_4&#8243; _builder_version=\u00bb4.9.9&#8243; _module_preset=\u00bbdefault\u00bb global_colors_info=\u00bb{}\u00bb][et_pb_text _builder_version=\u00bb4.11.2&#8243; _module_preset=\u00bbdefault\u00bb text_font=\u00bb|600|||||||\u00bb text_text_color=\u00bb#FFFFFF\u00bb header_2_font=\u00bb|800|||||||\u00bb header_2_text_color=\u00bb#FFFFFF\u00bb text_orientation=\u00bbcenter\u00bb custom_padding=\u00bb|100px||100px|false|false\u00bb custom_padding_tablet=\u00bb\u00bb custom_padding_phone=\u00bb|30px||30px|false|false\u00bb custom_padding_last_edited=\u00bbon|phone\u00bb header_2_text_align_tablet=\u00bb\u00bb header_2_text_align_phone=\u00bbleft\u00bb header_2_text_align_last_edited=\u00bbon|phone\u00bb text_orientation_tablet=\u00bb\u00bb text_orientation_phone=\u00bbleft\u00bb text_orientation_last_edited=\u00bbon|phone\u00bb global_colors_info=\u00bb{}\u00bb]<\/p>\n<h2>SIN CONSERVANTES A\u00d1ADIDOS,<br \/>S\u00d3LO UTILIZAMOS EL FR\u00cdO<\/h2>\n<p><span><\/span><\/p>\n<p><span>Los productos Fumaiolo son naturales, desde la materia prima hasta la mesa. El secreto reside en el \u00fanico m\u00e9todo de conservaci\u00f3n elegido y utilizado: el fr\u00edo. La congelaci\u00f3n en origen garantiza la frescura que representa el mayor valor a\u00f1adido de la empresa.<\/span><\/p>\n<p>[\/et_pb_text][\/et_pb_column][\/et_pb_row][et_pb_row _builder_version=\u00bb4.10.8&#8243; _module_preset=\u00bbdefault\u00bb custom_margin=\u00bb80px||80px||true|false\u00bb global_colors_info=\u00bb{}\u00bb][et_pb_column type=\u00bb4_4&#8243; _builder_version=\u00bb4.10.8&#8243; _module_preset=\u00bbdefault\u00bb global_colors_info=\u00bb{}\u00bb][et_pb_text _builder_version=\u00bb4.11.4&#8243; _module_preset=\u00bbdefault\u00bb header_3_font=\u00bb|800||on|||||\u00bb header_3_font_size=\u00bb26px\u00bb text_orientation=\u00bbcenter\u00bb text_orientation_last_edited=\u00bboff|desktop\u00bb global_colors_info=\u00bb{}\u00bb]<\/p>\n<h3 class=\"olivier\">INGREDIENTES SELECCIONADOS<\/h3>\n<div class=\"contenuto\">\n<p>En la f\u00e1brica de pasta s\u00f3lo se utilizan ingredientes seleccionados: para las l\u00e1minas de pasta, las mejores harinas de granos italianos; para la masa de los \u00f1oquis (y los rellenos donde se requiera), aut\u00e9nticas patatas; para los dem\u00e1s rellenos, s\u00f3lo quesos de lecher\u00edas locales, las espinacas m\u00e1s frescas y carnes finas. Todas las etapas de producci\u00f3n se controlan cuidadosamente para garantizar que el procesamiento no comprometa la calidad de las materias primas.<\/p>\n<\/div>\n<p>[\/et_pb_text][\/et_pb_column][\/et_pb_row][et_pb_row column_structure=\u00bb1_2,1_2&#8243; use_custom_gutter=\u00bbon\u00bb gutter_width=\u00bb2&#8243; make_equal=\u00bbon\u00bb _builder_version=\u00bb4.10.8&#8243; _module_preset=\u00bbdefault\u00bb width=\u00bb90%\u00bb max_width=\u00bb1200px\u00bb custom_margin=\u00bb||||false|false\u00bb custom_css_main_element=\u00bbdisplay: flex;\u00bb locked=\u00bboff\u00bb global_colors_info=\u00bb{}\u00bb custom_css_main_element_last_edited=\u00bbon|tablet\u00bb custom_css_main_element_phone=\u00bbdisplay:block;||\u00bb custom_css_main_element_tablet=\u00bbdisplay: flex;\u00bb][et_pb_column type=\u00bb1_2&#8243; _builder_version=\u00bb4.9.10&#8243; _module_preset=\u00bbdefault\u00bb custom_padding=\u00bb|0px|||false|false\u00bb custom_padding_tablet=\u00bb|10px|||false|false\u00bb custom_padding_phone=\u00bb|0px|||false|false\u00bb custom_padding_last_edited=\u00bbon|desktop\u00bb global_colors_info=\u00bb{}\u00bb][et_pb_cta title=\u00bbPARA LOS RESTAURADORES\u00bb button_url=\u00bbhttps:\/\/fumaiolo.com\/es\/food-service\/\u00bb button_text=\u00bbHORECA\u00bb _builder_version=\u00bb4.10.8&#8243; _module_preset=\u00bbdefault\u00bb header_font=\u00bb|800||on|||||\u00bb header_text_color=\u00bb#FFFFFF\u00bb background_color=\u00bbrgba(0,0,0,0.6)\u00bb background_image=\u00bbhttps:\/\/fumaiolo.com\/wp-content\/uploads\/2021\/09\/horeca-test.jpg\u00bb background_position=\u00bbtop_center\u00bb background_blend=\u00bbmultiply\u00bb text_orientation=\u00bbleft\u00bb min_height=\u00bb350px\u00bb custom_margin=\u00bb||||false|false\u00bb link_option_url=\u00bb\/food-service\/\u00bb border_radii=\u00bbon|8px|8px|8px|8px\u00bb locked=\u00bboff\u00bb global_colors_info=\u00bb{}\u00bb background__hover_enabled=\u00bboff|desktop\u00bb background_color__hover=\u00bbrgba(0,0,0,0.6)\u00bb background_enable_color__hover=\u00bbon\u00bb]<\/p>\n<p><span>La pasta fresca de Fumaiolo se ultracongela sin pasteurizar y con tecnolog\u00eda IQF (congelaci\u00f3n r\u00e1pida individual), lo que permite a los profesionales de la restauraci\u00f3n mantener los costes de los alimentos bajo control, sin desperdiciar materias primas y utilizando s\u00f3lo la cantidad de producto necesaria.<\/span><\/p>\n<p>[\/et_pb_cta][\/et_pb_column][et_pb_column type=\u00bb1_2&#8243; _builder_version=\u00bb4.9.10&#8243; _module_preset=\u00bbdefault\u00bb custom_padding=\u00bb|||0px|false|false\u00bb custom_padding_tablet=\u00bb|||10px|false|false\u00bb custom_padding_phone=\u00bb|||0px|false|false\u00bb custom_padding_last_edited=\u00bbon|tablet\u00bb global_colors_info=\u00bb{}\u00bb][et_pb_cta title=\u00bbPARA LA DISTRIBUCI\u00d3N A GRAN ESCALA\u00bb button_url=\u00bbhttps:\/\/fumaiolo.com\/es\/gdo\/\u00bb button_text=\u00bbBUSINESS\u00bb _builder_version=\u00bb4.10.8&#8243; _module_preset=\u00bbdefault\u00bb header_font=\u00bb|800||on|||||\u00bb header_text_color=\u00bb#FFFFFF\u00bb background_color=\u00bbrgba(0,0,0,0.4)\u00bb background_image=\u00bbhttps:\/\/fumaiolo.com\/wp-content\/uploads\/2021\/07\/Fumaiolo-pasta-fresca-surgelata-prodotti-tortelli-lastra-1.jpg\u00bb background_position=\u00bbtop_center\u00bb background_blend=\u00bbmultiply\u00bb text_orientation=\u00bbleft\u00bb min_height=\u00bb350px\u00bb custom_margin=\u00bb||||false|false\u00bb link_option_url=\u00bb\/gdo\/\u00bb border_radii=\u00bbon|8px|8px|8px|8px\u00bb locked=\u00bboff\u00bb global_colors_info=\u00bb{}\u00bb background__hover_enabled=\u00bboff|desktop\u00bb background_color__hover=\u00bbrgba(0,0,0,0.6)\u00bb background_enable_color__hover=\u00bbon\u00bb]<\/p>\n<p>Fumaiolo ha situado la gran distribuci\u00f3n en el centro de sus planes de expansi\u00f3n. De hecho, la calidad de los productos se combina con la experiencia y los conocimientos t\u00e9cnicos de una empresa madura, dispuesta a garantizar un servicio puntual en t\u00e9rminos de suministro y asistencia.<\/p>\n<p>[\/et_pb_cta][\/et_pb_column][\/et_pb_row][et_pb_row column_structure=\u00bb1_2,1_2&#8243; use_custom_gutter=\u00bbon\u00bb gutter_width=\u00bb2&#8243; make_equal=\u00bbon\u00bb module_class=\u00bbfacciamo-2&#8243; _builder_version=\u00bb4.9.10&#8243; _module_preset=\u00bbdefault\u00bb width=\u00bb90%\u00bb max_width=\u00bb1200px\u00bb custom_margin=\u00bb||30px||false|false\u00bb custom_margin_tablet=\u00bb||0px||false|false\u00bb custom_margin_phone=\u00bb\u00bb custom_margin_last_edited=\u00bbon|tablet\u00bb custom_padding=\u00bb0px||0px||false|false\u00bb custom_css_main_element=\u00bbdisplay:flex;\u00bb global_colors_info=\u00bb{}\u00bb custom_css_main_element_last_edited=\u00bbon|phone\u00bb custom_css_main_element_phone=\u00bbdisplay: block;\u00bb custom_css_main_element_tablet=\u00bbdisplay:flex;\u00bb][et_pb_column type=\u00bb1_2&#8243; _builder_version=\u00bb4.9.10&#8243; _module_preset=\u00bbdefault\u00bb custom_padding_tablet=\u00bb\u00bb custom_padding_phone=\u00bb\u00bb custom_padding_last_edited=\u00bbon|tablet\u00bb global_colors_info=\u00bb{}\u00bb][et_pb_cta title=\u00bbPRIVATE LABELING\u00bb button_url=\u00bbhttps:\/\/fumaiolo.com\/es\/private-labeling-es\/\u00bb button_text=\u00bbPRIVATE LABEL\u00bb _builder_version=\u00bb4.10.8&#8243; _module_preset=\u00bbdefault\u00bb header_font=\u00bb|800||on|||||\u00bb header_text_color=\u00bb#FFFFFF\u00bb background_color=\u00bbrgba(0,0,0,0.6)\u00bb background_image=\u00bbhttps:\/\/fumaiolo.com\/wp-content\/uploads\/2021\/07\/1-scaled.jpg\u00bb background_position=\u00bbtop_center\u00bb background_blend=\u00bbmultiply\u00bb text_orientation=\u00bbleft\u00bb min_height=\u00bb330px\u00bb custom_margin=\u00bb||||false|false\u00bb link_option_url=\u00bb\/labeling\u00bb border_radii=\u00bbon|8px|8px|8px|8px\u00bb locked=\u00bboff\u00bb global_colors_info=\u00bb{}\u00bb background__hover_enabled=\u00bboff|desktop\u00bb background_color__hover=\u00bbrgba(0,0,0,0.6)\u00bb background_enable_color__hover=\u00bbon\u00bb]<\/p>\n<p><span>Se pueden hacer paquetes que lleven directamente la etiqueta del distribuidor. Desde la elecci\u00f3n de la etiqueta, pasando por el tipo de formato, hasta la personalizaci\u00f3n de las recetas, Fumaiolo ofrece varias posibilidades.<\/span><\/p>\n<p>[\/et_pb_cta][\/et_pb_column][et_pb_column type=\u00bb1_2&#8243; _builder_version=\u00bb4.9.10&#8243; _module_preset=\u00bbdefault\u00bb global_colors_info=\u00bb{}\u00bb][et_pb_text _builder_version=\u00bb4.11.4&#8243; _module_preset=\u00bbdefault\u00bb header_text_align=\u00bbleft\u00bb header_2_font=\u00bb|800|||||||\u00bb min_height_tablet=\u00bb548px\u00bb min_height_last_edited=\u00bboff|desktop\u00bb height=\u00bb330px\u00bb custom_margin=\u00bb||||false|false\u00bb custom_margin_tablet=\u00bb|||12px|false|false\u00bb custom_margin_phone=\u00bb||30px|0px|false|false\u00bb custom_margin_last_edited=\u00bbon|phone\u00bb custom_padding=\u00bb30px|30px|30px|30px|false|false\u00bb border_radii=\u00bbon|10px|10px|10px|10px\u00bb border_width_all=\u00bb2px\u00bb border_color_all=\u00bb#e8e8e8&#8243; global_colors_info=\u00bb{}\u00bb]<\/p>\n<h2>PASTA FRESCA, SIEMPRE FRESCA<\/h2>\n<p><span>El fr\u00edo del congelador preserva, conserva y combate el desperdicio de alimentos. En comparaci\u00f3n con los productos que se pueden encontrar en el mostrador refrigerado, una vez comprada la pasta fresca Fumaiolo no pierde nada en t\u00e9rminos de caracter\u00edsticas organol\u00e9pticas y se conserva durante 12 meses. <\/span><\/p>\n<p>[\/et_pb_text][\/et_pb_column][\/et_pb_row][\/et_pb_section]<\/p>\n","protected":false},"excerpt":{"rendered":"<p>La investigaci\u00f3n de las materias primas, el conocimiento transmitido por la tradici\u00f3n, el respeto por el territorio y la atenci\u00f3n constante a la evoluci\u00f3n del mercado: estos son los aspectos fundamentales que caracterizan la actividad de Fumaiolo y gu\u00edan su crecimiento.Para los productos de Fumaiolo, se da prioridad a las materias primas italianas de cadena [&hellip;]<\/p>\n","protected":false},"author":3,"featured_media":0,"parent":0,"menu_order":0,"comment_status":"closed","ping_status":"closed","template":"","meta":{"_et_pb_use_builder":"on","_et_pb_old_content":"","_et_gb_content_width":"","wp_mapbox_gl_js_media":[],"footnotes":""},"class_list":["post-248199","page","type-page","status-publish","hentry"],"acf":[],"_links":{"self":[{"href":"https:\/\/fumaiolo.com\/es\/wp-json\/wp\/v2\/pages\/248199","targetHints":{"allow":["GET"]}}],"collection":[{"href":"https:\/\/fumaiolo.com\/es\/wp-json\/wp\/v2\/pages"}],"about":[{"href":"https:\/\/fumaiolo.com\/es\/wp-json\/wp\/v2\/types\/page"}],"author":[{"embeddable":true,"href":"https:\/\/fumaiolo.com\/es\/wp-json\/wp\/v2\/users\/3"}],"replies":[{"embeddable":true,"href":"https:\/\/fumaiolo.com\/es\/wp-json\/wp\/v2\/comments?post=248199"}],"version-history":[{"count":17,"href":"https:\/\/fumaiolo.com\/es\/wp-json\/wp\/v2\/pages\/248199\/revisions"}],"predecessor-version":[{"id":252810,"href":"https:\/\/fumaiolo.com\/es\/wp-json\/wp\/v2\/pages\/248199\/revisions\/252810"}],"wp:attachment":[{"href":"https:\/\/fumaiolo.com\/es\/wp-json\/wp\/v2\/media?parent=248199"}],"curies":[{"name":"wp","href":"https:\/\/api.w.org\/{rel}","templated":true}]}}