{"id":248175,"date":"2021-09-16T11:29:55","date_gmt":"2021-09-16T09:29:55","guid":{"rendered":"https:\/\/fumaiolo.com\/azienda-es\/"},"modified":"2022-01-03T15:54:58","modified_gmt":"2022-01-03T14:54:58","slug":"quienes-somos","status":"publish","type":"page","link":"https:\/\/fumaiolo.com\/es\/quienes-somos\/","title":{"rendered":"LA EMPRESA"},"content":{"rendered":"<p>[et_pb_section fb_built=\u00bb1&#8243; fullwidth=\u00bbon\u00bb _builder_version=\u00bb4.9.10&#8243; _module_preset=\u00bbdefault\u00bb custom_margin=\u00bb-80px||||false|false\u00bb global_colors_info=\u00bb{}\u00bb][et_pb_fullwidth_slider _builder_version=\u00bb4.11.4&#8243; _module_preset=\u00bbdefault\u00bb header_level=\u00bbh1&#8243; header_font=\u00bb|800||on|||||\u00bb header_text_align=\u00bbleft\u00bb header_font_size=\u00bb80px\u00bb body_font=\u00bb|700|||||||\u00bb body_text_align=\u00bbleft\u00bb body_line_height=\u00bb1.5em\u00bb button_alignment=\u00bbleft\u00bb custom_padding_tablet=\u00bb\u00bb custom_padding_phone=\u00bb130px||||false|false\u00bb custom_padding_last_edited=\u00bbon|desktop\u00bb locked=\u00bboff\u00bb global_colors_info=\u00bb{}\u00bb][et_pb_slide heading=\u00bbQUIENES SOMOS\u00bb use_bg_overlay=\u00bbon\u00bb bg_overlay_color=\u00bbrgba(0,0,0,0.2)\u00bb alignment=\u00bbbottom\u00bb _builder_version=\u00bb4.11.4&#8243; _module_preset=\u00bbdefault\u00bb header_font_size=\u00bb80px\u00bb background_color=\u00bbRGBA(0,0,0,0)\u00bb background_enable_color=\u00bbon\u00bb background_image=\u00bbhttps:\/\/fumaiolo.com\/wp-content\/uploads\/2021\/11\/azienda.jpg\u00bb background_enable_image=\u00bbon\u00bb header_font_size_tablet=\u00bb\u00bb header_font_size_phone=\u00bb40px\u00bb header_font_size_last_edited=\u00bbon|phone\u00bb locked=\u00bboff\u00bb global_colors_info=\u00bb{}\u00bb sticky_transition=\u00bbon\u00bb]<\/p>\n<p>\n            <span>Fumaiolo, empresa alimentaria de Roma\u00f1a, produce piadina, pasta fresca, salsas y conservas. <\/span>\n          <\/p>\n<p>\n            <span>La investigaci\u00f3n de las materias primas, el conocimiento transmitido por la tradici\u00f3n, el respeto por el territorio y la atenci\u00f3n constante a la evoluci\u00f3n del mercado: estos son los aspectos fundamentales que caracterizan a la empresa y que han guiado su crecimiento desde su fundaci\u00f3n en 1985.<\/span>\n          <\/p>\n<p>[\/et_pb_slide][\/et_pb_fullwidth_slider][\/et_pb_section][et_pb_section fb_built=\u00bb1&#8243; _builder_version=\u00bb4.9.9&#8243; _module_preset=\u00bbdefault\u00bb global_colors_info=\u00bb{}\u00bb][et_pb_row make_equal=\u00bbon\u00bb _builder_version=\u00bb4.9.10&#8243; _module_preset=\u00bbdefault\u00bb max_width=\u00bb900px\u00bb module_alignment=\u00bbcenter\u00bb custom_margin=\u00bb20px||50px||false|false\u00bb global_colors_info=\u00bb{}\u00bb][et_pb_column type=\u00bb4_4&#8243; _builder_version=\u00bb4.9.9&#8243; _module_preset=\u00bbdefault\u00bb custom_css_main_element=\u00bbmargin:auto;\u00bb global_colors_info=\u00bb{}\u00bb][et_pb_text _builder_version=\u00bb4.11.2&#8243; _module_preset=\u00bbdefault\u00bb header_font=\u00bb|800|||||||\u00bb header_text_align=\u00bbcenter\u00bb header_font_size=\u00bb40px\u00bb header_2_font=\u00bb|800|||||||\u00bb header_2_text_align_tablet=\u00bb\u00bb header_2_text_align_phone=\u00bbleft\u00bb header_2_text_align_last_edited=\u00bbon|phone\u00bb text_orientation_phone=\u00bbleft\u00bb text_orientation_last_edited=\u00bboff|desktop\u00bb locked=\u00bboff\u00bb global_colors_info=\u00bb{}\u00bb]<\/p>\n<h2>LA EMPRESA<\/h2>\n<p>Adem\u00e1s de la planta principal de Alfero, que incluye producci\u00f3n, almacenamiento, almacenes de materias primas y oficinas, y la tienda insignia de Bagno di Romagna, a partir de 2019 Fumaiolo ha abierto un destacamento comercial en Cesena. La superficie total alcanza los 4.000 metros cuadrados, con perspectivas de ampliaci\u00f3n.<\/p>\n<p>Tras consolidar su presencia en el mercado del centro-norte de Italia, la empresa est\u00e1 dispuesta a expandirse por todo el pa\u00eds e incluso a explorar el mercado extranjero, centr\u00e1ndose en sus valores y en la garant\u00eda que representa el Made in Italy.<\/p>\n<p>[\/et_pb_text][et_pb_text _builder_version=\u00bb4.11.2&#8243; _module_preset=\u00bbdefault\u00bb header_font=\u00bb|800|||||||\u00bb header_text_align=\u00bbcenter\u00bb header_font_size=\u00bb40px\u00bb header_2_font=\u00bb|800|||||||\u00bb header_2_text_align_tablet=\u00bb\u00bb header_2_text_align_phone=\u00bbleft\u00bb header_2_text_align_last_edited=\u00bbon|phone\u00bb text_orientation_phone=\u00bbleft\u00bb text_orientation_last_edited=\u00bboff|desktop\u00bb locked=\u00bboff\u00bb global_colors_info=\u00bb{}\u00bb]<\/p>\n<h2>SEGURIDAD ALIMENTARIA<\/h2>\n<p>\n            <span>El ciclo de producci\u00f3n est\u00e1 estructurado en base a turnos de trabajo: cada semana se dedica a reponer y almacenar las diferentes referencias.<\/span>\n          <\/p>\n<p>\n            <span>Al final de la fase de producci\u00f3n de una referencia, toda la empresa se sanea para que los procesos posteriores no dejen ning\u00fan rastro de los anteriores.<\/span>\n          <\/p>\n<p>[\/et_pb_text][\/et_pb_column][\/et_pb_row][et_pb_row column_structure=\u00bb1_2,1_2&#8243; use_custom_gutter=\u00bbon\u00bb gutter_width=\u00bb2&#8243; make_equal=\u00bbon\u00bb custom_padding_last_edited=\u00bbon|phone\u00bb _builder_version=\u00bb4.10.8&#8243; _module_preset=\u00bbdefault\u00bb width=\u00bb90%\u00bb max_width=\u00bb1200px\u00bb custom_margin=\u00bb||||false|false\u00bb custom_padding=\u00bb||10px||false|false\u00bb custom_padding_tablet=\u00bb\u00bb custom_padding_phone=\u00bb||0px||false|false\u00bb custom_css_main_element=\u00bbdisplay: flex;\u00bb global_colors_info=\u00bb{}\u00bb custom_css_main_element_last_edited=\u00bbon|tablet\u00bb custom_css_main_element_phone=\u00bbdisplay:block;||\u00bb custom_css_main_element_tablet=\u00bbdisplay: flex;\u00bb][et_pb_column type=\u00bb1_2&#8243; _builder_version=\u00bb4.9.10&#8243; _module_preset=\u00bbdefault\u00bb custom_padding=\u00bb|0px|||false|false\u00bb custom_padding_tablet=\u00bb|10px|||false|false\u00bb custom_padding_phone=\u00bb|0px|||false|false\u00bb custom_padding_last_edited=\u00bbon|desktop\u00bb global_colors_info=\u00bb{}\u00bb][et_pb_cta title=\u00bbTERRITORIO\u00bb button_url=\u00bbhttps:\/\/fumaiolo.com\/es\/territorio\/\u00bb button_text=\u00bbLEER M\u00c1S\u00bb _builder_version=\u00bb4.10.8&#8243; _module_preset=\u00bbdefault\u00bb header_font=\u00bb|800||on|||||\u00bb header_text_color=\u00bb#FFFFFF\u00bb background_color=\u00bbrgba(0,0,0,0.4)\u00bb background_image=\u00bbhttps:\/\/fumaiolo.com\/wp-content\/uploads\/2021\/06\/hero-4.jpg\u00bb background_position=\u00bbtop_center\u00bb background_blend=\u00bbmultiply\u00bb text_orientation=\u00bbleft\u00bb min_height=\u00bb300px\u00bb custom_margin=\u00bb||||false|false\u00bb link_option_url=\u00bb\/territorio\u00bb border_radii=\u00bbon|8px|8px|8px|8px\u00bb locked=\u00bboff\u00bb global_colors_info=\u00bb{}\u00bb background__hover_enabled=\u00bboff|desktop\u00bb background_color__hover=\u00bbrgba(0,0,0,0.6)\u00bb background_enable_color__hover=\u00bbon\u00bb]<\/p>\n<p>\n            <span>El secreto de la calidad del Fumaiolo reside en la fuerza de la tierra donde se encuentra la producci\u00f3n. Aire no contaminado, agua pura, respeto por la naturalidad de los productos.<\/span>\n          <\/p>\n<p>[\/et_pb_cta][\/et_pb_column][et_pb_column type=\u00bb1_2&#8243; _builder_version=\u00bb4.9.10&#8243; _module_preset=\u00bbdefault\u00bb custom_padding=\u00bb|||0px|false|false\u00bb custom_padding_tablet=\u00bb|||10px|false|false\u00bb custom_padding_phone=\u00bb|||0px|false|false\u00bb custom_padding_last_edited=\u00bbon|tablet\u00bb global_colors_info=\u00bb{}\u00bb][et_pb_cta title=\u00bbIFS Food\u00bb button_url=\u00bbhttps:\/\/fumaiolo.com\/es\/territorio\/\u00bb _builder_version=\u00bb4.11.4&#8243; _module_preset=\u00bbdefault\u00bb header_font=\u00bb|800||on|||||\u00bb header_text_color=\u00bb#000000&#8243; body_text_color=\u00bb#000000&#8243; background_color=\u00bbrgba(0,0,0,0.03)\u00bb background_image=\u00bbhttps:\/\/fumaiolo.com\/wp-content\/uploads\/2021\/09\/IFS.jpg\u00bb background_size=\u00bbcontain\u00bb background_position=\u00bbbottom_right\u00bb background_blend=\u00bbmultiply\u00bb text_orientation=\u00bbleft\u00bb min_height=\u00bb300px\u00bb custom_margin=\u00bb||||false|false\u00bb hover_enabled=\u00bb0&#8243; body_text_shadow_style=\u00bbpreset3&#8243; body_text_shadow_color=\u00bb#FFFFFF\u00bb border_radii=\u00bbon|8px|8px|8px|8px\u00bb border_width_all=\u00bb2px\u00bb border_color_all=\u00bb#e3e3e3&#8243; locked=\u00bboff\u00bb global_colors_info=\u00bb{}\u00bb background__hover_enabled=\u00bboff|desktop\u00bb background_color__hover=\u00bbrgba(0,0,0,0.6)\u00bb background_enable_color__hover=\u00bbon\u00bb sticky_enabled=\u00bb0&#8243;]<\/p>\n<p>\n            <span>Para garantizar la seguridad de toda la cadena de producci\u00f3n, Fumaiolo cuenta con la certificaci\u00f3n IFS Food (versi\u00f3n 7, octubre de 2020) en un nivel superior (98,62%), un est\u00e1ndar reconocido de seguridad alimentaria, calidad de procesos y productos.<\/span>\n          <\/p>\n<p>[\/et_pb_cta][\/et_pb_column][\/et_pb_row][et_pb_row column_structure=\u00bb1_2,1_2&#8243; use_custom_gutter=\u00bbon\u00bb gutter_width=\u00bb2&#8243; make_equal=\u00bbon\u00bb _builder_version=\u00bb4.10.8&#8243; _module_preset=\u00bbdefault\u00bb width=\u00bb90%\u00bb max_width=\u00bb1200px\u00bb custom_margin=\u00bb||-225px||false|false\u00bb custom_css_main_element=\u00bbdisplay: flex;\u00bb global_colors_info=\u00bb{}\u00bb custom_css_main_element_last_edited=\u00bbon|tablet\u00bb custom_css_main_element_phone=\u00bbdisplay:block;||\u00bb custom_css_main_element_tablet=\u00bbdisplay: flex;\u00bb][et_pb_column type=\u00bb1_2&#8243; _builder_version=\u00bb4.9.10&#8243; _module_preset=\u00bbdefault\u00bb custom_padding=\u00bb|0px|||false|false\u00bb custom_padding_tablet=\u00bb|10px|||false|false\u00bb custom_padding_phone=\u00bb|0px|||false|false\u00bb custom_padding_last_edited=\u00bbon|desktop\u00bb global_colors_info=\u00bb{}\u00bb][et_pb_cta title=\u00bb\u00c9TICA DEL TRABAJO\u00bb button_url=\u00bbhttps:\/\/fumaiolo.com\/es\/territorio\/\u00bb _builder_version=\u00bb4.10.8&#8243; _module_preset=\u00bbdefault\u00bb header_font=\u00bb|800||on|||||\u00bb header_text_color=\u00bb#FFFFFF\u00bb body_text_color=\u00bb#FFFFFF\u00bb background_color=\u00bbrgba(0,0,0,0.35)\u00bb background_image=\u00bbhttps:\/\/fumaiolo.com\/wp-content\/uploads\/2021\/09\/persone.jpg\u00bb background_position=\u00bbbottom_right\u00bb background_blend=\u00bbmultiply\u00bb text_orientation=\u00bbleft\u00bb min_height=\u00bb300px\u00bb custom_margin=\u00bb||||false|false\u00bb body_text_shadow_style=\u00bbpreset3&#8243; body_text_shadow_color=\u00bbrgba(0,0,0,0.5)\u00bb border_radii=\u00bbon|8px|8px|8px|8px\u00bb border_width_all=\u00bb2px\u00bb border_color_all=\u00bb#e3e3e3&#8243; locked=\u00bboff\u00bb global_colors_info=\u00bb{}\u00bb background__hover_enabled=\u00bboff|desktop\u00bb background_color__hover=\u00bbrgba(0,0,0,0.6)\u00bb background_enable_color__hover=\u00bbon\u00bb]<\/p>\n<p>\n            <span>Fumaiolo es ante todo una realidad formada por personas: en ella, cada recurso humano se siente valorado como parte activa de un proyecto com\u00fan, bajo la bandera del respeto.<\/span>\n          <\/p>\n<p>[\/et_pb_cta][\/et_pb_column][et_pb_column type=\u00bb1_2&#8243; _builder_version=\u00bb4.9.10&#8243; _module_preset=\u00bbdefault\u00bb custom_padding=\u00bb|||0px|false|false\u00bb custom_padding_tablet=\u00bb|||10px|false|false\u00bb custom_padding_phone=\u00bb|||0px|false|false\u00bb custom_padding_last_edited=\u00bbon|tablet\u00bb global_colors_info=\u00bb{}\u00bb][et_pb_cta title=\u00bbHIGIENE Y SEGURIDAD\u00bb button_url=\u00bbhttps:\/\/fumaiolo.com\/es\/come-lo-facciamo\/\u00bb button_text=\u00bbC\u00d3MO LO HACEMOS\u00bb _builder_version=\u00bb4.10.8&#8243; _module_preset=\u00bbdefault\u00bb header_font=\u00bb|800||on|||||\u00bb header_text_color=\u00bb#FFFFFF\u00bb background_color=\u00bbrgba(0,0,0,0.4)\u00bb background_image=\u00bbhttps:\/\/fumaiolo.com\/wp-content\/uploads\/2021\/09\/come.jpg\u00bb background_position=\u00bbtop_center\u00bb background_blend=\u00bbmultiply\u00bb text_orientation=\u00bbleft\u00bb min_height=\u00bb300px\u00bb custom_margin=\u00bb||||false|false\u00bb link_option_url=\u00bb\/come-lo-facciamo\/\u00bb border_radii=\u00bbon|8px|8px|8px|8px\u00bb locked=\u00bboff\u00bb global_colors_info=\u00bb{}\u00bb background__hover_enabled=\u00bboff|desktop\u00bb background_color__hover=\u00bbrgba(0,0,0,0.6)\u00bb background_enable_color__hover=\u00bbon\u00bb]<\/p>\n<p>\n            <span>Al final de la fase de producci\u00f3n de una referencia, se sanea toda la empresa: as\u00ed, los procesos posteriores no dejan rastro de los anteriores.<\/span>\n          <\/p>\n<p>[\/et_pb_cta][\/et_pb_column][\/et_pb_row][\/et_pb_section][et_pb_section fb_built=\u00bb1&#8243; make_equal=\u00bbon\u00bb use_custom_gutter=\u00bbon\u00bb specialty=\u00bbon\u00bb _builder_version=\u00bb4.9.9&#8243; _module_preset=\u00bbdefault\u00bb background_enable_color=\u00bboff\u00bb use_background_color_gradient=\u00bbon\u00bb background_color_gradient_start=\u00bbrgba(0,0,0,0.02)\u00bb background_color_gradient_end=\u00bbrgba(41,196,169,0)\u00bb custom_margin=\u00bb||||false|false\u00bb custom_padding=\u00bb150px||||false|false\u00bb global_colors_info=\u00bb{}\u00bb][et_pb_column type=\u00bb1_2&#8243; _builder_version=\u00bb3.25&#8243; custom_padding=\u00bb|||\u00bb global_colors_info=\u00bb{}\u00bb custom_padding__hover=\u00bb|||\u00bb][et_pb_text _builder_version=\u00bb4.10.7&#8243; _module_preset=\u00bbdefault\u00bb header_font=\u00bb|800|||||||\u00bb header_font_size=\u00bb40px\u00bb header_2_font=\u00bb|800|||||||\u00bb custom_margin=\u00bb70px||||false|false\u00bb locked=\u00bboff\u00bb global_colors_info=\u00bb{}\u00bb]<\/p>\n<h2>ORIGENES<\/h2>\n<p>Fumaiolo fue fundada en Alfero (FC) en 1985 como \u00abSalumificio del Fumaiolo\u00bb, por Tiziano Caminati. La intenci\u00f3n del fundador, reforzada por la tradici\u00f3n hist\u00f3rica de la carnicer\u00eda del cerdo en los Apeninos de Roma\u00f1a, era ofrecer a sus clientes carnes curadas de alta calidad.<\/p>\n<p>Con el paso de los a\u00f1os, el negocio se ampli\u00f3 y diversific\u00f3: en 1999 comenz\u00f3 la producci\u00f3n de pasta cl\u00e1sica y piadina, siguiendo m\u00e9todos artesanales y sin a\u00f1adir conservantes (la piadina -m\u00e1s ligera gracias al aceite de ma\u00edz- sigue siendo uno de los buques insignia de la empresa).<\/p>\n<p>Gracias al creciente \u00e9xito de los productos de Fumaiolo, en 2001 la f\u00e1brica de pasta comenz\u00f3 a colaborar con algunas marcas de la gran distribuci\u00f3n, e inici\u00f3 una l\u00ednea dedicada a la restauraci\u00f3n de calidad.<\/p>\n<p>En 2012 la actividad se traslad\u00f3 a la planta actual, dotada de grandes instalaciones de almacenamiento.<\/p>\n<p>[\/et_pb_text][\/et_pb_column][et_pb_column type=\u00bb1_2&#8243; specialty_columns=\u00bb2&#8243; _builder_version=\u00bb3.25&#8243; custom_padding=\u00bb|||\u00bb global_colors_info=\u00bb{}\u00bb custom_padding__hover=\u00bb|||\u00bb][et_pb_row_inner _builder_version=\u00bb4.9.10&#8243; custom_margin=\u00bb70px||||false|false\u00bb custom_margin_tablet=\u00bb0px||||false|false\u00bb custom_margin_phone=\u00bb\u00bb custom_margin_last_edited=\u00bbon|tablet\u00bb custom_padding=\u00bb|||30px|false|false\u00bb border_color_all=\u00bb#fab502&#8243; border_width_left=\u00bb2px\u00bb locked=\u00bboff\u00bb global_colors_info=\u00bb{}\u00bb][et_pb_column_inner saved_specialty_column_type=\u00bb1_2&#8243; _builder_version=\u00bb4.0.6&#8243; global_colors_info=\u00bb{}\u00bb][et_pb_blurb title=\u00bb1985&#8243; use_icon=\u00bbon\u00bb font_icon=\u00bb%%61%%\u00bb icon_color=\u00bb#fab502&#8243; use_circle=\u00bbon\u00bb circle_color=\u00bb#fbfbfb\u00bb icon_placement=\u00bbleft\u00bb content_max_width=\u00bb100%\u00bb use_icon_font_size=\u00bbon\u00bb icon_font_size=\u00bb40px\u00bb _builder_version=\u00bb4.9.9&#8243; header_level=\u00bbh5&#8243; header_font=\u00bb|800||on|||||\u00bb header_text_color=\u00bb#fab502&#8243; header_font_size=\u00bb25px\u00bb header_line_height=\u00bb1.4em\u00bb body_font=\u00bb||||||||\u00bb body_text_color=\u00bbrgba(0,0,0,0.56)\u00bb body_line_height=\u00bb1.8em\u00bb custom_margin=\u00bb|||-59px|false|false\u00bb body_font_size_tablet=\u00bb18px\u00bb body_font_size_phone=\u00bb16px\u00bb body_font_size_last_edited=\u00bbon|phone\u00bb locked=\u00bboff\u00bb global_colors_info=\u00bb{}\u00bb]<\/p>\n<p>\n            <span><strong>Tiziano Caminati<\/strong>funda la charcuter\u00eda.<\/span>\n          <\/p>\n<p>[\/et_pb_blurb][\/et_pb_column_inner][\/et_pb_row_inner][et_pb_row_inner _builder_version=\u00bb4.9.9&#8243; custom_margin=\u00bb||||false|false\u00bb custom_padding=\u00bb|||30px|false|false\u00bb border_color_all=\u00bb#fab502&#8243; border_width_left=\u00bb2px\u00bb locked=\u00bboff\u00bb global_colors_info=\u00bb{}\u00bb][et_pb_column_inner saved_specialty_column_type=\u00bb1_2&#8243; _builder_version=\u00bb4.0.6&#8243; global_colors_info=\u00bb{}\u00bb][et_pb_blurb title=\u00bb1999&#8243; use_icon=\u00bbon\u00bb font_icon=\u00bb%%61%%\u00bb icon_color=\u00bb#fab502&#8243; use_circle=\u00bbon\u00bb circle_color=\u00bb#fcfcfc\u00bb icon_placement=\u00bbleft\u00bb content_max_width=\u00bb100%\u00bb use_icon_font_size=\u00bbon\u00bb icon_font_size=\u00bb40px\u00bb _builder_version=\u00bb4.9.9&#8243; header_level=\u00bbh5&#8243; header_font=\u00bb|800||on|||||\u00bb header_text_color=\u00bb#fab502&#8243; header_font_size=\u00bb25px\u00bb header_line_height=\u00bb1.4em\u00bb body_font=\u00bb||||||||\u00bb body_text_color=\u00bbrgba(0,0,0,0.56)\u00bb body_line_height=\u00bb1.8em\u00bb custom_margin=\u00bb|||-59px|false|false\u00bb body_font_size_tablet=\u00bb18px\u00bb body_font_size_phone=\u00bb16px\u00bb body_font_size_last_edited=\u00bbon|phone\u00bb locked=\u00bboff\u00bb global_colors_info=\u00bb{}\u00bb]<\/p>\n<p>\n            <span>Nacen las l\u00edneas de <strong>pasta<\/strong> y <strong>piadina<\/strong>.<\/span>\n          <\/p>\n<p>[\/et_pb_blurb][\/et_pb_column_inner][\/et_pb_row_inner][et_pb_row_inner _builder_version=\u00bb4.9.9&#8243; custom_margin=\u00bb||||false|false\u00bb custom_padding=\u00bb|||30px|false|false\u00bb border_color_all=\u00bb#fab502&#8243; border_width_left=\u00bb2px\u00bb locked=\u00bboff\u00bb global_colors_info=\u00bb{}\u00bb][et_pb_column_inner saved_specialty_column_type=\u00bb1_2&#8243; _builder_version=\u00bb4.0.6&#8243; global_colors_info=\u00bb{}\u00bb][et_pb_blurb title=\u00bb2000&#8243; use_icon=\u00bbon\u00bb font_icon=\u00bb%%61%%\u00bb icon_color=\u00bb#fab502&#8243; use_circle=\u00bbon\u00bb circle_color=\u00bb#fcfcfc\u00bb icon_placement=\u00bbleft\u00bb content_max_width=\u00bb100%\u00bb use_icon_font_size=\u00bbon\u00bb icon_font_size=\u00bb40px\u00bb _builder_version=\u00bb4.9.9&#8243; header_level=\u00bbh5&#8243; header_font=\u00bb|800||on|||||\u00bb header_text_color=\u00bb#fab502&#8243; header_font_size=\u00bb25px\u00bb header_line_height=\u00bb1.4em\u00bb body_font=\u00bb||||||||\u00bb body_text_color=\u00bbrgba(0,0,0,0.56)\u00bb body_line_height=\u00bb1.8em\u00bb custom_margin=\u00bb|||-59px|false|false\u00bb body_font_size_tablet=\u00bb18px\u00bb body_font_size_phone=\u00bb16px\u00bb body_font_size_last_edited=\u00bbon|phone\u00bb locked=\u00bboff\u00bb global_colors_info=\u00bb{}\u00bb]<\/p>\n<p>\n            <span>Los productos de <strong>catering<\/strong> se abren camino.<\/span>\n          <\/p>\n<p>[\/et_pb_blurb][\/et_pb_column_inner][\/et_pb_row_inner][et_pb_row_inner _builder_version=\u00bb4.9.9&#8243; custom_margin=\u00bb||||false|false\u00bb custom_padding=\u00bb|||30px|false|false\u00bb border_color_all=\u00bb#fab502&#8243; border_width_left=\u00bb2px\u00bb locked=\u00bboff\u00bb global_colors_info=\u00bb{}\u00bb][et_pb_column_inner saved_specialty_column_type=\u00bb1_2&#8243; _builder_version=\u00bb4.0.6&#8243; global_colors_info=\u00bb{}\u00bb][et_pb_blurb title=\u00bb2011&#8243; use_icon=\u00bbon\u00bb font_icon=\u00bb%%61%%\u00bb icon_color=\u00bb#fab502&#8243; use_circle=\u00bbon\u00bb circle_color=\u00bb#fcfcfc\u00bb icon_placement=\u00bbleft\u00bb content_max_width=\u00bb100%\u00bb use_icon_font_size=\u00bbon\u00bb icon_font_size=\u00bb40px\u00bb _builder_version=\u00bb4.9.9&#8243; header_level=\u00bbh5&#8243; header_font=\u00bb|800||on|||||\u00bb header_text_color=\u00bb#fab502&#8243; header_font_size=\u00bb25px\u00bb header_line_height=\u00bb1.4em\u00bb body_font=\u00bb||||||||\u00bb body_text_color=\u00bbrgba(0,0,0,0.56)\u00bb body_line_height=\u00bb1.8em\u00bb custom_margin=\u00bb|||-59px|false|false\u00bb body_font_size_tablet=\u00bb18px\u00bb body_font_size_phone=\u00bb16px\u00bb body_font_size_last_edited=\u00bbon|phone\u00bb locked=\u00bboff\u00bb global_colors_info=\u00bb{}\u00bb]<\/p>\n<p>\n            <span>Se completan las obras en la <strong>nueva planta.<\/strong><\/span>\n          <\/p>\n<p>[\/et_pb_blurb][\/et_pb_column_inner][\/et_pb_row_inner][et_pb_row_inner _builder_version=\u00bb4.9.9&#8243; custom_margin=\u00bb||||false|false\u00bb custom_padding=\u00bb|||30px|false|false\u00bb border_color_all=\u00bb#fab502&#8243; border_width_left=\u00bb2px\u00bb locked=\u00bboff\u00bb global_colors_info=\u00bb{}\u00bb][et_pb_column_inner saved_specialty_column_type=\u00bb1_2&#8243; _builder_version=\u00bb4.0.6&#8243; global_colors_info=\u00bb{}\u00bb][et_pb_blurb title=\u00bb2012&#8243; use_icon=\u00bbon\u00bb font_icon=\u00bb%%61%%\u00bb icon_color=\u00bb#fab502&#8243; use_circle=\u00bbon\u00bb circle_color=\u00bb#ffffff\u00bb icon_placement=\u00bbleft\u00bb content_max_width=\u00bb100%\u00bb use_icon_font_size=\u00bbon\u00bb icon_font_size=\u00bb40px\u00bb _builder_version=\u00bb4.9.9&#8243; header_level=\u00bbh5&#8243; header_font=\u00bb|800||on|||||\u00bb header_text_color=\u00bb#fab502&#8243; header_font_size=\u00bb25px\u00bb header_line_height=\u00bb1.4em\u00bb body_font=\u00bb||||||||\u00bb body_text_color=\u00bbrgba(0,0,0,0.56)\u00bb body_line_height=\u00bb1.8em\u00bb custom_margin=\u00bb|||-59px|false|false\u00bb body_font_size_tablet=\u00bb18px\u00bb body_font_size_phone=\u00bb16px\u00bb body_font_size_last_edited=\u00bbon|phone\u00bb locked=\u00bboff\u00bb global_colors_info=\u00bb{}\u00bb]<\/p>\n<p>\n            <span>Traslado a la <strong>nueva sede.<\/strong><\/span>\n          <\/p>\n<p>[\/et_pb_blurb][\/et_pb_column_inner][\/et_pb_row_inner][et_pb_row_inner _builder_version=\u00bb4.9.9&#8243; custom_margin=\u00bb||||false|false\u00bb custom_padding=\u00bb|||30px|false|false\u00bb border_color_all=\u00bb#fab502&#8243; border_width_left=\u00bb2px\u00bb locked=\u00bboff\u00bb global_colors_info=\u00bb{}\u00bb][et_pb_column_inner saved_specialty_column_type=\u00bb1_2&#8243; _builder_version=\u00bb4.0.6&#8243; global_colors_info=\u00bb{}\u00bb][et_pb_blurb title=\u00bb2015&#8243; use_icon=\u00bbon\u00bb font_icon=\u00bb%%61%%\u00bb icon_color=\u00bb#fab502&#8243; use_circle=\u00bbon\u00bb circle_color=\u00bb#ffffff\u00bb icon_placement=\u00bbleft\u00bb content_max_width=\u00bb100%\u00bb use_icon_font_size=\u00bbon\u00bb icon_font_size=\u00bb40px\u00bb _builder_version=\u00bb4.9.9&#8243; header_level=\u00bbh5&#8243; header_font=\u00bb|800||on|||||\u00bb header_text_color=\u00bb#fab502&#8243; header_font_size=\u00bb25px\u00bb header_line_height=\u00bb1.4em\u00bb body_font=\u00bb||||||||\u00bb body_text_color=\u00bbrgba(0,0,0,0.56)\u00bb body_line_height=\u00bb1.8em\u00bb custom_margin=\u00bb|||-59px|false|false\u00bb body_font_size_tablet=\u00bb18px\u00bb body_font_size_phone=\u00bb16px\u00bb body_font_size_last_edited=\u00bbon|phone\u00bb locked=\u00bboff\u00bb global_colors_info=\u00bb{}\u00bb]<\/p>\n<p>\n            <span>Se lanza la<strong>l\u00ednea Benessere.<\/strong><\/span>\n          <\/p>\n<p>[\/et_pb_blurb][\/et_pb_column_inner][\/et_pb_row_inner][\/et_pb_column][\/et_pb_section]<\/p>\n","protected":false},"excerpt":{"rendered":"<p>Fumaiolo, empresa alimentaria de Roma\u00f1a, produce piadina, pasta fresca, salsas y conservas. La investigaci\u00f3n de las materias primas, el conocimiento transmitido por la tradici\u00f3n, el respeto por el territorio y la atenci\u00f3n constante a la evoluci\u00f3n del mercado: estos son los aspectos fundamentales que caracterizan a la empresa y que han guiado su crecimiento desde [&hellip;]<\/p>\n","protected":false},"author":3,"featured_media":0,"parent":0,"menu_order":0,"comment_status":"closed","ping_status":"closed","template":"","meta":{"_et_pb_use_builder":"on","_et_pb_old_content":"","_et_gb_content_width":"","wp_mapbox_gl_js_media":[],"footnotes":""},"class_list":["post-248175","page","type-page","status-publish","hentry"],"acf":[],"_links":{"self":[{"href":"https:\/\/fumaiolo.com\/es\/wp-json\/wp\/v2\/pages\/248175","targetHints":{"allow":["GET"]}}],"collection":[{"href":"https:\/\/fumaiolo.com\/es\/wp-json\/wp\/v2\/pages"}],"about":[{"href":"https:\/\/fumaiolo.com\/es\/wp-json\/wp\/v2\/types\/page"}],"author":[{"embeddable":true,"href":"https:\/\/fumaiolo.com\/es\/wp-json\/wp\/v2\/users\/3"}],"replies":[{"embeddable":true,"href":"https:\/\/fumaiolo.com\/es\/wp-json\/wp\/v2\/comments?post=248175"}],"version-history":[{"count":26,"href":"https:\/\/fumaiolo.com\/es\/wp-json\/wp\/v2\/pages\/248175\/revisions"}],"predecessor-version":[{"id":254599,"href":"https:\/\/fumaiolo.com\/es\/wp-json\/wp\/v2\/pages\/248175\/revisions\/254599"}],"wp:attachment":[{"href":"https:\/\/fumaiolo.com\/es\/wp-json\/wp\/v2\/media?parent=248175"}],"curies":[{"name":"wp","href":"https:\/\/api.w.org\/{rel}","templated":true}]}}