{"id":252296,"date":"2021-10-27T10:15:42","date_gmt":"2021-10-27T16:27:01","guid":{"rendered":"https:\/\/fumaiolo.com\/product\/cappelletti-ai-formaggi-2\/"},"modified":"2021-10-27T18:27:01","modified_gmt":"2021-10-27T16:27:01","slug":"cappelletti-ai-formaggi-horeca-2","status":"publish","type":"product","link":"https:\/\/fumaiolo.com\/de\/prodotto\/cappelletti-ai-formaggi-horeca-2\/","title":{"rendered":"Cappelletti ai formaggi"},"content":{"rendered":"<p>Ein duftendes P\u00e4ckchen mit weichem Herzen und einem anhaltenden, aber delikaten Geschmack. Der goldene, por\u00f6se Teig ummantelt eine ausgewogene und leckere Creme aus ausgew\u00e4hlten K\u00e4sesorten.<\/p>\n<h2 class=\"olivier\" style=\"color: #373737\"><strong>Zubereitung<\/strong><\/h2>\n<div class=\"text\">\n<p class=\"p1\">Geben Sie das gefrorene Produkt in reichlich kochendes Salzwasser. Gie\u00dfen Sie die Nudeln nach etwa <span class=\"s1\">zwei Minuten<\/span> nach dem erneuten Aufkochen ab.<\/p>\n<\/div>\n<p>&nbsp;<\/p>\n","protected":false},"excerpt":{"rendered":"<p>Ein duftendes P\u00e4ckchen mit weichem Herzen und einem anhaltenden, aber delikaten Geschmack. Der goldene, por\u00f6se Teig ummantelt eine ausgewogene und leckere Creme aus ausgew\u00e4hlten K\u00e4sesorten. Zubereitung Geben Sie das gefrorene Produkt in reichlich kochendes Salzwasser. Gie\u00dfen Sie die Nudeln nach etwa zwei Minuten nach dem erneuten Aufkochen ab. &nbsp;<\/p>\n","protected":false},"featured_media":252017,"comment_status":"closed","ping_status":"closed","template":"","meta":{"_et_pb_use_builder":"","_et_pb_old_content":"","_et_gb_content_width":"","wp_mapbox_gl_js_media":[]},"product_cat":[370,371],"product_tag":[],"class_list":["post-252296","product","type-product","status-publish","has-post-thumbnail","hentry","product_cat-horeca-de","product_cat-le-ripiene-de"],"acf":[],"_links":{"self":[{"href":"https:\/\/fumaiolo.com\/de\/wp-json\/wp\/v2\/product\/252296","targetHints":{"allow":["GET"]}}],"collection":[{"href":"https:\/\/fumaiolo.com\/de\/wp-json\/wp\/v2\/product"}],"about":[{"href":"https:\/\/fumaiolo.com\/de\/wp-json\/wp\/v2\/types\/product"}],"replies":[{"embeddable":true,"href":"https:\/\/fumaiolo.com\/de\/wp-json\/wp\/v2\/comments?post=252296"}],"wp:featuredmedia":[{"embeddable":true,"href":"https:\/\/fumaiolo.com\/de\/wp-json\/wp\/v2\/media\/252017"}],"wp:attachment":[{"href":"https:\/\/fumaiolo.com\/de\/wp-json\/wp\/v2\/media?parent=252296"}],"wp:term":[{"taxonomy":"product_cat","embeddable":true,"href":"https:\/\/fumaiolo.com\/de\/wp-json\/wp\/v2\/product_cat?post=252296"},{"taxonomy":"product_tag","embeddable":true,"href":"https:\/\/fumaiolo.com\/de\/wp-json\/wp\/v2\/product_tag?post=252296"}],"curies":[{"name":"wp","href":"https:\/\/api.w.org\/{rel}","templated":true}]}}