{"id":252295,"date":"2021-10-27T10:12:23","date_gmt":"2021-10-27T16:26:44","guid":{"rendered":"https:\/\/fumaiolo.com\/product\/cappelletti-di-carne-2\/"},"modified":"2021-10-28T11:23:57","modified_gmt":"2021-10-28T09:23:57","slug":"cappelletti-di-carne-horeca","status":"publish","type":"product","link":"https:\/\/fumaiolo.com\/de\/prodotto\/cappelletti-di-carne-horeca\/","title":{"rendered":"Cappelletti di carne"},"content":{"rendered":"<p>Die Cappelletti sind eine der S\u00e4ulen der romagnolischen Kulinarik und Fumaiolo bereitet sie gem\u00e4\u00df dem besonderen Feiertagsrezept zu. Ein goldener Teig ummantelt das k\u00f6stliche Herz aus Eiern, Grana Padano und feinem Schweinefleisch und wird so zu einer Schatztruhe einfacher und robuster Aromen.<\/p>\n<h2 class=\"olivier\" style=\"color: #373737\"><strong>Zubereitung<\/strong><\/h2>\n<div class=\"text\">\n<p class=\"p1\">Geben Sie das gefrorene Produkt in reichlich kochendes Salzwasser. Gie\u00dfen Sie die Nudeln nach etwa <span class=\"s1\">zwei Minuten<\/span> nach dem erneuten Aufkochen ab.<\/p>\n<\/div>\n<p>&nbsp;<\/p>\n","protected":false},"excerpt":{"rendered":"<p>Die Cappelletti sind eine der S\u00e4ulen der romagnolischen Kulinarik und Fumaiolo bereitet sie gem\u00e4\u00df dem besonderen Feiertagsrezept zu. Ein goldener Teig ummantelt das k\u00f6stliche Herz aus Eiern, Grana Padano und feinem Schweinefleisch und wird so zu einer Schatztruhe einfacher und robuster Aromen. Zubereitung Geben Sie das gefrorene Produkt in reichlich kochendes Salzwasser. Gie\u00dfen Sie die [&hellip;]<\/p>\n","protected":false},"featured_media":252017,"comment_status":"closed","ping_status":"closed","template":"","meta":{"_et_pb_use_builder":"","_et_pb_old_content":"","_et_gb_content_width":"","wp_mapbox_gl_js_media":[]},"product_cat":[370,371],"product_tag":[],"class_list":["post-252295","product","type-product","status-publish","has-post-thumbnail","hentry","product_cat-horeca-de","product_cat-le-ripiene-de"],"acf":[],"_links":{"self":[{"href":"https:\/\/fumaiolo.com\/de\/wp-json\/wp\/v2\/product\/252295","targetHints":{"allow":["GET"]}}],"collection":[{"href":"https:\/\/fumaiolo.com\/de\/wp-json\/wp\/v2\/product"}],"about":[{"href":"https:\/\/fumaiolo.com\/de\/wp-json\/wp\/v2\/types\/product"}],"replies":[{"embeddable":true,"href":"https:\/\/fumaiolo.com\/de\/wp-json\/wp\/v2\/comments?post=252295"}],"wp:featuredmedia":[{"embeddable":true,"href":"https:\/\/fumaiolo.com\/de\/wp-json\/wp\/v2\/media\/252017"}],"wp:attachment":[{"href":"https:\/\/fumaiolo.com\/de\/wp-json\/wp\/v2\/media?parent=252295"}],"wp:term":[{"taxonomy":"product_cat","embeddable":true,"href":"https:\/\/fumaiolo.com\/de\/wp-json\/wp\/v2\/product_cat?post=252295"},{"taxonomy":"product_tag","embeddable":true,"href":"https:\/\/fumaiolo.com\/de\/wp-json\/wp\/v2\/product_tag?post=252295"}],"curies":[{"name":"wp","href":"https:\/\/api.w.org\/{rel}","templated":true}]}}