{"id":252266,"date":"2021-10-26T16:22:18","date_gmt":"2021-10-27T16:17:16","guid":{"rendered":"https:\/\/fumaiolo.com\/product\/tagliatelle-2\/"},"modified":"2021-10-27T18:17:16","modified_gmt":"2021-10-27T16:17:16","slug":"tagliatelle-horeca-2","status":"publish","type":"product","link":"https:\/\/fumaiolo.com\/de\/prodotto\/tagliatelle-horeca-2\/","title":{"rendered":"Tagliatelle"},"content":{"rendered":"<p>Die Tagliatelle sind die unbestrittenen Lieblinge auf den Tischen in der Romagna, da sie perfekt zum Fleischrag\u00f9 passen: Sie nehmen es auf und k\u00f6nnen es aufgrund ihrer por\u00f6sen Struktur gut festhalten. Sie eignen sich jedoch f\u00fcr viele ausgezeichnete Kombinationen.<\/p>\n<h2 class=\"olivier\" style=\"color: #373737\"><strong>Zubereitung<\/strong><\/h2>\n<div class=\"text\">\n<p class=\"p1\">Geben Sie das gefrorene Produkt in reichlich kochendes Salzwasser. <span class=\"s1\">Die Nudeln<\/span> sind gar, sobald sie an der Oberfl\u00e4che schwimmen und das Wasser erneut zu kochen beginnt.<\/p>\n<\/div>\n<p>&nbsp;<\/p>\n","protected":false},"excerpt":{"rendered":"<p>Die Tagliatelle sind die unbestrittenen Lieblinge auf den Tischen in der Romagna, da sie perfekt zum Fleischrag\u00f9 passen: Sie nehmen es auf und k\u00f6nnen es aufgrund ihrer por\u00f6sen Struktur gut festhalten. Sie eignen sich jedoch f\u00fcr viele ausgezeichnete Kombinationen. Zubereitung Geben Sie das gefrorene Produkt in reichlich kochendes Salzwasser. Die Nudeln sind gar, sobald sie [&hellip;]<\/p>\n","protected":false},"featured_media":251879,"comment_status":"closed","ping_status":"closed","template":"","meta":{"_et_pb_use_builder":"","_et_pb_old_content":"","_et_gb_content_width":"","wp_mapbox_gl_js_media":[]},"product_cat":[370,376],"product_tag":[],"class_list":["post-252266","product","type-product","status-publish","has-post-thumbnail","hentry","product_cat-horeca-de","product_cat-le-tradizionali-de"],"acf":[],"_links":{"self":[{"href":"https:\/\/fumaiolo.com\/de\/wp-json\/wp\/v2\/product\/252266","targetHints":{"allow":["GET"]}}],"collection":[{"href":"https:\/\/fumaiolo.com\/de\/wp-json\/wp\/v2\/product"}],"about":[{"href":"https:\/\/fumaiolo.com\/de\/wp-json\/wp\/v2\/types\/product"}],"replies":[{"embeddable":true,"href":"https:\/\/fumaiolo.com\/de\/wp-json\/wp\/v2\/comments?post=252266"}],"wp:featuredmedia":[{"embeddable":true,"href":"https:\/\/fumaiolo.com\/de\/wp-json\/wp\/v2\/media\/251879"}],"wp:attachment":[{"href":"https:\/\/fumaiolo.com\/de\/wp-json\/wp\/v2\/media?parent=252266"}],"wp:term":[{"taxonomy":"product_cat","embeddable":true,"href":"https:\/\/fumaiolo.com\/de\/wp-json\/wp\/v2\/product_cat?post=252266"},{"taxonomy":"product_tag","embeddable":true,"href":"https:\/\/fumaiolo.com\/de\/wp-json\/wp\/v2\/product_tag?post=252266"}],"curies":[{"name":"wp","href":"https:\/\/api.w.org\/{rel}","templated":true}]}}