{"id":252239,"date":"2021-10-26T15:48:07","date_gmt":"2021-10-27T16:08:04","guid":{"rendered":"https:\/\/fumaiolo.com\/product\/gnocchi-di-zucca-2\/"},"modified":"2021-10-27T18:08:04","modified_gmt":"2021-10-27T16:08:04","slug":"gnocchi-di-zucca-horeca-2","status":"publish","type":"product","link":"https:\/\/fumaiolo.com\/de\/prodotto\/gnocchi-di-zucca-horeca-2\/","title":{"rendered":"Gnocchi di zucca"},"content":{"rendered":"<p>Der K\u00fcrbis verleiht die s\u00fc\u00dfe, leckere und duftende Note, w\u00e4hrend die Apeninn-Kartoffeln f\u00fcr eine weiche Konsistenz sorgen. Mit diesen Gnocchi bringen Sie die Aromen des Herbstes auf den Tisch. Sie sind die perfekte Kombination mit Gorgonzola oder anderen Blauschimmelk\u00e4sen und passen auch zu feineren Saucen mit Zucchini und Minze oder zu reichhaltigeren Saucen mit Speck und Waln\u00fcssen.<\/p>\n<h2 class=\"olivier\" style=\"color: #373737\"><strong>Zubereitung<\/strong><\/h2>\n<div class=\"text\">\n<p class=\"p1\">Geben Sie das gefrorene Produkt in reichlich kochendes Salzwasser. Die Nudeln sind gar, sobald sie an der Oberfl\u00e4che schwimmen und das Wasser erneut zu kochen beginnt.<\/p>\n<\/div>\n<p>&nbsp;<\/p>\n","protected":false},"excerpt":{"rendered":"<p>Der K\u00fcrbis verleiht die s\u00fc\u00dfe, leckere und duftende Note, w\u00e4hrend die Apeninn-Kartoffeln f\u00fcr eine weiche Konsistenz sorgen. Mit diesen Gnocchi bringen Sie die Aromen des Herbstes auf den Tisch. Sie sind die perfekte Kombination mit Gorgonzola oder anderen Blauschimmelk\u00e4sen und passen auch zu feineren Saucen mit Zucchini und Minze oder zu reichhaltigeren Saucen mit Speck [&hellip;]<\/p>\n","protected":false},"featured_media":251911,"comment_status":"closed","ping_status":"closed","template":"","meta":{"_et_pb_use_builder":"","_et_pb_old_content":"","_et_gb_content_width":"","wp_mapbox_gl_js_media":[]},"product_cat":[370,376],"product_tag":[],"class_list":["post-252239","product","type-product","status-publish","has-post-thumbnail","hentry","product_cat-horeca-de","product_cat-le-tradizionali-de"],"acf":[],"_links":{"self":[{"href":"https:\/\/fumaiolo.com\/de\/wp-json\/wp\/v2\/product\/252239","targetHints":{"allow":["GET"]}}],"collection":[{"href":"https:\/\/fumaiolo.com\/de\/wp-json\/wp\/v2\/product"}],"about":[{"href":"https:\/\/fumaiolo.com\/de\/wp-json\/wp\/v2\/types\/product"}],"replies":[{"embeddable":true,"href":"https:\/\/fumaiolo.com\/de\/wp-json\/wp\/v2\/comments?post=252239"}],"wp:featuredmedia":[{"embeddable":true,"href":"https:\/\/fumaiolo.com\/de\/wp-json\/wp\/v2\/media\/251911"}],"wp:attachment":[{"href":"https:\/\/fumaiolo.com\/de\/wp-json\/wp\/v2\/media?parent=252239"}],"wp:term":[{"taxonomy":"product_cat","embeddable":true,"href":"https:\/\/fumaiolo.com\/de\/wp-json\/wp\/v2\/product_cat?post=252239"},{"taxonomy":"product_tag","embeddable":true,"href":"https:\/\/fumaiolo.com\/de\/wp-json\/wp\/v2\/product_tag?post=252239"}],"curies":[{"name":"wp","href":"https:\/\/api.w.org\/{rel}","templated":true}]}}