{"id":252231,"date":"2021-10-26T15:27:36","date_gmt":"2021-10-27T16:05:57","guid":{"rendered":"https:\/\/fumaiolo.com\/product\/gnocchi-tricolore-2\/"},"modified":"2021-10-27T18:05:57","modified_gmt":"2021-10-27T16:05:57","slug":"gnocchi-tricolore-horeca-2","status":"publish","type":"product","link":"https:\/\/fumaiolo.com\/de\/prodotto\/gnocchi-tricolore-horeca-2\/","title":{"rendered":"Gnocchi Tricolore"},"content":{"rendered":"<p>Im traditionellen Gnocchi-Format, aber mit einem Hauch von Fantasie. Wenn Sie ein wenig Freude auf Ihren Teller bringen und vielleicht Ihre kleinen G\u00e4ste gl\u00fccklich machen m\u00f6chten, sind die Fumaiolo Tricolor Gnocchi genau das Richtige f\u00fcr Sie. Der Teig besteht aus duftenden Apennin-Kartoffeln und einem Hauch von Roter Bete und Spinat: weich und zart, ideal sowohl zu einfachen als auch zu aufwendigen Saucen.<\/p>\n<h2 class=\"olivier\" style=\"color: #f9bb2d\"><strong>Zubereitung<\/strong><\/h2>\n<div class=\"text\">\n<p class=\"p1\">Geben Sie das gefrorene Produkt in reichlich kochendes Salzwasser. Die Nudeln sind gar, sobald sie an der Oberfl\u00e4che schwimmen und das Wasser erneut zu kochen beginnt.<\/p>\n<\/div>\n<p>&nbsp;<\/p>\n","protected":false},"excerpt":{"rendered":"<p>Im traditionellen Gnocchi-Format, aber mit einem Hauch von Fantasie. Wenn Sie ein wenig Freude auf Ihren Teller bringen und vielleicht Ihre kleinen G\u00e4ste gl\u00fccklich machen m\u00f6chten, sind die Fumaiolo Tricolor Gnocchi genau das Richtige f\u00fcr Sie. Der Teig besteht aus duftenden Apennin-Kartoffeln und einem Hauch von Roter Bete und Spinat: weich und zart, ideal sowohl [&hellip;]<\/p>\n","protected":false},"featured_media":251923,"comment_status":"closed","ping_status":"closed","template":"","meta":{"_et_pb_use_builder":"","_et_pb_old_content":"","_et_gb_content_width":"","wp_mapbox_gl_js_media":[]},"product_cat":[370,376],"product_tag":[],"class_list":["post-252231","product","type-product","status-publish","has-post-thumbnail","hentry","product_cat-horeca-de","product_cat-le-tradizionali-de"],"acf":[],"_links":{"self":[{"href":"https:\/\/fumaiolo.com\/de\/wp-json\/wp\/v2\/product\/252231","targetHints":{"allow":["GET"]}}],"collection":[{"href":"https:\/\/fumaiolo.com\/de\/wp-json\/wp\/v2\/product"}],"about":[{"href":"https:\/\/fumaiolo.com\/de\/wp-json\/wp\/v2\/types\/product"}],"replies":[{"embeddable":true,"href":"https:\/\/fumaiolo.com\/de\/wp-json\/wp\/v2\/comments?post=252231"}],"wp:featuredmedia":[{"embeddable":true,"href":"https:\/\/fumaiolo.com\/de\/wp-json\/wp\/v2\/media\/251923"}],"wp:attachment":[{"href":"https:\/\/fumaiolo.com\/de\/wp-json\/wp\/v2\/media?parent=252231"}],"wp:term":[{"taxonomy":"product_cat","embeddable":true,"href":"https:\/\/fumaiolo.com\/de\/wp-json\/wp\/v2\/product_cat?post=252231"},{"taxonomy":"product_tag","embeddable":true,"href":"https:\/\/fumaiolo.com\/de\/wp-json\/wp\/v2\/product_tag?post=252231"}],"curies":[{"name":"wp","href":"https:\/\/api.w.org\/{rel}","templated":true}]}}