{"id":252229,"date":"2021-10-26T15:18:38","date_gmt":"2021-10-27T16:05:48","guid":{"rendered":"https:\/\/fumaiolo.com\/product\/gnocchi-rossi-2\/"},"modified":"2021-10-27T18:05:48","modified_gmt":"2021-10-27T16:05:48","slug":"gnocchi-rossi-horeca-2","status":"publish","type":"product","link":"https:\/\/fumaiolo.com\/de\/prodotto\/gnocchi-rossi-horeca-2\/","title":{"rendered":"Gnocchi rossi"},"content":{"rendered":"<p>Die k\u00f6stlichen roten Gnocchi von Fumaiolo mit delikatem Geschmack werden aus den Apennin-Kartoffeln und der roten R\u00fcbe zubereitet, die diesen Gnocchi ihre Farbe verleiht und sie zu einer K\u00f6stlichkeit machen. Ideal zu delikaten Saucen oder mit intensiveren Gew\u00fcrzen \u2013 f\u00fcr einen himmlischen ersten Gang mit Charakter.<\/p>\n<h2 class=\"olivier\" style=\"color: #373737\"><strong>Zubereitung<\/strong><\/h2>\n<div class=\"text\">\n<p class=\"p1\">Geben Sie das gefrorene Produkt in reichlich kochendes Salzwasser. Die Nudeln sind gar, sobald sie an der Oberfl\u00e4che schwimmen und das Wasser erneut zu kochen beginnt.<\/p>\n<\/div>\n<p>&nbsp;<\/p>\n","protected":false},"excerpt":{"rendered":"<p>Die k\u00f6stlichen roten Gnocchi von Fumaiolo mit delikatem Geschmack werden aus den Apennin-Kartoffeln und der roten R\u00fcbe zubereitet, die diesen Gnocchi ihre Farbe verleiht und sie zu einer K\u00f6stlichkeit machen. Ideal zu delikaten Saucen oder mit intensiveren Gew\u00fcrzen \u2013 f\u00fcr einen himmlischen ersten Gang mit Charakter. Zubereitung Geben Sie das gefrorene Produkt in reichlich kochendes [&hellip;]<\/p>\n","protected":false},"featured_media":252164,"comment_status":"closed","ping_status":"closed","template":"","meta":{"_et_pb_use_builder":"","_et_pb_old_content":"","_et_gb_content_width":"","wp_mapbox_gl_js_media":[]},"product_cat":[370,376],"product_tag":[],"class_list":["post-252229","product","type-product","status-publish","has-post-thumbnail","hentry","product_cat-horeca-de","product_cat-le-tradizionali-de"],"acf":[],"_links":{"self":[{"href":"https:\/\/fumaiolo.com\/de\/wp-json\/wp\/v2\/product\/252229","targetHints":{"allow":["GET"]}}],"collection":[{"href":"https:\/\/fumaiolo.com\/de\/wp-json\/wp\/v2\/product"}],"about":[{"href":"https:\/\/fumaiolo.com\/de\/wp-json\/wp\/v2\/types\/product"}],"replies":[{"embeddable":true,"href":"https:\/\/fumaiolo.com\/de\/wp-json\/wp\/v2\/comments?post=252229"}],"wp:featuredmedia":[{"embeddable":true,"href":"https:\/\/fumaiolo.com\/de\/wp-json\/wp\/v2\/media\/252164"}],"wp:attachment":[{"href":"https:\/\/fumaiolo.com\/de\/wp-json\/wp\/v2\/media?parent=252229"}],"wp:term":[{"taxonomy":"product_cat","embeddable":true,"href":"https:\/\/fumaiolo.com\/de\/wp-json\/wp\/v2\/product_cat?post=252229"},{"taxonomy":"product_tag","embeddable":true,"href":"https:\/\/fumaiolo.com\/de\/wp-json\/wp\/v2\/product_tag?post=252229"}],"curies":[{"name":"wp","href":"https:\/\/api.w.org\/{rel}","templated":true}]}}