{"id":252220,"date":"2021-10-26T15:11:28","date_gmt":"2021-10-27T16:03:41","guid":{"rendered":"https:\/\/fumaiolo.com\/product\/gnocchi-verdi-2\/"},"modified":"2021-10-27T18:03:41","modified_gmt":"2021-10-27T16:03:41","slug":"gnocchi-verdi-horeca-2","status":"publish","type":"product","link":"https:\/\/fumaiolo.com\/de\/prodotto\/gnocchi-verdi-horeca-2\/","title":{"rendered":"Gnocchi verdi"},"content":{"rendered":"<p>Erlesene, mehlige Kartoffeln treffen auf das frische Aroma der Kr\u00e4uter des Monte Fumaiolo. So entstehen unsere Gnocchi Verdi mit ihrer weichen Textur und ihrem k\u00f6stlichen Geschmack. Sie sind die ideale Beilage f\u00fcr etwas s\u00fc\u00dfere sowie herzhafte <span class=\"s1\">und kr\u00e4ftige Saucen.<\/span><\/p>\n<h2 class=\"olivier\" style=\"color: #373737\"><strong>Zubereitung<\/strong><\/h2>\n<div class=\"text\">\n<p class=\"p1\">Geben Sie das gefrorene Produkt in reichlich kochendes Salzwasser. <span class=\"s1\">Die Nudeln<\/span> sind gar, sobald sie an der Oberfl\u00e4che schwimmen und das Wasser erneut zu kochen beginnt.<\/p>\n<\/div>\n<p>&nbsp;<\/p>\n","protected":false},"excerpt":{"rendered":"<p>Erlesene, mehlige Kartoffeln treffen auf das frische Aroma der Kr\u00e4uter des Monte Fumaiolo. So entstehen unsere Gnocchi Verdi mit ihrer weichen Textur und ihrem k\u00f6stlichen Geschmack. Sie sind die ideale Beilage f\u00fcr etwas s\u00fc\u00dfere sowie herzhafte und kr\u00e4ftige Saucen. Zubereitung Geben Sie das gefrorene Produkt in reichlich kochendes Salzwasser. Die Nudeln sind gar, sobald sie [&hellip;]<\/p>\n","protected":false},"featured_media":252158,"comment_status":"closed","ping_status":"closed","template":"","meta":{"_et_pb_use_builder":"","_et_pb_old_content":"","_et_gb_content_width":"","wp_mapbox_gl_js_media":[]},"product_cat":[370,376],"product_tag":[],"class_list":["post-252220","product","type-product","status-publish","has-post-thumbnail","hentry","product_cat-horeca-de","product_cat-le-tradizionali-de"],"acf":[],"_links":{"self":[{"href":"https:\/\/fumaiolo.com\/de\/wp-json\/wp\/v2\/product\/252220","targetHints":{"allow":["GET"]}}],"collection":[{"href":"https:\/\/fumaiolo.com\/de\/wp-json\/wp\/v2\/product"}],"about":[{"href":"https:\/\/fumaiolo.com\/de\/wp-json\/wp\/v2\/types\/product"}],"replies":[{"embeddable":true,"href":"https:\/\/fumaiolo.com\/de\/wp-json\/wp\/v2\/comments?post=252220"}],"wp:featuredmedia":[{"embeddable":true,"href":"https:\/\/fumaiolo.com\/de\/wp-json\/wp\/v2\/media\/252158"}],"wp:attachment":[{"href":"https:\/\/fumaiolo.com\/de\/wp-json\/wp\/v2\/media?parent=252220"}],"wp:term":[{"taxonomy":"product_cat","embeddable":true,"href":"https:\/\/fumaiolo.com\/de\/wp-json\/wp\/v2\/product_cat?post=252220"},{"taxonomy":"product_tag","embeddable":true,"href":"https:\/\/fumaiolo.com\/de\/wp-json\/wp\/v2\/product_tag?post=252220"}],"curies":[{"name":"wp","href":"https:\/\/api.w.org\/{rel}","templated":true}]}}