{"id":252204,"date":"2021-10-26T14:12:19","date_gmt":"2021-10-27T15:55:58","guid":{"rendered":"https:\/\/fumaiolo.com\/product\/tortelloni-di-patate-2\/"},"modified":"2021-10-27T17:55:58","modified_gmt":"2021-10-27T15:55:58","slug":"tortelloni-di-patate-horeca-2","status":"publish","type":"product","link":"https:\/\/fumaiolo.com\/de\/prodotto\/tortelloni-di-patate-horeca-2\/","title":{"rendered":"Tortelloni di patate"},"content":{"rendered":"<p>Die harmonisch ausgewogenen Aromen erzeugen eine weiche und leckere F\u00fcllung. Zwei Teigschichten umh\u00fcllen eine F\u00fcllung aus Kartoffeln aus dem Apennin, ausgew\u00e4hltem Ricotta und Grana Padano.<\/p>\n<h2 class=\"olivier\" style=\"color: #373737\"><strong>Zubereitung<\/strong><\/h2>\n<div class=\"text\">\n<p class=\"p1\">Geben Sie das gefrorene Produkt in reichlich kochendes Salzwasser. Gie\u00dfen Sie die Nudeln nach etwa <span class=\"s1\">drei Minuten<\/span> nach dem erneuten Aufkochen ab.<\/p>\n<\/div>\n<p>&nbsp;<\/p>\n","protected":false},"excerpt":{"rendered":"<p>Die harmonisch ausgewogenen Aromen erzeugen eine weiche und leckere F\u00fcllung. Zwei Teigschichten umh\u00fcllen eine F\u00fcllung aus Kartoffeln aus dem Apennin, ausgew\u00e4hltem Ricotta und Grana Padano. Zubereitung Geben Sie das gefrorene Produkt in reichlich kochendes Salzwasser. Gie\u00dfen Sie die Nudeln nach etwa drei Minuten nach dem erneuten Aufkochen ab. &nbsp;<\/p>\n","protected":false},"featured_media":251947,"comment_status":"closed","ping_status":"closed","template":"","meta":{"_et_pb_use_builder":"","_et_pb_old_content":"","_et_gb_content_width":"","wp_mapbox_gl_js_media":[]},"product_cat":[370,371],"product_tag":[],"class_list":["post-252204","product","type-product","status-publish","has-post-thumbnail","hentry","product_cat-horeca-de","product_cat-le-ripiene-de"],"acf":[],"_links":{"self":[{"href":"https:\/\/fumaiolo.com\/de\/wp-json\/wp\/v2\/product\/252204","targetHints":{"allow":["GET"]}}],"collection":[{"href":"https:\/\/fumaiolo.com\/de\/wp-json\/wp\/v2\/product"}],"about":[{"href":"https:\/\/fumaiolo.com\/de\/wp-json\/wp\/v2\/types\/product"}],"replies":[{"embeddable":true,"href":"https:\/\/fumaiolo.com\/de\/wp-json\/wp\/v2\/comments?post=252204"}],"wp:featuredmedia":[{"embeddable":true,"href":"https:\/\/fumaiolo.com\/de\/wp-json\/wp\/v2\/media\/251947"}],"wp:attachment":[{"href":"https:\/\/fumaiolo.com\/de\/wp-json\/wp\/v2\/media?parent=252204"}],"wp:term":[{"taxonomy":"product_cat","embeddable":true,"href":"https:\/\/fumaiolo.com\/de\/wp-json\/wp\/v2\/product_cat?post=252204"},{"taxonomy":"product_tag","embeddable":true,"href":"https:\/\/fumaiolo.com\/de\/wp-json\/wp\/v2\/product_tag?post=252204"}],"curies":[{"name":"wp","href":"https:\/\/api.w.org\/{rel}","templated":true}]}}