{"id":252196,"date":"2021-10-26T13:53:23","date_gmt":"2021-10-27T15:51:06","guid":{"rendered":"https:\/\/fumaiolo.com\/product\/tortelletti-al-tartufo-2\/"},"modified":"2021-10-27T17:51:06","modified_gmt":"2021-10-27T15:51:06","slug":"tortelletti-al-tartufo-horeca-2","status":"publish","type":"product","link":"https:\/\/fumaiolo.com\/de\/prodotto\/tortelletti-al-tartufo-horeca-2\/","title":{"rendered":"Tortelletti al tartufo"},"content":{"rendered":"<p>Der kr\u00e4ftige Geschmack des schwarzen K\u00f6nigs der Apenninen trifft auf die Finesse des K\u00e4ses. Sie bestehen aus einer F\u00fcllung aus Kartoffeln, Ricotta, Grana Padano und schwarzem Tr\u00fcffel und sind ideal f\u00fcr alle Liebhaber kr\u00e4ftiger Aromen.<br \/>\n&nbsp;<\/p>\n<h2 class=\"olivier\" style=\"color: #373737\"><strong>Zubereitung<\/strong><\/h2>\n<div class=\"text\">\n<p class=\"p1\">Geben Sie das gefrorene Produkt in reichlich kochendes Salzwasser. <span class=\"s1\">Die Nudeln<\/span> sind gar, sobald sie an der Oberfl\u00e4che schwimmen und das Wasser erneut zu kochen beginnt.<\/p>\n<\/div>\n","protected":false},"excerpt":{"rendered":"<p>Der kr\u00e4ftige Geschmack des schwarzen K\u00f6nigs der Apenninen trifft auf die Finesse des K\u00e4ses. Sie bestehen aus einer F\u00fcllung aus Kartoffeln, Ricotta, Grana Padano und schwarzem Tr\u00fcffel und sind ideal f\u00fcr alle Liebhaber kr\u00e4ftiger Aromen. &nbsp; Zubereitung Geben Sie das gefrorene Produkt in reichlich kochendes Salzwasser. Die Nudeln sind gar, sobald sie an der Oberfl\u00e4che [&hellip;]<\/p>\n","protected":false},"featured_media":251960,"comment_status":"closed","ping_status":"closed","template":"","meta":{"_et_pb_use_builder":"","_et_pb_old_content":"","_et_gb_content_width":"","wp_mapbox_gl_js_media":[]},"product_cat":[370,371],"product_tag":[],"class_list":["post-252196","product","type-product","status-publish","has-post-thumbnail","hentry","product_cat-horeca-de","product_cat-le-ripiene-de"],"acf":[],"_links":{"self":[{"href":"https:\/\/fumaiolo.com\/de\/wp-json\/wp\/v2\/product\/252196","targetHints":{"allow":["GET"]}}],"collection":[{"href":"https:\/\/fumaiolo.com\/de\/wp-json\/wp\/v2\/product"}],"about":[{"href":"https:\/\/fumaiolo.com\/de\/wp-json\/wp\/v2\/types\/product"}],"replies":[{"embeddable":true,"href":"https:\/\/fumaiolo.com\/de\/wp-json\/wp\/v2\/comments?post=252196"}],"wp:featuredmedia":[{"embeddable":true,"href":"https:\/\/fumaiolo.com\/de\/wp-json\/wp\/v2\/media\/251960"}],"wp:attachment":[{"href":"https:\/\/fumaiolo.com\/de\/wp-json\/wp\/v2\/media?parent=252196"}],"wp:term":[{"taxonomy":"product_cat","embeddable":true,"href":"https:\/\/fumaiolo.com\/de\/wp-json\/wp\/v2\/product_cat?post=252196"},{"taxonomy":"product_tag","embeddable":true,"href":"https:\/\/fumaiolo.com\/de\/wp-json\/wp\/v2\/product_tag?post=252196"}],"curies":[{"name":"wp","href":"https:\/\/api.w.org\/{rel}","templated":true}]}}