{"id":252192,"date":"2021-10-26T13:35:27","date_gmt":"2021-10-27T15:45:12","guid":{"rendered":"https:\/\/fumaiolo.com\/product\/tortelletti-di-patate-2\/"},"modified":"2021-10-27T17:45:12","modified_gmt":"2021-10-27T15:45:12","slug":"tortelletti-di-patate-horeca-2","status":"publish","type":"product","link":"https:\/\/fumaiolo.com\/de\/prodotto\/tortelletti-di-patate-horeca-2\/","title":{"rendered":"Tortelletti di Patate"},"content":{"rendered":"<p>Hier erh\u00e4lt ein griffiges Nudelquadrat traditionsgem\u00e4\u00df eine einfache F\u00fcllung:<br \/>\nKartoffeln, Ricotta und Grana Padano. Die Tortelletti di Patate passen besonders gut zu Waldgerichten, da sie ihre Aromen voll zur Geltung bringen.<\/p>\n<h2 class=\"olivier\" style=\"color: #373737\"><strong>Zubereitung<\/strong><\/h2>\n<div class=\"text\">\n<p class=\"p1\">Geben Sie das gefrorene Produkt in reichlich kochendes Salzwasser. <span class=\"s1\">Die Nudeln<\/span> sind gar, sobald sie an der Oberfl\u00e4che schwimmen und das Wasser erneut zu kochen beginnt.<\/p>\n<\/div>\n<p>&nbsp;<\/p>\n","protected":false},"excerpt":{"rendered":"<p>Hier erh\u00e4lt ein griffiges Nudelquadrat traditionsgem\u00e4\u00df eine einfache F\u00fcllung: Kartoffeln, Ricotta und Grana Padano. Die Tortelletti di Patate passen besonders gut zu Waldgerichten, da sie ihre Aromen voll zur Geltung bringen. Zubereitung Geben Sie das gefrorene Produkt in reichlich kochendes Salzwasser. Die Nudeln sind gar, sobald sie an der Oberfl\u00e4che schwimmen und das Wasser erneut [&hellip;]<\/p>\n","protected":false},"featured_media":251960,"comment_status":"closed","ping_status":"closed","template":"","meta":{"_et_pb_use_builder":"","_et_pb_old_content":"","_et_gb_content_width":"","wp_mapbox_gl_js_media":[]},"product_cat":[370,371],"product_tag":[],"class_list":["post-252192","product","type-product","status-publish","has-post-thumbnail","hentry","product_cat-horeca-de","product_cat-le-ripiene-de"],"acf":[],"_links":{"self":[{"href":"https:\/\/fumaiolo.com\/de\/wp-json\/wp\/v2\/product\/252192","targetHints":{"allow":["GET"]}}],"collection":[{"href":"https:\/\/fumaiolo.com\/de\/wp-json\/wp\/v2\/product"}],"about":[{"href":"https:\/\/fumaiolo.com\/de\/wp-json\/wp\/v2\/types\/product"}],"replies":[{"embeddable":true,"href":"https:\/\/fumaiolo.com\/de\/wp-json\/wp\/v2\/comments?post=252192"}],"wp:featuredmedia":[{"embeddable":true,"href":"https:\/\/fumaiolo.com\/de\/wp-json\/wp\/v2\/media\/251960"}],"wp:attachment":[{"href":"https:\/\/fumaiolo.com\/de\/wp-json\/wp\/v2\/media?parent=252192"}],"wp:term":[{"taxonomy":"product_cat","embeddable":true,"href":"https:\/\/fumaiolo.com\/de\/wp-json\/wp\/v2\/product_cat?post=252192"},{"taxonomy":"product_tag","embeddable":true,"href":"https:\/\/fumaiolo.com\/de\/wp-json\/wp\/v2\/product_tag?post=252192"}],"curies":[{"name":"wp","href":"https:\/\/api.w.org\/{rel}","templated":true}]}}