{"id":252184,"date":"2021-10-26T12:23:55","date_gmt":"2021-10-27T15:26:17","guid":{"rendered":"https:\/\/fumaiolo.com\/product\/tortelletti-di-carne-2\/"},"modified":"2021-10-27T17:26:17","modified_gmt":"2021-10-27T15:26:17","slug":"tortelletti-di-carne-horeca-2","status":"publish","type":"product","link":"https:\/\/fumaiolo.com\/de\/prodotto\/tortelletti-di-carne-horeca-2\/","title":{"rendered":"Tortelletti di Carne"},"content":{"rendered":"<p>Der por\u00f6se Teig ummantelt den Geschmack der k\u00f6stlichen F\u00fcllung aus bestem Schweinefleisch, Ricotta, Grana Padano, Eiern und nat\u00fcrlichen Aromen des Apennins.<\/p>\n<h2 class=\"olivier\" style=\"color: #373737\"><strong>Zubereitung<\/strong><\/h2>\n<div class=\"text\">\n<p class=\"p1\">Geben Sie das gefrorene Produkt in reichlich kochendes Salzwasser. <span class=\"s1\">Die Nudeln<\/span> sind gar, sobald sie an der Oberfl\u00e4che schwimmen und das Wasser erneut zu kochen beginnt.<\/p>\n<\/div>\n<p>&nbsp;<\/p>\n","protected":false},"excerpt":{"rendered":"<p>Der por\u00f6se Teig ummantelt den Geschmack der k\u00f6stlichen F\u00fcllung aus bestem Schweinefleisch, Ricotta, Grana Padano, Eiern und nat\u00fcrlichen Aromen des Apennins. Zubereitung Geben Sie das gefrorene Produkt in reichlich kochendes Salzwasser. Die Nudeln sind gar, sobald sie an der Oberfl\u00e4che schwimmen und das Wasser erneut zu kochen beginnt. &nbsp;<\/p>\n","protected":false},"featured_media":251960,"comment_status":"closed","ping_status":"closed","template":"","meta":{"_et_pb_use_builder":"","_et_pb_old_content":"","_et_gb_content_width":"","wp_mapbox_gl_js_media":[]},"product_cat":[370,371],"product_tag":[],"class_list":["post-252184","product","type-product","status-publish","has-post-thumbnail","hentry","product_cat-horeca-de","product_cat-le-ripiene-de"],"acf":[],"_links":{"self":[{"href":"https:\/\/fumaiolo.com\/de\/wp-json\/wp\/v2\/product\/252184","targetHints":{"allow":["GET"]}}],"collection":[{"href":"https:\/\/fumaiolo.com\/de\/wp-json\/wp\/v2\/product"}],"about":[{"href":"https:\/\/fumaiolo.com\/de\/wp-json\/wp\/v2\/types\/product"}],"replies":[{"embeddable":true,"href":"https:\/\/fumaiolo.com\/de\/wp-json\/wp\/v2\/comments?post=252184"}],"wp:featuredmedia":[{"embeddable":true,"href":"https:\/\/fumaiolo.com\/de\/wp-json\/wp\/v2\/media\/251960"}],"wp:attachment":[{"href":"https:\/\/fumaiolo.com\/de\/wp-json\/wp\/v2\/media?parent=252184"}],"wp:term":[{"taxonomy":"product_cat","embeddable":true,"href":"https:\/\/fumaiolo.com\/de\/wp-json\/wp\/v2\/product_cat?post=252184"},{"taxonomy":"product_tag","embeddable":true,"href":"https:\/\/fumaiolo.com\/de\/wp-json\/wp\/v2\/product_tag?post=252184"}],"curies":[{"name":"wp","href":"https:\/\/api.w.org\/{rel}","templated":true}]}}