{"id":247500,"date":"2021-07-14T16:33:58","date_gmt":"2021-09-08T08:27:10","guid":{"rendered":"https:\/\/fumaiolo.com\/product\/tortelletti-di-erbe\/"},"modified":"2021-10-27T12:58:44","modified_gmt":"2021-10-27T10:58:44","slug":"tortelletti-di-erbe","status":"publish","type":"product","link":"https:\/\/fumaiolo.com\/de\/prodotto\/tortelletti-di-erbe\/","title":{"rendered":"Tortelletti di erbe"},"content":{"rendered":"<p>Wenn leckerer K\u00e4se auf Kr\u00e4uter trifft, entstehen die Tortelletti von Fumaiolo. Ein griffiges Nudelblatt umh\u00fcllt besten Spinat gemischt mit Grana Padano und frischem Ricotta und schafft so einen feinen und k\u00f6stlichen ersten Gang.<\/p>\n<h2 class=\"olivier\" style=\"color: #373737\"><strong>Zubereitung<\/strong><\/h2>\n<div class=\"text\">\n<p class=\"p1\">Geben Sie das gefrorene Produkt in reichlich kochendes Salzwasser. <span class=\"s1\">Die Nudeln<\/span> sind gar, sobald sie an der Oberfl\u00e4che schwimmen und das Wasser erneut zu kochen beginnt.<\/p>\n<\/div>\n<p>&nbsp;<\/p>\n","protected":false},"excerpt":{"rendered":"<p>Wenn leckerer K\u00e4se auf Kr\u00e4uter trifft, entstehen die Tortelletti von Fumaiolo. Ein griffiges Nudelblatt umh\u00fcllt besten Spinat gemischt mit Grana Padano und frischem Ricotta und schafft so einen feinen und k\u00f6stlichen ersten Gang. Zubereitung Geben Sie das gefrorene Produkt in reichlich kochendes Salzwasser. Die Nudeln sind gar, sobald sie an der Oberfl\u00e4che schwimmen und das [&hellip;]<\/p>\n","protected":false},"featured_media":253997,"comment_status":"closed","ping_status":"closed","template":"","meta":{"_et_pb_use_builder":"off","_et_pb_old_content":"Wenn leckerer K\u00e4se auf Kr\u00e4uter trifft, entstehen die Tortelletti von Fumaiolo. Ein griffiges Nudelblatt umh\u00fcllt besten Spinat gemischt mit Grana Padano und frischem Ricotta und schafft so einen feinen und k\u00f6stlichen ersten Gang.\n<h2 class=\"olivier\"><strong>Zubereitung<\/strong><\/h2>\n<div class=\"text\">\n<p class=\"p1\">Geben Sie das gefrorene Produkt in reichlich kochendes Salzwasser. <span class=\"s1\">Die Nudeln<\/span> sind gar, sobald sie an der Oberfl\u00e4che schwimmen und das Wasser erneut zu kochen beginnt.<\/p>\n\n<\/div>\n ","_et_gb_content_width":"","wp_mapbox_gl_js_media":[]},"product_cat":[263,315],"product_tag":[],"class_list":["post-247500","product","type-product","status-publish","has-post-thumbnail","hentry","product_cat-la-pasta-de","product_cat-tortelli-de"],"acf":[],"_links":{"self":[{"href":"https:\/\/fumaiolo.com\/de\/wp-json\/wp\/v2\/product\/247500","targetHints":{"allow":["GET"]}}],"collection":[{"href":"https:\/\/fumaiolo.com\/de\/wp-json\/wp\/v2\/product"}],"about":[{"href":"https:\/\/fumaiolo.com\/de\/wp-json\/wp\/v2\/types\/product"}],"replies":[{"embeddable":true,"href":"https:\/\/fumaiolo.com\/de\/wp-json\/wp\/v2\/comments?post=247500"}],"wp:featuredmedia":[{"embeddable":true,"href":"https:\/\/fumaiolo.com\/de\/wp-json\/wp\/v2\/media\/253997"}],"wp:attachment":[{"href":"https:\/\/fumaiolo.com\/de\/wp-json\/wp\/v2\/media?parent=247500"}],"wp:term":[{"taxonomy":"product_cat","embeddable":true,"href":"https:\/\/fumaiolo.com\/de\/wp-json\/wp\/v2\/product_cat?post=247500"},{"taxonomy":"product_tag","embeddable":true,"href":"https:\/\/fumaiolo.com\/de\/wp-json\/wp\/v2\/product_tag?post=247500"}],"curies":[{"name":"wp","href":"https:\/\/api.w.org\/{rel}","templated":true}]}}