{"id":247485,"date":"2021-07-20T18:53:30","date_gmt":"2021-09-08T08:02:20","guid":{"rendered":"https:\/\/fumaiolo.com\/product\/tortelloni-di-erbe\/"},"modified":"2021-10-27T14:00:33","modified_gmt":"2021-10-27T12:00:33","slug":"tortelloni-di-erbe","status":"publish","type":"product","link":"https:\/\/fumaiolo.com\/de\/prodotto\/tortelloni-di-erbe\/","title":{"rendered":"Tortelloni di erbe"},"content":{"rendered":"<p>Die Tortelloni di Erbe werden mit Spinat aus der Region zubereitet. Der Nudelteig ist dick, um die F\u00fcllung halten zu k\u00f6nnen und l\u00e4sst sich ideal mit frischen Saucen aus saisonalen Zutaten kombinieren. F\u00fcr ein einfaches aber aufregendes Vergn\u00fcgen.<\/p>\n<h2 class=\"olivier\" style=\"color: #373737\"><strong>Zubereitung<\/strong><\/h2>\n<div class=\"text\">\n<p class=\"p1\">Geben Sie das gefrorene Produkt in reichlich kochendes Salzwasser. Gie\u00dfen Sie die Nudeln nach etwa <span class=\"s1\">drei Minuten<\/span> nach dem erneuten Aufkochen ab.<\/p>\n<\/div>\n<p>&nbsp;<\/p>\n","protected":false},"excerpt":{"rendered":"<p>Die Tortelloni di Erbe werden mit Spinat aus der Region zubereitet. Der Nudelteig ist dick, um die F\u00fcllung halten zu k\u00f6nnen und l\u00e4sst sich ideal mit frischen Saucen aus saisonalen Zutaten kombinieren. F\u00fcr ein einfaches aber aufregendes Vergn\u00fcgen. Zubereitung Geben Sie das gefrorene Produkt in reichlich kochendes Salzwasser. Gie\u00dfen Sie die Nudeln nach etwa drei [&hellip;]<\/p>\n","protected":false},"featured_media":254853,"comment_status":"closed","ping_status":"closed","template":"","meta":{"_et_pb_use_builder":"","_et_pb_old_content":"","_et_gb_content_width":"","wp_mapbox_gl_js_media":[]},"product_cat":[263,315],"product_tag":[],"class_list":["post-247485","product","type-product","status-publish","has-post-thumbnail","hentry","product_cat-la-pasta-de","product_cat-tortelli-de"],"acf":[],"_links":{"self":[{"href":"https:\/\/fumaiolo.com\/de\/wp-json\/wp\/v2\/product\/247485","targetHints":{"allow":["GET"]}}],"collection":[{"href":"https:\/\/fumaiolo.com\/de\/wp-json\/wp\/v2\/product"}],"about":[{"href":"https:\/\/fumaiolo.com\/de\/wp-json\/wp\/v2\/types\/product"}],"replies":[{"embeddable":true,"href":"https:\/\/fumaiolo.com\/de\/wp-json\/wp\/v2\/comments?post=247485"}],"wp:featuredmedia":[{"embeddable":true,"href":"https:\/\/fumaiolo.com\/de\/wp-json\/wp\/v2\/media\/254853"}],"wp:attachment":[{"href":"https:\/\/fumaiolo.com\/de\/wp-json\/wp\/v2\/media?parent=247485"}],"wp:term":[{"taxonomy":"product_cat","embeddable":true,"href":"https:\/\/fumaiolo.com\/de\/wp-json\/wp\/v2\/product_cat?post=247485"},{"taxonomy":"product_tag","embeddable":true,"href":"https:\/\/fumaiolo.com\/de\/wp-json\/wp\/v2\/product_tag?post=247485"}],"curies":[{"name":"wp","href":"https:\/\/api.w.org\/{rel}","templated":true}]}}