{"id":247475,"date":"2021-07-21T09:41:13","date_gmt":"2021-09-08T07:44:44","guid":{"rendered":"https:\/\/fumaiolo.com\/product\/ravioli-di-erbe\/"},"modified":"2021-10-27T14:23:01","modified_gmt":"2021-10-27T12:23:01","slug":"ravioli-di-erbe","status":"publish","type":"product","link":"https:\/\/fumaiolo.com\/de\/prodotto\/ravioli-di-erbe\/","title":{"rendered":"Ravioli di erbe"},"content":{"rendered":"<p>Ein Klassiker der italienischen K\u00fcche, den Fumaiolo in seiner pers\u00f6nlichen Variante mit besonders ausgewogenem Geschmack anbietet. Der gelbe, griffige Eierteig umh\u00fcllt eine weiche Spinatf\u00fcllung und \u00fcberrascht durch seine w\u00fcrzige Note.<\/p>\n<h2 class=\"olivier\" style=\"color: #373737\"><strong>Zubereitung<\/strong><\/h2>\n<div class=\"text\">\n<p class=\"p1\">Geben Sie das gefrorene Produkt in reichlich kochendes Salzwasser. Gie\u00dfen Sie die Nudeln nach etwa <span class=\"s1\">drei Minuten<\/span> nach dem erneuten Aufkochen ab.<\/p>\n<\/div>\n<p>&nbsp;<\/p>\n","protected":false},"excerpt":{"rendered":"<p>Ein Klassiker der italienischen K\u00fcche, den Fumaiolo in seiner pers\u00f6nlichen Variante mit besonders ausgewogenem Geschmack anbietet. Der gelbe, griffige Eierteig umh\u00fcllt eine weiche Spinatf\u00fcllung und \u00fcberrascht durch seine w\u00fcrzige Note. Zubereitung Geben Sie das gefrorene Produkt in reichlich kochendes Salzwasser. Gie\u00dfen Sie die Nudeln nach etwa drei Minuten nach dem erneuten Aufkochen ab. &nbsp;<\/p>\n","protected":false},"featured_media":254888,"comment_status":"closed","ping_status":"closed","template":"","meta":{"_et_pb_use_builder":"","_et_pb_old_content":"","_et_gb_content_width":"","wp_mapbox_gl_js_media":[]},"product_cat":[263,312],"product_tag":[],"class_list":["post-247475","product","type-product","status-publish","has-post-thumbnail","hentry","product_cat-la-pasta-de","product_cat-ravioli-de"],"acf":[],"_links":{"self":[{"href":"https:\/\/fumaiolo.com\/de\/wp-json\/wp\/v2\/product\/247475","targetHints":{"allow":["GET"]}}],"collection":[{"href":"https:\/\/fumaiolo.com\/de\/wp-json\/wp\/v2\/product"}],"about":[{"href":"https:\/\/fumaiolo.com\/de\/wp-json\/wp\/v2\/types\/product"}],"replies":[{"embeddable":true,"href":"https:\/\/fumaiolo.com\/de\/wp-json\/wp\/v2\/comments?post=247475"}],"wp:featuredmedia":[{"embeddable":true,"href":"https:\/\/fumaiolo.com\/de\/wp-json\/wp\/v2\/media\/254888"}],"wp:attachment":[{"href":"https:\/\/fumaiolo.com\/de\/wp-json\/wp\/v2\/media?parent=247475"}],"wp:term":[{"taxonomy":"product_cat","embeddable":true,"href":"https:\/\/fumaiolo.com\/de\/wp-json\/wp\/v2\/product_cat?post=247475"},{"taxonomy":"product_tag","embeddable":true,"href":"https:\/\/fumaiolo.com\/de\/wp-json\/wp\/v2\/product_tag?post=247475"}],"curies":[{"name":"wp","href":"https:\/\/api.w.org\/{rel}","templated":true}]}}