{"id":247469,"date":"2021-07-23T13:49:27","date_gmt":"2021-09-08T07:37:50","guid":{"rendered":"https:\/\/fumaiolo.com\/product\/ravioli-di-patate\/"},"modified":"2021-10-27T14:28:42","modified_gmt":"2021-10-27T12:28:42","slug":"ravioli-di-patate","status":"publish","type":"product","link":"https:\/\/fumaiolo.com\/de\/prodotto\/ravioli-di-patate\/","title":{"rendered":"Ravioli di patate"},"content":{"rendered":"<p>Der zarte Duft der Muskatnuss in einer samtigen und wunderbar gesunden F\u00fclle aus Kartoffeln, Ricotta und Grana Padano. So entstanden die traditionsgem\u00e4\u00dfen Ravioli di Patate von Fumaiolo.<\/p>\n<h2 class=\"olivier\" style=\"color: #373737\"><strong>Zubereitung<\/strong><\/h2>\n<div class=\"text\">\n<p class=\"p1\">Geben Sie das gefrorene Produkt in reichlich kochendes Salzwasser. Gie\u00dfen Sie die Nudeln nach etwa <span class=\"s1\">drei Minuten<\/span> nach dem erneuten Aufkochen ab.<\/p>\n<\/div>\n<p>&nbsp;<\/p>\n","protected":false},"excerpt":{"rendered":"<p>Der zarte Duft der Muskatnuss in einer samtigen und wunderbar gesunden F\u00fclle aus Kartoffeln, Ricotta und Grana Padano. So entstanden die traditionsgem\u00e4\u00dfen Ravioli di Patate von Fumaiolo. Zubereitung Geben Sie das gefrorene Produkt in reichlich kochendes Salzwasser. Gie\u00dfen Sie die Nudeln nach etwa drei Minuten nach dem erneuten Aufkochen ab. &nbsp;<\/p>\n","protected":false},"featured_media":254833,"comment_status":"closed","ping_status":"closed","template":"","meta":{"_et_pb_use_builder":"","_et_pb_old_content":"","_et_gb_content_width":"","wp_mapbox_gl_js_media":[]},"product_cat":[263,312],"product_tag":[],"class_list":["post-247469","product","type-product","status-publish","has-post-thumbnail","hentry","product_cat-la-pasta-de","product_cat-ravioli-de"],"acf":[],"_links":{"self":[{"href":"https:\/\/fumaiolo.com\/de\/wp-json\/wp\/v2\/product\/247469","targetHints":{"allow":["GET"]}}],"collection":[{"href":"https:\/\/fumaiolo.com\/de\/wp-json\/wp\/v2\/product"}],"about":[{"href":"https:\/\/fumaiolo.com\/de\/wp-json\/wp\/v2\/types\/product"}],"replies":[{"embeddable":true,"href":"https:\/\/fumaiolo.com\/de\/wp-json\/wp\/v2\/comments?post=247469"}],"wp:featuredmedia":[{"embeddable":true,"href":"https:\/\/fumaiolo.com\/de\/wp-json\/wp\/v2\/media\/254833"}],"wp:attachment":[{"href":"https:\/\/fumaiolo.com\/de\/wp-json\/wp\/v2\/media?parent=247469"}],"wp:term":[{"taxonomy":"product_cat","embeddable":true,"href":"https:\/\/fumaiolo.com\/de\/wp-json\/wp\/v2\/product_cat?post=247469"},{"taxonomy":"product_tag","embeddable":true,"href":"https:\/\/fumaiolo.com\/de\/wp-json\/wp\/v2\/product_tag?post=247469"}],"curies":[{"name":"wp","href":"https:\/\/api.w.org\/{rel}","templated":true}]}}