{"id":247462,"date":"2021-07-23T13:54:35","date_gmt":"2021-09-08T07:24:03","guid":{"rendered":"https:\/\/fumaiolo.com\/product\/raviolini-ai-formaggi\/"},"modified":"2021-10-27T14:34:08","modified_gmt":"2021-10-27T12:34:08","slug":"raviolini-ai-formaggi","status":"publish","type":"product","link":"https:\/\/fumaiolo.com\/de\/prodotto\/raviolini-ai-formaggi\/","title":{"rendered":"Raviolini ai formaggi"},"content":{"rendered":"<p>Eine Harmonie k\u00f6stlicher Aromen, die selbst die anspruchsvollsten Gaumen \u00fcberraschen wird. Die Raviolini ai Formaggi von Fumaiolo sind das Ergebnis der k\u00f6stlichen Begegnung zwischen Nudelteig, frischem Ricotta, Pecorino und Grana Padano.<\/p>\n<h2 class=\"olivier\" style=\"color: #373737\"><strong>Zubereitung<\/strong><\/h2>\n<div class=\"text\">\n<p class=\"p1\">Geben Sie das gefrorene Produkt in reichlich kochendes Salzwasser. Gie\u00dfen Sie die Nudeln nach etwa <span class=\"s1\">zwei Minuten<\/span> nach dem erneuten Aufkochen ab.<\/p>\n<\/div>\n<p>&nbsp;<\/p>\n","protected":false},"excerpt":{"rendered":"<p>Eine Harmonie k\u00f6stlicher Aromen, die selbst die anspruchsvollsten Gaumen \u00fcberraschen wird. Die Raviolini ai Formaggi von Fumaiolo sind das Ergebnis der k\u00f6stlichen Begegnung zwischen Nudelteig, frischem Ricotta, Pecorino und Grana Padano. Zubereitung Geben Sie das gefrorene Produkt in reichlich kochendes Salzwasser. Gie\u00dfen Sie die Nudeln nach etwa zwei Minuten nach dem erneuten Aufkochen ab. &nbsp;<\/p>\n","protected":false},"featured_media":254033,"comment_status":"closed","ping_status":"closed","template":"","meta":{"_et_pb_use_builder":"","_et_pb_old_content":"","_et_gb_content_width":"","wp_mapbox_gl_js_media":[]},"product_cat":[263,312],"product_tag":[],"class_list":["post-247462","product","type-product","status-publish","has-post-thumbnail","hentry","product_cat-la-pasta-de","product_cat-ravioli-de"],"acf":[],"_links":{"self":[{"href":"https:\/\/fumaiolo.com\/de\/wp-json\/wp\/v2\/product\/247462","targetHints":{"allow":["GET"]}}],"collection":[{"href":"https:\/\/fumaiolo.com\/de\/wp-json\/wp\/v2\/product"}],"about":[{"href":"https:\/\/fumaiolo.com\/de\/wp-json\/wp\/v2\/types\/product"}],"replies":[{"embeddable":true,"href":"https:\/\/fumaiolo.com\/de\/wp-json\/wp\/v2\/comments?post=247462"}],"wp:featuredmedia":[{"embeddable":true,"href":"https:\/\/fumaiolo.com\/de\/wp-json\/wp\/v2\/media\/254033"}],"wp:attachment":[{"href":"https:\/\/fumaiolo.com\/de\/wp-json\/wp\/v2\/media?parent=247462"}],"wp:term":[{"taxonomy":"product_cat","embeddable":true,"href":"https:\/\/fumaiolo.com\/de\/wp-json\/wp\/v2\/product_cat?post=247462"},{"taxonomy":"product_tag","embeddable":true,"href":"https:\/\/fumaiolo.com\/de\/wp-json\/wp\/v2\/product_tag?post=247462"}],"curies":[{"name":"wp","href":"https:\/\/api.w.org\/{rel}","templated":true}]}}