{"id":247432,"date":"2021-07-23T16:24:06","date_gmt":"2021-09-07T13:36:56","guid":{"rendered":"https:\/\/fumaiolo.com\/product\/pappardelle\/"},"modified":"2021-10-27T15:33:13","modified_gmt":"2021-10-27T13:33:13","slug":"pappardelle","status":"publish","type":"product","link":"https:\/\/fumaiolo.com\/de\/prodotto\/pappardelle\/","title":{"rendered":"Pappardelle"},"content":{"rendered":"<p>F\u00fcr alle Pastaliebhaber sind die Pappardelle von Fumaiolo die beste Wahl. Aufgrund ihrer gr\u00f6\u00dferen Formate und dem br\u00fcchigen Teig lassen sie sich problemlos auf ungew\u00f6hnliche und raffinierte Art kombinieren.<\/p>\n<h2 class=\"olivier\" style=\"color: #373737\"><strong>Zubereitung<\/strong><\/h2>\n<div class=\"text\">\n<p class=\"p1\">Geben Sie das gefrorene Produkt in reichlich kochendes Salzwasser. <span class=\"s1\">Die Nudeln<\/span> sind gar, sobald sie an der Oberfl\u00e4che schwimmen und das Wasser erneut zu kochen beginnt.<\/p>\n<\/div>\n<p>&nbsp;<\/p>\n","protected":false},"excerpt":{"rendered":"<p>F\u00fcr alle Pastaliebhaber sind die Pappardelle von Fumaiolo die beste Wahl. Aufgrund ihrer gr\u00f6\u00dferen Formate und dem br\u00fcchigen Teig lassen sie sich problemlos auf ungew\u00f6hnliche und raffinierte Art kombinieren. Zubereitung Geben Sie das gefrorene Produkt in reichlich kochendes Salzwasser. Die Nudeln sind gar, sobald sie an der Oberfl\u00e4che schwimmen und das Wasser erneut zu kochen [&hellip;]<\/p>\n","protected":false},"featured_media":254878,"comment_status":"closed","ping_status":"closed","template":"","meta":{"_et_pb_use_builder":"","_et_pb_old_content":"","_et_gb_content_width":"","wp_mapbox_gl_js_media":[]},"product_cat":[263,308,294],"product_tag":[],"class_list":["post-247432","product","type-product","status-publish","has-post-thumbnail","hentry","product_cat-la-pasta-de","product_cat-pappardelle-de","product_cat-pasta-lunga-de"],"acf":[],"_links":{"self":[{"href":"https:\/\/fumaiolo.com\/de\/wp-json\/wp\/v2\/product\/247432","targetHints":{"allow":["GET"]}}],"collection":[{"href":"https:\/\/fumaiolo.com\/de\/wp-json\/wp\/v2\/product"}],"about":[{"href":"https:\/\/fumaiolo.com\/de\/wp-json\/wp\/v2\/types\/product"}],"replies":[{"embeddable":true,"href":"https:\/\/fumaiolo.com\/de\/wp-json\/wp\/v2\/comments?post=247432"}],"wp:featuredmedia":[{"embeddable":true,"href":"https:\/\/fumaiolo.com\/de\/wp-json\/wp\/v2\/media\/254878"}],"wp:attachment":[{"href":"https:\/\/fumaiolo.com\/de\/wp-json\/wp\/v2\/media?parent=247432"}],"wp:term":[{"taxonomy":"product_cat","embeddable":true,"href":"https:\/\/fumaiolo.com\/de\/wp-json\/wp\/v2\/product_cat?post=247432"},{"taxonomy":"product_tag","embeddable":true,"href":"https:\/\/fumaiolo.com\/de\/wp-json\/wp\/v2\/product_tag?post=247432"}],"curies":[{"name":"wp","href":"https:\/\/api.w.org\/{rel}","templated":true}]}}