{"id":247404,"date":"2021-07-23T16:58:10","date_gmt":"2021-09-07T12:55:19","guid":{"rendered":"https:\/\/fumaiolo.com\/product\/passatelli\/"},"modified":"2021-10-27T15:36:52","modified_gmt":"2021-10-27T13:36:52","slug":"passatelli","status":"publish","type":"product","link":"https:\/\/fumaiolo.com\/de\/prodotto\/passatelli\/","title":{"rendered":"Passatelli"},"content":{"rendered":"<p>Ein k\u00f6stlicher erster Gang aus der Romagna, der aus einem duftenden Teig aus frischen Eiern, Grana Padano, Semmelbr\u00f6seln, Muskatnuss und Zitrone besteht. Sie m\u00fcssen nur leicht abgeschmeckt werden, sind aber besonders gut in Suppen.<\/p>\n<h2 class=\"olivier\" style=\"color: #373737\"><strong>Zubereitung<\/strong><\/h2>\n<div class=\"text\">\n<div class=\"offset-1 col-11 col-md-8\">\n<div class=\"text\">\n<p class=\"p1\">Geben Sie das gefrorene Produkt in reichlich kochendes Salzwasser. <span class=\"s1\">Die Nudeln<\/span> sind gar, sobald sie an der Oberfl\u00e4che schwimmen und das Wasser erneut zu kochen beginnt.<\/p>\n<\/div>\n<\/div>\n<\/div>\n<p>&nbsp;<\/p>\n","protected":false},"excerpt":{"rendered":"<p>Ein k\u00f6stlicher erster Gang aus der Romagna, der aus einem duftenden Teig aus frischen Eiern, Grana Padano, Semmelbr\u00f6seln, Muskatnuss und Zitrone besteht. Sie m\u00fcssen nur leicht abgeschmeckt werden, sind aber besonders gut in Suppen. Zubereitung Geben Sie das gefrorene Produkt in reichlich kochendes Salzwasser. Die Nudeln sind gar, sobald sie an der Oberfl\u00e4che schwimmen und [&hellip;]<\/p>\n","protected":false},"featured_media":254073,"comment_status":"closed","ping_status":"closed","template":"","meta":{"_et_pb_use_builder":"","_et_pb_old_content":"","_et_gb_content_width":"","wp_mapbox_gl_js_media":[]},"product_cat":[263,288],"product_tag":[],"class_list":["post-247404","product","type-product","status-publish","has-post-thumbnail","hentry","product_cat-la-pasta-de","product_cat-passatelli-de"],"acf":[],"_links":{"self":[{"href":"https:\/\/fumaiolo.com\/de\/wp-json\/wp\/v2\/product\/247404","targetHints":{"allow":["GET"]}}],"collection":[{"href":"https:\/\/fumaiolo.com\/de\/wp-json\/wp\/v2\/product"}],"about":[{"href":"https:\/\/fumaiolo.com\/de\/wp-json\/wp\/v2\/types\/product"}],"replies":[{"embeddable":true,"href":"https:\/\/fumaiolo.com\/de\/wp-json\/wp\/v2\/comments?post=247404"}],"wp:featuredmedia":[{"embeddable":true,"href":"https:\/\/fumaiolo.com\/de\/wp-json\/wp\/v2\/media\/254073"}],"wp:attachment":[{"href":"https:\/\/fumaiolo.com\/de\/wp-json\/wp\/v2\/media?parent=247404"}],"wp:term":[{"taxonomy":"product_cat","embeddable":true,"href":"https:\/\/fumaiolo.com\/de\/wp-json\/wp\/v2\/product_cat?post=247404"},{"taxonomy":"product_tag","embeddable":true,"href":"https:\/\/fumaiolo.com\/de\/wp-json\/wp\/v2\/product_tag?post=247404"}],"curies":[{"name":"wp","href":"https:\/\/api.w.org\/{rel}","templated":true}]}}