{"id":247380,"date":"2021-07-23T17:11:51","date_gmt":"2021-09-07T12:17:59","guid":{"rendered":"https:\/\/fumaiolo.com\/product\/piadina-light\/"},"modified":"2021-09-15T15:34:14","modified_gmt":"2021-09-15T13:34:14","slug":"piadina-light","status":"publish","type":"product","link":"https:\/\/fumaiolo.com\/de\/prodotto\/piadina-light\/","title":{"rendered":"Piadina light DE"},"content":{"rendered":"<p>Die duftende Piadina Light von Fumaiolo schmeckt wie hausgemacht und bewahrt das antike Rezept aus der Romagna, wobei es 40 % weniger Fett als die traditionelle Version ben\u00f6tigt, da anstelle von Schweineschmalz Maiskeim\u00f6l verwendet wird.<\/p>\n<h2 class=\"olivier\" style=\"color: #373737\"><strong>Zubereitung<\/strong><\/h2>\n<div class=\"text\">\n<div class=\"offset-1 col-11 col-md-8\">\n<div class=\"text\">\n<div class=\"offset-1 col-11 col-md-8\">\n<div class=\"text\">\n<p class=\"p1\">Erw\u00e4rmen Sie sie in einer trockenen Pfanne oder Backform. Ideal zu Aufschnitt und als Brotersatz.<\/p>\n<\/div>\n<\/div>\n<\/div>\n<\/div>\n<\/div>\n<p>&nbsp;<\/p>\n","protected":false},"excerpt":{"rendered":"<p>Die duftende Piadina Light von Fumaiolo schmeckt wie hausgemacht und bewahrt das antike Rezept aus der Romagna, wobei es 40 % weniger Fett als die traditionelle Version ben\u00f6tigt, da anstelle von Schweineschmalz Maiskeim\u00f6l verwendet wird. Zubereitung Erw\u00e4rmen Sie sie in einer trockenen Pfanne oder Backform. Ideal zu Aufschnitt und als Brotersatz. &nbsp;<\/p>\n","protected":false},"featured_media":254103,"comment_status":"closed","ping_status":"closed","template":"","meta":{"_et_pb_use_builder":"","_et_pb_old_content":"","_et_gb_content_width":"","wp_mapbox_gl_js_media":[]},"product_cat":[278,279],"product_tag":[],"class_list":["post-247380","product","type-product","status-publish","has-post-thumbnail","hentry","product_cat-piadina-de","product_cat-piadina-trancio-de"],"acf":[],"_links":{"self":[{"href":"https:\/\/fumaiolo.com\/de\/wp-json\/wp\/v2\/product\/247380","targetHints":{"allow":["GET"]}}],"collection":[{"href":"https:\/\/fumaiolo.com\/de\/wp-json\/wp\/v2\/product"}],"about":[{"href":"https:\/\/fumaiolo.com\/de\/wp-json\/wp\/v2\/types\/product"}],"replies":[{"embeddable":true,"href":"https:\/\/fumaiolo.com\/de\/wp-json\/wp\/v2\/comments?post=247380"}],"wp:featuredmedia":[{"embeddable":true,"href":"https:\/\/fumaiolo.com\/de\/wp-json\/wp\/v2\/media\/254103"}],"wp:attachment":[{"href":"https:\/\/fumaiolo.com\/de\/wp-json\/wp\/v2\/media?parent=247380"}],"wp:term":[{"taxonomy":"product_cat","embeddable":true,"href":"https:\/\/fumaiolo.com\/de\/wp-json\/wp\/v2\/product_cat?post=247380"},{"taxonomy":"product_tag","embeddable":true,"href":"https:\/\/fumaiolo.com\/de\/wp-json\/wp\/v2\/product_tag?post=247380"}],"curies":[{"name":"wp","href":"https:\/\/api.w.org\/{rel}","templated":true}]}}