{"id":247373,"date":"2021-07-23T17:15:29","date_gmt":"2021-09-07T12:12:15","guid":{"rendered":"https:\/\/fumaiolo.com\/product\/piadina-light-intera\/"},"modified":"2021-09-15T15:34:09","modified_gmt":"2021-09-15T13:34:09","slug":"piadina-light-intera","status":"publish","type":"product","link":"https:\/\/fumaiolo.com\/de\/prodotto\/piadina-light-intera\/","title":{"rendered":"Piadina light Intera DE"},"content":{"rendered":"<p>Der ber\u00fchmteste Kreis der Welt, au\u00dfen knusprig und innen weich, ist die K\u00f6nigin auf den Tischen der Romagna. Sie ist der beste Begleiter f\u00fcr Wurstwaren und K\u00e4se, bietet jedoch auch f\u00fcr Gourmet-Kombinationen gen\u00fcgend Spielraum.<\/p>\n<h2 class=\"olivier\" style=\"color: #373737\"><strong>Zubereitung<\/strong><\/h2>\n<div class=\"text\">\n<div class=\"offset-1 col-11 col-md-8\">\n<div class=\"text\">\n<div class=\"offset-1 col-11 col-md-8\">\n<div class=\"text\">\n<p class=\"p1\">Erw\u00e4rmen Sie sie in einer trockenen Pfanne oder Backform. Ideal zu Aufschnitt und als Brotersatz.<\/p>\n<\/div>\n<\/div>\n<\/div>\n<\/div>\n<\/div>\n<p>&nbsp;<\/p>\n","protected":false},"excerpt":{"rendered":"<p>Der ber\u00fchmteste Kreis der Welt, au\u00dfen knusprig und innen weich, ist die K\u00f6nigin auf den Tischen der Romagna. Sie ist der beste Begleiter f\u00fcr Wurstwaren und K\u00e4se, bietet jedoch auch f\u00fcr Gourmet-Kombinationen gen\u00fcgend Spielraum. Zubereitung Erw\u00e4rmen Sie sie in einer trockenen Pfanne oder Backform. Ideal zu Aufschnitt und als Brotersatz. &nbsp;<\/p>\n","protected":false},"featured_media":254569,"comment_status":"closed","ping_status":"closed","template":"","meta":{"_et_pb_use_builder":"","_et_pb_old_content":"","_et_gb_content_width":"","wp_mapbox_gl_js_media":[]},"product_cat":[278],"product_tag":[],"class_list":["post-247373","product","type-product","status-publish","has-post-thumbnail","hentry","product_cat-piadina-de"],"acf":[],"_links":{"self":[{"href":"https:\/\/fumaiolo.com\/de\/wp-json\/wp\/v2\/product\/247373","targetHints":{"allow":["GET"]}}],"collection":[{"href":"https:\/\/fumaiolo.com\/de\/wp-json\/wp\/v2\/product"}],"about":[{"href":"https:\/\/fumaiolo.com\/de\/wp-json\/wp\/v2\/types\/product"}],"replies":[{"embeddable":true,"href":"https:\/\/fumaiolo.com\/de\/wp-json\/wp\/v2\/comments?post=247373"}],"wp:featuredmedia":[{"embeddable":true,"href":"https:\/\/fumaiolo.com\/de\/wp-json\/wp\/v2\/media\/254569"}],"wp:attachment":[{"href":"https:\/\/fumaiolo.com\/de\/wp-json\/wp\/v2\/media?parent=247373"}],"wp:term":[{"taxonomy":"product_cat","embeddable":true,"href":"https:\/\/fumaiolo.com\/de\/wp-json\/wp\/v2\/product_cat?post=247373"},{"taxonomy":"product_tag","embeddable":true,"href":"https:\/\/fumaiolo.com\/de\/wp-json\/wp\/v2\/product_tag?post=247373"}],"curies":[{"name":"wp","href":"https:\/\/api.w.org\/{rel}","templated":true}]}}