{"id":247365,"date":"2021-07-23T17:19:01","date_gmt":"2021-09-07T11:39:39","guid":{"rendered":"https:\/\/fumaiolo.com\/product\/piadina-sottile-da-arrotolare\/"},"modified":"2021-09-15T15:34:02","modified_gmt":"2021-09-15T13:34:02","slug":"piadina-sottile-da-arrotolare","status":"publish","type":"product","link":"https:\/\/fumaiolo.com\/de\/prodotto\/piadina-sottile-da-arrotolare\/","title":{"rendered":"Piadina sottile da arrotolare DE"},"content":{"rendered":"<p>Gesund, lecker und vielseitig: Die D\u00fcnne Piadina von Fumaiolo schmeckt genauso gut wie die traditionelle, ist jedoch etwas d\u00fcnner und eignet sich ideal zur Zubereitung von gef\u00fcllten Wraps.<\/p>\n<h2 class=\"olivier\" style=\"color: #373737\"><strong>Zubereitung<\/strong><\/h2>\n<div class=\"text\">\n<div class=\"offset-1 col-11 col-md-8\">\n<div class=\"text\">\n<div class=\"offset-1 col-11 col-md-8\">\n<div class=\"text\">\n<p class=\"p1\">Erw\u00e4rmen Sie sie in einer trockenen Pfanne oder Backform. Ideal zu Aufschnitt und als Brotersatz.<\/p>\n<\/div>\n<\/div>\n<\/div>\n<\/div>\n<\/div>\n<p>&nbsp;<\/p>\n","protected":false},"excerpt":{"rendered":"<p>Gesund, lecker und vielseitig: Die D\u00fcnne Piadina von Fumaiolo schmeckt genauso gut wie die traditionelle, ist jedoch etwas d\u00fcnner und eignet sich ideal zur Zubereitung von gef\u00fcllten Wraps. Zubereitung Erw\u00e4rmen Sie sie in einer trockenen Pfanne oder Backform. Ideal zu Aufschnitt und als Brotersatz. &nbsp;<\/p>\n","protected":false},"featured_media":254164,"comment_status":"closed","ping_status":"closed","template":"","meta":{"_et_pb_use_builder":"","_et_pb_old_content":"","_et_gb_content_width":"","wp_mapbox_gl_js_media":[]},"product_cat":[278],"product_tag":[],"class_list":["post-247365","product","type-product","status-publish","has-post-thumbnail","hentry","product_cat-piadina-de"],"acf":[],"_links":{"self":[{"href":"https:\/\/fumaiolo.com\/de\/wp-json\/wp\/v2\/product\/247365","targetHints":{"allow":["GET"]}}],"collection":[{"href":"https:\/\/fumaiolo.com\/de\/wp-json\/wp\/v2\/product"}],"about":[{"href":"https:\/\/fumaiolo.com\/de\/wp-json\/wp\/v2\/types\/product"}],"replies":[{"embeddable":true,"href":"https:\/\/fumaiolo.com\/de\/wp-json\/wp\/v2\/comments?post=247365"}],"wp:featuredmedia":[{"embeddable":true,"href":"https:\/\/fumaiolo.com\/de\/wp-json\/wp\/v2\/media\/254164"}],"wp:attachment":[{"href":"https:\/\/fumaiolo.com\/de\/wp-json\/wp\/v2\/media?parent=247365"}],"wp:term":[{"taxonomy":"product_cat","embeddable":true,"href":"https:\/\/fumaiolo.com\/de\/wp-json\/wp\/v2\/product_cat?post=247365"},{"taxonomy":"product_tag","embeddable":true,"href":"https:\/\/fumaiolo.com\/de\/wp-json\/wp\/v2\/product_tag?post=247365"}],"curies":[{"name":"wp","href":"https:\/\/api.w.org\/{rel}","templated":true}]}}