{"id":246986,"date":"2021-07-26T09:26:24","date_gmt":"2021-09-03T14:57:42","guid":{"rendered":"https:\/\/fumaiolo.com\/product\/tortelli-di-patate-sulla-lastra\/"},"modified":"2021-10-27T16:01:26","modified_gmt":"2021-10-27T14:01:26","slug":"tortelli-di-patate-sulla-lastra","status":"publish","type":"product","link":"https:\/\/fumaiolo.com\/de\/prodotto\/tortelli-di-patate-sulla-lastra\/","title":{"rendered":"Tortelli di Patate sulla lastra"},"content":{"rendered":"<p>Die mit Kartoffeln gef\u00fcllten Tortelli sulla Lastra von Fumaiolo sind von besonders weichem Geschmack und passen perfekt zu Aufschnitt und K\u00e4se.<\/p>\n<h2 class=\"olivier\" style=\"color: #373737\"><strong>Zubereitung<\/strong><\/h2>\n<div class=\"text\">\n<div class=\"offset-1 col-11 col-md-8\">\n<div class=\"text\">\n<div class=\"offset-1 col-11 col-md-8\">\n<div class=\"text\">\n<p class=\"p1\">Erw\u00e4rmen Sie das noch gefrorene Produkt in einer beschichteten Pfanne oder in einem Toaster, alternativ k\u00f6nnen Sie es auch in reichlich hei\u00dfem \u00d6l frittieren.<\/p>\n<\/div>\n<\/div>\n<\/div>\n<\/div>\n<\/div>\n<p>&nbsp;<\/p>\n","protected":false},"excerpt":{"rendered":"<p>Die mit Kartoffeln gef\u00fcllten Tortelli sulla Lastra von Fumaiolo sind von besonders weichem Geschmack und passen perfekt zu Aufschnitt und K\u00e4se. Zubereitung Erw\u00e4rmen Sie das noch gefrorene Produkt in einer beschichteten Pfanne oder in einem Toaster, alternativ k\u00f6nnen Sie es auch in reichlich hei\u00dfem \u00d6l frittieren. &nbsp;<\/p>\n","protected":false},"featured_media":255180,"comment_status":"closed","ping_status":"closed","template":"","meta":{"_et_pb_use_builder":"off","_et_pb_old_content":"","_et_gb_content_width":"","wp_mapbox_gl_js_media":[]},"product_cat":[268],"product_tag":[],"class_list":["post-246986","product","type-product","status-publish","has-post-thumbnail","hentry","product_cat-tortelli-sulla-lastra-de"],"acf":[],"_links":{"self":[{"href":"https:\/\/fumaiolo.com\/de\/wp-json\/wp\/v2\/product\/246986","targetHints":{"allow":["GET"]}}],"collection":[{"href":"https:\/\/fumaiolo.com\/de\/wp-json\/wp\/v2\/product"}],"about":[{"href":"https:\/\/fumaiolo.com\/de\/wp-json\/wp\/v2\/types\/product"}],"replies":[{"embeddable":true,"href":"https:\/\/fumaiolo.com\/de\/wp-json\/wp\/v2\/comments?post=246986"}],"wp:featuredmedia":[{"embeddable":true,"href":"https:\/\/fumaiolo.com\/de\/wp-json\/wp\/v2\/media\/255180"}],"wp:attachment":[{"href":"https:\/\/fumaiolo.com\/de\/wp-json\/wp\/v2\/media?parent=246986"}],"wp:term":[{"taxonomy":"product_cat","embeddable":true,"href":"https:\/\/fumaiolo.com\/de\/wp-json\/wp\/v2\/product_cat?post=246986"},{"taxonomy":"product_tag","embeddable":true,"href":"https:\/\/fumaiolo.com\/de\/wp-json\/wp\/v2\/product_tag?post=246986"}],"curies":[{"name":"wp","href":"https:\/\/api.w.org\/{rel}","templated":true}]}}