{"id":246976,"date":"2021-07-26T09:29:23","date_gmt":"2021-09-03T14:45:41","guid":{"rendered":"https:\/\/fumaiolo.com\/product\/tortelli-al-tartufo-sulla-lastra\/"},"modified":"2021-10-27T16:25:16","modified_gmt":"2021-10-27T14:25:16","slug":"tortelli-al-tartufo-sulla-lastra","status":"publish","type":"product","link":"https:\/\/fumaiolo.com\/de\/prodotto\/tortelli-al-tartufo-sulla-lastra\/","title":{"rendered":"Tortelli al Tartufo sulla lastra"},"content":{"rendered":"<p><span class=\"s1\">Die Tortelli al Tartufo sulla Lastra sind eine typische Delikatesse aus dem toskanisch-romagnolischen Apennin<\/span> <span class=\"s2\">und verbinden die weichen Kartoffeln mit dem vollen und duftenden Aroma des K\u00f6nigs des Unterholzes.<\/span><\/p>\n<h2 class=\"olivier\" style=\"color: #373737\"><strong>Zubereitung<\/strong><\/h2>\n<div class=\"text\">\n<div class=\"offset-1 col-11 col-md-8\">\n<div class=\"text\">\n<div class=\"offset-1 col-11 col-md-8\">\n<div class=\"text\">\n<p class=\"p1\">Erw\u00e4rmen Sie das noch gefrorene Produkt in einer beschichteten Pfanne oder in einem Toaster, alternativ k\u00f6nnen Sie es auch in reichlich hei\u00dfem \u00d6l frittieren.<\/p>\n<\/div>\n<\/div>\n<\/div>\n<\/div>\n<\/div>\n<p>&nbsp;<\/p>\n","protected":false},"excerpt":{"rendered":"<p>Die Tortelli al Tartufo sulla Lastra sind eine typische Delikatesse aus dem toskanisch-romagnolischen Apennin und verbinden die weichen Kartoffeln mit dem vollen und duftenden Aroma des K\u00f6nigs des Unterholzes. Zubereitung Erw\u00e4rmen Sie das noch gefrorene Produkt in einer beschichteten Pfanne oder in einem Toaster, alternativ k\u00f6nnen Sie es auch in reichlich hei\u00dfem \u00d6l frittieren. &nbsp;<\/p>\n","protected":false},"featured_media":255175,"comment_status":"closed","ping_status":"closed","template":"","meta":{"_et_pb_use_builder":"","_et_pb_old_content":"","_et_gb_content_width":"","wp_mapbox_gl_js_media":[]},"product_cat":[268],"product_tag":[],"class_list":["post-246976","product","type-product","status-publish","has-post-thumbnail","hentry","product_cat-tortelli-sulla-lastra-de"],"acf":[],"_links":{"self":[{"href":"https:\/\/fumaiolo.com\/de\/wp-json\/wp\/v2\/product\/246976","targetHints":{"allow":["GET"]}}],"collection":[{"href":"https:\/\/fumaiolo.com\/de\/wp-json\/wp\/v2\/product"}],"about":[{"href":"https:\/\/fumaiolo.com\/de\/wp-json\/wp\/v2\/types\/product"}],"replies":[{"embeddable":true,"href":"https:\/\/fumaiolo.com\/de\/wp-json\/wp\/v2\/comments?post=246976"}],"wp:featuredmedia":[{"embeddable":true,"href":"https:\/\/fumaiolo.com\/de\/wp-json\/wp\/v2\/media\/255175"}],"wp:attachment":[{"href":"https:\/\/fumaiolo.com\/de\/wp-json\/wp\/v2\/media?parent=246976"}],"wp:term":[{"taxonomy":"product_cat","embeddable":true,"href":"https:\/\/fumaiolo.com\/de\/wp-json\/wp\/v2\/product_cat?post=246976"},{"taxonomy":"product_tag","embeddable":true,"href":"https:\/\/fumaiolo.com\/de\/wp-json\/wp\/v2\/product_tag?post=246976"}],"curies":[{"name":"wp","href":"https:\/\/api.w.org\/{rel}","templated":true}]}}