{"id":250629,"date":"2021-10-04T12:15:25","date_gmt":"2021-10-04T10:15:25","guid":{"rendered":"https:\/\/fumaiolo.com\/private-labeling-de\/"},"modified":"2021-11-15T15:57:19","modified_gmt":"2021-11-15T14:57:19","slug":"private-labeling-de","status":"publish","type":"page","link":"https:\/\/fumaiolo.com\/de\/private-labeling-de\/","title":{"rendered":"Private Labeling"},"content":{"rendered":"<p>[et_pb_section fb_built=&#8220;1&#8243; fullwidth=&#8220;on&#8220; _builder_version=&#8220;4.9.10&#8243; _module_preset=&#8220;default&#8220; custom_margin=&#8220;-80px||||false|false&#8220; locked=&#8220;off&#8220; global_colors_info=&#8220;{}&#8220;][et_pb_fullwidth_slider _builder_version=&#8220;4.11.4&#8243; _module_preset=&#8220;default&#8220; header_level=&#8220;h1&#8243; header_font=&#8220;|800||on|||||&#8220; header_text_align=&#8220;left&#8220; header_font_size=&#8220;40px&#8220; body_font=&#8220;|700|||||||&#8220; body_text_align=&#8220;left&#8220; body_font_size=&#8220;20px&#8220; body_line_height=&#8220;1.5em&#8220; button_alignment=&#8220;left&#8220; custom_padding_tablet=&#8220;160px||||false|false&#8220; custom_padding_phone=&#8220;130px||||false|false&#8220; custom_padding_last_edited=&#8220;on|tablet&#8220; locked=&#8220;off&#8220; global_colors_info=&#8220;{}&#8220;][et_pb_slide heading=&#8220;Private Labeling&#8220; use_bg_overlay=&#8220;on&#8220; bg_overlay_color=&#8220;rgba(0,0,0,0.2)&#8220; alignment=&#8220;bottom&#8220; _builder_version=&#8220;4.11.4&#8243; _module_preset=&#8220;default&#8220; header_font_size=&#8220;80px&#8220; background_color=&#8220;RGBA(0,0,0,0)&#8220; background_enable_color=&#8220;on&#8220; background_image=&#8220;https:\/\/fumaiolo.com\/wp-content\/uploads\/2021\/11\/pasta-fresca.jpg&#8220; background_enable_image=&#8220;on&#8220; background_position=&#8220;bottom_center&#8220; header_font_size_tablet=&#8220;&#8220; header_font_size_phone=&#8220;40px&#8220; header_font_size_last_edited=&#8220;on|desktop&#8220; locked=&#8220;off&#8220; global_colors_info=&#8220;{}&#8220; sticky_transition=&#8220;on&#8220;]<\/p>\n<p>\n            <span>Wenn Sie sich f\u00fcr Fumaiolo als Partner entscheiden, sichern Sie sich Qualit\u00e4tsprodukte und mehrere vorteilhafte Optionen im Hinblick auf die Handelsstrategie. <\/span>\n          <\/p>\n<p>[\/et_pb_slide][\/et_pb_fullwidth_slider][\/et_pb_section][et_pb_section fb_built=&#8220;1&#8243; custom_padding_last_edited=&#8220;on|tablet&#8220; _builder_version=&#8220;4.9.10&#8243; _module_preset=&#8220;default&#8220; custom_margin_tablet=&#8220;||0px||false|false&#8220; custom_margin_phone=&#8220;||50px||false|false&#8220; custom_margin_last_edited=&#8220;on|phone&#8220; custom_padding=&#8220;||0px||false|false&#8220; custom_padding_tablet=&#8220;||0px||false|false&#8220; custom_padding_phone=&#8220;&#8220; global_colors_info=&#8220;{}&#8220;][et_pb_row _builder_version=&#8220;4.10.8&#8243; _module_preset=&#8220;default&#8220; global_colors_info=&#8220;{}&#8220;][et_pb_column type=&#8220;4_4&#8243; _builder_version=&#8220;4.10.8&#8243; _module_preset=&#8220;default&#8220; global_colors_info=&#8220;{}&#8220;][et_pb_text _builder_version=&#8220;4.10.8&#8243; _module_preset=&#8220;default&#8220; header_3_font=&#8220;|800||on|||||&#8220; header_3_font_size=&#8220;26px&#8220; text_orientation=&#8220;center&#8220; global_colors_info=&#8220;{}&#8220;]<\/p>\n<h3 class=\"olivier\">VERPACKUNG<\/h3>\n<div class=\"contenuto\">\n<p>\n              <span>Fumaiolo verpackt seine Produkte in transparenten Beuteln, Schalen und Schachteln verschiedener Formate. Es steht den Kunden aber auch zur Verf\u00fcgung, um ma\u00dfgeschneiderte Verpackungen zu erstellen.<\/span>\n            <\/p>\n<\/p><\/div>\n<p>[\/et_pb_text][et_pb_image src=&#8220;https:\/\/fumaiolo.com\/wp-content\/uploads\/2021\/09\/pack.png&#8220; title_text=&#8220;pack&#8220; _builder_version=&#8220;4.10.8&#8243; _module_preset=&#8220;default&#8220; global_colors_info=&#8220;{}&#8220;][\/et_pb_image][\/et_pb_column][\/et_pb_row][et_pb_row column_structure=&#8220;1_2,1_2&#8243; use_custom_gutter=&#8220;on&#8220; gutter_width=&#8220;2&#8243; make_equal=&#8220;on&#8220; _builder_version=&#8220;4.10.8&#8243; _module_preset=&#8220;default&#8220; width=&#8220;90%&#8220; max_width=&#8220;1200px&#8220; custom_margin=&#8220;||||false|false&#8220; custom_css_main_element=&#8220;display: flex;&#8220; locked=&#8220;off&#8220; global_colors_info=&#8220;{}&#8220; custom_css_main_element_last_edited=&#8220;on|tablet&#8220; custom_css_main_element_phone=&#8220;display:block;||&#8220; custom_css_main_element_tablet=&#8220;display: flex;&#8220;][et_pb_column type=&#8220;1_2&#8243; _builder_version=&#8220;4.9.10&#8243; _module_preset=&#8220;default&#8220; custom_padding=&#8220;|0px|||false|false&#8220; custom_padding_tablet=&#8220;|10px|||false|false&#8220; custom_padding_phone=&#8220;|0px|||false|false&#8220; custom_padding_last_edited=&#8220;on|desktop&#8220; global_colors_info=&#8220;{}&#8220;][et_pb_cta title=&#8220;GUT UND ECHT&#8220; button_url=&#8220;https:\/\/fumaiolo.com\/de\/come-lo-facciamo\/&#8220; button_text=&#8220;WIE WIR ES MACHEN&#8220; _builder_version=&#8220;4.11.2&#8243; _module_preset=&#8220;default&#8220; header_font=&#8220;|800||on|||||&#8220; header_text_color=&#8220;#FFFFFF&#8220; background_color=&#8220;rgba(0,0,0,0.6)&#8220; background_image=&#8220;https:\/\/fumaiolo.com\/wp-content\/uploads\/2021\/09\/ingredienti.jpg&#8220; background_position=&#8220;top_center&#8220; background_blend=&#8220;multiply&#8220; text_orientation=&#8220;left&#8220; min_height=&#8220;350px&#8220; custom_margin=&#8220;||||false|false&#8220; link_option_url=&#8220;\/come-lo-facciamo\/&#8220; border_radii=&#8220;on|8px|8px|8px|8px&#8220; locked=&#8220;off&#8220; global_colors_info=&#8220;{}&#8220; background__hover_enabled=&#8220;off|desktop&#8220; background_color__hover=&#8220;rgba(0,0,0,0.6)&#8220; background_enable_color__hover=&#8220;on&#8220;]<\/p>\n<p>Die aus zertifizierten Rohstoffen hergestellten, tiefgek\u00fchlten und nat\u00fcrlich konservierungsmittelfreien Fumaiolo-Produkte bringen den wahren Geschmack der Tradition zu Ihnen nach Hause.<\/p>\n<p>[\/et_pb_cta][\/et_pb_column][et_pb_column type=&#8220;1_2&#8243; _builder_version=&#8220;4.9.10&#8243; _module_preset=&#8220;default&#8220; custom_padding=&#8220;|||0px|false|false&#8220; custom_padding_tablet=&#8220;|||10px|false|false&#8220; custom_padding_phone=&#8220;|||0px|false|false&#8220; custom_padding_last_edited=&#8220;on|tablet&#8220; global_colors_info=&#8220;{}&#8220;][et_pb_cta title=&#8220;HOCHWERTIGE PRODUKTE&#8220; button_url=&#8220;\/wp-content\/catalogo.pdf&#8220; button_text=&#8220;KATALOG&#8220; _builder_version=&#8220;4.11.4&#8243; _module_preset=&#8220;default&#8220; header_font=&#8220;|800||on|||||&#8220; header_text_color=&#8220;#FFFFFF&#8220; background_color=&#8220;rgba(0,0,0,0.4)&#8220; background_image=&#8220;https:\/\/fumaiolo.com\/wp-content\/uploads\/2021\/09\/sicurezza.jpg&#8220; background_position=&#8220;top_center&#8220; background_blend=&#8220;multiply&#8220; text_orientation=&#8220;left&#8220; min_height=&#8220;350px&#8220; custom_margin=&#8220;||||false|false&#8220; hover_enabled=&#8220;0&#8243; border_radii=&#8220;on|8px|8px|8px|8px&#8220; locked=&#8220;off&#8220; global_colors_info=&#8220;{}&#8220; background__hover_enabled=&#8220;off|desktop&#8220; background_color__hover=&#8220;rgba(0,0,0,0.6)&#8220; background_enable_color__hover=&#8220;on&#8220; sticky_enabled=&#8220;0&#8243;]<\/p>\n<p>\n            <span>Das Unternehmen orientiert sich eng an den Verbraucher- und Markttrends: Die gesamte Produktpalette von Fumaiolo f\u00fcgt sich perfekt in die st\u00e4rker strukturierten Linien der Handelsmarken ein.<\/span>\n          <\/p>\n<p>[\/et_pb_cta][\/et_pb_column][\/et_pb_row][et_pb_row _builder_version=&#8220;4.10.8&#8243; _module_preset=&#8220;default&#8220; global_colors_info=&#8220;{}&#8220;][et_pb_column type=&#8220;4_4&#8243; _builder_version=&#8220;4.10.8&#8243; _module_preset=&#8220;default&#8220; global_colors_info=&#8220;{}&#8220;][et_pb_text _builder_version=&#8220;4.11.2&#8243; _module_preset=&#8220;default&#8220; header_3_font=&#8220;|800||on|||||&#8220; header_3_font_size=&#8220;26px&#8220; text_orientation=&#8220;center&#8220; global_colors_info=&#8220;{}&#8220;]<\/p>\n<h3 class=\"olivier\">M\u00d6GLICHE OPTIONEN<\/h3>\n<div class=\"contenuto\">\n<p>\n              <span>Das Unternehmen bietet seinen Kunden mehrere vorteilhafte Optionen in Bezug auf die Handelsstrategie: Anpassung der Rezepturen, Wahl des Formats, Wahl der Verpackung, Private-Labelling-Service. <\/span>\n            <\/p>\n<p>Die absolute Qualit\u00e4t der Produkte ist der entscheidende Punkt, der diese Dienstleistungen verbindet.<\/p>\n<\/p><\/div>\n<p>[\/et_pb_text][\/et_pb_column][\/et_pb_row][et_pb_row column_structure=&#8220;1_4,3_4&#8243; use_custom_gutter=&#8220;on&#8220; gutter_width=&#8220;2&#8243; make_equal=&#8220;on&#8220; _builder_version=&#8220;4.10.8&#8243; _module_preset=&#8220;default&#8220; custom_padding=&#8220;0px||0px|||&#8220; global_colors_info=&#8220;{}&#8220;][et_pb_column type=&#8220;1_4&#8243; _builder_version=&#8220;4.10.8&#8243; _module_preset=&#8220;default&#8220; custom_css_main_element=&#8220;max-width:15%;&#8220; global_colors_info=&#8220;{}&#8220;][et_pb_image src=&#8220;https:\/\/fumaiolo.com\/wp-content\/uploads\/2021\/09\/1.jpg&#8220; title_text=&#8220;1&#8243; align=&#8220;right&#8220; _builder_version=&#8220;4.10.8&#8243; _module_preset=&#8220;default&#8220; module_alignment=&#8220;right&#8220; global_colors_info=&#8220;{}&#8220;][\/et_pb_image][\/et_pb_column][et_pb_column type=&#8220;3_4&#8243; _builder_version=&#8220;4.10.8&#8243; _module_preset=&#8220;default&#8220; custom_css_main_element=&#8220;max-width:85%; margin:auto;&#8220; global_colors_info=&#8220;{}&#8220;][et_pb_text _builder_version=&#8220;4.10.8&#8243; _module_preset=&#8220;default&#8220; header_3_font=&#8220;|800||on|||||&#8220; header_3_font_size=&#8220;26px&#8220; header_4_font=&#8220;|800|||||||&#8220; custom_margin=&#8220;10px||20px||false|false&#8220; global_colors_info=&#8220;{}&#8220;]<\/p>\n<h4>UNSERE PRODUKTE, IHR LABEL<\/h4>\n<p>\n            <span>Die Fumaiolo-Produkte k\u00f6nnen direkt mit dem Markenetikett versehen werden.<\/span>\n          <\/p>\n<p>[\/et_pb_text][\/et_pb_column][\/et_pb_row][et_pb_row column_structure=&#8220;1_4,3_4&#8243; use_custom_gutter=&#8220;on&#8220; gutter_width=&#8220;2&#8243; make_equal=&#8220;on&#8220; _builder_version=&#8220;4.10.8&#8243; _module_preset=&#8220;default&#8220; custom_padding=&#8220;0px||0px|||&#8220; global_colors_info=&#8220;{}&#8220;][et_pb_column type=&#8220;1_4&#8243; _builder_version=&#8220;4.10.8&#8243; _module_preset=&#8220;default&#8220; custom_css_main_element=&#8220;max-width:15%;&#8220; global_colors_info=&#8220;{}&#8220;][et_pb_image src=&#8220;https:\/\/fumaiolo.com\/wp-content\/uploads\/2021\/09\/2.jpg&#8220; title_text=&#8220;2&#8243; align=&#8220;right&#8220; _builder_version=&#8220;4.10.8&#8243; _module_preset=&#8220;default&#8220; module_alignment=&#8220;right&#8220; global_colors_info=&#8220;{}&#8220;][\/et_pb_image][\/et_pb_column][et_pb_column type=&#8220;3_4&#8243; _builder_version=&#8220;4.10.8&#8243; _module_preset=&#8220;default&#8220; custom_css_main_element=&#8220;max-width:85%; margin:auto;&#8220; global_colors_info=&#8220;{}&#8220;][et_pb_text _builder_version=&#8220;4.10.8&#8243; _module_preset=&#8220;default&#8220; header_3_font=&#8220;|800||on|||||&#8220; header_3_font_size=&#8220;26px&#8220; header_4_font=&#8220;|800|||||||&#8220; custom_margin=&#8220;10px||20px||false|false&#8220; global_colors_info=&#8220;{}&#8220;]<\/p>\n<h4>UNSERE PRODUKTE, IHRE VERPACKUNG<\/h4>\n<p>\n            <span>Die Produkte k\u00f6nnen in verschiedenen Formaten verpackt werden, die nach den Spezifikationen des Kunden hergestellt werden.<\/span>\n          <\/p>\n<p>[\/et_pb_text][\/et_pb_column][\/et_pb_row][et_pb_row column_structure=&#8220;1_4,3_4&#8243; use_custom_gutter=&#8220;on&#8220; gutter_width=&#8220;2&#8243; make_equal=&#8220;on&#8220; _builder_version=&#8220;4.10.8&#8243; _module_preset=&#8220;default&#8220; custom_padding=&#8220;0px||0px|||&#8220; global_colors_info=&#8220;{}&#8220;][et_pb_column type=&#8220;1_4&#8243; _builder_version=&#8220;4.10.8&#8243; _module_preset=&#8220;default&#8220; custom_css_main_element=&#8220;max-width:15%;&#8220; global_colors_info=&#8220;{}&#8220;][et_pb_image src=&#8220;https:\/\/fumaiolo.com\/wp-content\/uploads\/2021\/09\/3.jpg&#8220; title_text=&#8220;3&#8243; align=&#8220;right&#8220; _builder_version=&#8220;4.10.8&#8243; _module_preset=&#8220;default&#8220; module_alignment=&#8220;right&#8220; global_colors_info=&#8220;{}&#8220;][\/et_pb_image][\/et_pb_column][et_pb_column type=&#8220;3_4&#8243; _builder_version=&#8220;4.10.8&#8243; _module_preset=&#8220;default&#8220; custom_css_main_element=&#8220;max-width:85%; margin:auto;&#8220; global_colors_info=&#8220;{}&#8220;][et_pb_text _builder_version=&#8220;4.10.8&#8243; _module_preset=&#8220;default&#8220; header_3_font=&#8220;|800||on|||||&#8220; header_3_font_size=&#8220;26px&#8220; header_4_font=&#8220;|800|||||||&#8220; custom_margin=&#8220;10px||20px||false|false&#8220; global_colors_info=&#8220;{}&#8220;]<\/p>\n<h4>UNSERE QUALIT\u00c4T, IHR REZEPT<\/h4>\n<p>\n            <span>Im Labor von Fumaiolo ist es m\u00f6glich, die von den Kunden gelieferten Rezepte getreu zu reproduzieren.<\/span>\n          <\/p>\n<p>[\/et_pb_text][\/et_pb_column][\/et_pb_row][et_pb_row column_structure=&#8220;1_4,3_4&#8243; use_custom_gutter=&#8220;on&#8220; gutter_width=&#8220;2&#8243; make_equal=&#8220;on&#8220; _builder_version=&#8220;4.10.8&#8243; _module_preset=&#8220;default&#8220; custom_padding=&#8220;0px||0px|||&#8220; global_colors_info=&#8220;{}&#8220;][et_pb_column type=&#8220;1_4&#8243; _builder_version=&#8220;4.10.8&#8243; _module_preset=&#8220;default&#8220; custom_css_main_element=&#8220;max-width:15%;&#8220; global_colors_info=&#8220;{}&#8220;][et_pb_image src=&#8220;https:\/\/fumaiolo.com\/wp-content\/uploads\/2021\/09\/4.jpg&#8220; title_text=&#8220;4&#8243; align=&#8220;right&#8220; _builder_version=&#8220;4.10.8&#8243; _module_preset=&#8220;default&#8220; module_alignment=&#8220;right&#8220; global_colors_info=&#8220;{}&#8220;][\/et_pb_image][\/et_pb_column][et_pb_column type=&#8220;3_4&#8243; _builder_version=&#8220;4.10.8&#8243; _module_preset=&#8220;default&#8220; custom_css_main_element=&#8220;max-width:85%; margin:auto;&#8220; global_colors_info=&#8220;{}&#8220;][et_pb_text _builder_version=&#8220;4.10.8&#8243; _module_preset=&#8220;default&#8220; header_3_font=&#8220;|800||on|||||&#8220; header_3_font_size=&#8220;26px&#8220; header_4_font=&#8220;|800|||||||&#8220; custom_margin=&#8220;10px||20px||false|false&#8220; global_colors_info=&#8220;{}&#8220;]<\/p>\n<h4>SIE W\u00c4HLEN DEN GESCHMACK, WIR PRODUZIEREN IHN<\/h4>\n<p>\n            <span>Dank des Fachwissens der Mitarbeiter ist es m\u00f6glich, neue Rezepte zu entwickeln, die den W\u00fcnschen der Kunden entsprechen.<\/span>\n          <\/p>\n<p>[\/et_pb_text][\/et_pb_column][\/et_pb_row][et_pb_row column_structure=&#8220;1_2,1_2&#8243; use_custom_gutter=&#8220;on&#8220; gutter_width=&#8220;2&#8243; make_equal=&#8220;on&#8220; _builder_version=&#8220;4.10.8&#8243; _module_preset=&#8220;default&#8220; width=&#8220;90%&#8220; max_width=&#8220;1200px&#8220; custom_margin=&#8220;||||false|false&#8220; custom_css_main_element=&#8220;display: flex;&#8220; locked=&#8220;off&#8220; global_colors_info=&#8220;{}&#8220; custom_css_main_element_last_edited=&#8220;on|tablet&#8220; custom_css_main_element_phone=&#8220;display:block;||&#8220; custom_css_main_element_tablet=&#8220;display: flex;&#8220;][et_pb_column type=&#8220;1_2&#8243; _builder_version=&#8220;4.9.10&#8243; _module_preset=&#8220;default&#8220; custom_padding=&#8220;|0px|||false|false&#8220; custom_padding_tablet=&#8220;|10px|||false|false&#8220; custom_padding_phone=&#8220;|0px|||false|false&#8220; custom_padding_last_edited=&#8220;on|desktop&#8220; global_colors_info=&#8220;{}&#8220;][et_pb_cta title=&#8220;F\u00dcR GASTRONOMEN&#8220; button_url=&#8220;https:\/\/fumaiolo.com\/de\/food-service\/&#8220; button_text=&#8220;HORECA&#8220; _builder_version=&#8220;4.10.8&#8243; _module_preset=&#8220;default&#8220; header_font=&#8220;|800||on|||||&#8220; header_text_color=&#8220;#FFFFFF&#8220; background_color=&#8220;rgba(0,0,0,0.6)&#8220; background_image=&#8220;https:\/\/fumaiolo.com\/wp-content\/uploads\/2021\/09\/horeca-test.jpg&#8220; background_position=&#8220;top_center&#8220; background_blend=&#8220;multiply&#8220; text_orientation=&#8220;left&#8220; min_height=&#8220;350px&#8220; custom_margin=&#8220;||||false|false&#8220; link_option_url=&#8220;\/food-service\/&#8220; border_radii=&#8220;on|8px|8px|8px|8px&#8220; locked=&#8220;off&#8220; global_colors_info=&#8220;{}&#8220; background__hover_enabled=&#8220;off|desktop&#8220; background_color__hover=&#8220;rgba(0,0,0,0.6)&#8220; background_enable_color__hover=&#8220;on&#8220;]<\/p>\n<p>\n            <span>Die frische Pasta von Fumaiolo wird ohne Pasteurisierung und mit der IQF-Technologie (Individual Quick Frozen) eingefroren: Dies erm\u00f6glicht es den Gastronomen, nur die ben\u00f6tigte Produktmenge zu verwenden, die Verschwendung von Rohstoffen zu vermeiden und die Lebensmittelkosten leicht zu kontrollieren.<\/span>\n          <\/p>\n<p>[\/et_pb_cta][\/et_pb_column][et_pb_column type=&#8220;1_2&#8243; _builder_version=&#8220;4.9.10&#8243; _module_preset=&#8220;default&#8220; custom_padding=&#8220;|||0px|false|false&#8220; custom_padding_tablet=&#8220;|||10px|false|false&#8220; custom_padding_phone=&#8220;|||0px|false|false&#8220; custom_padding_last_edited=&#8220;on|tablet&#8220; global_colors_info=&#8220;{}&#8220;][et_pb_cta title=&#8220;F\u00dcR DEN GROSSFL\u00c4CHIGEN VERTRIEB&#8220; button_url=&#8220;https:\/\/fumaiolo.com\/de\/gdo\/&#8220; button_text=&#8220;BUSINESS&#8220; _builder_version=&#8220;4.10.8&#8243; _module_preset=&#8220;default&#8220; header_font=&#8220;|800||on|||||&#8220; header_text_color=&#8220;#FFFFFF&#8220; background_color=&#8220;rgba(0,0,0,0.4)&#8220; background_image=&#8220;https:\/\/fumaiolo.com\/wp-content\/uploads\/2021\/07\/Fumaiolo-pasta-fresca-surgelata-prodotti-tortelli-lastra-1.jpg&#8220; background_position=&#8220;top_center&#8220; background_blend=&#8220;multiply&#8220; text_orientation=&#8220;left&#8220; min_height=&#8220;350px&#8220; custom_margin=&#8220;||||false|false&#8220; link_option_url=&#8220;\/gdo\/&#8220; border_radii=&#8220;on|8px|8px|8px|8px&#8220; locked=&#8220;off&#8220; global_colors_info=&#8220;{}&#8220; background__hover_enabled=&#8220;off|desktop&#8220; background_color__hover=&#8220;rgba(0,0,0,0.6)&#8220; background_enable_color__hover=&#8220;on&#8220;]<\/p>\n<p>\n            <span>Fumaiolo hat den gro\u00dffl\u00e4chigen Einzelhandel in den Mittelpunkt seiner Expansionspl\u00e4ne gestellt. Die Qualit\u00e4t der Produkte verbindet sich mit der Erfahrung und dem Know-how eines gewachsenen Unternehmens, das bereit ist, einen p\u00fcnktlichen Service bei der Lieferung und Betreuung zu gew\u00e4hrleisten.<\/span>\n          <\/p>\n<p>[\/et_pb_cta][\/et_pb_column][\/et_pb_row][\/et_pb_section][et_pb_section fb_built=&#8220;1&#8243; _builder_version=&#8220;4.10.8&#8243; _module_preset=&#8220;default&#8220; background_color=&#8220;RGBA(0,0,0,0)&#8220; transform_translate=&#8220;0px|200px&#8220; transform_translate_linked=&#8220;off&#8220; positioning=&#8220;fixed&#8220; position_origin_a=&#8220;bottom_right&#8220; position_origin_f=&#8220;center_right&#8220; position_origin_r=&#8220;top_right&#8220; horizontal_offset=&#8220;0px&#8220; z_index=&#8220;1000&#8243; custom_padding=&#8220;0px||0px|||&#8220; locked=&#8220;off&#8220; global_colors_info=&#8220;{}&#8220;][et_pb_row _builder_version=&#8220;4.10.8&#8243; _module_preset=&#8220;default&#8220; background_color=&#8220;RGBA(0,0,0,0)&#8220; z_index=&#8220;1000&#8243; max_width=&#8220;250px&#8220; max_width_tablet=&#8220;&#8220; max_width_phone=&#8220;180px&#8220; max_width_last_edited=&#8220;on|phone&#8220; module_alignment=&#8220;right&#8220; custom_padding=&#8220;0px||0px|||&#8220; global_colors_info=&#8220;{}&#8220;][et_pb_column type=&#8220;4_4&#8243; _builder_version=&#8220;4.10.8&#8243; _module_preset=&#8220;default&#8220; global_colors_info=&#8220;{}&#8220;][et_pb_text _builder_version=&#8220;4.10.8&#8243; _module_preset=&#8220;default&#8220; text_text_color=&#8220;#FFFFFF&#8220; text_line_height=&#8220;1.8em&#8220; link_text_color=&#8220;#FFFFFF&#8220; link_line_height=&#8220;1.8em&#8220; header_6_font=&#8220;|800||on|||||&#8220; header_6_text_color=&#8220;#FFFFFF&#8220; header_6_font_size=&#8220;26px&#8220; background_color=&#8220;#fab500&#8243; z_index=&#8220;1000&#8243; max_width=&#8220;250px&#8220; max_width_tablet=&#8220;&#8220; max_width_phone=&#8220;180px&#8220; max_width_last_edited=&#8220;on|phone&#8220; module_alignment=&#8220;right&#8220; custom_padding=&#8220;20px||20px|20px|true|false&#8220; text_font_size_tablet=&#8220;&#8220; text_font_size_phone=&#8220;13px&#8220; text_font_size_last_edited=&#8220;on|phone&#8220; link_font_size_tablet=&#8220;&#8220; link_font_size_phone=&#8220;13px&#8220; link_font_size_last_edited=&#8220;on|phone&#8220; header_6_font_size_tablet=&#8220;&#8220; header_6_font_size_phone=&#8220;20px&#8220; header_6_font_size_last_edited=&#8220;on|phone&#8220; border_radii=&#8220;off|10px|||10px&#8220; box_shadow_style=&#8220;preset1&#8243; box_shadow_color=&#8220;rgba(0,0,0,0.15)&#8220; global_colors_info=&#8220;{}&#8220;]<\/p>\n<h6>KONTAKT US<\/h6>\n<p>          <a href=\"tel:00390543910380\">+39 0543 910380<\/a><\/p>\n<p>          <a href=\"mailto:info@fumaiolo.com\">info@fumaiolo.com<\/a>[\/et_pb_text][\/et_pb_column][\/et_pb_row][\/et_pb_section]<\/p>\n","protected":false},"excerpt":{"rendered":"<p>Wenn Sie sich f\u00fcr Fumaiolo als Partner entscheiden, sichern Sie sich Qualit\u00e4tsprodukte und mehrere vorteilhafte Optionen im Hinblick auf die Handelsstrategie. VERPACKUNG Fumaiolo verpackt seine Produkte in transparenten Beuteln, Schalen und Schachteln verschiedener Formate. Es steht den Kunden aber auch zur Verf\u00fcgung, um ma\u00dfgeschneiderte Verpackungen zu erstellen. Die aus zertifizierten Rohstoffen hergestellten, tiefgek\u00fchlten und nat\u00fcrlich [&hellip;]<\/p>\n","protected":false},"author":2,"featured_media":0,"parent":0,"menu_order":0,"comment_status":"closed","ping_status":"closed","template":"","meta":{"_et_pb_use_builder":"on","_et_pb_old_content":"","_et_gb_content_width":"","wp_mapbox_gl_js_media":[],"footnotes":""},"class_list":["post-250629","page","type-page","status-publish","hentry"],"acf":[],"_links":{"self":[{"href":"https:\/\/fumaiolo.com\/de\/wp-json\/wp\/v2\/pages\/250629","targetHints":{"allow":["GET"]}}],"collection":[{"href":"https:\/\/fumaiolo.com\/de\/wp-json\/wp\/v2\/pages"}],"about":[{"href":"https:\/\/fumaiolo.com\/de\/wp-json\/wp\/v2\/types\/page"}],"author":[{"embeddable":true,"href":"https:\/\/fumaiolo.com\/de\/wp-json\/wp\/v2\/users\/2"}],"replies":[{"embeddable":true,"href":"https:\/\/fumaiolo.com\/de\/wp-json\/wp\/v2\/comments?post=250629"}],"version-history":[{"count":16,"href":"https:\/\/fumaiolo.com\/de\/wp-json\/wp\/v2\/pages\/250629\/revisions"}],"predecessor-version":[{"id":253976,"href":"https:\/\/fumaiolo.com\/de\/wp-json\/wp\/v2\/pages\/250629\/revisions\/253976"}],"wp:attachment":[{"href":"https:\/\/fumaiolo.com\/de\/wp-json\/wp\/v2\/media?parent=250629"}],"curies":[{"name":"wp","href":"https:\/\/api.w.org\/{rel}","templated":true}]}}