{"id":248530,"date":"2021-09-16T11:43:53","date_gmt":"2021-09-16T09:43:53","guid":{"rendered":"https:\/\/fumaiolo.com\/tortelli-sulla-lastra-de\/"},"modified":"2021-11-12T17:41:22","modified_gmt":"2021-11-12T16:41:22","slug":"die-tortelli-sulla-lastra","status":"publish","type":"page","link":"https:\/\/fumaiolo.com\/de\/die-tortelli-sulla-lastra\/","title":{"rendered":"Tortelli sulla lastra"},"content":{"rendered":"<p>[et_pb_section fb_built=&#8220;1&#8243; fullwidth=&#8220;on&#8220; _builder_version=&#8220;4.9.7&#8243; _module_preset=&#8220;default&#8220; custom_margin=&#8220;-75px||||false|false&#8220; global_colors_info=&#8220;{}&#8220;][et_pb_fullwidth_slider _builder_version=&#8220;4.11.4&#8243; _module_preset=&#8220;default&#8220; header_level=&#8220;h1&#8243; header_font=&#8220;|800||on|||||&#8220; header_text_align=&#8220;left&#8220; header_font_size=&#8220;80px&#8220; body_font=&#8220;|700|||||||&#8220; body_text_align=&#8220;left&#8220; body_font_size=&#8220;20px&#8220; body_line_height=&#8220;1.5em&#8220; background_enable_image=&#8220;off&#8220; button_alignment=&#8220;left&#8220; custom_padding=&#8220;130px||||false|false&#8220; hover_enabled=&#8220;0&#8243; global_colors_info=&#8220;{}&#8220; sticky_enabled=&#8220;0&#8243;][et_pb_slide heading=&#8220;TORTELLI SULLA LASTRA&#8220; use_bg_overlay=&#8220;on&#8220; bg_overlay_color=&#8220;rgba(0,0,0,0.2)&#8220; _builder_version=&#8220;4.11.4&#8243; _module_preset=&#8220;default&#8220; background_color=&#8220;RGBA(0,0,0,0)&#8220; background_enable_color=&#8220;on&#8220; background_image=&#8220;https:\/\/fumaiolo.com\/wp-content\/uploads\/2021\/11\/tortelli-lastra.jpg&#8220; background_enable_image=&#8220;on&#8220; hover_enabled=&#8220;0&#8243; header_font_size_tablet=&#8220;&#8220; header_font_size_phone=&#8220;50px&#8220; header_font_size_last_edited=&#8220;on|phone&#8220; global_colors_info=&#8220;{}&#8220; sticky_transition=&#8220;on&#8220; title_text=&#8220;tortelli-lastra&#8220; sticky_enabled=&#8220;0&#8243;]<\/p>\n<p>\n            <span>Die Tortelli sulla Lastra Fumaiolo sind eine typische Delikatesse des oberen Savio-Tals. Sie bestehen aus einer duftenden und weichen F\u00fcllung, die zwischen zwei d\u00fcnnen Teigschichten eingeschlossen ist und eine vollst\u00e4ndige, gesunde und echte Mahlzeit darstellt. Auch als Appetitanreger geeignet. Perfetti anche come stuzzichini in aperitivo.<\/span>\n          <\/p>\n<p>[\/et_pb_slide][\/et_pb_fullwidth_slider][\/et_pb_section][et_pb_section fb_built=&#8220;1&#8243; _builder_version=&#8220;4.9.7&#8243; _module_preset=&#8220;default&#8220; custom_padding=&#8220;||0px|||&#8220; global_colors_info=&#8220;{}&#8220;][et_pb_row column_structure=&#8220;1_5,1_5,1_5,1_5,1_5&#8243; use_custom_gutter=&#8220;on&#8220; gutter_width=&#8220;1&#8243; custom_padding_last_edited=&#8220;on|tablet&#8220; module_class=&#8220;categoria-home&#8220; _builder_version=&#8220;4.10.6&#8243; _module_preset=&#8220;default&#8220; background_color=&#8220;#f7f7f7&#8243; width=&#8220;90%&#8220; max_width=&#8220;1200px&#8220; custom_margin=&#8220;15px|auto|8px|auto||&#8220; custom_margin_tablet=&#8220;|||auto|false|false&#8220; custom_margin_phone=&#8220;&#8220; custom_margin_last_edited=&#8220;on|tablet&#8220; custom_padding=&#8220;|||50px|false|false&#8220; custom_padding_tablet=&#8220;|||0px|false|false&#8220; custom_padding_phone=&#8220;20px|20px|0px|20px|false|false&#8220; custom_css_main_element=&#8220;display:flex !important;&#8220; border_radii=&#8220;on|8px|8px|8px|8px&#8220; global_module=&#8220;241641&#8243; saved_tabs=&#8220;all&#8220; global_colors_info=&#8220;{}&#8220;][et_pb_column type=&#8220;1_5&#8243; _builder_version=&#8220;4.9.10&#8243; _module_preset=&#8220;default&#8220; global_colors_info=&#8220;{}&#8220;][et_pb_blurb title=&#8220;Pasta&#8220; url=&#8220;https:\/\/fumaiolo.com\/de\/die-pasta\/&#8220; image=&#8220;https:\/\/fumaiolo.com\/wp-content\/uploads\/2021\/07\/tortellino.png&#8220; icon_placement=&#8220;left&#8220; image_max_width=&#8220;60px&#8220; title_tablet=&#8220;Pasta&#8220; title_phone=&#8220; &#8220; title_last_edited=&#8220;on|tablet&#8220; icon_placement_tablet=&#8220;top&#8220; icon_placement_phone=&#8220;&#8220; icon_placement_last_edited=&#8220;on|tablet&#8220; image_max_width_tablet=&#8220;&#8220; image_max_width_phone=&#8220;&#8220; image_max_width_last_edited=&#8220;on|phone&#8220; _builder_version=&#8220;4.10.7&#8243; _module_preset=&#8220;default&#8220; header_font=&#8220;|600|||||||&#8220; header_font_size=&#8220;16px&#8220; body_font=&#8220;|||on|||||&#8220; custom_margin_tablet=&#8220;||||false|false&#8220; custom_margin_phone=&#8220;15px||||false|false&#8220; custom_margin_last_edited=&#8220;on|tablet&#8220; custom_padding=&#8220;||||false|false&#8220; link_option_url=&#8220;https:\/\/fumaiolo.com\/de\/die-pasta\/&#8220; header_text_align_tablet=&#8220;center&#8220; header_text_align_phone=&#8220;&#8220; header_text_align_last_edited=&#8220;on|tablet&#8220; body_text_align_tablet=&#8220;center&#8220; body_text_align_phone=&#8220;&#8220; body_text_align_last_edited=&#8220;on|tablet&#8220; text_orientation_tablet=&#8220;center&#8220; text_orientation_phone=&#8220;&#8220; text_orientation_last_edited=&#8220;on|tablet&#8220; module_alignment_tablet=&#8220;center&#8220; module_alignment_phone=&#8220;&#8220; module_alignment_last_edited=&#8220;on|tablet&#8220; custom_css_blurb_title=&#8220;margin-top:20px;||&#8220; global_colors_info=&#8220;{}&#8220; custom_css_blurb_title_last_edited=&#8220;on|desktop&#8220; custom_css_blurb_image_last_edited=&#8220;on|phone&#8220; custom_css_blurb_title_tablet=&#8220;margin-top:-11px&#8220; custom_css_blurb_title_phone=&#8220;margin-top:-11px&#8220;][\/et_pb_blurb][\/et_pb_column][et_pb_column type=&#8220;1_5&#8243; _builder_version=&#8220;4.9.7&#8243; _module_preset=&#8220;default&#8220; global_colors_info=&#8220;{}&#8220;][et_pb_blurb title=&#8220;Piadina&#8220; url=&#8220;https:\/\/fumaiolo.com\/de\/die-piadina\/&#8220; image=&#8220;https:\/\/fumaiolo.com\/wp-content\/uploads\/2021\/07\/piadina.png&#8220; icon_placement=&#8220;left&#8220; image_max_width=&#8220;48px&#8220; title_tablet=&#8220;PIADINA&#8220; title_phone=&#8220; &#8220; title_last_edited=&#8220;on|tablet&#8220; icon_placement_tablet=&#8220;top&#8220; icon_placement_phone=&#8220;&#8220; icon_placement_last_edited=&#8220;on|tablet&#8220; image_max_width_tablet=&#8220;&#8220; image_max_width_phone=&#8220;&#8220; image_max_width_last_edited=&#8220;on|phone&#8220; _builder_version=&#8220;4.10.7&#8243; _module_preset=&#8220;default&#8220; header_font=&#8220;|600|||||||&#8220; header_text_align=&#8220;left&#8220; header_font_size=&#8220;16px&#8220; body_font=&#8220;|||on|||||&#8220; body_text_align=&#8220;left&#8220; custom_margin_tablet=&#8220;&#8220; custom_margin_phone=&#8220;15px||||false|false&#8220; custom_margin_last_edited=&#8220;on|phone&#8220; link_option_url=&#8220;https:\/\/fumaiolo.com\/de\/die-piadina\/&#8220; header_text_align_tablet=&#8220;center&#8220; header_text_align_phone=&#8220;&#8220; header_text_align_last_edited=&#8220;on|tablet&#8220; body_text_align_tablet=&#8220;center&#8220; body_text_align_phone=&#8220;&#8220; body_text_align_last_edited=&#8220;on|tablet&#8220; text_orientation_tablet=&#8220;center&#8220; text_orientation_phone=&#8220;&#8220; text_orientation_last_edited=&#8220;on|tablet&#8220; module_alignment_tablet=&#8220;center&#8220; module_alignment_phone=&#8220;&#8220; module_alignment_last_edited=&#8220;on|tablet&#8220; custom_css_blurb_image=&#8220;margin-left:auto;||margin-right: auto;||&#8220; custom_css_blurb_title=&#8220;margin-top:20px;|| &#8220; global_colors_info=&#8220;{}&#8220; custom_css_blurb_image_last_edited=&#8220;on|tablet&#8220; custom_css_blurb_image_tablet=&#8220;margin-left:auto;||margin-right: auto;||display:inline-block;||vertical-align:top;||margin-bottom:0;&#8220; custom_css_blurb_title_last_edited=&#8220;on|desktop&#8220; custom_css_blurb_image_phone=&#8220;margin-left:auto;||margin-right: auto;||display:inline-block;||vertical-align:top;||margin-bottom:0;&#8220; custom_css_blurb_title_tablet=&#8220;margin-top:20px;|| &#8220; custom_css_blurb_title_phone=&#8220;margin-top:20px;|| &#8222;][\/et_pb_blurb][\/et_pb_column][et_pb_column type=&#8220;1_5&#8243; _builder_version=&#8220;4.9.7&#8243; _module_preset=&#8220;default&#8220; global_colors_info=&#8220;{}&#8220;][et_pb_blurb title=&#8220;Tortelli sulla lastra&#8220; url=&#8220;https:\/\/fumaiolo.com\/de\/die-tortelli-sulla-lastra\/&#8220; image=&#8220;https:\/\/fumaiolo.com\/wp-content\/uploads\/2021\/07\/tortello-sulla-lastra.png&#8220; icon_placement=&#8220;left&#8220; image_max_width=&#8220;60px&#8220; title_tablet=&#8220;TORTELLI SULLA LASTRA&#8220; title_phone=&#8220; &#8220; title_last_edited=&#8220;on|tablet&#8220; icon_placement_tablet=&#8220;top&#8220; icon_placement_phone=&#8220;&#8220; icon_placement_last_edited=&#8220;on|tablet&#8220; image_max_width_tablet=&#8220;&#8220; image_max_width_phone=&#8220;&#8220; image_max_width_last_edited=&#8220;on|phone&#8220; _builder_version=&#8220;4.10.7&#8243; _module_preset=&#8220;default&#8220; header_font=&#8220;|600|||||||&#8220; header_font_size=&#8220;16px&#8220; body_font=&#8220;|||on|||||&#8220; module_alignment=&#8220;center&#8220; custom_margin=&#8220;|25px|||false|false&#8220; custom_margin_tablet=&#8220;|0px|||false|false&#8220; custom_margin_phone=&#8220;15px||||false|false&#8220; custom_margin_last_edited=&#8220;on|phone&#8220; link_option_url=&#8220;https:\/\/fumaiolo.com\/de\/die-tortelli-sulla-lastra\/&#8220; header_text_align_tablet=&#8220;center&#8220; header_text_align_phone=&#8220;&#8220; header_text_align_last_edited=&#8220;on|tablet&#8220; body_text_align_tablet=&#8220;center&#8220; body_text_align_phone=&#8220;&#8220; body_text_align_last_edited=&#8220;on|tablet&#8220; text_orientation_tablet=&#8220;center&#8220; text_orientation_phone=&#8220;&#8220; text_orientation_last_edited=&#8220;on|tablet&#8220; module_alignment_tablet=&#8220;center&#8220; module_alignment_phone=&#8220;&#8220; module_alignment_last_edited=&#8220;on|tablet&#8220; custom_css_blurb_image=&#8220;margin-left:auto;||margin-right: auto;||&#8220; custom_css_blurb_title=&#8220;margin-top:18px;&#8220; global_colors_info=&#8220;{}&#8220; custom_css_blurb_title_last_edited=&#8220;on|tablet&#8220; custom_css_blurb_image_last_edited=&#8220;on|tablet&#8220; custom_css_blurb_image_tablet=&#8220;margin-left:auto;||margin-right: auto;||display:inline-block;||vertical-align:top;||margin-bottom:0;&#8220; custom_css_blurb_title_tablet=&#8220;margin-top:18px;&#8220; custom_css_blurb_title_phone=&#8220;margin-top:18px;&#8220; custom_css_blurb_image_phone=&#8220;margin-left:auto;||margin-right: auto;||display:inline-block;||vertical-align:top;||margin-bottom:0;&#8220;][\/et_pb_blurb][\/et_pb_column][et_pb_column type=&#8220;1_5&#8243; _builder_version=&#8220;4.9.7&#8243; _module_preset=&#8220;default&#8220; global_colors_info=&#8220;{}&#8220;][et_pb_blurb title=&#8220;Die Saucen&#8220; url=&#8220;https:\/\/fumaiolo.com\/de\/die-saucen\/&#8220; image=&#8220;https:\/\/fumaiolo.com\/wp-content\/uploads\/2021\/07\/sughi.png&#8220; icon_placement=&#8220;left&#8220; image_max_width=&#8220;46px&#8220; title_tablet=&#8220;Die Saucen&#8220; title_phone=&#8220; &#8220; title_last_edited=&#8220;on|tablet&#8220; icon_placement_tablet=&#8220;top&#8220; icon_placement_phone=&#8220;&#8220; icon_placement_last_edited=&#8220;on|tablet&#8220; image_max_width_tablet=&#8220;&#8220; image_max_width_phone=&#8220;&#8220; image_max_width_last_edited=&#8220;on|phone&#8220; _builder_version=&#8220;4.10.7&#8243; _module_preset=&#8220;default&#8220; header_font=&#8220;|600|||||||&#8220; header_font_size=&#8220;16px&#8220; body_font=&#8220;|||on|||||&#8220; module_alignment=&#8220;center&#8220; custom_margin_tablet=&#8220;&#8220; custom_margin_phone=&#8220;15px||||false|false&#8220; custom_margin_last_edited=&#8220;on|phone&#8220; link_option_url=&#8220;https:\/\/fumaiolo.com\/de\/die-saucen\/&#8220; header_text_align_tablet=&#8220;center&#8220; header_text_align_phone=&#8220;&#8220; header_text_align_last_edited=&#8220;on|tablet&#8220; body_text_align_tablet=&#8220;center&#8220; body_text_align_phone=&#8220;&#8220; body_text_align_last_edited=&#8220;on|tablet&#8220; text_orientation_tablet=&#8220;center&#8220; text_orientation_phone=&#8220;&#8220; text_orientation_last_edited=&#8220;on|tablet&#8220; module_alignment_tablet=&#8220;center&#8220; module_alignment_phone=&#8220;&#8220; module_alignment_last_edited=&#8220;on|tablet&#8220; custom_css_blurb_image=&#8220;margin-left:auto;||margin-right: auto;||&#8220; custom_css_blurb_title=&#8220;margin-top:20px&#8220; global_colors_info=&#8220;{}&#8220; custom_css_blurb_title_last_edited=&#8220;on|tablet&#8220; custom_css_blurb_title_tablet=&#8220;margin-top:18px&#8220; custom_css_blurb_image_last_edited=&#8220;on|tablet&#8220; custom_css_blurb_image_tablet=&#8220;margin-left:auto;||margin-right: auto;||display:inline-block;||vertical-align:top;||margin-bottom: 0;&#8220; custom_css_blurb_title_phone=&#8220;margin-top:18px&#8220; custom_css_blurb_image_phone=&#8220;margin-left:auto;||margin-right: auto;||display:inline-block;||vertical-align:top;||margin-bottom: 0;&#8220;][\/et_pb_blurb][\/et_pb_column][et_pb_column type=&#8220;1_5&#8243; _builder_version=&#8220;4.9.7&#8243; _module_preset=&#8220;default&#8220; global_colors_info=&#8220;{}&#8220;][et_pb_blurb title=&#8220;Eingemachtes&#8220; url=&#8220;https:\/\/fumaiolo.com\/de\/eingemachtes\/&#8220; image=&#8220;https:\/\/fumaiolo.com\/wp-content\/uploads\/2021\/07\/sottoli.png&#8220; icon_placement=&#8220;left&#8220; image_max_width=&#8220;44px&#8220; title_tablet=&#8220;Eingemachtes&#8220; title_phone=&#8220; &#8220; title_last_edited=&#8220;on|tablet&#8220; icon_placement_tablet=&#8220;top&#8220; icon_placement_phone=&#8220;&#8220; icon_placement_last_edited=&#8220;on|tablet&#8220; image_max_width_tablet=&#8220;&#8220; image_max_width_phone=&#8220;&#8220; image_max_width_last_edited=&#8220;on|phone&#8220; _builder_version=&#8220;4.10.7&#8243; _module_preset=&#8220;default&#8220; header_font=&#8220;|600|||||||&#8220; header_font_size=&#8220;16px&#8220; body_font=&#8220;|||on|||||&#8220; module_alignment=&#8220;center&#8220; custom_margin_tablet=&#8220;&#8220; custom_margin_phone=&#8220;15px||||false|false&#8220; custom_margin_last_edited=&#8220;on|phone&#8220; link_option_url=&#8220;https:\/\/fumaiolo.com\/de\/eingemachtes\/&#8220; header_text_align_tablet=&#8220;center&#8220; header_text_align_phone=&#8220;&#8220; header_text_align_last_edited=&#8220;on|tablet&#8220; body_text_align_tablet=&#8220;center&#8220; body_text_align_phone=&#8220;&#8220; body_text_align_last_edited=&#8220;on|tablet&#8220; text_orientation_tablet=&#8220;center&#8220; text_orientation_phone=&#8220;&#8220; text_orientation_last_edited=&#8220;on|tablet&#8220; module_alignment_tablet=&#8220;center&#8220; module_alignment_phone=&#8220;&#8220; module_alignment_last_edited=&#8220;on|tablet&#8220; custom_css_blurb_image=&#8220;margin-left:auto;||margin-right: auto;||&#8220; custom_css_blurb_title=&#8220;margin-top:20px&#8220; global_colors_info=&#8220;{}&#8220; custom_css_blurb_image_last_edited=&#8220;on|tablet&#8220; custom_css_blurb_image_tablet=&#8220;margin-left:auto;||margin-right: auto;||display:inline-block;||vertical-align:top;||margin-bottom:0&#8243; custom_css_blurb_title_last_edited=&#8220;on|tablet&#8220; custom_css_blurb_title_tablet=&#8220;margin-top:18px&#8220; custom_css_blurb_image_phone=&#8220;margin-left:auto;||margin-right: auto;||display:inline-block;||vertical-align:top;||margin-bottom:0&#8243; custom_css_blurb_title_phone=&#8220;margin-top:18px&#8220;][\/et_pb_blurb][\/et_pb_column][\/et_pb_row][\/et_pb_section][et_pb_section fb_built=&#8220;1&#8243; _builder_version=&#8220;4.9.7&#8243; _module_preset=&#8220;default&#8220; global_colors_info=&#8220;{}&#8220;][et_pb_row column_structure=&#8220;1_5,3_5,1_5&#8243; use_custom_gutter=&#8220;on&#8220; gutter_width=&#8220;2&#8243; custom_padding_last_edited=&#8220;on|tablet&#8220; _builder_version=&#8220;4.9.10&#8243; _module_preset=&#8220;default&#8220; width=&#8220;90%&#8220; max_width=&#8220;1200px&#8220; module_alignment=&#8220;center&#8220; custom_margin=&#8220;||||false|false&#8220; custom_margin_tablet=&#8220;||||false|false&#8220; custom_margin_phone=&#8220;&#8220; custom_margin_last_edited=&#8220;on|tablet&#8220; custom_padding=&#8220;|||20px|false|false&#8220; custom_padding_tablet=&#8220;|||0px|false|false&#8220; custom_padding_phone=&#8220;&#8220; locked=&#8220;off&#8220; global_colors_info=&#8220;{}&#8220; custom_css_main_element_last_edited=&#8220;on|tablet&#8220; custom_css_main_element_tablet=&#8220;display:flex;||position:relative;&#8220; custom_css_main_element_phone=&#8220; ||&#8220;][et_pb_column type=&#8220;1_5&#8243; disabled_on=&#8220;off|on|off&#8220; _builder_version=&#8220;4.9.10&#8243; _module_preset=&#8220;default&#8220; scroll_blur=&#8220;0|40|60|84|10px|0px|1px&#8220; global_colors_info=&#8220;{}&#8220;][et_pb_image src=&#8220;https:\/\/fumaiolo.com\/wp-content\/uploads\/2021\/07\/tortello-sulla-lastra.png&#8220; title_text=&#8220;tortello sulla lastra&#8220; align=&#8220;center&#8220; align_tablet=&#8220;center&#8220; align_phone=&#8220;center&#8220; align_last_edited=&#8220;on|phone&#8220; module_class=&#8220;pasta&#8220; _builder_version=&#8220;4.11.4&#8243; _module_preset=&#8220;default&#8220; height=&#8220;73px&#8220; custom_margin=&#8220;-15px|||-200px|false|false&#8220; custom_margin_tablet=&#8220;-15px||30px|0px|false|false&#8220; custom_margin_phone=&#8220;&#8220; custom_margin_last_edited=&#8220;on|tablet&#8220; scroll_vertical_motion=&#8220;0|63|63|100|1|0|-1&#8243; scroll_fade=&#8220;23|71|100|100|0|100|0%&#8220; scroll_scaling=&#8220;0|66|100|100|30%|100|30%&#8220; global_colors_info=&#8220;{}&#8220;][\/et_pb_image][\/et_pb_column][et_pb_column type=&#8220;3_5&#8243; _builder_version=&#8220;4.9.7&#8243; _module_preset=&#8220;default&#8220; global_colors_info=&#8220;{}&#8220;][et_pb_text content_tablet=&#8220;<\/p>\n<p>TORTELLI<\/p>\n<p>        &#8220; content_phone=&#8220;<\/p>\n<p>TORTELLI<\/p>\n<p>        &#8220; content_last_edited=&#8220;off|desktop&#8220; _builder_version=&#8220;4.11.4&#8243; _module_preset=&#8220;default&#8220; text_font=&#8220;|800|||||||&#8220; text_text_color=&#8220;#f9bb2d&#8220; text_font_size=&#8220;43px&#8220; text_line_height=&#8220;1em&#8220; header_font=&#8220;|800|||||||&#8220; header_text_align=&#8220;left&#8220; background_color=&#8220;#FFFFFF&#8220; module_alignment=&#8220;left&#8220; custom_margin=&#8220;5px|||-150px|false|false&#8220; custom_margin_tablet=&#8220;-30px|||0px|false|false&#8220; custom_margin_phone=&#8220;|0px||0px|false|false&#8220; custom_margin_last_edited=&#8220;on|tablet&#8220; custom_padding=&#8220;0px||0px||false|false&#8220; custom_padding_tablet=&#8220;0px||0px||false|false&#8220; custom_padding_phone=&#8220;||||false|false&#8220; custom_padding_last_edited=&#8220;on|tablet&#8220; mix_blend_mode=&#8220;luminosity&#8220; scroll_blur=&#8220;0|41|100|100|10px|0px|3px&#8220; text_text_color_tablet=&#8220;#f9bb2d&#8220; text_text_color_phone=&#8220;#f9bb2d&#8220; text_text_color_last_edited=&#8220;on|desktop&#8220; text_font_size_tablet=&#8220;&#8220; text_font_size_phone=&#8220;40px&#8220; text_font_size_last_edited=&#8220;on|phone&#8220; text_letter_spacing_tablet=&#8220;0px&#8220; text_letter_spacing_phone=&#8220;-3px&#8220; text_letter_spacing_last_edited=&#8220;on|phone&#8220; header_text_align_tablet=&#8220;&#8220; header_text_align_phone=&#8220;center&#8220; header_text_align_last_edited=&#8220;on|phone&#8220; text_orientation_tablet=&#8220;center&#8220; text_orientation_phone=&#8220;center&#8220; text_orientation_last_edited=&#8220;on|phone&#8220; module_alignment_tablet=&#8220;&#8220; module_alignment_phone=&#8220;center&#8220; module_alignment_last_edited=&#8220;on|phone&#8220; global_colors_info=&#8220;{}&#8220; custom_css_main_element_last_edited=&#8220;on|phone&#8220; custom_css_main_element_tablet=&#8220;text-align:left;&#8220; custom_css_main_element_phone=&#8220;-||&#8220;]<\/p>\n<p>TORTELLI SULLA LASTRA<\/p>\n<p>[\/et_pb_text][\/et_pb_column][et_pb_column type=&#8220;1_5&#8243; disabled_on=&#8220;off|on|off&#8220; _builder_version=&#8220;4.9.10&#8243; _module_preset=&#8220;default&#8220; global_colors_info=&#8220;{}&#8220;][\/et_pb_column][\/et_pb_row][et_pb_row _builder_version=&#8220;4.11.4&#8243; _module_preset=&#8220;default&#8220; global_colors_info=&#8220;{}&#8220;][et_pb_column type=&#8220;4_4&#8243; _builder_version=&#8220;4.11.4&#8243; _module_preset=&#8220;default&#8220; global_colors_info=&#8220;{}&#8220;][et_pb_text _builder_version=&#8220;4.11.4&#8243; _module_preset=&#8220;default&#8220; header_3_font=&#8220;|800||on|||||&#8220; global_colors_info=&#8220;{}&#8220;]<\/p>\n<p>Kultur, Tradition, Einfachheit: das sind die Merkmale, die die Tortelli auf der Platte von Fumaiolo auszeichnen.<br \/>Zwei Teigschichten aus einfachen Zutaten umh\u00fcllen weiche &#8222;Kompensationen&#8220; mit den typischen Aromen der Romagna.<br \/>Gef\u00fcllt mit Kartoffeln, Spinat, K\u00e4se oder Steinpilzen, zeichnen sich die Tortelli durch ihre praktische und biegsame Form aus.<br \/>Der antike Ursprung ihres Namens stammt von der &#8222;Platte&#8220;, dem feuerfesten Stein, auf dem sie gekocht wurden, einem Werkzeug, das vor allem von Nomadenv\u00f6lkern verwendet wurde.<br \/>Antiken Dokumenten zufolge wurde sie von den barbarischen V\u00f6lkern, die nach dem Untergang des R\u00f6mischen Reiches aus dem Osten kamen, eingef\u00fchrt&#8220;.<\/p>\n<h3><\/h3>\n<h3><\/h3>\n<h3>IDEAL ALS APERITIF ODER SNACK<\/h3>\n<p>Egal, ob Sie Lust auf ein Hauptgericht, einen Snack oder einen leckeren Aperitif haben, die Tortelli sulla lastra sind f\u00fcr jede Gelegenheit und jede Tageszeit geeignet.<br \/>Haben Sie einen Vorschlag f\u00fcr eine originelle und schmackhafte Version? Probieren Sie neben der klassischen Zubereitung auf der Platte auch die gebratene Variante! Tauchen Sie die Tortelli in reichlich hei\u00dfes \u00d6l und lassen Sie sich von dem unverwechselbaren Geschmack mitrei\u00dfen.<\/p>\n<p>[\/et_pb_text][\/et_pb_column][\/et_pb_row][et_pb_row use_custom_gutter=&#8220;on&#8220; gutter_width=&#8220;2&#8243; module_class=&#8220;quattrocolonne&#8220; _builder_version=&#8220;4.9.10&#8243; _module_preset=&#8220;default&#8220; width=&#8220;90%&#8220; max_width=&#8220;1200px&#8220; custom_margin_tablet=&#8220;&#8220; custom_margin_phone=&#8220;-100px||||false|false&#8220; custom_margin_last_edited=&#8220;on|phone&#8220; custom_padding=&#8220;0px||||false|false&#8220; global_colors_info=&#8220;{}&#8220;][et_pb_column type=&#8220;4_4&#8243; _builder_version=&#8220;4.9.7&#8243; _module_preset=&#8220;default&#8220; global_colors_info=&#8220;{}&#8220;][et_pb_shop type=&#8220;product_category&#8220; include_categories=&#8220;36&#8243; icon_hover_color=&#8220;RGBA(0,0,0,0)&#8220; hover_overlay_color=&#8220;rgba(255,255,255,0.17)&#8220; _builder_version=&#8220;4.10.7&#8243; _module_preset=&#8220;default&#8220; title_font=&#8220;|700||on|||||&#8220; title_text_align=&#8220;center&#8220; border_color_all_image=&#8220;#FFFFFF&#8220; global_colors_info=&#8220;{}&#8220;][\/et_pb_shop][\/et_pb_column][\/et_pb_row][\/et_pb_section]<\/p>\n","protected":false},"excerpt":{"rendered":"<p>Die Tortelli sulla Lastra Fumaiolo sind eine typische Delikatesse des oberen Savio-Tals. Sie bestehen aus einer duftenden und weichen F\u00fcllung, die zwischen zwei d\u00fcnnen Teigschichten eingeschlossen ist und eine vollst\u00e4ndige, gesunde und echte Mahlzeit darstellt. Auch als Appetitanreger geeignet. Perfetti anche come stuzzichini in aperitivo. TORTELLI SULLA LASTRAKultur, Tradition, Einfachheit: das sind die Merkmale, die [&hellip;]<\/p>\n","protected":false},"author":3,"featured_media":0,"parent":0,"menu_order":0,"comment_status":"closed","ping_status":"closed","template":"","meta":{"_et_pb_use_builder":"on","_et_pb_old_content":"","_et_gb_content_width":"","wp_mapbox_gl_js_media":[],"footnotes":""},"class_list":["post-248530","page","type-page","status-publish","hentry"],"acf":[],"_links":{"self":[{"href":"https:\/\/fumaiolo.com\/de\/wp-json\/wp\/v2\/pages\/248530","targetHints":{"allow":["GET"]}}],"collection":[{"href":"https:\/\/fumaiolo.com\/de\/wp-json\/wp\/v2\/pages"}],"about":[{"href":"https:\/\/fumaiolo.com\/de\/wp-json\/wp\/v2\/types\/page"}],"author":[{"embeddable":true,"href":"https:\/\/fumaiolo.com\/de\/wp-json\/wp\/v2\/users\/3"}],"replies":[{"embeddable":true,"href":"https:\/\/fumaiolo.com\/de\/wp-json\/wp\/v2\/comments?post=248530"}],"version-history":[{"count":14,"href":"https:\/\/fumaiolo.com\/de\/wp-json\/wp\/v2\/pages\/248530\/revisions"}],"predecessor-version":[{"id":253442,"href":"https:\/\/fumaiolo.com\/de\/wp-json\/wp\/v2\/pages\/248530\/revisions\/253442"}],"wp:attachment":[{"href":"https:\/\/fumaiolo.com\/de\/wp-json\/wp\/v2\/media?parent=248530"}],"curies":[{"name":"wp","href":"https:\/\/api.w.org\/{rel}","templated":true}]}}