{"id":248492,"date":"2021-09-16T11:42:53","date_gmt":"2021-09-16T09:42:53","guid":{"rendered":"https:\/\/fumaiolo.com\/territorio-de\/"},"modified":"2021-11-12T17:30:54","modified_gmt":"2021-11-12T16:30:54","slug":"terroir","status":"publish","type":"page","link":"https:\/\/fumaiolo.com\/de\/terroir\/","title":{"rendered":"TERROIR"},"content":{"rendered":"<p>[et_pb_section fb_built=&#8220;1&#8243; fullwidth=&#8220;on&#8220; _builder_version=&#8220;4.9.10&#8243; _module_preset=&#8220;default&#8220; positioning=&#8220;none&#8220; overflow-x=&#8220;visible&#8220; overflow-y=&#8220;visible&#8220; custom_margin=&#8220;-80px||||false|false&#8220; locked=&#8220;off&#8220; global_colors_info=&#8220;{}&#8220;][et_pb_fullwidth_slider _builder_version=&#8220;4.11.2&#8243; _module_preset=&#8220;default&#8220; header_level=&#8220;h1&#8243; header_font=&#8220;|800||on|||||&#8220; header_text_align=&#8220;left&#8220; header_font_size=&#8220;4vw&#8220; body_font=&#8220;|700|||||||&#8220; body_text_align=&#8220;left&#8220; body_font_size=&#8220;20px&#8220; body_line_height=&#8220;1.5em&#8220; button_alignment=&#8220;left&#8220; hover_enabled=&#8220;0&#8243; locked=&#8220;off&#8220; global_colors_info=&#8220;{}&#8220; sticky_enabled=&#8220;0&#8243;][et_pb_slide heading=&#8220;TERROIR&#8220; use_bg_overlay=&#8220;on&#8220; bg_overlay_color=&#8220;rgba(0,0,0,0.2)&#8220; alignment=&#8220;bottom&#8220; _builder_version=&#8220;4.11.2&#8243; _module_preset=&#8220;default&#8220; header_font_size=&#8220;80px&#8220; header_letter_spacing=&#8220;0px&#8220; background_color=&#8220;RGBA(0,0,0,0)&#8220; background_enable_color=&#8220;on&#8220; background_image=&#8220;https:\/\/fumaiolo.com\/wp-content\/uploads\/2021\/07\/Fumaiolo-pasta-fresca-surgelata-territorio-2.jpg&#8220; background_enable_image=&#8220;on&#8220; custom_padding_tablet=&#8220;130px||||false|false&#8220; custom_padding_phone=&#8220;140px||||false|false&#8220; custom_padding_last_edited=&#8220;on|tablet&#8220; hover_enabled=&#8220;0&#8243; header_font_size_tablet=&#8220;&#8220; header_font_size_phone=&#8220;40px&#8220; header_font_size_last_edited=&#8220;on|phone&#8220; locked=&#8220;off&#8220; global_colors_info=&#8220;{}&#8220; sticky_transition=&#8220;on&#8220; sticky_enabled=&#8220;0&#8243;]<\/p>\n<p><span>Der Betrieb liegt in Alfero, einem ganz typischen Dorf in den toskanisch-romagnolischen Apenninen, 700 m \u00fcber dem Meeresspiegel.<\/span><\/p>\n<p>Der Name Fumaiolo wurde nicht zuf\u00e4llig gew\u00e4hlt, sondern ist eine Hommage an den gleichnamigen Berg, das Symbol des Saviotals, der sich in der N\u00e4he des Werks befindet, und an die wundersch\u00f6ne Landschaft, die es umgibt.<\/p>\n<p>[\/et_pb_slide][\/et_pb_fullwidth_slider][\/et_pb_section][et_pb_section fb_built=&#8220;1&#8243; _builder_version=&#8220;4.9.9&#8243; _module_preset=&#8220;default&#8220; global_colors_info=&#8220;{}&#8220;][et_pb_row make_equal=&#8220;on&#8220; _builder_version=&#8220;4.9.10&#8243; _module_preset=&#8220;default&#8220; width=&#8220;90%&#8220; max_width=&#8220;1200px&#8220; custom_margin=&#8220;20px||||false|false&#8220; locked=&#8220;off&#8220; global_colors_info=&#8220;{}&#8220;][et_pb_column type=&#8220;4_4&#8243; _builder_version=&#8220;4.9.9&#8243; _module_preset=&#8220;default&#8220; custom_css_main_element=&#8220;margin:auto;&#8220; global_colors_info=&#8220;{}&#8220;][et_pb_text _builder_version=&#8220;4.10.8&#8243; _module_preset=&#8220;default&#8220; header_font=&#8220;|800||on|||||&#8220; header_text_align=&#8220;center&#8220; header_font_size=&#8220;40px&#8220; header_2_font=&#8220;|800||on|||||&#8220; text_orientation=&#8220;center&#8220; header_2_text_align_tablet=&#8220;&#8220; header_2_text_align_phone=&#8220;left&#8220; header_2_text_align_last_edited=&#8220;on|phone&#8220; text_orientation_tablet=&#8220;&#8220; text_orientation_phone=&#8220;left&#8220; text_orientation_last_edited=&#8220;on|phone&#8220; locked=&#8220;off&#8220; global_colors_info=&#8220;{}&#8220;]<\/p>\n<h2 class=\"olivier\">EIN UNTRENNBARES BAND<\/h2>\n<p><span>Hat sich Fumaiolo die K\u00e4lte ausgesucht oder hat die K\u00e4lte Fumaiolo ausgesucht? Die reine Luft des Tals, die D\u00fcfte der W\u00e4lder, das klare Wasser des nahe gelegenen Baches Alferello&#8230; jedes nat\u00fcrliche Element tr\u00e4gt dazu bei, den Produkten des Betriebs die Frische und Authentizit\u00e4t zu verleihen, die sie seit jeher auszeichnen. <\/span><\/p>\n<p>[\/et_pb_text][\/et_pb_column][\/et_pb_row][et_pb_row column_structure=&#8220;1_2,1_2&#8243; use_custom_gutter=&#8220;on&#8220; gutter_width=&#8220;2&#8243; make_equal=&#8220;on&#8220; _builder_version=&#8220;4.9.10&#8243; _module_preset=&#8220;default&#8220; width=&#8220;90%&#8220; max_width=&#8220;1200px&#8220; custom_margin=&#8220;||-225px||false|false&#8220; custom_css_main_element=&#8220;display:flex;&#8220; locked=&#8220;off&#8220; global_colors_info=&#8220;{}&#8220; custom_css_main_element_last_edited=&#8220;on|tablet&#8220; custom_css_main_element_phone=&#8220;display:block !important;&#8220;][et_pb_column type=&#8220;1_2&#8243; _builder_version=&#8220;4.9.10&#8243; _module_preset=&#8220;default&#8220; global_colors_info=&#8220;{}&#8220;][et_pb_cta title=&#8220;DAS UNTERNEHMEN&#8220; button_url=&#8220;https:\/\/fumaiolo.com\/de\/ueber-uns\/&#8220; button_text=&#8220;FUMAIOLO&#8220; _builder_version=&#8220;4.10.8&#8243; _module_preset=&#8220;default&#8220; header_font=&#8220;|800||on|||||&#8220; header_text_color=&#8220;#FFFFFF&#8220; background_color=&#8220;rgba(0,0,0,0.4)&#8220; background_image=&#8220;https:\/\/fumaiolo.com\/wp-content\/uploads\/2021\/08\/Fumaiolo-news-solstenibilita-2-1.jpg&#8220; background_position=&#8220;top_center&#8220; background_blend=&#8220;multiply&#8220; text_orientation=&#8220;left&#8220; module_alignment=&#8220;left&#8220; min_height=&#8220;300px&#8220; custom_margin=&#8220;||||false|false&#8220; custom_margin_tablet=&#8220;|||10px|false|false&#8220; custom_margin_phone=&#8220;|||0px|false|false&#8220; custom_margin_last_edited=&#8220;on|phone&#8220; link_option_url=&#8220;\/azienda\/&#8220; border_radii=&#8220;on|8px|8px|8px|8px&#8220; locked=&#8220;off&#8220; global_colors_info=&#8220;{}&#8220; background__hover_enabled=&#8220;on|hover&#8220; background_color__hover=&#8220;rgba(0,0,0,0.6)&#8220; background_enable_color__hover=&#8220;on&#8220;]<\/p>\n<div>\n<p>Eingebettet in das Gr\u00fcn des toskanisch-romagnolischen Apennins, um Ihnen Produkte zu bieten, die aus reinstem Wasser und reiner Luft hergestellt werden.<\/p>\n<\/div>\n<p>[\/et_pb_cta][\/et_pb_column][et_pb_column type=&#8220;1_2&#8243; _builder_version=&#8220;4.9.9&#8243; _module_preset=&#8220;default&#8220; global_colors_info=&#8220;{}&#8220;][et_pb_cta title=&#8220;WIE WIR ES MACHEN&#8220; button_url=&#8220;https:\/\/fumaiolo.com\/de\/come-lo-facciamo\/&#8220; button_text=&#8220;UNSERE WERTE&#8220; _builder_version=&#8220;4.10.8&#8243; _module_preset=&#8220;default&#8220; header_font=&#8220;|800||on|||||&#8220; header_text_color=&#8220;#FFFFFF&#8220; background_color=&#8220;rgba(0,0,0,0.4)&#8220; background_image=&#8220;https:\/\/fumaiolo.com\/wp-content\/uploads\/2021\/09\/ingredienti.jpg&#8220; background_position=&#8220;top_center&#8220; background_blend=&#8220;multiply&#8220; text_orientation=&#8220;left&#8220; module_alignment=&#8220;left&#8220; min_height=&#8220;300px&#8220; custom_margin=&#8220;||||false|false&#8220; custom_margin_tablet=&#8220;|||10px|false|false&#8220; custom_margin_phone=&#8220;|||0px|false|false&#8220; custom_margin_last_edited=&#8220;on|phone&#8220; link_option_url=&#8220;\/come-lo-facciamo&#8220; border_radii=&#8220;on|8px|8px|8px|8px&#8220; locked=&#8220;off&#8220; global_colors_info=&#8220;{}&#8220; background__hover_enabled=&#8220;on|hover&#8220; background_color__hover=&#8220;rgba(0,0,0,0.6)&#8220; background_enable_color__hover=&#8220;on&#8220;]<\/p>\n<p class=\"et_pb_module_header\"><span style=\"font-size: 16px\">Entdecken Sie unser Engagement f\u00fcr die Suche nach den besten italienischen Rohstoffen, f\u00fcr Forschung und Produktsicherheit.<\/span><\/p>\n<p>[\/et_pb_cta][\/et_pb_column][\/et_pb_row][\/et_pb_section][et_pb_section fb_built=&#8220;1&#8243; _builder_version=&#8220;4.9.9&#8243; _module_preset=&#8220;default&#8220; background_enable_color=&#8220;off&#8220; use_background_color_gradient=&#8220;on&#8220; background_color_gradient_start=&#8220;#f9f9f9&#8243; background_color_gradient_end=&#8220;rgba(255,255,255,0)&#8220; custom_margin=&#8220;||||false|false&#8220; custom_padding=&#8220;200px||||false|false&#8220; global_colors_info=&#8220;{}&#8220;][et_pb_row column_structure=&#8220;1_3,1_3,1_3&#8243; use_custom_gutter=&#8220;on&#8220; make_equal=&#8220;on&#8220; _builder_version=&#8220;4.9.10&#8243; _module_preset=&#8220;default&#8220; width=&#8220;90%&#8220; width_tablet=&#8220;&#8220; width_phone=&#8220;100%&#8220; width_last_edited=&#8220;on|phone&#8220; max_width=&#8220;1200px&#8220; max_width_tablet=&#8220;&#8220; max_width_phone=&#8220;2560%&#8220; max_width_last_edited=&#8220;on|phone&#8220; module_alignment=&#8220;center&#8220; custom_margin=&#8220;-20px||||false|false&#8220; custom_margin_tablet=&#8220;-40px||||false|false&#8220; custom_margin_phone=&#8220;||||false|false&#8220; custom_margin_last_edited=&#8220;on|tablet&#8220; custom_padding=&#8220;||||false|false&#8220; module_alignment_tablet=&#8220;&#8220; module_alignment_phone=&#8220;center&#8220; module_alignment_last_edited=&#8220;on|phone&#8220; custom_css_main_element=&#8220;display:flex;&#8220; global_colors_info=&#8220;{}&#8220; custom_css_main_element_last_edited=&#8220;on|tablet&#8220; custom_css_main_element_tablet=&#8220;display:flex;&#8220; custom_css_main_element_phone=&#8220;display:block;||width:100% !important;&#8220;][et_pb_column type=&#8220;1_3&#8243; _builder_version=&#8220;4.9.10&#8243; _module_preset=&#8220;default&#8220; custom_padding=&#8220;|10px|||false|false&#8220; global_colors_info=&#8220;{}&#8220;][et_pb_blurb title=&#8220;700 METER H\u00d6HE&#8220; image=&#8220;https:\/\/fumaiolo.com\/wp-content\/uploads\/2021\/10\/metri-altezza.png&#8220; _builder_version=&#8220;4.10.8&#8243; _module_preset=&#8220;default&#8220; header_font=&#8220;|700|||||||&#8220; header_font_size=&#8220;18px&#8220; text_orientation=&#8220;center&#8220; custom_css_blurb_image=&#8220;width: 40%;&#8220; global_colors_info=&#8220;{}&#8220;]<\/p>\n<p><span>Das Gebiet genie\u00dft ein besonderes Mikroklima, k\u00fchl und trocken.<\/span><\/p>\n<p>[\/et_pb_blurb][\/et_pb_column][et_pb_column type=&#8220;1_3&#8243; _builder_version=&#8220;4.9.10&#8243; _module_preset=&#8220;default&#8220; custom_padding=&#8220;|5px||5px|false|false&#8220; global_colors_info=&#8220;{}&#8220;][et_pb_blurb title=&#8220;NATUR UND BIOLOGISCHE VIELFALT&#8220; image=&#8220;https:\/\/fumaiolo.com\/wp-content\/uploads\/2021\/10\/biodiversita\u0300.png&#8220; _builder_version=&#8220;4.10.8&#8243; _module_preset=&#8220;default&#8220; header_font=&#8220;|700|||||||&#8220; header_font_size=&#8220;18px&#8220; text_orientation=&#8220;center&#8220; custom_css_blurb_image=&#8220;width:38%;&#8220; global_colors_info=&#8220;{}&#8220;]<\/p>\n<p><span>Die Flora ist sehr vielf\u00e4ltig und reicht von Hainbuchenw\u00e4ldern bis zu Buchenw\u00e4ldern. <\/span><\/p>\n<p>[\/et_pb_blurb][\/et_pb_column][et_pb_column type=&#8220;1_3&#8243; _builder_version=&#8220;4.9.10&#8243; _module_preset=&#8220;default&#8220; custom_padding=&#8220;|||10px|false|false&#8220; global_colors_info=&#8220;{}&#8220;][et_pb_blurb title=&#8220;REINES UND KRISTALLKLARES WASSER&#8220; image=&#8220;https:\/\/fumaiolo.com\/wp-content\/uploads\/2021\/10\/acqua.png&#8220; _builder_version=&#8220;4.10.8&#8243; _module_preset=&#8220;default&#8220; header_font=&#8220;|700|||||||&#8220; header_font_size=&#8220;18px&#8220; text_orientation=&#8220;center&#8220; custom_css_blurb_image=&#8220;width: 36%;&#8220; global_colors_info=&#8220;{}&#8220;]<\/p>\n<p><span>Der Bach Alferello f\u00fchrt zu dem beeindruckenden Wasserfall &#8222;Forelle&#8220;.<\/span><\/p>\n<p>[\/et_pb_blurb][\/et_pb_column][\/et_pb_row][\/et_pb_section]<\/p>\n","protected":false},"excerpt":{"rendered":"<p>Der Betrieb liegt in Alfero, einem ganz typischen Dorf in den toskanisch-romagnolischen Apenninen, 700 m \u00fcber dem Meeresspiegel. Der Name Fumaiolo wurde nicht zuf\u00e4llig gew\u00e4hlt, sondern ist eine Hommage an den gleichnamigen Berg, das Symbol des Saviotals, der sich in der N\u00e4he des Werks befindet, und an die wundersch\u00f6ne Landschaft, die es umgibt.EIN UNTRENNBARES BAND [&hellip;]<\/p>\n","protected":false},"author":3,"featured_media":0,"parent":0,"menu_order":0,"comment_status":"closed","ping_status":"closed","template":"","meta":{"_et_pb_use_builder":"on","_et_pb_old_content":"","_et_gb_content_width":"","wp_mapbox_gl_js_media":[],"footnotes":""},"class_list":["post-248492","page","type-page","status-publish","hentry"],"acf":[],"_links":{"self":[{"href":"https:\/\/fumaiolo.com\/de\/wp-json\/wp\/v2\/pages\/248492","targetHints":{"allow":["GET"]}}],"collection":[{"href":"https:\/\/fumaiolo.com\/de\/wp-json\/wp\/v2\/pages"}],"about":[{"href":"https:\/\/fumaiolo.com\/de\/wp-json\/wp\/v2\/types\/page"}],"author":[{"embeddable":true,"href":"https:\/\/fumaiolo.com\/de\/wp-json\/wp\/v2\/users\/3"}],"replies":[{"embeddable":true,"href":"https:\/\/fumaiolo.com\/de\/wp-json\/wp\/v2\/comments?post=248492"}],"version-history":[{"count":17,"href":"https:\/\/fumaiolo.com\/de\/wp-json\/wp\/v2\/pages\/248492\/revisions"}],"predecessor-version":[{"id":253417,"href":"https:\/\/fumaiolo.com\/de\/wp-json\/wp\/v2\/pages\/248492\/revisions\/253417"}],"wp:attachment":[{"href":"https:\/\/fumaiolo.com\/de\/wp-json\/wp\/v2\/media?parent=248492"}],"curies":[{"name":"wp","href":"https:\/\/api.w.org\/{rel}","templated":true}]}}