{"id":248301,"date":"2021-09-16T11:36:25","date_gmt":"2021-09-16T09:36:25","guid":{"rendered":"https:\/\/fumaiolo.com\/home-de\/"},"modified":"2021-11-12T17:54:35","modified_gmt":"2021-11-12T16:54:35","slug":"home","status":"publish","type":"page","link":"https:\/\/fumaiolo.com\/de\/","title":{"rendered":"Home DE"},"content":{"rendered":"<p>[et_pb_section fb_built=&#8220;1&#8243; fullwidth=&#8220;on&#8220; _builder_version=&#8220;4.9.7&#8243; _module_preset=&#8220;default&#8220; custom_margin=&#8220;-75px||||false|false&#8220; global_colors_info=&#8220;{}&#8220;][et_pb_fullwidth_slider _builder_version=&#8220;4.11.2&#8243; _module_preset=&#8220;default&#8220; header_level=&#8220;h1&#8243; header_font=&#8220;|800||on|||||&#8220; header_text_align=&#8220;left&#8220; header_font_size=&#8220;80px&#8220; body_font=&#8220;|700|||||||&#8220; body_text_align=&#8220;left&#8220; body_font_size=&#8220;20px&#8220; body_line_height=&#8220;1.5em&#8220; button_alignment=&#8220;left&#8220; custom_padding_tablet=&#8220;&#8220; custom_padding_phone=&#8220;130px||||false|false&#8220; custom_padding_last_edited=&#8220;on|phone&#8220; auto=&#8220;on&#8220; auto_speed=&#8220;3500&#8243; header_font_size_tablet=&#8220;&#8220; header_font_size_phone=&#8220;20px&#8220; header_font_size_last_edited=&#8220;on|phone&#8220; global_colors_info=&#8220;{}&#8220;][et_pb_slide heading=&#8220;Fumaiolo ist gut&#8220; use_bg_overlay=&#8220;on&#8220; bg_overlay_color=&#8220;rgba(0,0,0,0.2)&#8220; _builder_version=&#8220;4.11.2&#8243; _module_preset=&#8220;default&#8220; header_font_size=&#8220;80px&#8220; background_color=&#8220;RGBA(0,0,0,0)&#8220; background_enable_color=&#8220;on&#8220; background_image=&#8220;https:\/\/fumaiolo.com\/wp-content\/uploads\/2021\/09\/home-fumaiolo-1.jpg&#8220; background_enable_image=&#8220;on&#8220; background_position=&#8220;top_center&#8220; header_font_size_tablet=&#8220;&#8220; header_font_size_phone=&#8220;40px&#8220; header_font_size_last_edited=&#8220;on|desktop&#8220; global_colors_info=&#8220;{}&#8220; sticky_transition=&#8220;on&#8220;]<\/p>\n<p>Genehmigt durch den Verband der italienischen Gro\u00dfm\u00fctter<\/p>\n<p>[\/et_pb_slide][et_pb_slide heading=&#8220;COLD IS COOL&#8220; button_text=&#8220;FUMAIOLO&#8220; button_link=&#8220;https:\/\/fumaiolo.com\/de\/ueber-uns\/&#8220; use_bg_overlay=&#8220;on&#8220; bg_overlay_color=&#8220;rgba(0,0,0,0.2)&#8220; _builder_version=&#8220;4.11.2&#8243; _module_preset=&#8220;default&#8220; background_color=&#8220;RGBA(0,0,0,0)&#8220; background_enable_color=&#8220;on&#8220; background_image=&#8220;https:\/\/fumaiolo.com\/wp-content\/uploads\/2021\/09\/home-fumaiolo-2.jpg&#8220; background_enable_image=&#8220;on&#8220; background_position=&#8220;bottom_center&#8220; global_colors_info=&#8220;{}&#8220; sticky_transition=&#8220;on&#8220;]<\/p>\n<p>Nat\u00fcrlich gro\u00dfm\u00fcttertauglich: keine Konservierungsstoffe, nur die K\u00e4lte<\/p>\n<p>[\/et_pb_slide][\/et_pb_fullwidth_slider][\/et_pb_section][et_pb_section fb_built=&#8220;1&#8243; _builder_version=&#8220;4.9.7&#8243; _module_preset=&#8220;default&#8220; custom_padding=&#8220;||0px|||&#8220; global_colors_info=&#8220;{}&#8220;][et_pb_row _builder_version=&#8220;4.10.6&#8243; _module_preset=&#8220;default&#8220; width=&#8220;90%&#8220; max_width=&#8220;900px&#8220; custom_margin=&#8220;20px||40px||false|false&#8220; global_colors_info=&#8220;{}&#8220;][et_pb_column type=&#8220;4_4&#8243; _builder_version=&#8220;4.9.7&#8243; _module_preset=&#8220;default&#8220; global_colors_info=&#8220;{}&#8220;][et_pb_text _builder_version=&#8220;4.10.7&#8243; _module_preset=&#8220;default&#8220; header_2_font=&#8220;|800||on|||||&#8220; text_orientation=&#8220;center&#8220; global_colors_info=&#8220;{}&#8220;]<\/p>\n<h2>DEN GESCHMACK DER TRADITION WIEDERENTDECKENe<\/h2>\n<p>Fumaiolo bringt alte, reiche und intensive Aromen auf den Tisch.<\/p>\n<p>[\/et_pb_text][et_pb_button button_url=&#8220;https:\/\/fumaiolo.com\/de\/die-produkte\/&#8220; button_text=&#8220;ALLE PRODUKTE&#8220; button_alignment=&#8220;center&#8220; _builder_version=&#8220;4.9.10&#8243; _module_preset=&#8220;default&#8220; global_colors_info=&#8220;{}&#8220;][\/et_pb_button][\/et_pb_column][\/et_pb_row][et_pb_row use_custom_gutter=&#8220;on&#8220; gutter_width=&#8220;2&#8243; _builder_version=&#8220;4.10.6&#8243; _module_preset=&#8220;default&#8220; width=&#8220;90%&#8220; max_width=&#8220;1200px&#8220; custom_margin=&#8220;||||false|false&#8220; custom_padding=&#8220;0px||0px||false|false&#8220; global_colors_info=&#8220;{}&#8220;][et_pb_column type=&#8220;4_4&#8243; _builder_version=&#8220;4.9.7&#8243; _module_preset=&#8220;default&#8220; global_colors_info=&#8220;{}&#8220;][et_pb_shop type=&#8220;product_category&#8220; posts_number=&#8220;4&#8243; include_categories=&#8220;263&#8243; columns_number=&#8220;4&#8243; icon_hover_color=&#8220;RGBA(0,0,0,0)&#8220; hover_overlay_color=&#8220;rgba(255,255,255,0.31)&#8220; _builder_version=&#8220;4.10.6&#8243; _module_preset=&#8220;default&#8220; title_font=&#8220;|700||on|||||&#8220; title_text_align=&#8220;center&#8220; custom_padding=&#8220;0px||0px||false|false&#8220; custom_css_product=&#8220;border-radius:0px;&#8220; custom_css_overlay=&#8220;border-radius:0px;&#8220; border_color_all=&#8220;RGBA(0,0,0,0)&#8220; border_radii_image=&#8220;on|10px|10px|10px|10px&#8220; border_color_all_image=&#8220;rgba(255,255,255,0)&#8220; global_colors_info=&#8220;{}&#8220;][\/et_pb_shop][\/et_pb_column][\/et_pb_row][et_pb_row column_structure=&#8220;1_5,1_5,1_5,1_5,1_5&#8243; use_custom_gutter=&#8220;on&#8220; gutter_width=&#8220;1&#8243; custom_padding_last_edited=&#8220;on|tablet&#8220; module_class=&#8220;categoria-home&#8220; _builder_version=&#8220;4.10.6&#8243; _module_preset=&#8220;default&#8220; background_color=&#8220;#f7f7f7&#8243; width=&#8220;90%&#8220; max_width=&#8220;1200px&#8220; custom_margin=&#8220;15px|auto|8px|auto||&#8220; custom_margin_tablet=&#8220;|||auto|false|false&#8220; custom_margin_phone=&#8220;&#8220; custom_margin_last_edited=&#8220;on|tablet&#8220; custom_padding=&#8220;|||50px|false|false&#8220; custom_padding_tablet=&#8220;|||0px|false|false&#8220; custom_padding_phone=&#8220;20px|20px|0px|20px|false|false&#8220; custom_css_main_element=&#8220;display:flex !important;&#8220; border_radii=&#8220;on|8px|8px|8px|8px&#8220; saved_tabs=&#8220;all&#8220; global_colors_info=&#8220;{}&#8220;][et_pb_column type=&#8220;1_5&#8243; _builder_version=&#8220;4.9.10&#8243; _module_preset=&#8220;default&#8220; global_colors_info=&#8220;{}&#8220;][et_pb_blurb title=&#8220;Pasta&#8220; url=&#8220;https:\/\/fumaiolo.com\/de\/die-pasta\/&#8220; image=&#8220;https:\/\/fumaiolo.com\/wp-content\/uploads\/2021\/07\/tortellino.png&#8220; icon_placement=&#8220;left&#8220; image_max_width=&#8220;60px&#8220; title_tablet=&#8220;Pasta&#8220; title_phone=&#8220; &#8220; title_last_edited=&#8220;on|tablet&#8220; icon_placement_tablet=&#8220;top&#8220; icon_placement_phone=&#8220;&#8220; icon_placement_last_edited=&#8220;on|tablet&#8220; image_max_width_tablet=&#8220;&#8220; image_max_width_phone=&#8220;&#8220; image_max_width_last_edited=&#8220;on|phone&#8220; _builder_version=&#8220;4.10.7&#8243; _module_preset=&#8220;default&#8220; header_font=&#8220;|600|||||||&#8220; header_font_size=&#8220;16px&#8220; body_font=&#8220;|||on|||||&#8220; custom_margin_tablet=&#8220;||||false|false&#8220; custom_margin_phone=&#8220;15px||||false|false&#8220; custom_margin_last_edited=&#8220;on|tablet&#8220; custom_padding=&#8220;||||false|false&#8220; link_option_url=&#8220;https:\/\/fumaiolo.com\/de\/die-pasta\/&#8220; header_text_align_tablet=&#8220;center&#8220; header_text_align_phone=&#8220;&#8220; header_text_align_last_edited=&#8220;on|tablet&#8220; body_text_align_tablet=&#8220;center&#8220; body_text_align_phone=&#8220;&#8220; body_text_align_last_edited=&#8220;on|tablet&#8220; text_orientation_tablet=&#8220;center&#8220; text_orientation_phone=&#8220;&#8220; text_orientation_last_edited=&#8220;on|tablet&#8220; module_alignment_tablet=&#8220;center&#8220; module_alignment_phone=&#8220;&#8220; module_alignment_last_edited=&#8220;on|tablet&#8220; custom_css_blurb_title=&#8220;margin-top:20px;||&#8220; global_colors_info=&#8220;{}&#8220; custom_css_blurb_title_last_edited=&#8220;on|desktop&#8220; custom_css_blurb_image_last_edited=&#8220;on|phone&#8220; custom_css_blurb_title_tablet=&#8220;margin-top:-11px&#8220; custom_css_blurb_title_phone=&#8220;margin-top:-11px&#8220;][\/et_pb_blurb][\/et_pb_column][et_pb_column type=&#8220;1_5&#8243; _builder_version=&#8220;4.9.7&#8243; _module_preset=&#8220;default&#8220; global_colors_info=&#8220;{}&#8220;][et_pb_blurb title=&#8220;Piadina&#8220; url=&#8220;https:\/\/fumaiolo.com\/de\/die-piadina\/&#8220; image=&#8220;https:\/\/fumaiolo.com\/wp-content\/uploads\/2021\/07\/piadina.png&#8220; icon_placement=&#8220;left&#8220; image_max_width=&#8220;48px&#8220; title_tablet=&#8220;PIADINA&#8220; title_phone=&#8220; &#8220; title_last_edited=&#8220;on|tablet&#8220; icon_placement_tablet=&#8220;top&#8220; icon_placement_phone=&#8220;&#8220; icon_placement_last_edited=&#8220;on|tablet&#8220; image_max_width_tablet=&#8220;&#8220; image_max_width_phone=&#8220;&#8220; image_max_width_last_edited=&#8220;on|phone&#8220; _builder_version=&#8220;4.10.7&#8243; _module_preset=&#8220;default&#8220; header_font=&#8220;|600|||||||&#8220; header_text_align=&#8220;left&#8220; header_font_size=&#8220;16px&#8220; body_font=&#8220;|||on|||||&#8220; body_text_align=&#8220;left&#8220; custom_margin_tablet=&#8220;&#8220; custom_margin_phone=&#8220;15px||||false|false&#8220; custom_margin_last_edited=&#8220;on|phone&#8220; link_option_url=&#8220;https:\/\/fumaiolo.com\/de\/die-piadina\/&#8220; header_text_align_tablet=&#8220;center&#8220; header_text_align_phone=&#8220;&#8220; header_text_align_last_edited=&#8220;on|tablet&#8220; body_text_align_tablet=&#8220;center&#8220; body_text_align_phone=&#8220;&#8220; body_text_align_last_edited=&#8220;on|tablet&#8220; text_orientation_tablet=&#8220;center&#8220; text_orientation_phone=&#8220;&#8220; text_orientation_last_edited=&#8220;on|tablet&#8220; module_alignment_tablet=&#8220;center&#8220; module_alignment_phone=&#8220;&#8220; module_alignment_last_edited=&#8220;on|tablet&#8220; custom_css_blurb_image=&#8220;margin-left:auto;||margin-right: auto;||&#8220; custom_css_blurb_title=&#8220;margin-top:20px;|| &#8220; global_colors_info=&#8220;{}&#8220; custom_css_blurb_image_last_edited=&#8220;on|tablet&#8220; custom_css_blurb_image_tablet=&#8220;margin-left:auto;||margin-right: auto;||display:inline-block;||vertical-align:top;||margin-bottom:0;&#8220; custom_css_blurb_title_last_edited=&#8220;on|desktop&#8220; custom_css_blurb_image_phone=&#8220;margin-left:auto;||margin-right: auto;||display:inline-block;||vertical-align:top;||margin-bottom:0;&#8220; custom_css_blurb_title_tablet=&#8220;margin-top:20px;|| &#8220; custom_css_blurb_title_phone=&#8220;margin-top:20px;|| &#8222;][\/et_pb_blurb][\/et_pb_column][et_pb_column type=&#8220;1_5&#8243; _builder_version=&#8220;4.9.7&#8243; _module_preset=&#8220;default&#8220; global_colors_info=&#8220;{}&#8220;][et_pb_blurb title=&#8220;Tortelli sulla lastra&#8220; url=&#8220;https:\/\/fumaiolo.com\/de\/die-tortelli-sulla-lastra\/&#8220; image=&#8220;https:\/\/fumaiolo.com\/wp-content\/uploads\/2021\/07\/tortello-sulla-lastra.png&#8220; icon_placement=&#8220;left&#8220; image_max_width=&#8220;60px&#8220; title_tablet=&#8220;TORTELLI SULLA LASTRA&#8220; title_phone=&#8220; &#8220; title_last_edited=&#8220;on|tablet&#8220; icon_placement_tablet=&#8220;top&#8220; icon_placement_phone=&#8220;&#8220; icon_placement_last_edited=&#8220;on|tablet&#8220; image_max_width_tablet=&#8220;&#8220; image_max_width_phone=&#8220;&#8220; image_max_width_last_edited=&#8220;on|phone&#8220; _builder_version=&#8220;4.10.7&#8243; _module_preset=&#8220;default&#8220; header_font=&#8220;|600|||||||&#8220; header_font_size=&#8220;16px&#8220; body_font=&#8220;|||on|||||&#8220; module_alignment=&#8220;center&#8220; custom_margin=&#8220;|25px|||false|false&#8220; custom_margin_tablet=&#8220;|0px|||false|false&#8220; custom_margin_phone=&#8220;15px||||false|false&#8220; custom_margin_last_edited=&#8220;on|phone&#8220; link_option_url=&#8220;https:\/\/fumaiolo.com\/de\/die-tortelli-sulla-lastra\/&#8220; header_text_align_tablet=&#8220;center&#8220; header_text_align_phone=&#8220;&#8220; header_text_align_last_edited=&#8220;on|tablet&#8220; body_text_align_tablet=&#8220;center&#8220; body_text_align_phone=&#8220;&#8220; body_text_align_last_edited=&#8220;on|tablet&#8220; text_orientation_tablet=&#8220;center&#8220; text_orientation_phone=&#8220;&#8220; text_orientation_last_edited=&#8220;on|tablet&#8220; module_alignment_tablet=&#8220;center&#8220; module_alignment_phone=&#8220;&#8220; module_alignment_last_edited=&#8220;on|tablet&#8220; custom_css_blurb_image=&#8220;margin-left:auto;||margin-right: auto;||&#8220; custom_css_blurb_title=&#8220;margin-top:18px;&#8220; global_colors_info=&#8220;{}&#8220; custom_css_blurb_title_last_edited=&#8220;on|tablet&#8220; custom_css_blurb_image_last_edited=&#8220;on|tablet&#8220; custom_css_blurb_image_tablet=&#8220;margin-left:auto;||margin-right: auto;||display:inline-block;||vertical-align:top;||margin-bottom:0;&#8220; custom_css_blurb_title_tablet=&#8220;margin-top:18px;&#8220; custom_css_blurb_title_phone=&#8220;margin-top:18px;&#8220; custom_css_blurb_image_phone=&#8220;margin-left:auto;||margin-right: auto;||display:inline-block;||vertical-align:top;||margin-bottom:0;&#8220;][\/et_pb_blurb][\/et_pb_column][et_pb_column type=&#8220;1_5&#8243; _builder_version=&#8220;4.9.7&#8243; _module_preset=&#8220;default&#8220; global_colors_info=&#8220;{}&#8220;][et_pb_blurb title=&#8220;Die Saucen&#8220; url=&#8220;https:\/\/fumaiolo.com\/de\/die-saucen\/&#8220; image=&#8220;https:\/\/fumaiolo.com\/wp-content\/uploads\/2021\/07\/sughi.png&#8220; icon_placement=&#8220;left&#8220; image_max_width=&#8220;46px&#8220; title_tablet=&#8220;Die Saucen&#8220; title_phone=&#8220; &#8220; title_last_edited=&#8220;on|tablet&#8220; icon_placement_tablet=&#8220;top&#8220; icon_placement_phone=&#8220;&#8220; icon_placement_last_edited=&#8220;on|tablet&#8220; image_max_width_tablet=&#8220;&#8220; image_max_width_phone=&#8220;&#8220; image_max_width_last_edited=&#8220;on|phone&#8220; _builder_version=&#8220;4.10.7&#8243; _module_preset=&#8220;default&#8220; header_font=&#8220;|600|||||||&#8220; header_font_size=&#8220;16px&#8220; body_font=&#8220;|||on|||||&#8220; module_alignment=&#8220;center&#8220; custom_margin_tablet=&#8220;&#8220; custom_margin_phone=&#8220;15px||||false|false&#8220; custom_margin_last_edited=&#8220;on|phone&#8220; link_option_url=&#8220;https:\/\/fumaiolo.com\/de\/die-saucen\/&#8220; header_text_align_tablet=&#8220;center&#8220; header_text_align_phone=&#8220;&#8220; header_text_align_last_edited=&#8220;on|tablet&#8220; body_text_align_tablet=&#8220;center&#8220; body_text_align_phone=&#8220;&#8220; body_text_align_last_edited=&#8220;on|tablet&#8220; text_orientation_tablet=&#8220;center&#8220; text_orientation_phone=&#8220;&#8220; text_orientation_last_edited=&#8220;on|tablet&#8220; module_alignment_tablet=&#8220;center&#8220; module_alignment_phone=&#8220;&#8220; module_alignment_last_edited=&#8220;on|tablet&#8220; custom_css_blurb_image=&#8220;margin-left:auto;||margin-right: auto;||&#8220; custom_css_blurb_title=&#8220;margin-top:20px&#8220; global_colors_info=&#8220;{}&#8220; custom_css_blurb_title_last_edited=&#8220;on|tablet&#8220; custom_css_blurb_title_tablet=&#8220;margin-top:18px&#8220; custom_css_blurb_image_last_edited=&#8220;on|tablet&#8220; custom_css_blurb_image_tablet=&#8220;margin-left:auto;||margin-right: auto;||display:inline-block;||vertical-align:top;||margin-bottom: 0;&#8220; custom_css_blurb_title_phone=&#8220;margin-top:18px&#8220; custom_css_blurb_image_phone=&#8220;margin-left:auto;||margin-right: auto;||display:inline-block;||vertical-align:top;||margin-bottom: 0;&#8220;][\/et_pb_blurb][\/et_pb_column][et_pb_column type=&#8220;1_5&#8243; _builder_version=&#8220;4.9.7&#8243; _module_preset=&#8220;default&#8220; global_colors_info=&#8220;{}&#8220;][et_pb_blurb title=&#8220;Eingemachtes&#8220; url=&#8220;https:\/\/fumaiolo.com\/de\/eingemachtes\/&#8220; image=&#8220;https:\/\/fumaiolo.com\/wp-content\/uploads\/2021\/07\/sottoli.png&#8220; icon_placement=&#8220;left&#8220; image_max_width=&#8220;44px&#8220; title_tablet=&#8220;Eingemachtes&#8220; title_phone=&#8220; &#8220; title_last_edited=&#8220;on|tablet&#8220; icon_placement_tablet=&#8220;top&#8220; icon_placement_phone=&#8220;&#8220; icon_placement_last_edited=&#8220;on|tablet&#8220; image_max_width_tablet=&#8220;&#8220; image_max_width_phone=&#8220;&#8220; image_max_width_last_edited=&#8220;on|phone&#8220; _builder_version=&#8220;4.10.7&#8243; _module_preset=&#8220;default&#8220; header_font=&#8220;|600|||||||&#8220; header_font_size=&#8220;16px&#8220; body_font=&#8220;|||on|||||&#8220; module_alignment=&#8220;center&#8220; custom_margin_tablet=&#8220;&#8220; custom_margin_phone=&#8220;15px||||false|false&#8220; custom_margin_last_edited=&#8220;on|phone&#8220; link_option_url=&#8220;https:\/\/fumaiolo.com\/de\/eingemachtes\/&#8220; header_text_align_tablet=&#8220;center&#8220; header_text_align_phone=&#8220;&#8220; header_text_align_last_edited=&#8220;on|tablet&#8220; body_text_align_tablet=&#8220;center&#8220; body_text_align_phone=&#8220;&#8220; body_text_align_last_edited=&#8220;on|tablet&#8220; text_orientation_tablet=&#8220;center&#8220; text_orientation_phone=&#8220;&#8220; text_orientation_last_edited=&#8220;on|tablet&#8220; module_alignment_tablet=&#8220;center&#8220; module_alignment_phone=&#8220;&#8220; module_alignment_last_edited=&#8220;on|tablet&#8220; custom_css_blurb_image=&#8220;margin-left:auto;||margin-right: auto;||&#8220; custom_css_blurb_title=&#8220;margin-top:20px&#8220; global_colors_info=&#8220;{}&#8220; custom_css_blurb_image_last_edited=&#8220;on|tablet&#8220; custom_css_blurb_image_tablet=&#8220;margin-left:auto;||margin-right: auto;||display:inline-block;||vertical-align:top;||margin-bottom:0&#8243; custom_css_blurb_title_last_edited=&#8220;on|tablet&#8220; custom_css_blurb_title_tablet=&#8220;margin-top:18px&#8220; custom_css_blurb_image_phone=&#8220;margin-left:auto;||margin-right: auto;||display:inline-block;||vertical-align:top;||margin-bottom:0&#8243; custom_css_blurb_title_phone=&#8220;margin-top:18px&#8220;][\/et_pb_blurb][\/et_pb_column][\/et_pb_row][\/et_pb_section][et_pb_section fb_built=&#8220;1&#8243; _builder_version=&#8220;4.9.7&#8243; _module_preset=&#8220;default&#8220; custom_padding=&#8220;0px|||||&#8220; global_colors_info=&#8220;{}&#8220;][et_pb_row column_structure=&#8220;1_2,1_2&#8243; use_custom_gutter=&#8220;on&#8220; gutter_width=&#8220;2&#8243; make_equal=&#8220;on&#8220; _builder_version=&#8220;4.10.6&#8243; _module_preset=&#8220;default&#8220; width=&#8220;90%&#8220; max_width=&#8220;1200px&#8220; global_colors_info=&#8220;{}&#8220;][et_pb_column type=&#8220;1_2&#8243; _builder_version=&#8220;4.10.6&#8243; _module_preset=&#8220;default&#8220; background_color=&#8220;rgba(255,255,255,0.41)&#8220; background_image=&#8220;https:\/\/fumaiolo.com\/wp-content\/uploads\/2021\/06\/chi-siamo-2.jpg&#8220; background_position=&#8220;bottom_center&#8220; background_blend=&#8220;multiply&#8220; border_radii=&#8220;on|8px|8px|8px|8px&#8220; global_colors_info=&#8220;{}&#8220; background__hover_enabled=&#8220;on|desktop&#8220; background_color__hover=&#8220;rgba(0,0,0,0.1)&#8220; background_enable_color__hover=&#8220;on&#8220;][et_pb_cta title=&#8220;K\u00c4LTE IST ECHT&#8220; button_url=&#8220;https:\/\/fumaiolo.com\/de\/ueber-uns\/&#8220; button_text=&#8220;WER WIR SIND&#8220; _builder_version=&#8220;4.11.4&#8243; _module_preset=&#8220;default&#8220; header_font=&#8220;|800||on|||||&#8220; header_text_color=&#8220;#FFFFFF&#8220; background_color=&#8220;RGBA(0,0,0,0)&#8220; text_orientation=&#8220;left&#8220; link_option_url=&#8220;https:\/\/fumaiolo.com\/azienda&#8220; global_colors_info=&#8220;{}&#8220;]<\/p>\n<p>Fumaiolo hat sich f\u00fcr die K\u00e4lte als einzige Konservierungsmethode entschieden. In nur wenigen Minuten nach Beendigung der Zubereitung erreicht das Produkt eine Temperatur von -18\u00b0C, was die Bildung von Mikrowasserkristallen beg\u00fcnstigt, die die biologische Struktur des Lebensmittels nicht besch\u00e4digen und die organoleptischen und ern\u00e4hrungsphysiologischen Eigenschaften, die Struktur und den Geschmack des urspr\u00fcnglichen Produkts bewahren.<\/p>\n<p>[\/et_pb_cta][\/et_pb_column][et_pb_column type=&#8220;1_2&#8243; _builder_version=&#8220;4.9.7&#8243; _module_preset=&#8220;default&#8220; global_colors_info=&#8220;{}&#8220;][et_pb_cta title=&#8220;FUMAIOLO  F\u00dcR HO.RE.CA&#8220; button_url=&#8220;https:\/\/fumaiolo.com\/de\/food-service\/&#8220; button_text=&#8220;Food Service&#8220; _builder_version=&#8220;4.11.4&#8243; _module_preset=&#8220;default&#8220; header_font=&#8220;|800||on|||||&#8220; header_text_color=&#8220;#FFFFFF&#8220; background_color=&#8220;rgba(0,0,0,0.4)&#8220; background_image=&#8220;https:\/\/fumaiolo.com\/wp-content\/uploads\/2021\/06\/gdo-2.jpg&#8220; background_blend=&#8220;multiply&#8220; text_orientation=&#8220;left&#8220; custom_margin=&#8220;||32px||false|false&#8220; border_radii=&#8220;on|8px|8px|8px|8px&#8220; global_colors_info=&#8220;{}&#8220; background__hover_enabled=&#8220;on|hover&#8220; background_color__hover=&#8220;rgba(0,0,0,0.6)&#8220; background_enable_color__hover=&#8220;on&#8220;]<\/p>\n<p>Qualit\u00e4tsprodukte und Verpackungen, die speziell zur Abfallvermeidung entwickelt wurden: Das sind die zentralen Werte, die wir dem Netz von Fachleuten garantieren, die sich auf unser Know-how verlassen und den Akteuren des Sektors mit Rat und Tat zur Seite stehen.<\/p>\n<p>[\/et_pb_cta][et_pb_cta title=&#8220;FUMAIOLO F\u00dcR BUSINESS&#8220; button_url=&#8220;https:\/\/fumaiolo.com\/de\/gdo\/&#8220; button_text=&#8220;Business&#8220; _builder_version=&#8220;4.10.7&#8243; _module_preset=&#8220;default&#8220; header_font=&#8220;|800||on|||||&#8220; header_text_color=&#8220;#FFFFFF&#8220; background_color=&#8220;rgba(0,0,0,0.4)&#8220; background_image=&#8220;https:\/\/fumaiolo.com\/wp-content\/uploads\/2021\/06\/gdo.jpg&#8220; background_blend=&#8220;multiply&#8220; text_orientation=&#8220;left&#8220; custom_margin=&#8220;32px||||false|false&#8220; border_radii=&#8220;on|8px|8px|8px|8px&#8220; global_colors_info=&#8220;{}&#8220; background__hover_enabled=&#8220;on|hover&#8220; background_color__hover=&#8220;rgba(0,0,0,0.6)&#8220; background_enable_color__hover=&#8220;on&#8220;]<\/p>\n<p>Mehr und mehr lokale Spezialit\u00e4ten, qualifizierter Kundendienst, weit verzweigtes Vertriebsnetz: Fumaiolo hat den Vertrieb in gro\u00dfem Ma\u00dfstab in den Mittelpunkt seiner Expansionspl\u00e4ne gestellt.<\/p>\n<p>[\/et_pb_cta][\/et_pb_column][\/et_pb_row][\/et_pb_section]<\/p>\n","protected":false},"excerpt":{"rendered":"<p>Genehmigt durch den Verband der italienischen Gro\u00dfm\u00fctterNat\u00fcrlich gro\u00dfm\u00fcttertauglich: keine Konservierungsstoffe, nur die K\u00e4lteDEN GESCHMACK DER TRADITION WIEDERENTDECKENe Fumaiolo bringt alte, reiche und intensive Aromen auf den Tisch.Fumaiolo hat sich f\u00fcr die K\u00e4lte als einzige Konservierungsmethode entschieden. In nur wenigen Minuten nach Beendigung der Zubereitung erreicht das Produkt eine Temperatur von -18\u00b0C, was die Bildung von [&hellip;]<\/p>\n","protected":false},"author":2,"featured_media":0,"parent":0,"menu_order":0,"comment_status":"closed","ping_status":"closed","template":"","meta":{"_et_pb_use_builder":"on","_et_pb_old_content":"","_et_gb_content_width":"","wp_mapbox_gl_js_media":[],"footnotes":""},"class_list":["post-248301","page","type-page","status-publish","hentry"],"acf":[],"_links":{"self":[{"href":"https:\/\/fumaiolo.com\/de\/wp-json\/wp\/v2\/pages\/248301","targetHints":{"allow":["GET"]}}],"collection":[{"href":"https:\/\/fumaiolo.com\/de\/wp-json\/wp\/v2\/pages"}],"about":[{"href":"https:\/\/fumaiolo.com\/de\/wp-json\/wp\/v2\/types\/page"}],"author":[{"embeddable":true,"href":"https:\/\/fumaiolo.com\/de\/wp-json\/wp\/v2\/users\/2"}],"replies":[{"embeddable":true,"href":"https:\/\/fumaiolo.com\/de\/wp-json\/wp\/v2\/comments?post=248301"}],"version-history":[{"count":7,"href":"https:\/\/fumaiolo.com\/de\/wp-json\/wp\/v2\/pages\/248301\/revisions"}],"predecessor-version":[{"id":253533,"href":"https:\/\/fumaiolo.com\/de\/wp-json\/wp\/v2\/pages\/248301\/revisions\/253533"}],"wp:attachment":[{"href":"https:\/\/fumaiolo.com\/de\/wp-json\/wp\/v2\/media?parent=248301"}],"curies":[{"name":"wp","href":"https:\/\/api.w.org\/{rel}","templated":true}]}}