{"id":248193,"date":"2021-09-16T11:31:07","date_gmt":"2021-09-16T09:31:07","guid":{"rendered":"https:\/\/fumaiolo.com\/come-lo-facciamo-de\/"},"modified":"2021-11-11T16:36:50","modified_gmt":"2021-11-11T15:36:50","slug":"come-lo-facciamo","status":"publish","type":"page","link":"https:\/\/fumaiolo.com\/de\/come-lo-facciamo\/","title":{"rendered":"WIE WIR ES MACHEN"},"content":{"rendered":"<p>[et_pb_section fb_built=&#8220;1&#8243; fullwidth=&#8220;on&#8220; _builder_version=&#8220;4.9.10&#8243; _module_preset=&#8220;default&#8220; custom_margin=&#8220;-80px||||false|false&#8220; locked=&#8220;off&#8220; global_colors_info=&#8220;{}&#8220;][et_pb_fullwidth_slider _builder_version=&#8220;4.11.2&#8243; _module_preset=&#8220;default&#8220; header_level=&#8220;h1&#8243; header_font=&#8220;|800||on|||||&#8220; header_text_align=&#8220;left&#8220; header_font_size=&#8220;40px&#8220; body_font=&#8220;|700|||||||&#8220; body_text_align=&#8220;left&#8220; body_font_size=&#8220;20px&#8220; body_line_height=&#8220;1.5em&#8220; button_alignment=&#8220;left&#8220; custom_padding_tablet=&#8220;160px||||false|false&#8220; custom_padding_phone=&#8220;130px||||false|false&#8220; custom_padding_last_edited=&#8220;on|tablet&#8220; locked=&#8220;off&#8220; global_colors_info=&#8220;{}&#8220;][et_pb_slide heading=&#8220;AUTHENTIZIT\u00c4T UND KONTINUIERLICHE FORSCHUNG&#8220; use_bg_overlay=&#8220;on&#8220; bg_overlay_color=&#8220;rgba(0,0,0,0.2)&#8220; alignment=&#8220;bottom&#8220; _builder_version=&#8220;4.11.2&#8243; _module_preset=&#8220;default&#8220; header_font_size=&#8220;80px&#8220; background_color=&#8220;RGBA(0,0,0,0)&#8220; background_enable_color=&#8220;on&#8220; background_image=&#8220;https:\/\/fumaiolo.com\/wp-content\/uploads\/2021\/07\/Fumaiolo-pasta-fresca-surgelata-valori.jpg&#8220; background_enable_image=&#8220;on&#8220; background_position=&#8220;bottom_center&#8220; header_font_size_tablet=&#8220;&#8220; header_font_size_phone=&#8220;40px&#8220; header_font_size_last_edited=&#8220;on|desktop&#8220; locked=&#8220;off&#8220; global_colors_info=&#8220;{}&#8220; sticky_transition=&#8220;on&#8220;]<\/p>\n<p>Die Erforschung der Rohstoffe, das \u00fcberlieferte Wissen, der Respekt vor dem Territorium und die st\u00e4ndige Beobachtung der Marktentwicklung sind die grundlegenden Aspekte, die die T\u00e4tigkeit von Fumaiolo kennzeichnen und ihr Wachstum bestimmen.<\/p>\n<p>[\/et_pb_slide][\/et_pb_fullwidth_slider][\/et_pb_section][et_pb_section fb_built=&#8220;1&#8243; custom_padding_last_edited=&#8220;on|tablet&#8220; _builder_version=&#8220;4.9.10&#8243; _module_preset=&#8220;default&#8220; custom_margin_tablet=&#8220;||0px||false|false&#8220; custom_margin_phone=&#8220;||50px||false|false&#8220; custom_margin_last_edited=&#8220;on|phone&#8220; custom_padding=&#8220;||0px||false|false&#8220; custom_padding_tablet=&#8220;||0px||false|false&#8220; custom_padding_phone=&#8220;&#8220; global_colors_info=&#8220;{}&#8220;][et_pb_row column_structure=&#8220;1_2,1_2&#8243; use_custom_gutter=&#8220;on&#8220; gutter_width=&#8220;2&#8243; make_equal=&#8220;on&#8220; _builder_version=&#8220;4.10.8&#8243; _module_preset=&#8220;default&#8220; width=&#8220;90%&#8220; max_width=&#8220;1200px&#8220; custom_margin=&#8220;||||false|false&#8220; custom_css_main_element=&#8220;display: flex;&#8220; locked=&#8220;off&#8220; global_colors_info=&#8220;{}&#8220; custom_css_main_element_last_edited=&#8220;on|tablet&#8220; custom_css_main_element_phone=&#8220;display:block;||&#8220; custom_css_main_element_tablet=&#8220;display: flex;&#8220;][et_pb_column type=&#8220;1_2&#8243; _builder_version=&#8220;4.9.10&#8243; _module_preset=&#8220;default&#8220; custom_padding=&#8220;|0px|||false|false&#8220; custom_padding_tablet=&#8220;|10px|||false|false&#8220; custom_padding_phone=&#8220;|0px|||false|false&#8220; custom_padding_last_edited=&#8220;on|desktop&#8220; global_colors_info=&#8220;{}&#8220;][et_pb_cta title=&#8220;KURZE LIEFERKETTE UND ZERTIFIZIERTE LIEFERANTEN&#8220; button_url=&#8220;https:\/\/fumaiolo.com\/de\/ueber-uns\/&#8220; button_text=&#8220;DAS UNTERNEHMEN&#8220; _builder_version=&#8220;4.11.4&#8243; _module_preset=&#8220;default&#8220; header_font=&#8220;|800||on|||||&#8220; header_text_color=&#8220;#FFFFFF&#8220; background_color=&#8220;rgba(0,0,0,0.6)&#8220; background_image=&#8220;https:\/\/fumaiolo.com\/wp-content\/uploads\/2021\/09\/ingredienti.jpg&#8220; background_position=&#8220;top_center&#8220; background_blend=&#8220;multiply&#8220; text_orientation=&#8220;left&#8220; min_height=&#8220;350px&#8220; custom_margin=&#8220;||||false|false&#8220; link_option_url=&#8220;\/azienda\/&#8220; border_radii=&#8220;on|8px|8px|8px|8px&#8220; locked=&#8220;off&#8220; global_colors_info=&#8220;{}&#8220; background__hover_enabled=&#8220;off|desktop&#8220; background_color__hover=&#8220;rgba(0,0,0,0.6)&#8220; background_enable_color__hover=&#8220;on&#8220;]<\/p>\n<p>F\u00fcr die Produkte von Fumaiolo werden vorrangig kurzkettige und zertifizierte italienische Rohstoffe verwendet, wie z. B. biologisches Dinkelmehl oder zahlreiche g.U.-Produkte wie Grana Padano oder Mortadella.<\/p>\n<p>[\/et_pb_cta][\/et_pb_column][et_pb_column type=&#8220;1_2&#8243; _builder_version=&#8220;4.9.10&#8243; _module_preset=&#8220;default&#8220; custom_padding=&#8220;|||0px|false|false&#8220; custom_padding_tablet=&#8220;|||10px|false|false&#8220; custom_padding_phone=&#8220;|||0px|false|false&#8220; custom_padding_last_edited=&#8220;on|tablet&#8220; global_colors_info=&#8220;{}&#8220;][et_pb_cta title=&#8220;LEBENSMITTEL- UND MITARBEITERSICHERHEIT&#8220; _builder_version=&#8220;4.10.8&#8243; _module_preset=&#8220;default&#8220; header_font=&#8220;|800||on|||||&#8220; header_text_color=&#8220;#FFFFFF&#8220; background_color=&#8220;rgba(0,0,0,0.4)&#8220; background_image=&#8220;https:\/\/fumaiolo.com\/wp-content\/uploads\/2021\/09\/sicurezza.jpg&#8220; background_position=&#8220;top_center&#8220; background_blend=&#8220;multiply&#8220; text_orientation=&#8220;left&#8220; min_height=&#8220;350px&#8220; custom_margin=&#8220;||||false|false&#8220; border_radii=&#8220;on|8px|8px|8px|8px&#8220; locked=&#8220;off&#8220; global_colors_info=&#8220;{}&#8220; background__hover_enabled=&#8220;off|desktop&#8220; background_color__hover=&#8220;rgba(0,0,0,0.6)&#8220; background_enable_color__hover=&#8220;on&#8220;]<\/p>\n<p><span>Um die Qualit\u00e4t seiner Produkte und die Gesundheit seiner Mitarbeiter zu sch\u00fctzen, arbeitet Fumaiolo nach den strengsten Hygiene- und Gesundheitsprotokollen. Das Unternehmen hat sogar die <strong>IFS Food<\/strong>-Zertifizierung erhalten, einen international anerkannten Standard.<\/span><\/p>\n<p>[\/et_pb_cta][\/et_pb_column][\/et_pb_row][et_pb_row _builder_version=&#8220;4.10.8&#8243; _module_preset=&#8220;default&#8220; background_color=&#8220;rgba(84,84,84,0.75)&#8220; background_image=&#8220;https:\/\/fumaiolo.com\/wp-content\/uploads\/2021\/08\/Fumaiolo-ricette-spicchi-farciti-con-speck-brie-e-rucola.jpg&#8220; background_blend=&#8220;overlay&#8220; width=&#8220;90%&#8220; max_width=&#8220;1200px&#8220; custom_margin=&#8220;||||false|false&#8220; custom_padding=&#8220;100px||100px||false|false&#8220; border_radii=&#8220;on|10px|10px|10px|10px&#8220; global_colors_info=&#8220;{}&#8220;][et_pb_column type=&#8220;4_4&#8243; _builder_version=&#8220;4.9.9&#8243; _module_preset=&#8220;default&#8220; global_colors_info=&#8220;{}&#8220;][et_pb_text _builder_version=&#8220;4.11.2&#8243; _module_preset=&#8220;default&#8220; text_font=&#8220;|600|||||||&#8220; text_text_color=&#8220;#FFFFFF&#8220; header_2_font=&#8220;|800|||||||&#8220; header_2_text_color=&#8220;#FFFFFF&#8220; text_orientation=&#8220;center&#8220; custom_padding=&#8220;|100px||100px|false|false&#8220; custom_padding_tablet=&#8220;&#8220; custom_padding_phone=&#8220;|30px||30px|false|false&#8220; custom_padding_last_edited=&#8220;on|phone&#8220; header_2_text_align_tablet=&#8220;&#8220; header_2_text_align_phone=&#8220;left&#8220; header_2_text_align_last_edited=&#8220;on|phone&#8220; text_orientation_tablet=&#8220;&#8220; text_orientation_phone=&#8220;left&#8220; text_orientation_last_edited=&#8220;on|phone&#8220; global_colors_info=&#8220;{}&#8220;]<\/p>\n<h2>OHNE ZUSATZ VON KONSERVIERUNGSSTOFFEN,<br \/>WIR VERWENDEN NUR KALTE<\/h2>\n<p><span><\/span><\/p>\n<p><span>Die Produkte von Fumaiolo sind nat\u00fcrlich, vom Rohmaterial bis zum Tisch. Das Geheimnis liegt in der einzigen gew\u00e4hlten und angewandten Konservierungsmethode: K\u00e4lte. Das Einfrieren am Ursprungsort garantiert die Frische, die den gr\u00f6\u00dften Mehrwert f\u00fcr das Unternehmen darstellt.<\/span><\/p>\n<p>[\/et_pb_text][\/et_pb_column][\/et_pb_row][et_pb_row _builder_version=&#8220;4.10.8&#8243; _module_preset=&#8220;default&#8220; custom_margin=&#8220;80px||80px||true|false&#8220; global_colors_info=&#8220;{}&#8220;][et_pb_column type=&#8220;4_4&#8243; _builder_version=&#8220;4.10.8&#8243; _module_preset=&#8220;default&#8220; global_colors_info=&#8220;{}&#8220;][et_pb_text _builder_version=&#8220;4.11.4&#8243; _module_preset=&#8220;default&#8220; header_3_font=&#8220;|800||on|||||&#8220; header_3_font_size=&#8220;26px&#8220; text_orientation=&#8220;center&#8220; text_orientation_last_edited=&#8220;off|desktop&#8220; global_colors_info=&#8220;{}&#8220;]<\/p>\n<h3 class=\"olivier\">AUSGEW\u00c4HLTE INHALTSSTOFFE<\/h3>\n<div class=\"contenuto\">\n<p>In der Nudelmanufaktur werden nur ausgew\u00e4hlte Zutaten verwendet: f\u00fcr die Nudelbl\u00e4tter die besten Mehle aus italienischem Getreide, f\u00fcr den Teig der Gnocchi (und gegebenenfalls der F\u00fcllungen) echte Kartoffeln, f\u00fcr die anderen F\u00fcllungen nur K\u00e4se aus lokalen Molkereien, frischer Spinat und feines Fleisch. Alle Produktionsschritte werden sorgf\u00e4ltig kontrolliert, um sicherzustellen, dass die Verarbeitung die Qualit\u00e4t der Rohstoffe nicht beeintr\u00e4chtigt.<\/p>\n<\/div>\n<p>[\/et_pb_text][\/et_pb_column][\/et_pb_row][et_pb_row column_structure=&#8220;1_2,1_2&#8243; use_custom_gutter=&#8220;on&#8220; gutter_width=&#8220;2&#8243; make_equal=&#8220;on&#8220; _builder_version=&#8220;4.10.8&#8243; _module_preset=&#8220;default&#8220; width=&#8220;90%&#8220; max_width=&#8220;1200px&#8220; custom_margin=&#8220;||||false|false&#8220; custom_css_main_element=&#8220;display: flex;&#8220; locked=&#8220;off&#8220; global_colors_info=&#8220;{}&#8220; custom_css_main_element_last_edited=&#8220;on|tablet&#8220; custom_css_main_element_phone=&#8220;display:block;||&#8220; custom_css_main_element_tablet=&#8220;display: flex;&#8220;][et_pb_column type=&#8220;1_2&#8243; _builder_version=&#8220;4.9.10&#8243; _module_preset=&#8220;default&#8220; custom_padding=&#8220;|0px|||false|false&#8220; custom_padding_tablet=&#8220;|10px|||false|false&#8220; custom_padding_phone=&#8220;|0px|||false|false&#8220; custom_padding_last_edited=&#8220;on|desktop&#8220; global_colors_info=&#8220;{}&#8220;][et_pb_cta title=&#8220;F\u00dcR GASTRONOMEN&#8220; button_url=&#8220;https:\/\/fumaiolo.com\/de\/food-service\/&#8220; button_text=&#8220;HORECA&#8220; _builder_version=&#8220;4.10.8&#8243; _module_preset=&#8220;default&#8220; header_font=&#8220;|800||on|||||&#8220; header_text_color=&#8220;#FFFFFF&#8220; background_color=&#8220;rgba(0,0,0,0.6)&#8220; background_image=&#8220;https:\/\/fumaiolo.com\/wp-content\/uploads\/2021\/09\/horeca-test.jpg&#8220; background_position=&#8220;top_center&#8220; background_blend=&#8220;multiply&#8220; text_orientation=&#8220;left&#8220; min_height=&#8220;350px&#8220; custom_margin=&#8220;||||false|false&#8220; link_option_url=&#8220;\/food-service\/&#8220; border_radii=&#8220;on|8px|8px|8px|8px&#8220; locked=&#8220;off&#8220; global_colors_info=&#8220;{}&#8220; background__hover_enabled=&#8220;off|desktop&#8220; background_color__hover=&#8220;rgba(0,0,0,0.6)&#8220; background_enable_color__hover=&#8220;on&#8220;]<\/p>\n<p><span>Die frische Pasta von Fumaiolo wird ohne Pasteurisierung und mit der IQF-Technologie (Individual Quick Frozen) tiefgefroren, was es den Gastronomen erm\u00f6glicht, die Lebensmittelkosten unter Kontrolle zu halten, indem sie keine Rohstoffe verschwenden und nur die ben\u00f6tigte Menge des Produkts verwenden.<\/span><\/p>\n<p>[\/et_pb_cta][\/et_pb_column][et_pb_column type=&#8220;1_2&#8243; _builder_version=&#8220;4.9.10&#8243; _module_preset=&#8220;default&#8220; custom_padding=&#8220;|||0px|false|false&#8220; custom_padding_tablet=&#8220;|||10px|false|false&#8220; custom_padding_phone=&#8220;|||0px|false|false&#8220; custom_padding_last_edited=&#8220;on|tablet&#8220; global_colors_info=&#8220;{}&#8220;][et_pb_cta title=&#8220;F\u00dcR DEN GROSSFL\u00c4CHIGEN VERTRIEB&#8220; button_url=&#8220;https:\/\/fumaiolo.com\/de\/gdo\/&#8220; button_text=&#8220;BUSINESS&#8220; _builder_version=&#8220;4.10.8&#8243; _module_preset=&#8220;default&#8220; header_font=&#8220;|800||on|||||&#8220; header_text_color=&#8220;#FFFFFF&#8220; background_color=&#8220;rgba(0,0,0,0.4)&#8220; background_image=&#8220;https:\/\/fumaiolo.com\/wp-content\/uploads\/2021\/07\/Fumaiolo-pasta-fresca-surgelata-prodotti-tortelli-lastra-1.jpg&#8220; background_position=&#8220;top_center&#8220; background_blend=&#8220;multiply&#8220; text_orientation=&#8220;left&#8220; min_height=&#8220;350px&#8220; custom_margin=&#8220;||||false|false&#8220; link_option_url=&#8220;\/gdo\/&#8220; border_radii=&#8220;on|8px|8px|8px|8px&#8220; locked=&#8220;off&#8220; global_colors_info=&#8220;{}&#8220; background__hover_enabled=&#8220;off|desktop&#8220; background_color__hover=&#8220;rgba(0,0,0,0.6)&#8220; background_enable_color__hover=&#8220;on&#8220;]<\/p>\n<p>Fumaiolo hat den gro\u00dffl\u00e4chigen Einzelhandel in den Mittelpunkt seiner Expansionspl\u00e4ne gestellt. Die Qualit\u00e4t der Produkte verbindet sich mit der Erfahrung und dem Know-how eines gewachsenen Unternehmens, das bereit ist, einen p\u00fcnktlichen Service bei der Lieferung und Betreuung zu gew\u00e4hrleisten.<\/p>\n<p>[\/et_pb_cta][\/et_pb_column][\/et_pb_row][et_pb_row column_structure=&#8220;1_2,1_2&#8243; use_custom_gutter=&#8220;on&#8220; gutter_width=&#8220;2&#8243; make_equal=&#8220;on&#8220; module_class=&#8220;facciamo-2&#8243; _builder_version=&#8220;4.9.10&#8243; _module_preset=&#8220;default&#8220; width=&#8220;90%&#8220; max_width=&#8220;1200px&#8220; custom_margin=&#8220;||30px||false|false&#8220; custom_margin_tablet=&#8220;||0px||false|false&#8220; custom_margin_phone=&#8220;&#8220; custom_margin_last_edited=&#8220;on|tablet&#8220; custom_padding=&#8220;0px||0px||false|false&#8220; custom_css_main_element=&#8220;display:flex;&#8220; global_colors_info=&#8220;{}&#8220; custom_css_main_element_last_edited=&#8220;on|phone&#8220; custom_css_main_element_phone=&#8220;display: block;&#8220; custom_css_main_element_tablet=&#8220;display:flex;&#8220;][et_pb_column type=&#8220;1_2&#8243; _builder_version=&#8220;4.9.10&#8243; _module_preset=&#8220;default&#8220; custom_padding_tablet=&#8220;&#8220; custom_padding_phone=&#8220;&#8220; custom_padding_last_edited=&#8220;on|tablet&#8220; global_colors_info=&#8220;{}&#8220;][et_pb_cta title=&#8220;PRIVATE LABELING&#8220; button_url=&#8220;https:\/\/fumaiolo.com\/de\/private-labeling-de\/&#8220; button_text=&#8220;PRIVATE LABEL&#8220; _builder_version=&#8220;4.10.8&#8243; _module_preset=&#8220;default&#8220; header_font=&#8220;|800||on|||||&#8220; header_text_color=&#8220;#FFFFFF&#8220; background_color=&#8220;rgba(0,0,0,0.6)&#8220; background_image=&#8220;https:\/\/fumaiolo.com\/wp-content\/uploads\/2021\/07\/1-scaled.jpg&#8220; background_position=&#8220;top_center&#8220; background_blend=&#8220;multiply&#8220; text_orientation=&#8220;left&#8220; min_height=&#8220;330px&#8220; custom_margin=&#8220;||||false|false&#8220; link_option_url=&#8220;\/labeling&#8220; border_radii=&#8220;on|8px|8px|8px|8px&#8220; locked=&#8220;off&#8220; global_colors_info=&#8220;{}&#8220; background__hover_enabled=&#8220;off|desktop&#8220; background_color__hover=&#8220;rgba(0,0,0,0.6)&#8220; background_enable_color__hover=&#8220;on&#8220;]<\/p>\n<p><span>Es k\u00f6nnen Verpackungen hergestellt werden, die direkt das Etikett des Vertreibers tragen. Von der Wahl des Etiketts \u00fcber die Art des Formats bis hin zur individuellen Gestaltung der Rezepte bietet Fumaiolo zahlreiche M\u00f6glichkeiten.<\/span><\/p>\n<p>[\/et_pb_cta][\/et_pb_column][et_pb_column type=&#8220;1_2&#8243; _builder_version=&#8220;4.9.10&#8243; _module_preset=&#8220;default&#8220; global_colors_info=&#8220;{}&#8220;][et_pb_text _builder_version=&#8220;4.11.4&#8243; _module_preset=&#8220;default&#8220; header_text_align=&#8220;left&#8220; header_2_font=&#8220;|800|||||||&#8220; min_height_tablet=&#8220;548px&#8220; min_height_last_edited=&#8220;off|desktop&#8220; height=&#8220;330px&#8220; custom_margin=&#8220;||||false|false&#8220; custom_margin_tablet=&#8220;|||12px|false|false&#8220; custom_margin_phone=&#8220;||30px|0px|false|false&#8220; custom_margin_last_edited=&#8220;on|phone&#8220; custom_padding=&#8220;30px|30px|30px|30px|false|false&#8220; border_radii=&#8220;on|10px|10px|10px|10px&#8220; border_width_all=&#8220;2px&#8220; border_color_all=&#8220;#e8e8e8&#8243; global_colors_info=&#8220;{}&#8220;]<\/p>\n<h2>FRISCHE NUDELN, IMMER FRISCH<\/h2>\n<p><span>Die K\u00e4lte der Tiefk\u00fchltruhe konserviert, konserviert und bek\u00e4mpft die Lebensmittelverschwendung. Im Vergleich zu Produkten, die in der K\u00fchltheke zu finden sind, verliert die frische Pasta von Fumaiolo nach dem Kauf nichts an organoleptischen Eigenschaften und ist 12 Monate haltbar. <\/span><\/p>\n<p>[\/et_pb_text][\/et_pb_column][\/et_pb_row][\/et_pb_section]<\/p>\n","protected":false},"excerpt":{"rendered":"<p>Die Erforschung der Rohstoffe, das \u00fcberlieferte Wissen, der Respekt vor dem Territorium und die st\u00e4ndige Beobachtung der Marktentwicklung sind die grundlegenden Aspekte, die die T\u00e4tigkeit von Fumaiolo kennzeichnen und ihr Wachstum bestimmen.F\u00fcr die Produkte von Fumaiolo werden vorrangig kurzkettige und zertifizierte italienische Rohstoffe verwendet, wie z. B. biologisches Dinkelmehl oder zahlreiche g.U.-Produkte wie Grana Padano [&hellip;]<\/p>\n","protected":false},"author":3,"featured_media":0,"parent":0,"menu_order":0,"comment_status":"closed","ping_status":"closed","template":"","meta":{"_et_pb_use_builder":"on","_et_pb_old_content":"","_et_gb_content_width":"","wp_mapbox_gl_js_media":[],"footnotes":""},"class_list":["post-248193","page","type-page","status-publish","hentry"],"acf":[],"_links":{"self":[{"href":"https:\/\/fumaiolo.com\/de\/wp-json\/wp\/v2\/pages\/248193","targetHints":{"allow":["GET"]}}],"collection":[{"href":"https:\/\/fumaiolo.com\/de\/wp-json\/wp\/v2\/pages"}],"about":[{"href":"https:\/\/fumaiolo.com\/de\/wp-json\/wp\/v2\/types\/page"}],"author":[{"embeddable":true,"href":"https:\/\/fumaiolo.com\/de\/wp-json\/wp\/v2\/users\/3"}],"replies":[{"embeddable":true,"href":"https:\/\/fumaiolo.com\/de\/wp-json\/wp\/v2\/comments?post=248193"}],"version-history":[{"count":11,"href":"https:\/\/fumaiolo.com\/de\/wp-json\/wp\/v2\/pages\/248193\/revisions"}],"predecessor-version":[{"id":252801,"href":"https:\/\/fumaiolo.com\/de\/wp-json\/wp\/v2\/pages\/248193\/revisions\/252801"}],"wp:attachment":[{"href":"https:\/\/fumaiolo.com\/de\/wp-json\/wp\/v2\/media?parent=248193"}],"curies":[{"name":"wp","href":"https:\/\/api.w.org\/{rel}","templated":true}]}}