{"id":248169,"date":"2021-09-16T11:29:42","date_gmt":"2021-09-16T09:29:42","guid":{"rendered":"https:\/\/fumaiolo.com\/azienda-de\/"},"modified":"2022-01-03T15:55:41","modified_gmt":"2022-01-03T14:55:41","slug":"ueber-uns","status":"publish","type":"page","link":"https:\/\/fumaiolo.com\/de\/ueber-uns\/","title":{"rendered":"DAS UNTERNEHMEN"},"content":{"rendered":"<p>[et_pb_section fb_built=&#8220;1&#8243; fullwidth=&#8220;on&#8220; _builder_version=&#8220;4.9.10&#8243; _module_preset=&#8220;default&#8220; custom_margin=&#8220;-80px||||false|false&#8220; global_colors_info=&#8220;{}&#8220;][et_pb_fullwidth_slider _builder_version=&#8220;4.11.4&#8243; _module_preset=&#8220;default&#8220; header_level=&#8220;h1&#8243; header_font=&#8220;|800||on|||||&#8220; header_text_align=&#8220;left&#8220; header_font_size=&#8220;80px&#8220; body_font=&#8220;|700|||||||&#8220; body_text_align=&#8220;left&#8220; body_line_height=&#8220;1.5em&#8220; button_alignment=&#8220;left&#8220; custom_padding_tablet=&#8220;&#8220; custom_padding_phone=&#8220;130px||||false|false&#8220; custom_padding_last_edited=&#8220;on|desktop&#8220; locked=&#8220;off&#8220; global_colors_info=&#8220;{}&#8220;][et_pb_slide heading=&#8220;WER WIR SIND&#8220; use_bg_overlay=&#8220;on&#8220; bg_overlay_color=&#8220;rgba(0,0,0,0.2)&#8220; alignment=&#8220;bottom&#8220; _builder_version=&#8220;4.11.4&#8243; _module_preset=&#8220;default&#8220; header_font_size=&#8220;80px&#8220; background_color=&#8220;RGBA(0,0,0,0)&#8220; background_enable_color=&#8220;on&#8220; background_image=&#8220;https:\/\/fumaiolo.com\/wp-content\/uploads\/2021\/11\/azienda.jpg&#8220; background_enable_image=&#8220;on&#8220; header_font_size_tablet=&#8220;&#8220; header_font_size_phone=&#8220;40px&#8220; header_font_size_last_edited=&#8220;on|phone&#8220; locked=&#8220;off&#8220; global_colors_info=&#8220;{}&#8220; sticky_transition=&#8220;on&#8220;]<\/p>\n<p>\n            <span>Fumaiolo, ein Lebensmittelunternehmen aus der Romagna, produziert Piadina, frische Pasta, So\u00dfen und Eingemachtes. <\/span>\n          <\/p>\n<p>\n            <span>Die Erforschung der Rohstoffe, das \u00fcberlieferte Wissen, der Respekt vor dem Territorium und die st\u00e4ndige Beobachtung der Marktentwicklungen sind die grundlegenden Aspekte, die das Unternehmen kennzeichnen und die seine Entwicklung seit seiner Gr\u00fcndung im Jahr 1985 bestimmt haben.<\/span>\n          <\/p>\n<p>[\/et_pb_slide][\/et_pb_fullwidth_slider][\/et_pb_section][et_pb_section fb_built=&#8220;1&#8243; _builder_version=&#8220;4.9.9&#8243; _module_preset=&#8220;default&#8220; global_colors_info=&#8220;{}&#8220;][et_pb_row make_equal=&#8220;on&#8220; _builder_version=&#8220;4.9.10&#8243; _module_preset=&#8220;default&#8220; max_width=&#8220;900px&#8220; module_alignment=&#8220;center&#8220; custom_margin=&#8220;20px||50px||false|false&#8220; global_colors_info=&#8220;{}&#8220;][et_pb_column type=&#8220;4_4&#8243; _builder_version=&#8220;4.9.9&#8243; _module_preset=&#8220;default&#8220; custom_css_main_element=&#8220;margin:auto;&#8220; global_colors_info=&#8220;{}&#8220;][et_pb_text _builder_version=&#8220;4.11.2&#8243; _module_preset=&#8220;default&#8220; header_font=&#8220;|800|||||||&#8220; header_text_align=&#8220;center&#8220; header_font_size=&#8220;40px&#8220; header_2_font=&#8220;|800|||||||&#8220; header_2_text_align_tablet=&#8220;&#8220; header_2_text_align_phone=&#8220;left&#8220; header_2_text_align_last_edited=&#8220;on|phone&#8220; text_orientation_phone=&#8220;left&#8220; text_orientation_last_edited=&#8220;off|desktop&#8220; locked=&#8220;off&#8220; global_colors_info=&#8220;{}&#8220;]<\/p>\n<h2>DAS UNTERNEHMEN<\/h2>\n<p>Neben dem Hauptwerk in Alfero, das die Produktion, die Lagerung, die Rohstofflager und die B\u00fcros umfasst, und dem Flagship-Shop in Bagno di Romagna hat Fumaiolo ab 2019 eine Handelsniederlassung in Cesena er\u00f6ffnet. Die Gesamtfl\u00e4che betr\u00e4gt 4.000 Quadratmeter, mit der Aussicht auf weitere Expansion.<\/p>\n<p>Nachdem das Unternehmen seine Pr\u00e4senz auf dem mittel- und norditalienischen Markt konsolidiert hat, ist es nun bereit, im ganzen Land zu expandieren und auch den ausl\u00e4ndischen Markt zu erschlie\u00dfen, wobei es sich auf seine Werte und die Garantie des Made in Italy konzentriert.<\/p>\n<p>[\/et_pb_text][et_pb_text _builder_version=&#8220;4.11.2&#8243; _module_preset=&#8220;default&#8220; header_font=&#8220;|800|||||||&#8220; header_text_align=&#8220;center&#8220; header_font_size=&#8220;40px&#8220; header_2_font=&#8220;|800|||||||&#8220; header_2_text_align_tablet=&#8220;&#8220; header_2_text_align_phone=&#8220;left&#8220; header_2_text_align_last_edited=&#8220;on|phone&#8220; text_orientation_phone=&#8220;left&#8220; text_orientation_last_edited=&#8220;off|desktop&#8220; locked=&#8220;off&#8220; global_colors_info=&#8220;{}&#8220;]<\/p>\n<h2>LEBENSMITTELSICHERHEIT<\/h2>\n<p>\n            <span>Der Produktionszyklus ist auf der Grundlage von Arbeitsschichten strukturiert: Jede Woche ist der Wiederauff\u00fcllung und Lagerung der verschiedenen Referenzen gewidmet.<\/span>\n          <\/p>\n<p>\n            <span>Am Ende der Produktionsphase einer Referenz wird das gesamte Unternehmen sanitisiert, so dass die nachfolgenden Prozesse keine Spuren der vorherigen hinterlassen.<\/span>\n          <\/p>\n<p>[\/et_pb_text][\/et_pb_column][\/et_pb_row][et_pb_row column_structure=&#8220;1_2,1_2&#8243; use_custom_gutter=&#8220;on&#8220; gutter_width=&#8220;2&#8243; make_equal=&#8220;on&#8220; custom_padding_last_edited=&#8220;on|phone&#8220; _builder_version=&#8220;4.10.8&#8243; _module_preset=&#8220;default&#8220; width=&#8220;90%&#8220; max_width=&#8220;1200px&#8220; custom_margin=&#8220;||||false|false&#8220; custom_padding=&#8220;||10px||false|false&#8220; custom_padding_tablet=&#8220;&#8220; custom_padding_phone=&#8220;||0px||false|false&#8220; custom_css_main_element=&#8220;display: flex;&#8220; global_colors_info=&#8220;{}&#8220; custom_css_main_element_last_edited=&#8220;on|tablet&#8220; custom_css_main_element_phone=&#8220;display:block;||&#8220; custom_css_main_element_tablet=&#8220;display: flex;&#8220;][et_pb_column type=&#8220;1_2&#8243; _builder_version=&#8220;4.9.10&#8243; _module_preset=&#8220;default&#8220; custom_padding=&#8220;|0px|||false|false&#8220; custom_padding_tablet=&#8220;|10px|||false|false&#8220; custom_padding_phone=&#8220;|0px|||false|false&#8220; custom_padding_last_edited=&#8220;on|desktop&#8220; global_colors_info=&#8220;{}&#8220;][et_pb_cta title=&#8220;TERROIR&#8220; button_url=&#8220;https:\/\/fumaiolo.com\/de\/terroir\/&#8220; button_text=&#8220;MEHR LESEN&#8220; _builder_version=&#8220;4.10.8&#8243; _module_preset=&#8220;default&#8220; header_font=&#8220;|800||on|||||&#8220; header_text_color=&#8220;#FFFFFF&#8220; background_color=&#8220;rgba(0,0,0,0.4)&#8220; background_image=&#8220;https:\/\/fumaiolo.com\/wp-content\/uploads\/2021\/06\/hero-4.jpg&#8220; background_position=&#8220;top_center&#8220; background_blend=&#8220;multiply&#8220; text_orientation=&#8220;left&#8220; min_height=&#8220;300px&#8220; custom_margin=&#8220;||||false|false&#8220; link_option_url=&#8220;\/territorio&#8220; border_radii=&#8220;on|8px|8px|8px|8px&#8220; locked=&#8220;off&#8220; global_colors_info=&#8220;{}&#8220; background__hover_enabled=&#8220;off|desktop&#8220; background_color__hover=&#8220;rgba(0,0,0,0.6)&#8220; background_enable_color__hover=&#8220;on&#8220;]<\/p>\n<p>\n            <span>Das Geheimnis der Qualit\u00e4t des Fumaiolo liegt in der St\u00e4rke des Bodens, auf dem er angebaut wird. Unverschmutzte Luft, reines Wasser, Respekt vor der Nat\u00fcrlichkeit der Produkte.<\/span>\n          <\/p>\n<p>[\/et_pb_cta][\/et_pb_column][et_pb_column type=&#8220;1_2&#8243; _builder_version=&#8220;4.9.10&#8243; _module_preset=&#8220;default&#8220; custom_padding=&#8220;|||0px|false|false&#8220; custom_padding_tablet=&#8220;|||10px|false|false&#8220; custom_padding_phone=&#8220;|||0px|false|false&#8220; custom_padding_last_edited=&#8220;on|tablet&#8220; global_colors_info=&#8220;{}&#8220;][et_pb_cta title=&#8220;IFS Food&#8220; button_url=&#8220;https:\/\/fumaiolo.com\/de\/terroir\/&#8220; _builder_version=&#8220;4.11.4&#8243; _module_preset=&#8220;default&#8220; header_font=&#8220;|800||on|||||&#8220; header_text_color=&#8220;#000000&#8243; body_text_color=&#8220;#000000&#8243; background_color=&#8220;rgba(0,0,0,0.03)&#8220; background_image=&#8220;https:\/\/fumaiolo.com\/wp-content\/uploads\/2021\/09\/IFS.jpg&#8220; background_size=&#8220;contain&#8220; background_position=&#8220;bottom_right&#8220; background_blend=&#8220;multiply&#8220; text_orientation=&#8220;left&#8220; min_height=&#8220;300px&#8220; custom_margin=&#8220;||||false|false&#8220; hover_enabled=&#8220;0&#8243; body_text_shadow_style=&#8220;preset3&#8243; body_text_shadow_color=&#8220;#FFFFFF&#8220; border_radii=&#8220;on|8px|8px|8px|8px&#8220; border_width_all=&#8220;2px&#8220; border_color_all=&#8220;#e3e3e3&#8243; locked=&#8220;off&#8220; global_colors_info=&#8220;{}&#8220; background__hover_enabled=&#8220;off|desktop&#8220; background_color__hover=&#8220;rgba(0,0,0,0.6)&#8220; background_enable_color__hover=&#8220;on&#8220; sticky_enabled=&#8220;0&#8243;]<\/p>\n<p>\n            <span>Um die Sicherheit der gesamten Produktionskette zu gew\u00e4hrleisten, ist Fumaiolo nach IFS Food (Version 7. Oktober 2020) auf Higher Level (98,62%) zertifiziert &#8211; ein anerkannter Standard f\u00fcr Lebensmittelsicherheit, Qualit\u00e4t von Prozessen und Produkten.<\/span>\n          <\/p>\n<p>[\/et_pb_cta][\/et_pb_column][\/et_pb_row][et_pb_row column_structure=&#8220;1_2,1_2&#8243; use_custom_gutter=&#8220;on&#8220; gutter_width=&#8220;2&#8243; make_equal=&#8220;on&#8220; _builder_version=&#8220;4.10.8&#8243; _module_preset=&#8220;default&#8220; width=&#8220;90%&#8220; max_width=&#8220;1200px&#8220; custom_margin=&#8220;||-225px||false|false&#8220; custom_css_main_element=&#8220;display: flex;&#8220; global_colors_info=&#8220;{}&#8220; custom_css_main_element_last_edited=&#8220;on|tablet&#8220; custom_css_main_element_phone=&#8220;display:block;||&#8220; custom_css_main_element_tablet=&#8220;display: flex;&#8220;][et_pb_column type=&#8220;1_2&#8243; _builder_version=&#8220;4.9.10&#8243; _module_preset=&#8220;default&#8220; custom_padding=&#8220;|0px|||false|false&#8220; custom_padding_tablet=&#8220;|10px|||false|false&#8220; custom_padding_phone=&#8220;|0px|||false|false&#8220; custom_padding_last_edited=&#8220;on|desktop&#8220; global_colors_info=&#8220;{}&#8220;][et_pb_cta title=&#8220;ARBEITSETHIK&#8220; button_url=&#8220;https:\/\/fumaiolo.com\/de\/terroir\/&#8220; _builder_version=&#8220;4.10.8&#8243; _module_preset=&#8220;default&#8220; header_font=&#8220;|800||on|||||&#8220; header_text_color=&#8220;#FFFFFF&#8220; body_text_color=&#8220;#FFFFFF&#8220; background_color=&#8220;rgba(0,0,0,0.35)&#8220; background_image=&#8220;https:\/\/fumaiolo.com\/wp-content\/uploads\/2021\/09\/persone.jpg&#8220; background_position=&#8220;bottom_right&#8220; background_blend=&#8220;multiply&#8220; text_orientation=&#8220;left&#8220; min_height=&#8220;300px&#8220; custom_margin=&#8220;||||false|false&#8220; body_text_shadow_style=&#8220;preset3&#8243; body_text_shadow_color=&#8220;rgba(0,0,0,0.5)&#8220; border_radii=&#8220;on|8px|8px|8px|8px&#8220; border_width_all=&#8220;2px&#8220; border_color_all=&#8220;#e3e3e3&#8243; locked=&#8220;off&#8220; global_colors_info=&#8220;{}&#8220; background__hover_enabled=&#8220;off|desktop&#8220; background_color__hover=&#8220;rgba(0,0,0,0.6)&#8220; background_enable_color__hover=&#8220;on&#8220;]<\/p>\n<p>\n            <span>Fumaiolo ist in erster Linie eine Realit\u00e4t, die aus Menschen besteht: In ihr f\u00fchlt sich jede menschliche Ressource als aktiver Teil eines gemeinsamen Projekts unter dem Banner des Respekts wertgesch\u00e4tzt.<\/span>\n          <\/p>\n<p>[\/et_pb_cta][\/et_pb_column][et_pb_column type=&#8220;1_2&#8243; _builder_version=&#8220;4.9.10&#8243; _module_preset=&#8220;default&#8220; custom_padding=&#8220;|||0px|false|false&#8220; custom_padding_tablet=&#8220;|||10px|false|false&#8220; custom_padding_phone=&#8220;|||0px|false|false&#8220; custom_padding_last_edited=&#8220;on|tablet&#8220; global_colors_info=&#8220;{}&#8220;][et_pb_cta title=&#8220;HYGIENE UND SICHERHEIT&#8220; button_url=&#8220;https:\/\/fumaiolo.com\/de\/come-lo-facciamo\/&#8220; button_text=&#8220;WIE WIR ES MACHEN&#8220; _builder_version=&#8220;4.10.8&#8243; _module_preset=&#8220;default&#8220; header_font=&#8220;|800||on|||||&#8220; header_text_color=&#8220;#FFFFFF&#8220; background_color=&#8220;rgba(0,0,0,0.4)&#8220; background_image=&#8220;https:\/\/fumaiolo.com\/wp-content\/uploads\/2021\/09\/come.jpg&#8220; background_position=&#8220;top_center&#8220; background_blend=&#8220;multiply&#8220; text_orientation=&#8220;left&#8220; min_height=&#8220;300px&#8220; custom_margin=&#8220;||||false|false&#8220; link_option_url=&#8220;\/come-lo-facciamo\/&#8220; border_radii=&#8220;on|8px|8px|8px|8px&#8220; locked=&#8220;off&#8220; global_colors_info=&#8220;{}&#8220; background__hover_enabled=&#8220;off|desktop&#8220; background_color__hover=&#8220;rgba(0,0,0,0.6)&#8220; background_enable_color__hover=&#8220;on&#8220;]<\/p>\n<p>\n            <span>Am Ende der Produktionsphase einer Referenz wird das gesamte Unternehmen sanitisiert: Auf diese Weise hinterlassen die nachfolgenden Prozesse keine Spuren der vorherigen.<\/span>\n          <\/p>\n<p>[\/et_pb_cta][\/et_pb_column][\/et_pb_row][\/et_pb_section][et_pb_section fb_built=&#8220;1&#8243; make_equal=&#8220;on&#8220; use_custom_gutter=&#8220;on&#8220; specialty=&#8220;on&#8220; _builder_version=&#8220;4.9.9&#8243; _module_preset=&#8220;default&#8220; background_enable_color=&#8220;off&#8220; use_background_color_gradient=&#8220;on&#8220; background_color_gradient_start=&#8220;rgba(0,0,0,0.02)&#8220; background_color_gradient_end=&#8220;rgba(41,196,169,0)&#8220; custom_margin=&#8220;||||false|false&#8220; custom_padding=&#8220;150px||||false|false&#8220; global_colors_info=&#8220;{}&#8220;][et_pb_column type=&#8220;1_2&#8243; _builder_version=&#8220;3.25&#8243; custom_padding=&#8220;|||&#8220; global_colors_info=&#8220;{}&#8220; custom_padding__hover=&#8220;|||&#8220;][et_pb_text _builder_version=&#8220;4.10.7&#8243; _module_preset=&#8220;default&#8220; header_font=&#8220;|800|||||||&#8220; header_font_size=&#8220;40px&#8220; header_2_font=&#8220;|800|||||||&#8220; custom_margin=&#8220;70px||||false|false&#8220; locked=&#8220;off&#8220; global_colors_info=&#8220;{}&#8220;]<\/p>\n<h2>ORIGINEN<\/h2>\n<p>Fumaiolo wurde 1985 in Alfero (FC) als &#8222;Salumificio del Fumaiolo&#8220; von Tiziano Caminati gegr\u00fcndet. Die Absicht des Gr\u00fcnders, die durch die historische Tradition der Schweinemetzgerei in den romagnolischen Apenninen gest\u00e4rkt wurde, war es, seinen Kunden qualitativ hochwertige Wurstwaren anzubieten.<\/p>\n<p>Im Laufe der Jahre wurde der Betrieb erweitert und diversifiziert: 1999 wurde mit der Produktion von klassischen Nudeln und Piadina begonnen, die nach handwerklichen Methoden und ohne Zusatz von Konservierungsstoffen hergestellt werden (die Piadina &#8211; dank Mais\u00f6l leichter &#8211; ist noch immer eines der Aush\u00e4ngeschilder des Unternehmens).<\/p>\n<p>Dank des wachsenden Erfolgs der Fumaiolo-Produkte begann die Teigwarenfabrik 2001 mit einigen gro\u00dfen Einzelhandelsmarken zusammenzuarbeiten und eine eigene Linie f\u00fcr die Qualit\u00e4tsgastronomie zu entwickeln.<\/p>\n<p>Im Jahr 2012 wurde die T\u00e4tigkeit in das heutige Werk verlagert, das \u00fcber gro\u00dfe Lagerr\u00e4ume verf\u00fcgt.<\/p>\n<p>[\/et_pb_text][\/et_pb_column][et_pb_column type=&#8220;1_2&#8243; specialty_columns=&#8220;2&#8243; _builder_version=&#8220;3.25&#8243; custom_padding=&#8220;|||&#8220; global_colors_info=&#8220;{}&#8220; custom_padding__hover=&#8220;|||&#8220;][et_pb_row_inner _builder_version=&#8220;4.9.10&#8243; custom_margin=&#8220;70px||||false|false&#8220; custom_margin_tablet=&#8220;0px||||false|false&#8220; custom_margin_phone=&#8220;&#8220; custom_margin_last_edited=&#8220;on|tablet&#8220; custom_padding=&#8220;|||30px|false|false&#8220; border_color_all=&#8220;#fab502&#8243; border_width_left=&#8220;2px&#8220; locked=&#8220;off&#8220; global_colors_info=&#8220;{}&#8220;][et_pb_column_inner saved_specialty_column_type=&#8220;1_2&#8243; _builder_version=&#8220;4.0.6&#8243; global_colors_info=&#8220;{}&#8220;][et_pb_blurb title=&#8220;1985&#8243; use_icon=&#8220;on&#8220; font_icon=&#8220;%%61%%&#8220; icon_color=&#8220;#fab502&#8243; use_circle=&#8220;on&#8220; circle_color=&#8220;#fbfbfb&#8220; icon_placement=&#8220;left&#8220; content_max_width=&#8220;100%&#8220; use_icon_font_size=&#8220;on&#8220; icon_font_size=&#8220;40px&#8220; _builder_version=&#8220;4.9.9&#8243; header_level=&#8220;h5&#8243; header_font=&#8220;|800||on|||||&#8220; header_text_color=&#8220;#fab502&#8243; header_font_size=&#8220;25px&#8220; header_line_height=&#8220;1.4em&#8220; body_font=&#8220;||||||||&#8220; body_text_color=&#8220;rgba(0,0,0,0.56)&#8220; body_line_height=&#8220;1.8em&#8220; custom_margin=&#8220;|||-59px|false|false&#8220; body_font_size_tablet=&#8220;18px&#8220; body_font_size_phone=&#8220;16px&#8220; body_font_size_last_edited=&#8220;on|phone&#8220; locked=&#8220;off&#8220; global_colors_info=&#8220;{}&#8220;]<\/p>\n<p>\n            <span><strong>Tiziano Caminati<\/strong> gr\u00fcndet die Wurstfabrik<\/span>\n          <\/p>\n<p>[\/et_pb_blurb][\/et_pb_column_inner][\/et_pb_row_inner][et_pb_row_inner _builder_version=&#8220;4.9.9&#8243; custom_margin=&#8220;||||false|false&#8220; custom_padding=&#8220;|||30px|false|false&#8220; border_color_all=&#8220;#fab502&#8243; border_width_left=&#8220;2px&#8220; locked=&#8220;off&#8220; global_colors_info=&#8220;{}&#8220;][et_pb_column_inner saved_specialty_column_type=&#8220;1_2&#8243; _builder_version=&#8220;4.0.6&#8243; global_colors_info=&#8220;{}&#8220;][et_pb_blurb title=&#8220;1999&#8243; use_icon=&#8220;on&#8220; font_icon=&#8220;%%61%%&#8220; icon_color=&#8220;#fab502&#8243; use_circle=&#8220;on&#8220; circle_color=&#8220;#fcfcfc&#8220; icon_placement=&#8220;left&#8220; content_max_width=&#8220;100%&#8220; use_icon_font_size=&#8220;on&#8220; icon_font_size=&#8220;40px&#8220; _builder_version=&#8220;4.9.9&#8243; header_level=&#8220;h5&#8243; header_font=&#8220;|800||on|||||&#8220; header_text_color=&#8220;#fab502&#8243; header_font_size=&#8220;25px&#8220; header_line_height=&#8220;1.4em&#8220; body_font=&#8220;||||||||&#8220; body_text_color=&#8220;rgba(0,0,0,0.56)&#8220; body_line_height=&#8220;1.8em&#8220; custom_margin=&#8220;|||-59px|false|false&#8220; body_font_size_tablet=&#8220;18px&#8220; body_font_size_phone=&#8220;16px&#8220; body_font_size_last_edited=&#8220;on|phone&#8220; locked=&#8220;off&#8220; global_colors_info=&#8220;{}&#8220;]<\/p>\n<p>\n            <span>Die <strong>Pasta<\/strong>&#8211; und <strong>Piadina<\/strong>-Linien entstehen<\/span>\n          <\/p>\n<p>[\/et_pb_blurb][\/et_pb_column_inner][\/et_pb_row_inner][et_pb_row_inner _builder_version=&#8220;4.9.9&#8243; custom_margin=&#8220;||||false|false&#8220; custom_padding=&#8220;|||30px|false|false&#8220; border_color_all=&#8220;#fab502&#8243; border_width_left=&#8220;2px&#8220; locked=&#8220;off&#8220; global_colors_info=&#8220;{}&#8220;][et_pb_column_inner saved_specialty_column_type=&#8220;1_2&#8243; _builder_version=&#8220;4.0.6&#8243; global_colors_info=&#8220;{}&#8220;][et_pb_blurb title=&#8220;2000&#8243; use_icon=&#8220;on&#8220; font_icon=&#8220;%%61%%&#8220; icon_color=&#8220;#fab502&#8243; use_circle=&#8220;on&#8220; circle_color=&#8220;#fcfcfc&#8220; icon_placement=&#8220;left&#8220; content_max_width=&#8220;100%&#8220; use_icon_font_size=&#8220;on&#8220; icon_font_size=&#8220;40px&#8220; _builder_version=&#8220;4.9.9&#8243; header_level=&#8220;h5&#8243; header_font=&#8220;|800||on|||||&#8220; header_text_color=&#8220;#fab502&#8243; header_font_size=&#8220;25px&#8220; header_line_height=&#8220;1.4em&#8220; body_font=&#8220;||||||||&#8220; body_text_color=&#8220;rgba(0,0,0,0.56)&#8220; body_line_height=&#8220;1.8em&#8220; custom_margin=&#8220;|||-59px|false|false&#8220; body_font_size_tablet=&#8220;18px&#8220; body_font_size_phone=&#8220;16px&#8220; body_font_size_last_edited=&#8220;on|phone&#8220; locked=&#8220;off&#8220; global_colors_info=&#8220;{}&#8220;]<\/p>\n<p>\n            <span><strong>Catering<\/strong>-Produkte machen ihren Weg<\/span>\n          <\/p>\n<p>[\/et_pb_blurb][\/et_pb_column_inner][\/et_pb_row_inner][et_pb_row_inner _builder_version=&#8220;4.9.9&#8243; custom_margin=&#8220;||||false|false&#8220; custom_padding=&#8220;|||30px|false|false&#8220; border_color_all=&#8220;#fab502&#8243; border_width_left=&#8220;2px&#8220; locked=&#8220;off&#8220; global_colors_info=&#8220;{}&#8220;][et_pb_column_inner saved_specialty_column_type=&#8220;1_2&#8243; _builder_version=&#8220;4.0.6&#8243; global_colors_info=&#8220;{}&#8220;][et_pb_blurb title=&#8220;2011&#8243; use_icon=&#8220;on&#8220; font_icon=&#8220;%%61%%&#8220; icon_color=&#8220;#fab502&#8243; use_circle=&#8220;on&#8220; circle_color=&#8220;#fcfcfc&#8220; icon_placement=&#8220;left&#8220; content_max_width=&#8220;100%&#8220; use_icon_font_size=&#8220;on&#8220; icon_font_size=&#8220;40px&#8220; _builder_version=&#8220;4.9.9&#8243; header_level=&#8220;h5&#8243; header_font=&#8220;|800||on|||||&#8220; header_text_color=&#8220;#fab502&#8243; header_font_size=&#8220;25px&#8220; header_line_height=&#8220;1.4em&#8220; body_font=&#8220;||||||||&#8220; body_text_color=&#8220;rgba(0,0,0,0.56)&#8220; body_line_height=&#8220;1.8em&#8220; custom_margin=&#8220;|||-59px|false|false&#8220; body_font_size_tablet=&#8220;18px&#8220; body_font_size_phone=&#8220;16px&#8220; body_font_size_last_edited=&#8220;on|phone&#8220; locked=&#8220;off&#8220; global_colors_info=&#8220;{}&#8220;]<\/p>\n<p>\n            <span>Die Arbeiten im<strong>neuen Werk<\/strong>sind abgeschlossen<\/span>\n          <\/p>\n<p>[\/et_pb_blurb][\/et_pb_column_inner][\/et_pb_row_inner][et_pb_row_inner _builder_version=&#8220;4.9.9&#8243; custom_margin=&#8220;||||false|false&#8220; custom_padding=&#8220;|||30px|false|false&#8220; border_color_all=&#8220;#fab502&#8243; border_width_left=&#8220;2px&#8220; locked=&#8220;off&#8220; global_colors_info=&#8220;{}&#8220;][et_pb_column_inner saved_specialty_column_type=&#8220;1_2&#8243; _builder_version=&#8220;4.0.6&#8243; global_colors_info=&#8220;{}&#8220;][et_pb_blurb title=&#8220;2012&#8243; use_icon=&#8220;on&#8220; font_icon=&#8220;%%61%%&#8220; icon_color=&#8220;#fab502&#8243; use_circle=&#8220;on&#8220; circle_color=&#8220;#ffffff&#8220; icon_placement=&#8220;left&#8220; content_max_width=&#8220;100%&#8220; use_icon_font_size=&#8220;on&#8220; icon_font_size=&#8220;40px&#8220; _builder_version=&#8220;4.9.9&#8243; header_level=&#8220;h5&#8243; header_font=&#8220;|800||on|||||&#8220; header_text_color=&#8220;#fab502&#8243; header_font_size=&#8220;25px&#8220; header_line_height=&#8220;1.4em&#8220; body_font=&#8220;||||||||&#8220; body_text_color=&#8220;rgba(0,0,0,0.56)&#8220; body_line_height=&#8220;1.8em&#8220; custom_margin=&#8220;|||-59px|false|false&#8220; body_font_size_tablet=&#8220;18px&#8220; body_font_size_phone=&#8220;16px&#8220; body_font_size_last_edited=&#8220;on|phone&#8220; locked=&#8220;off&#8220; global_colors_info=&#8220;{}&#8220;]<\/p>\n<p>\n            <span>Umzug in den <strong>neuen Firmensitz<\/strong><\/span>\n          <\/p>\n<p>[\/et_pb_blurb][\/et_pb_column_inner][\/et_pb_row_inner][et_pb_row_inner _builder_version=&#8220;4.9.9&#8243; custom_margin=&#8220;||||false|false&#8220; custom_padding=&#8220;|||30px|false|false&#8220; border_color_all=&#8220;#fab502&#8243; border_width_left=&#8220;2px&#8220; locked=&#8220;off&#8220; global_colors_info=&#8220;{}&#8220;][et_pb_column_inner saved_specialty_column_type=&#8220;1_2&#8243; _builder_version=&#8220;4.0.6&#8243; global_colors_info=&#8220;{}&#8220;][et_pb_blurb title=&#8220;2015&#8243; use_icon=&#8220;on&#8220; font_icon=&#8220;%%61%%&#8220; icon_color=&#8220;#fab502&#8243; use_circle=&#8220;on&#8220; circle_color=&#8220;#ffffff&#8220; icon_placement=&#8220;left&#8220; content_max_width=&#8220;100%&#8220; use_icon_font_size=&#8220;on&#8220; icon_font_size=&#8220;40px&#8220; _builder_version=&#8220;4.9.9&#8243; header_level=&#8220;h5&#8243; header_font=&#8220;|800||on|||||&#8220; header_text_color=&#8220;#fab502&#8243; header_font_size=&#8220;25px&#8220; header_line_height=&#8220;1.4em&#8220; body_font=&#8220;||||||||&#8220; body_text_color=&#8220;rgba(0,0,0,0.56)&#8220; body_line_height=&#8220;1.8em&#8220; custom_margin=&#8220;|||-59px|false|false&#8220; body_font_size_tablet=&#8220;18px&#8220; body_font_size_phone=&#8220;16px&#8220; body_font_size_last_edited=&#8220;on|phone&#8220; locked=&#8220;off&#8220; global_colors_info=&#8220;{}&#8220;]<\/p>\n<p>\n            <span>Die <strong>Wellness-Linie<\/strong> wird eingef\u00fchrt<\/span>\n          <\/p>\n<p>[\/et_pb_blurb][\/et_pb_column_inner][\/et_pb_row_inner][\/et_pb_column][\/et_pb_section]<\/p>\n","protected":false},"excerpt":{"rendered":"<p>Fumaiolo, ein Lebensmittelunternehmen aus der Romagna, produziert Piadina, frische Pasta, So\u00dfen und Eingemachtes. Die Erforschung der Rohstoffe, das \u00fcberlieferte Wissen, der Respekt vor dem Territorium und die st\u00e4ndige Beobachtung der Marktentwicklungen sind die grundlegenden Aspekte, die das Unternehmen kennzeichnen und die seine Entwicklung seit seiner Gr\u00fcndung im Jahr 1985 bestimmt haben. DAS UNTERNEHMEN Neben dem [&hellip;]<\/p>\n","protected":false},"author":3,"featured_media":0,"parent":0,"menu_order":0,"comment_status":"closed","ping_status":"closed","template":"","meta":{"_et_pb_use_builder":"on","_et_pb_old_content":"","_et_gb_content_width":"","wp_mapbox_gl_js_media":[],"footnotes":""},"class_list":["post-248169","page","type-page","status-publish","hentry"],"acf":[],"_links":{"self":[{"href":"https:\/\/fumaiolo.com\/de\/wp-json\/wp\/v2\/pages\/248169","targetHints":{"allow":["GET"]}}],"collection":[{"href":"https:\/\/fumaiolo.com\/de\/wp-json\/wp\/v2\/pages"}],"about":[{"href":"https:\/\/fumaiolo.com\/de\/wp-json\/wp\/v2\/types\/page"}],"author":[{"embeddable":true,"href":"https:\/\/fumaiolo.com\/de\/wp-json\/wp\/v2\/users\/3"}],"replies":[{"embeddable":true,"href":"https:\/\/fumaiolo.com\/de\/wp-json\/wp\/v2\/comments?post=248169"}],"version-history":[{"count":30,"href":"https:\/\/fumaiolo.com\/de\/wp-json\/wp\/v2\/pages\/248169\/revisions"}],"predecessor-version":[{"id":254603,"href":"https:\/\/fumaiolo.com\/de\/wp-json\/wp\/v2\/pages\/248169\/revisions\/254603"}],"wp:attachment":[{"href":"https:\/\/fumaiolo.com\/de\/wp-json\/wp\/v2\/media?parent=248169"}],"curies":[{"name":"wp","href":"https:\/\/api.w.org\/{rel}","templated":true}]}}